{"id":248433,"date":"2025-09-17T12:47:04","date_gmt":"2025-09-17T10:47:04","guid":{"rendered":"https:\/\/www.educaborras.com\/product\/20309\/"},"modified":"2026-04-28T03:20:08","modified_gmt":"2026-04-28T01:20:08","slug":"20309-fr","status":"publish","type":"product","link":"https:\/\/www.educaborras.com\/fr\/produit\/20309-fr\/","title":{"rendered":"2&#215;1000 La Jeune Fille \u00e0 la Perle + La Laiti\u00e8re, Johannes Vermeer"},"content":{"rendered":"<p>Deux des \u0153uvres les plus embl\u00e9matiques de Johannes Vermeer et un magnifique set de deux puzzles de 1000 pi\u00e8ces. Dimension approximative du puzzle assembl\u00e9: 48 x 68 cm. Contient deux sachets de colle sp\u00e9ciale FIX PUZZLE pour fixer les puzzles une fois assembl\u00e9s.<\/p>\n","protected":false},"excerpt":{"rendered":"<p>Deux des \u0153uvres les plus embl\u00e9matiques de Johannes Vermeer et un magnifique set de deux puzzles de 1000 pi\u00e8ces. Dimension approximative du puzzle assembl\u00e9: 48 x 68 cm.<\/p>\n","protected":false},"featured_media":125329,"template":"","meta":{"_acf_changed":false},"product_brand":[],"product_cat":[73369,73501],"product_tag":[74344,82670,82672,105426,105427,105428,105429,105430,82673,82355,105425,82674,82675,74108,82677,105431,105432,105433,105434,74204,74206,82680,80324,105435,82310,82311,105436,105437,105438,105439,105440,74347,74495,74496,74497,75657,74054,82374,105441,82694,105442,105443,82313,74216,105444,82314,82315,105445,74348,105446,82318,105447,105448],"class_list":{"0":"post-248433","1":"product","2":"type-product","3":"status-publish","4":"has-post-thumbnail","6":"product_cat-puzzles-adultes","7":"product_cat-puzzles-de-1000-pieces-fr","8":"product_tag-piezas-fr","9":"product_tag-1000-puzzles-fr","10":"product_tag-2x1000-fr","11":"product_tag-2x1000-a-rapariga-com-brinco-de-perola-a-leiteira-fr","12":"product_tag-2x1000-girl-with-a-pearl-earring-the-milkmaid-fr","13":"product_tag-2x1000-la-jeune-fille-a-la-perle-la-laitiere-fr","14":"product_tag-2x1000-la-joven-de-la-perla-la-lechera-fr","15":"product_tag-2x1000-la-noia-de-la-perla-la-lletnera-fr","16":"product_tag-2x1000-puzzle-fr","17":"product_tag-2020-fr","18":"product_tag-20309-fr","19":"product_tag-art-fr","20":"product_tag-art-collection-fr","21":"product_tag-arte-fr","22":"product_tag-arte-europeo-fr","23":"product_tag-arte-holandes-fr","24":"product_tag-baroque-fr","25":"product_tag-barroco-fr","26":"product_tag-dutch-golden-age-fr","27":"product_tag-educa-fr","28":"product_tag-educa-borras-puzzle-fr","29":"product_tag-european-art-fr","30":"product_tag-fix-puzzle-fr","31":"product_tag-girl-with-a-pearl-earring-puzzle-fr","32":"product_tag-jigsaw-fr","33":"product_tag-jigsaw-puzzle-fr","34":"product_tag-johannes-vermeer-fr","35":"product_tag-mauritshuis-museum-fr","36":"product_tag-milkmaid-puzzle-fr","37":"product_tag-museo-mauritshuis-fr","38":"product_tag-museo-rijksmuseum-fr","39":"product_tag-peca-fr","40":"product_tag-peces-fr","41":"product_tag-piece-fr","42":"product_tag-pieces-fr","43":"product_tag-puzle-fr","44":"product_tag-puzzle-fr","45":"product_tag-puzzle-1000-fr","46":"product_tag-puzzle-1000-vermeer-fr","47":"product_tag-puzzle-2x1000-fr","48":"product_tag-puzzle-joven-perla-fr","49":"product_tag-puzzle-lechera-fr","50":"product_tag-puzzle-pasion-fr","51":"product_tag-puzzle-passion-fr","52":"product_tag-puzzle-vermeer-fr","53":"product_tag-puzzlemania-fr","54":"product_tag-puzzlepassion-fr","55":"product_tag-rijksmuseum-fr","56":"product_tag-rompecabezas-fr","57":"product_tag-set-puzzles-vermeer-fr","58":"product_tag-trencaclosques-fr","59":"product_tag-vermeer-puzzle-fr","60":"product_tag-vermeer-puzzles-set-fr","62":"first","63":"instock","64":"shipping-taxable","65":"product-type-simple"},"acf":[],"yoast_head":"<!-- This site is optimized with the Yoast SEO plugin v27.1.1 - https:\/\/yoast.com\/product\/yoast-seo-wordpress\/ -->\n<title>2x1000 La Jeune Fille \u00e0 la Perle + La Laiti\u00e8re, Johannes Vermeer - Educa Borras<\/title>\n<meta name=\"robots\" content=\"index, follow, max-snippet:-1, max-image-preview:large, max-video-preview:-1\" \/>\n<link rel=\"canonical\" href=\"https:\/\/www.educaborras.com\/fr\/produit\/20309-fr\/\" \/>\n<script type=\"application\/ld+json\" class=\"yoast-schema-graph\">{\"@context\":\"https:\/\/schema.org\",\"@graph\":[{\"@type\":\"WebPage\",\"@id\":\"https:\/\/www.educaborras.com\/fr\/produit\/20309-fr\/\",\"url\":\"https:\/\/www.educaborras.com\/fr\/produit\/20309-fr\/\",\"name\":\"2x1000 La Jeune Fille \u00e0 la Perle + La Laiti\u00e8re, Johannes Vermeer - Educa Borras\",\"isPartOf\":{\"@id\":\"https:\/\/www.educaborras.com\/fr\/#website\"},\"primaryImageOfPage\":{\"@id\":\"https:\/\/www.educaborras.com\/fr\/produit\/20309-fr\/#primaryimage\"},\"image\":{\"@id\":\"https:\/\/www.educaborras.com\/fr\/produit\/20309-fr\/#primaryimage\"},\"thumbnailUrl\":\"https:\/\/www.educaborras.com\/wp-content\/uploads\/20309_01_high.jpg\",\"datePublished\":\"2025-09-17T10:47:04+00:00\",\"dateModified\":\"2026-04-28T01:20:08+00:00\",\"breadcrumb\":{\"@id\":\"https:\/\/www.educaborras.com\/fr\/produit\/20309-fr\/#breadcrumb\"},\"inLanguage\":\"fr-FR\",\"potentialAction\":[{\"@type\":\"ReadAction\",\"target\":[\"https:\/\/www.educaborras.com\/fr\/produit\/20309-fr\/\"]}]},{\"@type\":\"ImageObject\",\"inLanguage\":\"fr-FR\",\"@id\":\"https:\/\/www.educaborras.com\/fr\/produit\/20309-fr\/#primaryimage\",\"url\":\"https:\/\/www.educaborras.com\/wp-content\/uploads\/20309_01_high.jpg\",\"contentUrl\":\"https:\/\/www.educaborras.com\/wp-content\/uploads\/20309_01_high.jpg\",\"width\":2400,\"height\":2400},{\"@type\":\"BreadcrumbList\",\"@id\":\"https:\/\/www.educaborras.com\/fr\/produit\/20309-fr\/#breadcrumb\",\"itemListElement\":[{\"@type\":\"ListItem\",\"position\":1,\"name\":\"Portada\",\"item\":\"https:\/\/www.educaborras.com\/fr\/\"},{\"@type\":\"ListItem\",\"position\":2,\"name\":\"Produits\",\"item\":\"https:\/\/www.educaborras.com\/fr\/shop\/\"},{\"@type\":\"ListItem\",\"position\":3,\"name\":\"2&#215;1000 La Jeune Fille \u00e0 la Perle + La Laiti\u00e8re, Johannes Vermeer\"}]},{\"@type\":\"WebSite\",\"@id\":\"https:\/\/www.educaborras.com\/fr\/#website\",\"url\":\"https:\/\/www.educaborras.com\/fr\/\",\"name\":\"Educa Borras\",\"description\":\"\",\"publisher\":{\"@id\":\"https:\/\/www.educaborras.com\/fr\/#organization\"},\"potentialAction\":[{\"@type\":\"SearchAction\",\"target\":{\"@type\":\"EntryPoint\",\"urlTemplate\":\"https:\/\/www.educaborras.com\/fr\/?s={search_term_string}\"},\"query-input\":{\"@type\":\"PropertyValueSpecification\",\"valueRequired\":true,\"valueName\":\"search_term_string\"}}],\"inLanguage\":\"fr-FR\"},{\"@type\":\"Organization\",\"@id\":\"https:\/\/www.educaborras.com\/fr\/#organization\",\"name\":\"Educa Borras\",\"url\":\"https:\/\/www.educaborras.com\/fr\/\",\"logo\":{\"@type\":\"ImageObject\",\"inLanguage\":\"fr-FR\",\"@id\":\"https:\/\/www.educaborras.com\/fr\/#\/schema\/logo\/image\/\",\"url\":\"https:\/\/www.educaborras.com\/wp-content\/uploads\/cropped-LOGOS-EDUCA-BORRAS_retina.png\",\"contentUrl\":\"https:\/\/www.educaborras.com\/wp-content\/uploads\/cropped-LOGOS-EDUCA-BORRAS_retina.png\",\"caption\":\"Educa Borras\"},\"image\":{\"@id\":\"https:\/\/www.educaborras.com\/fr\/#\/schema\/logo\/image\/\"}}]}<\/script>\n<!-- \/ Yoast SEO plugin. -->","yoast_head_json":{"title":"2x1000 La Jeune Fille \u00e0 la Perle + La Laiti\u00e8re, Johannes Vermeer - Educa Borras","robots":{"index":"index","follow":"follow","max-snippet":"max-snippet:-1","max-image-preview":"max-image-preview:large","max-video-preview":"max-video-preview:-1"},"canonical":"https:\/\/www.educaborras.com\/fr\/produit\/20309-fr\/","schema":{"@context":"https:\/\/schema.org","@graph":[{"@type":"WebPage","@id":"https:\/\/www.educaborras.com\/fr\/produit\/20309-fr\/","url":"https:\/\/www.educaborras.com\/fr\/produit\/20309-fr\/","name":"2x1000 La Jeune Fille \u00e0 la Perle + La Laiti\u00e8re, Johannes Vermeer - Educa Borras","isPartOf":{"@id":"https:\/\/www.educaborras.com\/fr\/#website"},"primaryImageOfPage":{"@id":"https:\/\/www.educaborras.com\/fr\/produit\/20309-fr\/#primaryimage"},"image":{"@id":"https:\/\/www.educaborras.com\/fr\/produit\/20309-fr\/#primaryimage"},"thumbnailUrl":"https:\/\/www.educaborras.com\/wp-content\/uploads\/20309_01_high.jpg","datePublished":"2025-09-17T10:47:04+00:00","dateModified":"2026-04-28T01:20:08+00:00","breadcrumb":{"@id":"https:\/\/www.educaborras.com\/fr\/produit\/20309-fr\/#breadcrumb"},"inLanguage":"fr-FR","potentialAction":[{"@type":"ReadAction","target":["https:\/\/www.educaborras.com\/fr\/produit\/20309-fr\/"]}]},{"@type":"ImageObject","inLanguage":"fr-FR","@id":"https:\/\/www.educaborras.com\/fr\/produit\/20309-fr\/#primaryimage","url":"https:\/\/www.educaborras.com\/wp-content\/uploads\/20309_01_high.jpg","contentUrl":"https:\/\/www.educaborras.com\/wp-content\/uploads\/20309_01_high.jpg","width":2400,"height":2400},{"@type":"BreadcrumbList","@id":"https:\/\/www.educaborras.com\/fr\/produit\/20309-fr\/#breadcrumb","itemListElement":[{"@type":"ListItem","position":1,"name":"Portada","item":"https:\/\/www.educaborras.com\/fr\/"},{"@type":"ListItem","position":2,"name":"Produits","item":"https:\/\/www.educaborras.com\/fr\/shop\/"},{"@type":"ListItem","position":3,"name":"2&#215;1000 La Jeune Fille \u00e0 la Perle + La Laiti\u00e8re, Johannes Vermeer"}]},{"@type":"WebSite","@id":"https:\/\/www.educaborras.com\/fr\/#website","url":"https:\/\/www.educaborras.com\/fr\/","name":"Educa Borras","description":"","publisher":{"@id":"https:\/\/www.educaborras.com\/fr\/#organization"},"potentialAction":[{"@type":"SearchAction","target":{"@type":"EntryPoint","urlTemplate":"https:\/\/www.educaborras.com\/fr\/?s={search_term_string}"},"query-input":{"@type":"PropertyValueSpecification","valueRequired":true,"valueName":"search_term_string"}}],"inLanguage":"fr-FR"},{"@type":"Organization","@id":"https:\/\/www.educaborras.com\/fr\/#organization","name":"Educa Borras","url":"https:\/\/www.educaborras.com\/fr\/","logo":{"@type":"ImageObject","inLanguage":"fr-FR","@id":"https:\/\/www.educaborras.com\/fr\/#\/schema\/logo\/image\/","url":"https:\/\/www.educaborras.com\/wp-content\/uploads\/cropped-LOGOS-EDUCA-BORRAS_retina.png","contentUrl":"https:\/\/www.educaborras.com\/wp-content\/uploads\/cropped-LOGOS-EDUCA-BORRAS_retina.png","caption":"Educa Borras"},"image":{"@id":"https:\/\/www.educaborras.com\/fr\/#\/schema\/logo\/image\/"}}]}},"_links":{"self":[{"href":"https:\/\/www.educaborras.com\/fr\/wp-json\/wp\/v2\/product\/248433","targetHints":{"allow":["GET"]}}],"collection":[{"href":"https:\/\/www.educaborras.com\/fr\/wp-json\/wp\/v2\/product"}],"about":[{"href":"https:\/\/www.educaborras.com\/fr\/wp-json\/wp\/v2\/types\/product"}],"wp:featuredmedia":[{"embeddable":true,"href":"https:\/\/www.educaborras.com\/fr\/wp-json\/wp\/v2\/media\/125329"}],"wp:attachment":[{"href":"https:\/\/www.educaborras.com\/fr\/wp-json\/wp\/v2\/media?parent=248433"}],"wp:term":[{"taxonomy":"product_brand","embeddable":true,"href":"https:\/\/www.educaborras.com\/fr\/wp-json\/wp\/v2\/product_brand?post=248433"},{"taxonomy":"product_cat","embeddable":true,"href":"https:\/\/www.educaborras.com\/fr\/wp-json\/wp\/v2\/product_cat?post=248433"},{"taxonomy":"product_tag","embeddable":true,"href":"https:\/\/www.educaborras.com\/fr\/wp-json\/wp\/v2\/product_tag?post=248433"}],"curies":[{"name":"wp","href":"https:\/\/api.w.org\/{rel}","templated":true}]}}