{"id":248261,"date":"2025-09-17T12:59:32","date_gmt":"2025-09-17T10:59:32","guid":{"rendered":"https:\/\/www.educaborras.com\/product\/20404\/"},"modified":"2026-04-24T02:46:32","modified_gmt":"2026-04-24T00:46:32","slug":"20404-fr","status":"publish","type":"product","link":"https:\/\/www.educaborras.com\/fr\/produit\/20404-fr\/","title":{"rendered":"Magic Art Number Lama et Koala"},"content":{"rendered":"<p>Amuse-toi \u00e0 peindre avec les num\u00e9ros ! Ce coffret est sp\u00e9cialement con\u00e7u pour les enfants \u00e0 partir de 6 ans. Chaque zone du dessin est associ\u00e9e \u00e0 un num\u00e9ro qui indique la couleur \u00e0 utiliser \u2014 c\u2019est tr\u00e8s facile ! Une activit\u00e9 cr\u00e9ative qui aide \u00e0 d\u00e9velopper la concentration, la coordination et la reconnaissance des couleurs, tout en s\u2019amusant. Contient tout le n\u00e9cessaire pour commencer : une planche avec dessin num\u00e9rot\u00e9, des peintures et un pinceau.<\/p>\n","protected":false},"excerpt":{"rendered":"<p>Amuse-toi \u00e0 peindre avec les num\u00e9ros ! Ce coffret est sp\u00e9cialement con\u00e7u pour les enfants \u00e0 partir de 6 ans. Chaque zone du dessin est associ\u00e9e \u00e0 un num\u00e9ro qui indique la couleur \u00e0 utiliser \u2014 c\u2019est tr\u00e8s facile ! Une activit\u00e9 cr\u00e9ative qui aide \u00e0 d\u00e9velopper la concentration, la coordination et la reconnaissance des couleurs, tout en s\u2019amusant. Contient tout le n\u00e9cessaire pour commencer : une planche avec dessin num\u00e9rot\u00e9, des peintures et un pinceau.<\/p>\n","protected":false},"featured_media":244918,"template":"","meta":{"_acf_changed":false},"product_brand":[],"product_cat":[73921],"product_tag":[83738,82674,74319,75458,75587,74204,74560,83682,83739,83740,83685,74609,74610,83686,83687,83688,75384,83689],"class_list":{"0":"post-248261","1":"product","2":"type-product","3":"status-publish","4":"has-post-thumbnail","6":"product_cat-magic-art-number-fr","7":"product_tag-20404-fr","8":"product_tag-art-fr","9":"product_tag-borras-fr","10":"product_tag-colores-fr","11":"product_tag-dibujos-fr","12":"product_tag-educa-fr","13":"product_tag-infantil-fr","14":"product_tag-lineas-fr","15":"product_tag-magic-art-number-lama-et-koala-fr","16":"product_tag-magic-art-number-llama-and-koala-fr","17":"product_tag-magic-number-art-fr","18":"product_tag-ninas-fr","19":"product_tag-ninos-fr","20":"product_tag-number-fr","21":"product_tag-numero-fr","22":"product_tag-pintar-fr","23":"product_tag-pinturas-fr","24":"product_tag-por-fr","26":"first","27":"instock","28":"shipping-taxable","29":"product-type-simple"},"acf":[],"yoast_head":"<!-- This site is optimized with the Yoast SEO plugin v27.1.1 - https:\/\/yoast.com\/product\/yoast-seo-wordpress\/ -->\n<title>Magic Art Number Lama et Koala - Educa Borras<\/title>\n<meta name=\"robots\" content=\"index, follow, max-snippet:-1, max-image-preview:large, max-video-preview:-1\" \/>\n<link rel=\"canonical\" href=\"https:\/\/www.educaborras.com\/fr\/produit\/20404-fr\/\" \/>\n<script type=\"application\/ld+json\" class=\"yoast-schema-graph\">{\"@context\":\"https:\/\/schema.org\",\"@graph\":[{\"@type\":\"WebPage\",\"@id\":\"https:\/\/www.educaborras.com\/fr\/produit\/20404-fr\/\",\"url\":\"https:\/\/www.educaborras.com\/fr\/produit\/20404-fr\/\",\"name\":\"Magic Art Number Lama et Koala - Educa Borras\",\"isPartOf\":{\"@id\":\"https:\/\/www.educaborras.com\/fr\/#website\"},\"primaryImageOfPage\":{\"@id\":\"https:\/\/www.educaborras.com\/fr\/produit\/20404-fr\/#primaryimage\"},\"image\":{\"@id\":\"https:\/\/www.educaborras.com\/fr\/produit\/20404-fr\/#primaryimage\"},\"thumbnailUrl\":\"https:\/\/www.educaborras.com\/wp-content\/uploads\/20404_01_high.jpg\",\"datePublished\":\"2025-09-17T10:59:32+00:00\",\"dateModified\":\"2026-04-24T00:46:32+00:00\",\"breadcrumb\":{\"@id\":\"https:\/\/www.educaborras.com\/fr\/produit\/20404-fr\/#breadcrumb\"},\"inLanguage\":\"fr-FR\",\"potentialAction\":[{\"@type\":\"ReadAction\",\"target\":[\"https:\/\/www.educaborras.com\/fr\/produit\/20404-fr\/\"]}]},{\"@type\":\"ImageObject\",\"inLanguage\":\"fr-FR\",\"@id\":\"https:\/\/www.educaborras.com\/fr\/produit\/20404-fr\/#primaryimage\",\"url\":\"https:\/\/www.educaborras.com\/wp-content\/uploads\/20404_01_high.jpg\",\"contentUrl\":\"https:\/\/www.educaborras.com\/wp-content\/uploads\/20404_01_high.jpg\",\"width\":2400,\"height\":2400},{\"@type\":\"BreadcrumbList\",\"@id\":\"https:\/\/www.educaborras.com\/fr\/produit\/20404-fr\/#breadcrumb\",\"itemListElement\":[{\"@type\":\"ListItem\",\"position\":1,\"name\":\"Portada\",\"item\":\"https:\/\/www.educaborras.com\/fr\/\"},{\"@type\":\"ListItem\",\"position\":2,\"name\":\"Produits\",\"item\":\"https:\/\/www.educaborras.com\/fr\/shop\/\"},{\"@type\":\"ListItem\",\"position\":3,\"name\":\"Magic Art Number Lama et Koala\"}]},{\"@type\":\"WebSite\",\"@id\":\"https:\/\/www.educaborras.com\/fr\/#website\",\"url\":\"https:\/\/www.educaborras.com\/fr\/\",\"name\":\"Educa Borras\",\"description\":\"\",\"publisher\":{\"@id\":\"https:\/\/www.educaborras.com\/fr\/#organization\"},\"potentialAction\":[{\"@type\":\"SearchAction\",\"target\":{\"@type\":\"EntryPoint\",\"urlTemplate\":\"https:\/\/www.educaborras.com\/fr\/?s={search_term_string}\"},\"query-input\":{\"@type\":\"PropertyValueSpecification\",\"valueRequired\":true,\"valueName\":\"search_term_string\"}}],\"inLanguage\":\"fr-FR\"},{\"@type\":\"Organization\",\"@id\":\"https:\/\/www.educaborras.com\/fr\/#organization\",\"name\":\"Educa Borras\",\"url\":\"https:\/\/www.educaborras.com\/fr\/\",\"logo\":{\"@type\":\"ImageObject\",\"inLanguage\":\"fr-FR\",\"@id\":\"https:\/\/www.educaborras.com\/fr\/#\/schema\/logo\/image\/\",\"url\":\"https:\/\/www.educaborras.com\/wp-content\/uploads\/cropped-LOGOS-EDUCA-BORRAS_retina.png\",\"contentUrl\":\"https:\/\/www.educaborras.com\/wp-content\/uploads\/cropped-LOGOS-EDUCA-BORRAS_retina.png\",\"caption\":\"Educa Borras\"},\"image\":{\"@id\":\"https:\/\/www.educaborras.com\/fr\/#\/schema\/logo\/image\/\"}}]}<\/script>\n<!-- \/ Yoast SEO plugin. -->","yoast_head_json":{"title":"Magic Art Number Lama et Koala - Educa Borras","robots":{"index":"index","follow":"follow","max-snippet":"max-snippet:-1","max-image-preview":"max-image-preview:large","max-video-preview":"max-video-preview:-1"},"canonical":"https:\/\/www.educaborras.com\/fr\/produit\/20404-fr\/","schema":{"@context":"https:\/\/schema.org","@graph":[{"@type":"WebPage","@id":"https:\/\/www.educaborras.com\/fr\/produit\/20404-fr\/","url":"https:\/\/www.educaborras.com\/fr\/produit\/20404-fr\/","name":"Magic Art Number Lama et Koala - Educa Borras","isPartOf":{"@id":"https:\/\/www.educaborras.com\/fr\/#website"},"primaryImageOfPage":{"@id":"https:\/\/www.educaborras.com\/fr\/produit\/20404-fr\/#primaryimage"},"image":{"@id":"https:\/\/www.educaborras.com\/fr\/produit\/20404-fr\/#primaryimage"},"thumbnailUrl":"https:\/\/www.educaborras.com\/wp-content\/uploads\/20404_01_high.jpg","datePublished":"2025-09-17T10:59:32+00:00","dateModified":"2026-04-24T00:46:32+00:00","breadcrumb":{"@id":"https:\/\/www.educaborras.com\/fr\/produit\/20404-fr\/#breadcrumb"},"inLanguage":"fr-FR","potentialAction":[{"@type":"ReadAction","target":["https:\/\/www.educaborras.com\/fr\/produit\/20404-fr\/"]}]},{"@type":"ImageObject","inLanguage":"fr-FR","@id":"https:\/\/www.educaborras.com\/fr\/produit\/20404-fr\/#primaryimage","url":"https:\/\/www.educaborras.com\/wp-content\/uploads\/20404_01_high.jpg","contentUrl":"https:\/\/www.educaborras.com\/wp-content\/uploads\/20404_01_high.jpg","width":2400,"height":2400},{"@type":"BreadcrumbList","@id":"https:\/\/www.educaborras.com\/fr\/produit\/20404-fr\/#breadcrumb","itemListElement":[{"@type":"ListItem","position":1,"name":"Portada","item":"https:\/\/www.educaborras.com\/fr\/"},{"@type":"ListItem","position":2,"name":"Produits","item":"https:\/\/www.educaborras.com\/fr\/shop\/"},{"@type":"ListItem","position":3,"name":"Magic Art Number Lama et Koala"}]},{"@type":"WebSite","@id":"https:\/\/www.educaborras.com\/fr\/#website","url":"https:\/\/www.educaborras.com\/fr\/","name":"Educa Borras","description":"","publisher":{"@id":"https:\/\/www.educaborras.com\/fr\/#organization"},"potentialAction":[{"@type":"SearchAction","target":{"@type":"EntryPoint","urlTemplate":"https:\/\/www.educaborras.com\/fr\/?s={search_term_string}"},"query-input":{"@type":"PropertyValueSpecification","valueRequired":true,"valueName":"search_term_string"}}],"inLanguage":"fr-FR"},{"@type":"Organization","@id":"https:\/\/www.educaborras.com\/fr\/#organization","name":"Educa Borras","url":"https:\/\/www.educaborras.com\/fr\/","logo":{"@type":"ImageObject","inLanguage":"fr-FR","@id":"https:\/\/www.educaborras.com\/fr\/#\/schema\/logo\/image\/","url":"https:\/\/www.educaborras.com\/wp-content\/uploads\/cropped-LOGOS-EDUCA-BORRAS_retina.png","contentUrl":"https:\/\/www.educaborras.com\/wp-content\/uploads\/cropped-LOGOS-EDUCA-BORRAS_retina.png","caption":"Educa Borras"},"image":{"@id":"https:\/\/www.educaborras.com\/fr\/#\/schema\/logo\/image\/"}}]}},"_links":{"self":[{"href":"https:\/\/www.educaborras.com\/fr\/wp-json\/wp\/v2\/product\/248261","targetHints":{"allow":["GET"]}}],"collection":[{"href":"https:\/\/www.educaborras.com\/fr\/wp-json\/wp\/v2\/product"}],"about":[{"href":"https:\/\/www.educaborras.com\/fr\/wp-json\/wp\/v2\/types\/product"}],"wp:featuredmedia":[{"embeddable":true,"href":"https:\/\/www.educaborras.com\/fr\/wp-json\/wp\/v2\/media\/244918"}],"wp:attachment":[{"href":"https:\/\/www.educaborras.com\/fr\/wp-json\/wp\/v2\/media?parent=248261"}],"wp:term":[{"taxonomy":"product_brand","embeddable":true,"href":"https:\/\/www.educaborras.com\/fr\/wp-json\/wp\/v2\/product_brand?post=248261"},{"taxonomy":"product_cat","embeddable":true,"href":"https:\/\/www.educaborras.com\/fr\/wp-json\/wp\/v2\/product_cat?post=248261"},{"taxonomy":"product_tag","embeddable":true,"href":"https:\/\/www.educaborras.com\/fr\/wp-json\/wp\/v2\/product_tag?post=248261"}],"curies":[{"name":"wp","href":"https:\/\/api.w.org\/{rel}","templated":true}]}}