{"id":118,"date":"2017-06-22T09:13:05","date_gmt":"2017-06-22T09:13:05","guid":{"rendered":"http:\/\/educaborras.espaistelematics.com\/cookies\/"},"modified":"2018-03-14T17:17:55","modified_gmt":"2018-03-14T15:17:55","slug":"cookies","status":"publish","type":"page","link":"https:\/\/www.educaborras.com\/fr\/cookies\/","title":{"rendered":"Politique relative aux cookies"},"content":{"rendered":"<p>[fusion_builder_container hundred_percent=\u00a0\u00bbno\u00a0\u00bb equal_height_columns=\u00a0\u00bbno\u00a0\u00bb menu_anchor=\u00a0\u00bb\u00a0\u00bb hide_on_mobile=\u00a0\u00bbsmall-visibility,medium-visibility,large-visibility\u00a0\u00bb class=\u00a0\u00bb\u00a0\u00bb id=\u00a0\u00bb\u00a0\u00bb background_color=\u00a0\u00bb\u00a0\u00bb background_image=\u00a0\u00bb\u00a0\u00bb background_position=\u00a0\u00bbcenter center\u00a0\u00bb background_repeat=\u00a0\u00bbno-repeat\u00a0\u00bb fade=\u00a0\u00bbno\u00a0\u00bb background_parallax=\u00a0\u00bbnone\u00a0\u00bb parallax_speed=\u00a0\u00bb0.3&Prime; video_mp4=\u00a0\u00bb\u00a0\u00bb video_webm=\u00a0\u00bb\u00a0\u00bb video_ogv=\u00a0\u00bb\u00a0\u00bb video_url=\u00a0\u00bb\u00a0\u00bb video_aspect_ratio=\u00a0\u00bb16:9&Prime; video_loop=\u00a0\u00bbyes\u00a0\u00bb video_mute=\u00a0\u00bbyes\u00a0\u00bb overlay_color=\u00a0\u00bb\u00a0\u00bb video_preview_image=\u00a0\u00bb\u00a0\u00bb border_size=\u00a0\u00bb\u00a0\u00bb border_color=\u00a0\u00bb\u00a0\u00bb border_style=\u00a0\u00bbsolid\u00a0\u00bb padding_top=\u00a0\u00bb\u00a0\u00bb padding_bottom=\u00a0\u00bb\u00a0\u00bb padding_left=\u00a0\u00bb\u00a0\u00bb padding_right=\u00a0\u00bb\u00a0\u00bb][fusion_builder_row][fusion_builder_column type=\u00a0\u00bb1_1&Prime; layout=\u00a0\u00bb1_1&Prime; spacing=\u00a0\u00bbyes\u00a0\u00bb center_content=\u00a0\u00bbno\u00a0\u00bb hover_type=\u00a0\u00bbnone\u00a0\u00bb link=\u00a0\u00bb\u00a0\u00bb min_height=\u00a0\u00bb\u00a0\u00bb hide_on_mobile=\u00a0\u00bbsmall-visibility,medium-visibility,large-visibility\u00a0\u00bb class=\u00a0\u00bb\u00a0\u00bb id=\u00a0\u00bb\u00a0\u00bb background_color=\u00a0\u00bb\u00a0\u00bb background_image=\u00a0\u00bb\u00a0\u00bb background_position=\u00a0\u00bbleft top\u00a0\u00bb undefined=\u00a0\u00bb\u00a0\u00bb background_repeat=\u00a0\u00bbno-repeat\u00a0\u00bb border_size=\u00a0\u00bb\u00a0\u00bb border_color=\u00a0\u00bb\u00a0\u00bb border_style=\u00a0\u00bbsolid\u00a0\u00bb border_position=\u00a0\u00bball\u00a0\u00bb padding_top=\u00a0\u00bb\u00a0\u00bb padding_right=\u00a0\u00bb\u00a0\u00bb padding_bottom=\u00a0\u00bb\u00a0\u00bb padding_left=\u00a0\u00bb\u00a0\u00bb margin_top=\u00a0\u00bb0px\u00a0\u00bb margin_bottom=\u00a0\u00bb30px\u00a0\u00bb animation_type=\u00a0\u00bb\u00a0\u00bb animation_direction=\u00a0\u00bbleft\u00a0\u00bb animation_speed=\u00a0\u00bb0.3&Prime; animation_offset=\u00a0\u00bb\u00a0\u00bb last=\u00a0\u00bbno\u00a0\u00bb][fusion_text]<\/p>\n<p>Ce site Web utilise des cookies propri\u00e9taires et tiers pour vous offrir une meilleure exp\u00e9rience et un meilleur service. En naviguant ou en utilisant nos services, l&rsquo;utilisateur accepte notre utilisation des cookies. Toutefois, l&rsquo;utilisateur a la possibilit\u00e9 d&#8217;emp\u00eacher la g\u00e9n\u00e9ration de cookies et de les supprimer en s\u00e9lectionnant l&rsquo;option correspondante dans son navigateur.\u00a0Si vous bloquez l&rsquo;utilisation de cookies dans votre navigateur, certains services ou fonctionnalit\u00e9s du site Web peuvent ne pas \u00eatre disponibles.<\/p>\n<p><strong>Qu&rsquo;est-ce qu&rsquo;un cookie\u00a0?<\/strong><\/p>\n<p>Un cookie est un petit fichier texte que les sites Web envoient au navigateur et qui est stock\u00e9 sur le terminal de l&rsquo;utilisateur, lequel peut \u00eatre un ordinateur personnel, un t\u00e9l\u00e9phone portable, une\u00a0<em>tablette<\/em>, etc. \u00a0Ces fichiers permettent au site Web de conserver des informations relatives \u00e0 votre visite, notamment la langue et les options pr\u00e9f\u00e9r\u00e9es, ce qui peut faciliter votre prochaine visite et rendre le site plus utile gr\u00e2ce \u00e0 la personnalisation de son contenu. Les cookies jouent un r\u00f4le tr\u00e8s important, car ils am\u00e9liorent l&rsquo;utilisation du site Web.<\/p>\n<p><strong>Types de cookies utilis\u00e9s<\/strong><\/p>\n<p>Ce site Web utilise tant des cookies de session temporaires que des cookies permanents. Les cookies de session stockent les donn\u00e9es tant que l&rsquo;utilisateur acc\u00e8de au Web et les cookies permanents stockent les donn\u00e9es dans le terminal afin qu&rsquo;elles puissent \u00eatre consult\u00e9es et utilis\u00e9es pendant plus d&rsquo;une session.<\/p>\n<p>En fonction de la finalit\u00e9 pour laquelle les donn\u00e9es obtenues par le biais des cookies sont trait\u00e9es, le site Web peut utiliser\u00a0:<\/p>\n<p><strong><em>COOKIES TECHNIQUES<\/em><\/strong><\/p>\n<p>Ils permettent \u00e0 l&rsquo;utilisateur de naviguer dans la page Web ou l&rsquo;application et d&rsquo;utiliser les diff\u00e9rentes options ou services qui y sont propos\u00e9s. Par exemple, contr\u00f4ler le trafic et la communication de donn\u00e9es, identifier et maintenir la session de l&rsquo;utilisateur, acc\u00e9der aux parties du site Web avec acc\u00e8s restreint, rem\u00e9morer les \u00e9l\u00e9ments inclus dans une commande, demander l&rsquo;inscription ou la participation \u00e0 un \u00e9v\u00e9nement, utiliser des \u00e9l\u00e9ments de s\u00e9curit\u00e9 pendant la navigation et stocker le contenu pour la diffusion de fichiers vid\u00e9os ou audios.<\/p>\n<p><strong><em>COOKIES PERMANENTS<\/em><\/strong><\/p>\n<p>Ce sont ceux qui sont stock\u00e9s sur le disque dur et notre site les lit \u00e0 chaque nouvelle visite. Un cookie permanent poss\u00e8de une date d&rsquo;expiration d\u00e9finie. Le cookie cessera de fonctionner apr\u00e8s cette date.<\/p>\n<p><strong><em>COOKIES DE PERSONNALISATION<\/em><\/strong><\/p>\n<p>Ils permettent \u00e0 l&rsquo;utilisateur d&rsquo;acc\u00e9der au service selon des caract\u00e9ristiques g\u00e9n\u00e9rales pr\u00e9d\u00e9finies dans son terminal ou d\u00e9finies par ses soins. Par exemple, la langue, le type de navigateur gr\u00e2ce auquel il acc\u00e8de au service, le design des contenus s\u00e9lectionn\u00e9, la g\u00e9olocalisation du terminal et la configuration r\u00e9gionale depuis laquelle on acc\u00e8de au service.<\/p>\n<p><strong><em>COOKIES PUBLICITAIRES<\/em><\/strong><\/p>\n<p>Ils permettent une gestion efficace des espaces publicitaires qui ont \u00e9t\u00e9 inclus dans la page Web ou l&rsquo;application depuis laquelle le service est fourni. Ils permettent d&rsquo;adapter le contenu publicitaire, afin de le rendre pertinent pour l&rsquo;utilisateur et d&rsquo;\u00e9viter d&rsquo;afficher des publicit\u00e9s que l&rsquo;utilisateur a d\u00e9j\u00e0 vues.<\/p>\n<p><strong><em>COOKIES D&rsquo;ANALYSE STATISTIQUE<\/em><\/strong><\/p>\n<p>Ils permettent d&rsquo;effectuer le suivi et l&rsquo;analyse du comportement des utilisateurs sur les sites Web. Les informations collect\u00e9es par ce type de cookies sont utilis\u00e9es pour mesurer l&rsquo;activit\u00e9 des sites Web, des applications ou des plates-formes et pour \u00e9laborer des profils de navigation des utilisateurs de ces sites, le but \u00e9tant d&rsquo;am\u00e9liorer le service en fonction des donn\u00e9es sur l&rsquo;utilisation qui en est faite.<\/p>\n<p><strong><em>COOKIES TIERS<\/em><\/strong><\/p>\n<p>Certaines pages Web peuvent installer des cookies tiers qui permettent de g\u00e9rer, d&rsquo;am\u00e9liorer les services propos\u00e9s, identifier les utilisateurs, \u00e0 des fins statistiques, partager du contenu sur les r\u00e9seaux sociaux ou pr\u00eater d&rsquo;autres services li\u00e9s \u00e0 l&rsquo;activit\u00e9 du site Web et autres services Internet.<\/p>\n<p>En savoir plus sur les\u00a0cookies\u00a0de Google\u00a0:<\/p>\n<p><a href=\"https:\/\/www.google.es\/intl\/es\/policies\/technologies\/types\/\">https:\/\/www.google.es\/intl\/es\/policies\/technologies\/types\/<\/a><\/p>\n<p>Les cookies d&rsquo;AddThis\u00a0: il s&rsquo;agit d&rsquo;une entreprise technologique qui permet aux sites Web et \u00e0 leurs utilisateurs de partager facilement du contenu, \u00e0 travers des ic\u00f4nes d&rsquo;\u00e9change et des destinations de bookmarking social. Les cookies AddThis sont utilis\u00e9s pour rendre le contenu partageable. AddThis est \u00e9galement utilis\u00e9 pour collecter des informations sur la fa\u00e7on dont le contenu du site Web est partag\u00e9. Les cookies permettent d&rsquo;identifier un utilisateur de mani\u00e8re unique, non pas personnellement, mais en fonction de son adresse, afin de ne pas r\u00e9p\u00e9ter les t\u00e2ches dans une p\u00e9riode de temps d\u00e9termin\u00e9e.\u00a0<a href=\"http:\/\/www.addthis.com\/privacy\">http:\/\/www.addthis.com\/privacy<\/a><\/p>\n<p>En savoir plus sur les\u00a0cookies\u00a0des r\u00e9seaux sociaux\u00a0:<\/p>\n<p><a href=\"https:\/\/es-es.facebook.com\/about\/privacy\/cookies\">https:\/\/es-es.facebook.com\/about\/privacy\/cookies<\/a><\/p>\n<p><a href=\"http:\/\/www.google.es\/intl\/es\/policies\/technologies\/cookies\/\">http:\/\/www.google.es\/intl\/es\/policies\/technologies\/cookies\/<\/a><\/p>\n<p><a href=\"https:\/\/twitter.com\/privacy\">https:\/\/twitter.com\/privacy<\/a><\/p>\n<p><a href=\"http:\/\/es.about.pinterest.com\/privacy\/\">http:\/\/es.about.pinterest.com\/privacy\/<\/a><\/p>\n<p><a href=\"https:\/\/help.instagram.com\/155833707900388\">https:\/\/help.instagram.com\/155833707900388<\/a><\/p>\n<p><a href=\"https:\/\/vine.co\/privacy\">https:\/\/vine.co\/privacy<\/a><\/p>\n<p><a href=\"https:\/\/es.foursquare.com\/legal\/privacy\">https:\/\/es.foursquare.com\/legal\/privacy<\/a><\/p>\n<p><a href=\"https:\/\/www.youtube.com\/yt\/policyandsafety\/es\/\">https:\/\/www.youtube.com\/yt\/policyandsafety\/es\/<\/a><\/p>\n<p><u>\u00a0<\/u><\/p>\n<p>En outre, pour autoriser, conna\u00eetre, bloquer ou \u00e9liminer les cookies install\u00e9s sur votre \u00e9quipement, vous pouvez configurer les options du navigateur install\u00e9 sur votre ordinateur. Par exemple, vous pouvez trouver des informations sur la mani\u00e8re de proc\u00e9der si vous utilisez l&rsquo;un des navigateurs suivants\u00a0:<\/p>\n<p><strong>Internet Explorer, ici\u00a0:<\/strong><\/p>\n<p><a href=\"http:\/\/windows.microsoft.com\/es-es\/windows7\/how-to-manage-cookies-in-internet-explorer-9\">http:\/\/windows.microsoft.com\/es-es\/windows7\/how-to-manage-cookies-in-internet-explorer-9<\/a><\/p>\n<p><strong>Safari, ici\u00a0:<\/strong><\/p>\n<p><a href=\"http:\/\/support.apple.com\/kb\/ph5042\">http:\/\/support.apple.com\/kb\/ph5042<\/a><\/p>\n<p><strong>Opera, ici\u00a0:<\/strong><\/p>\n<p><a href=\"http:\/\/help.opera.com\/Windows\/11.50\/es-ES\/cookies.html\">http:\/\/help.opera.com\/Windows\/11.50\/es-ES\/cookies.html<\/a><\/p>\n<p><strong>Firefox, ici\u00a0:<\/strong><\/p>\n<p><a href=\"http:\/\/support.mozilla.org\/es\/kb\/habilitar-y-deshabilitar-cookies-que-los-sitios-we\">http:\/\/support.mozilla.org\/es\/kb\/habilitar-y-deshabilitar-cookies-que-los-sitios-we<\/a><\/p>\n<p><strong>Google Chrome, ici\u00a0:<\/strong><\/p>\n<p><a href=\"http:\/\/support.google.com\/chrome\/bin\/answer.py?hl=es&amp;answer=95647\">http:\/\/support.google.com\/chrome\/bin\/answer.py?hl=es&amp;answer=95647<\/a><\/p>\n<p>Important\u00a0: Veuillez lire attentivement la rubrique d&rsquo;aide de votre navigateur pour en savoir plus sur l&rsquo;activation de la \u00ab\u00a0navigation priv\u00e9e\u00a0\u00bb. Vous pourrez continuer \u00e0 visiter notre site Web, m\u00eame si votre navigateur est en mode \u00ab\u00a0navigation priv\u00e9e\u00a0\u00bb, mais votre navigation ne sera peut-\u00eatre pas optimale et certains utilitaires pourraient ne pas fonctionner correctement.<\/p>\n<p>[\/fusion_text][\/fusion_builder_column][\/fusion_builder_row][\/fusion_builder_container]<\/p>\n","protected":false},"excerpt":{"rendered":"<p>[fusion_builder_container hundred_percent=\u00a0\u00bbno\u00a0\u00bb equal_height_columns=\u00a0\u00bbno\u00a0\u00bb menu_anchor=\u00a0\u00bb\u00a0\u00bb hide_on_mobile=\u00a0\u00bbsmall-visibility,medium-visibility,large-visibility\u00a0\u00bb class=\u00a0\u00bb\u00a0\u00bb id=\u00a0\u00bb\u00a0\u00bb background_color=\u00a0\u00bb\u00a0\u00bb background_image=\u00a0\u00bb\u00a0\u00bb background_position=\u00a0\u00bbcenter center\u00a0\u00bb background_repeat=\u00a0\u00bbno-repeat\u00a0\u00bb fade=\u00a0\u00bbno\u00a0\u00bb background_parallax=\u00a0\u00bbnone\u00a0\u00bb parallax_speed=\u00a0\u00bb0.3&Prime; video_mp4=\u00a0\u00bb\u00a0\u00bb video_webm=\u00a0\u00bb\u00a0\u00bb video_ogv=\u00a0\u00bb\u00a0\u00bb video_url=\u00a0\u00bb\u00a0\u00bb video_aspect_ratio=\u00a0\u00bb16:9&Prime; video_loop=\u00a0\u00bbyes\u00a0\u00bb video_mute=\u00a0\u00bbyes\u00a0\u00bb overlay_color=\u00a0\u00bb\u00a0\u00bb video_preview_image=\u00a0\u00bb\u00a0\u00bb border_size=\u00a0\u00bb\u00a0\u00bb border_color=\u00a0\u00bb\u00a0\u00bb border_style=\u00a0\u00bbsolid\u00a0\u00bb padding_top=\u00a0\u00bb\u00a0\u00bb padding_bottom=\u00a0\u00bb\u00a0\u00bb padding_left=\u00a0\u00bb\u00a0\u00bb padding_right=\u00a0\u00bb\u00a0\u00bb][fusion_builder_row][fusion_builder_column type=\u00a0\u00bb1_1&Prime; layout=\u00a0\u00bb1_1&Prime; spacing=\u00a0\u00bbyes\u00a0\u00bb center_content=\u00a0\u00bbno\u00a0\u00bb hover_type=\u00a0\u00bbnone\u00a0\u00bb link=\u00a0\u00bb\u00a0\u00bb min_height=\u00a0\u00bb\u00a0\u00bb hide_on_mobile=\u00a0\u00bbsmall-visibility,medium-visibility,large-visibility\u00a0\u00bb class=\u00a0\u00bb\u00a0\u00bb id=\u00a0\u00bb\u00a0\u00bb background_color=\u00a0\u00bb\u00a0\u00bb background_image=\u00a0\u00bb\u00a0\u00bb background_position=\u00a0\u00bbleft top\u00a0\u00bb undefined=\u00a0\u00bb\u00a0\u00bb background_repeat=\u00a0\u00bbno-repeat\u00a0\u00bb border_size=\u00a0\u00bb\u00a0\u00bb border_color=\u00a0\u00bb\u00a0\u00bb border_style=\u00a0\u00bbsolid\u00a0\u00bb border_position=\u00a0\u00bball\u00a0\u00bb padding_top=\u00a0\u00bb\u00a0\u00bb padding_right=\u00a0\u00bb\u00a0\u00bb padding_bottom=\u00a0\u00bb\u00a0\u00bb padding_left=\u00a0\u00bb\u00a0\u00bb &#8230; <a title=\"Politique relative aux cookies\" class=\"read-more\" href=\"https:\/\/www.educaborras.com\/fr\/cookies\/\" aria-label=\"En savoir plus sur Politique relative aux cookies\">Lire la suite<\/a><\/p>\n","protected":false},"author":1,"featured_media":0,"parent":0,"menu_order":0,"comment_status":"closed","ping_status":"closed","template":"","meta":{"_acf_changed":false,"footnotes":""},"class_list":["post-118","page","type-page","status-publish"],"acf":[],"yoast_head":"<!-- This site is optimized with the Yoast SEO plugin v27.1.1 - https:\/\/yoast.com\/product\/yoast-seo-wordpress\/ -->\n<title>Politique relative aux cookies - Educa Borras<\/title>\n<meta name=\"robots\" content=\"index, follow, max-snippet:-1, max-image-preview:large, max-video-preview:-1\" \/>\n<link rel=\"canonical\" href=\"https:\/\/www.educaborras.com\/fr\/cookies\/\" \/>\n<meta name=\"twitter:label1\" content=\"Dur\u00e9e de lecture estim\u00e9e\" \/>\n\t<meta name=\"twitter:data1\" content=\"6 minutes\" \/>\n<script type=\"application\/ld+json\" class=\"yoast-schema-graph\">{\"@context\":\"https:\/\/schema.org\",\"@graph\":[{\"@type\":\"WebPage\",\"@id\":\"https:\/\/www.educaborras.com\/fr\/cookies\/\",\"url\":\"https:\/\/www.educaborras.com\/fr\/cookies\/\",\"name\":\"Politique relative aux cookies - Educa Borras\",\"isPartOf\":{\"@id\":\"https:\/\/www.educaborras.com\/fr\/#website\"},\"datePublished\":\"2017-06-22T09:13:05+00:00\",\"dateModified\":\"2018-03-14T15:17:55+00:00\",\"breadcrumb\":{\"@id\":\"https:\/\/www.educaborras.com\/fr\/cookies\/#breadcrumb\"},\"inLanguage\":\"fr-FR\",\"potentialAction\":[{\"@type\":\"ReadAction\",\"target\":[\"https:\/\/www.educaborras.com\/fr\/cookies\/\"]}]},{\"@type\":\"BreadcrumbList\",\"@id\":\"https:\/\/www.educaborras.com\/fr\/cookies\/#breadcrumb\",\"itemListElement\":[{\"@type\":\"ListItem\",\"position\":1,\"name\":\"Portada\",\"item\":\"https:\/\/www.educaborras.com\/fr\/\"},{\"@type\":\"ListItem\",\"position\":2,\"name\":\"Politique relative aux cookies\"}]},{\"@type\":\"WebSite\",\"@id\":\"https:\/\/www.educaborras.com\/fr\/#website\",\"url\":\"https:\/\/www.educaborras.com\/fr\/\",\"name\":\"Educa Borras\",\"description\":\"\",\"publisher\":{\"@id\":\"https:\/\/www.educaborras.com\/fr\/#organization\"},\"potentialAction\":[{\"@type\":\"SearchAction\",\"target\":{\"@type\":\"EntryPoint\",\"urlTemplate\":\"https:\/\/www.educaborras.com\/fr\/?s={search_term_string}\"},\"query-input\":{\"@type\":\"PropertyValueSpecification\",\"valueRequired\":true,\"valueName\":\"search_term_string\"}}],\"inLanguage\":\"fr-FR\"},{\"@type\":\"Organization\",\"@id\":\"https:\/\/www.educaborras.com\/fr\/#organization\",\"name\":\"Educa Borras\",\"url\":\"https:\/\/www.educaborras.com\/fr\/\",\"logo\":{\"@type\":\"ImageObject\",\"inLanguage\":\"fr-FR\",\"@id\":\"https:\/\/www.educaborras.com\/fr\/#\/schema\/logo\/image\/\",\"url\":\"https:\/\/www.educaborras.com\/wp-content\/uploads\/cropped-LOGOS-EDUCA-BORRAS_retina.png\",\"contentUrl\":\"https:\/\/www.educaborras.com\/wp-content\/uploads\/cropped-LOGOS-EDUCA-BORRAS_retina.png\",\"caption\":\"Educa Borras\"},\"image\":{\"@id\":\"https:\/\/www.educaborras.com\/fr\/#\/schema\/logo\/image\/\"}}]}<\/script>\n<!-- \/ Yoast SEO plugin. -->","yoast_head_json":{"title":"Politique relative aux cookies - Educa Borras","robots":{"index":"index","follow":"follow","max-snippet":"max-snippet:-1","max-image-preview":"max-image-preview:large","max-video-preview":"max-video-preview:-1"},"canonical":"https:\/\/www.educaborras.com\/fr\/cookies\/","twitter_misc":{"Dur\u00e9e de lecture estim\u00e9e":"6 minutes"},"schema":{"@context":"https:\/\/schema.org","@graph":[{"@type":"WebPage","@id":"https:\/\/www.educaborras.com\/fr\/cookies\/","url":"https:\/\/www.educaborras.com\/fr\/cookies\/","name":"Politique relative aux cookies - Educa Borras","isPartOf":{"@id":"https:\/\/www.educaborras.com\/fr\/#website"},"datePublished":"2017-06-22T09:13:05+00:00","dateModified":"2018-03-14T15:17:55+00:00","breadcrumb":{"@id":"https:\/\/www.educaborras.com\/fr\/cookies\/#breadcrumb"},"inLanguage":"fr-FR","potentialAction":[{"@type":"ReadAction","target":["https:\/\/www.educaborras.com\/fr\/cookies\/"]}]},{"@type":"BreadcrumbList","@id":"https:\/\/www.educaborras.com\/fr\/cookies\/#breadcrumb","itemListElement":[{"@type":"ListItem","position":1,"name":"Portada","item":"https:\/\/www.educaborras.com\/fr\/"},{"@type":"ListItem","position":2,"name":"Politique relative aux cookies"}]},{"@type":"WebSite","@id":"https:\/\/www.educaborras.com\/fr\/#website","url":"https:\/\/www.educaborras.com\/fr\/","name":"Educa Borras","description":"","publisher":{"@id":"https:\/\/www.educaborras.com\/fr\/#organization"},"potentialAction":[{"@type":"SearchAction","target":{"@type":"EntryPoint","urlTemplate":"https:\/\/www.educaborras.com\/fr\/?s={search_term_string}"},"query-input":{"@type":"PropertyValueSpecification","valueRequired":true,"valueName":"search_term_string"}}],"inLanguage":"fr-FR"},{"@type":"Organization","@id":"https:\/\/www.educaborras.com\/fr\/#organization","name":"Educa Borras","url":"https:\/\/www.educaborras.com\/fr\/","logo":{"@type":"ImageObject","inLanguage":"fr-FR","@id":"https:\/\/www.educaborras.com\/fr\/#\/schema\/logo\/image\/","url":"https:\/\/www.educaborras.com\/wp-content\/uploads\/cropped-LOGOS-EDUCA-BORRAS_retina.png","contentUrl":"https:\/\/www.educaborras.com\/wp-content\/uploads\/cropped-LOGOS-EDUCA-BORRAS_retina.png","caption":"Educa Borras"},"image":{"@id":"https:\/\/www.educaborras.com\/fr\/#\/schema\/logo\/image\/"}}]}},"_links":{"self":[{"href":"https:\/\/www.educaborras.com\/fr\/wp-json\/wp\/v2\/pages\/118","targetHints":{"allow":["GET"]}}],"collection":[{"href":"https:\/\/www.educaborras.com\/fr\/wp-json\/wp\/v2\/pages"}],"about":[{"href":"https:\/\/www.educaborras.com\/fr\/wp-json\/wp\/v2\/types\/page"}],"author":[{"embeddable":true,"href":"https:\/\/www.educaborras.com\/fr\/wp-json\/wp\/v2\/users\/1"}],"replies":[{"embeddable":true,"href":"https:\/\/www.educaborras.com\/fr\/wp-json\/wp\/v2\/comments?post=118"}],"version-history":[{"count":0,"href":"https:\/\/www.educaborras.com\/fr\/wp-json\/wp\/v2\/pages\/118\/revisions"}],"wp:attachment":[{"href":"https:\/\/www.educaborras.com\/fr\/wp-json\/wp\/v2\/media?parent=118"}],"curies":[{"name":"wp","href":"https:\/\/api.w.org\/{rel}","templated":true}]}}