{"id":251449,"date":"2025-06-05T11:00:16","date_gmt":"2025-06-05T09:00:16","guid":{"rendered":"https:\/\/www.educaborras.com\/product\/20025\/"},"modified":"2026-04-24T02:30:35","modified_gmt":"2026-04-24T00:30:35","slug":"20025-en","status":"publish","type":"product","link":"https:\/\/www.educaborras.com\/en\/product\/20025-en\/","title":{"rendered":"Educa Magnetics 83 pcs"},"content":{"rendered":"<p>Educa Magnetics of 83pcs of 3D magnetic blocks that allow children from 3 years old to create geometric figures. While playing, they naturally learn the principles of Magnets and Magnetic Force. It is perfect for developing color and shape recognition, they develop a sense of three-dimensional space, learning all this while playing. It is ideal as a preschool toy, in schools, in kindergartens, ideal for family play, at home.<\/p>\n","protected":false},"excerpt":{"rendered":"<p>Educa Magnetics of 83pcs of 3D magnetic blocks that allow children from 3 years old to create geometric figures. While playing, they naturally learn the principles of magnets and magnetic force.<\/p>\n","protected":false},"featured_media":117817,"template":"","meta":{"_acf_changed":false},"product_brand":[],"product_cat":[73173,73113],"product_tag":[74339,97497,97498,81684,97481,74182,75751,74650,97499,74549,76342,97459,97482,97483],"class_list":{"0":"post-251449","1":"product","2":"type-product","3":"status-publish","4":"has-post-thumbnail","6":"product_cat-constructions","7":"product_cat-educa-magnetics-en","8":"product_tag-piezas-en","9":"product_tag-20025-en","10":"product_tag-83-en","11":"product_tag-construccion-en","12":"product_tag-construcciones-magneticas-en","13":"product_tag-educa-en","14":"product_tag-educativo-en","15":"product_tag-iman-en","16":"product_tag-imanes-en","17":"product_tag-infantil-en","18":"product_tag-juego-en","19":"product_tag-magnetics-en","20":"product_tag-pc-en","21":"product_tag-tiles-en","23":"first","24":"instock","25":"shipping-taxable","26":"product-type-simple"},"acf":[],"yoast_head":"<!-- This site is optimized with the Yoast SEO plugin v27.1.1 - https:\/\/yoast.com\/product\/yoast-seo-wordpress\/ -->\n<title>Educa Magnetics 83 pcs - Educa Borras<\/title>\n<meta name=\"description\" content=\"83pcs de bloques magn\u00e9ticos 3D que permiten crear figuras geom\u00e9tricas. Aprenden de forma natural los principios de los Imanes y la Fuerza Magn\u00e9tica.\" \/>\n<meta name=\"robots\" content=\"index, follow, max-snippet:-1, max-image-preview:large, max-video-preview:-1\" \/>\n<link rel=\"canonical\" href=\"https:\/\/www.educaborras.com\/en\/product\/20025-en\/\" \/>\n<script type=\"application\/ld+json\" class=\"yoast-schema-graph\">{\"@context\":\"https:\/\/schema.org\",\"@graph\":[{\"@type\":\"WebPage\",\"@id\":\"https:\/\/www.educaborras.com\/en\/product\/20025-en\/\",\"url\":\"https:\/\/www.educaborras.com\/en\/product\/20025-en\/\",\"name\":\"Educa Magnetics 83 pcs - Educa Borras\",\"isPartOf\":{\"@id\":\"https:\/\/www.educaborras.com\/en\/#website\"},\"primaryImageOfPage\":{\"@id\":\"https:\/\/www.educaborras.com\/en\/product\/20025-en\/#primaryimage\"},\"image\":{\"@id\":\"https:\/\/www.educaborras.com\/en\/product\/20025-en\/#primaryimage\"},\"thumbnailUrl\":\"https:\/\/www.educaborras.com\/wp-content\/uploads\/20025_01_high.jpg\",\"datePublished\":\"2025-06-05T09:00:16+00:00\",\"dateModified\":\"2026-04-24T00:30:35+00:00\",\"description\":\"83pcs de bloques magn\u00e9ticos 3D que permiten crear figuras geom\u00e9tricas. Aprenden de forma natural los principios de los Imanes y la Fuerza Magn\u00e9tica.\",\"breadcrumb\":{\"@id\":\"https:\/\/www.educaborras.com\/en\/product\/20025-en\/#breadcrumb\"},\"inLanguage\":\"en-US\",\"potentialAction\":[{\"@type\":\"ReadAction\",\"target\":[\"https:\/\/www.educaborras.com\/en\/product\/20025-en\/\"]}]},{\"@type\":\"ImageObject\",\"inLanguage\":\"en-US\",\"@id\":\"https:\/\/www.educaborras.com\/en\/product\/20025-en\/#primaryimage\",\"url\":\"https:\/\/www.educaborras.com\/wp-content\/uploads\/20025_01_high.jpg\",\"contentUrl\":\"https:\/\/www.educaborras.com\/wp-content\/uploads\/20025_01_high.jpg\",\"width\":2400,\"height\":2400,\"caption\":\"Educa Magnetics 83 pcs\"},{\"@type\":\"BreadcrumbList\",\"@id\":\"https:\/\/www.educaborras.com\/en\/product\/20025-en\/#breadcrumb\",\"itemListElement\":[{\"@type\":\"ListItem\",\"position\":1,\"name\":\"Portada\",\"item\":\"https:\/\/www.educaborras.com\/en\/\"},{\"@type\":\"ListItem\",\"position\":2,\"name\":\"Products\",\"item\":\"https:\/\/www.educaborras.com\/en\/shop\/\"},{\"@type\":\"ListItem\",\"position\":3,\"name\":\"Educa Magnetics 83 pcs\"}]},{\"@type\":\"WebSite\",\"@id\":\"https:\/\/www.educaborras.com\/en\/#website\",\"url\":\"https:\/\/www.educaborras.com\/en\/\",\"name\":\"Educa Borras\",\"description\":\"Educa Borras S.A.U.\",\"publisher\":{\"@id\":\"https:\/\/www.educaborras.com\/en\/#organization\"},\"potentialAction\":[{\"@type\":\"SearchAction\",\"target\":{\"@type\":\"EntryPoint\",\"urlTemplate\":\"https:\/\/www.educaborras.com\/en\/?s={search_term_string}\"},\"query-input\":{\"@type\":\"PropertyValueSpecification\",\"valueRequired\":true,\"valueName\":\"search_term_string\"}}],\"inLanguage\":\"en-US\"},{\"@type\":\"Organization\",\"@id\":\"https:\/\/www.educaborras.com\/en\/#organization\",\"name\":\"Educa Borras\",\"url\":\"https:\/\/www.educaborras.com\/en\/\",\"logo\":{\"@type\":\"ImageObject\",\"inLanguage\":\"en-US\",\"@id\":\"https:\/\/www.educaborras.com\/en\/#\/schema\/logo\/image\/\",\"url\":\"https:\/\/www.educaborras.com\/wp-content\/uploads\/cropped-LOGOS-EDUCA-BORRAS_retina.png\",\"contentUrl\":\"https:\/\/www.educaborras.com\/wp-content\/uploads\/cropped-LOGOS-EDUCA-BORRAS_retina.png\",\"caption\":\"Educa Borras\"},\"image\":{\"@id\":\"https:\/\/www.educaborras.com\/en\/#\/schema\/logo\/image\/\"}}]}<\/script>\n<!-- \/ Yoast SEO plugin. -->","yoast_head_json":{"title":"Educa Magnetics 83 pcs - Educa Borras","description":"83pcs de bloques magn\u00e9ticos 3D que permiten crear figuras geom\u00e9tricas. Aprenden de forma natural los principios de los Imanes y la Fuerza Magn\u00e9tica.","robots":{"index":"index","follow":"follow","max-snippet":"max-snippet:-1","max-image-preview":"max-image-preview:large","max-video-preview":"max-video-preview:-1"},"canonical":"https:\/\/www.educaborras.com\/en\/product\/20025-en\/","schema":{"@context":"https:\/\/schema.org","@graph":[{"@type":"WebPage","@id":"https:\/\/www.educaborras.com\/en\/product\/20025-en\/","url":"https:\/\/www.educaborras.com\/en\/product\/20025-en\/","name":"Educa Magnetics 83 pcs - Educa Borras","isPartOf":{"@id":"https:\/\/www.educaborras.com\/en\/#website"},"primaryImageOfPage":{"@id":"https:\/\/www.educaborras.com\/en\/product\/20025-en\/#primaryimage"},"image":{"@id":"https:\/\/www.educaborras.com\/en\/product\/20025-en\/#primaryimage"},"thumbnailUrl":"https:\/\/www.educaborras.com\/wp-content\/uploads\/20025_01_high.jpg","datePublished":"2025-06-05T09:00:16+00:00","dateModified":"2026-04-24T00:30:35+00:00","description":"83pcs de bloques magn\u00e9ticos 3D que permiten crear figuras geom\u00e9tricas. Aprenden de forma natural los principios de los Imanes y la Fuerza Magn\u00e9tica.","breadcrumb":{"@id":"https:\/\/www.educaborras.com\/en\/product\/20025-en\/#breadcrumb"},"inLanguage":"en-US","potentialAction":[{"@type":"ReadAction","target":["https:\/\/www.educaborras.com\/en\/product\/20025-en\/"]}]},{"@type":"ImageObject","inLanguage":"en-US","@id":"https:\/\/www.educaborras.com\/en\/product\/20025-en\/#primaryimage","url":"https:\/\/www.educaborras.com\/wp-content\/uploads\/20025_01_high.jpg","contentUrl":"https:\/\/www.educaborras.com\/wp-content\/uploads\/20025_01_high.jpg","width":2400,"height":2400,"caption":"Educa Magnetics 83 pcs"},{"@type":"BreadcrumbList","@id":"https:\/\/www.educaborras.com\/en\/product\/20025-en\/#breadcrumb","itemListElement":[{"@type":"ListItem","position":1,"name":"Portada","item":"https:\/\/www.educaborras.com\/en\/"},{"@type":"ListItem","position":2,"name":"Products","item":"https:\/\/www.educaborras.com\/en\/shop\/"},{"@type":"ListItem","position":3,"name":"Educa Magnetics 83 pcs"}]},{"@type":"WebSite","@id":"https:\/\/www.educaborras.com\/en\/#website","url":"https:\/\/www.educaborras.com\/en\/","name":"Educa Borras","description":"Educa Borras S.A.U.","publisher":{"@id":"https:\/\/www.educaborras.com\/en\/#organization"},"potentialAction":[{"@type":"SearchAction","target":{"@type":"EntryPoint","urlTemplate":"https:\/\/www.educaborras.com\/en\/?s={search_term_string}"},"query-input":{"@type":"PropertyValueSpecification","valueRequired":true,"valueName":"search_term_string"}}],"inLanguage":"en-US"},{"@type":"Organization","@id":"https:\/\/www.educaborras.com\/en\/#organization","name":"Educa Borras","url":"https:\/\/www.educaborras.com\/en\/","logo":{"@type":"ImageObject","inLanguage":"en-US","@id":"https:\/\/www.educaborras.com\/en\/#\/schema\/logo\/image\/","url":"https:\/\/www.educaborras.com\/wp-content\/uploads\/cropped-LOGOS-EDUCA-BORRAS_retina.png","contentUrl":"https:\/\/www.educaborras.com\/wp-content\/uploads\/cropped-LOGOS-EDUCA-BORRAS_retina.png","caption":"Educa Borras"},"image":{"@id":"https:\/\/www.educaborras.com\/en\/#\/schema\/logo\/image\/"}}]}},"_links":{"self":[{"href":"https:\/\/www.educaborras.com\/en\/wp-json\/wp\/v2\/product\/251449","targetHints":{"allow":["GET"]}}],"collection":[{"href":"https:\/\/www.educaborras.com\/en\/wp-json\/wp\/v2\/product"}],"about":[{"href":"https:\/\/www.educaborras.com\/en\/wp-json\/wp\/v2\/types\/product"}],"wp:featuredmedia":[{"embeddable":true,"href":"https:\/\/www.educaborras.com\/en\/wp-json\/wp\/v2\/media\/117817"}],"wp:attachment":[{"href":"https:\/\/www.educaborras.com\/en\/wp-json\/wp\/v2\/media?parent=251449"}],"wp:term":[{"taxonomy":"product_brand","embeddable":true,"href":"https:\/\/www.educaborras.com\/en\/wp-json\/wp\/v2\/product_brand?post=251449"},{"taxonomy":"product_cat","embeddable":true,"href":"https:\/\/www.educaborras.com\/en\/wp-json\/wp\/v2\/product_cat?post=251449"},{"taxonomy":"product_tag","embeddable":true,"href":"https:\/\/www.educaborras.com\/en\/wp-json\/wp\/v2\/product_tag?post=251449"}],"curies":[{"name":"wp","href":"https:\/\/api.w.org\/{rel}","templated":true}]}}