{"id":251284,"date":"2025-06-05T11:02:18","date_gmt":"2025-06-05T09:02:18","guid":{"rendered":"https:\/\/www.educaborras.com\/product\/20083\/"},"modified":"2026-04-29T03:46:20","modified_gmt":"2026-04-29T01:46:20","slug":"20083-en","status":"publish","type":"product","link":"https:\/\/www.educaborras.com\/en\/product\/20083-en\/","title":{"rendered":"1,2,3 Nuts!"},"content":{"rendered":"<p>Choose the best way to collect the most nuts. If you fill your basket first, you&#8217;ll be the winner, but watch out! Watch the path you choose very carefully, you might run into a worm, yuck! Contents:, 1 tree board, 1 squirrel token, 4 basket boards, 36 nuts, 32 colour nuts , 1 dice.<\/p>\n","protected":false},"excerpt":{"rendered":"<p>Choose the best way to collect the most nuts. If you fill your basket first, you&#8217;ll be the winner, but watch out! Watch the path you choose very carefully, you might run into a worm, yuck!<\/p>\n","protected":false},"featured_media":161049,"template":"","meta":{"_acf_changed":false},"product_brand":[],"product_cat":[73170,73171],"product_tag":[103451,78256,75918,103452,84459,103453,103454,75444,103455,98206,103456,75751,80649,78039,103457,103458,103459,82122,103460,103090,103461,103462,103463,92763],"class_list":{"0":"post-251284","1":"product","2":"type-product","3":"status-publish","4":"has-post-thumbnail","6":"product_cat-board-games","7":"product_cat-children-family-games","8":"product_tag-20083-en","9":"product_tag-arbol-en","10":"product_tag-ardilla-en","11":"product_tag-ardillas-en","12":"product_tag-camino-en","13":"product_tag-caminos-en","14":"product_tag-canastos-en","15":"product_tag-colores-en","16":"product_tag-coordinacion-en","17":"product_tag-dado-en","18":"product_tag-educa-think-en","19":"product_tag-educativo-en","20":"product_tag-juego-de-mesa-en","21":"product_tag-juego-familiar-en","22":"product_tag-nueces-en","23":"product_tag-nuez-en","24":"product_tag-nuts-en","25":"product_tag-observacion-en","26":"product_tag-ojo-mano-en","27":"product_tag-percepcion-visual-en","28":"product_tag-razonamiento-logico-en","29":"product_tag-recoleccion-en","30":"product_tag-recolectar-en","31":"product_tag-tablero-en","33":"first","34":"instock","35":"shipping-taxable","36":"product-type-simple"},"acf":[],"yoast_head":"<!-- This site is optimized with the Yoast SEO plugin v27.1.1 - https:\/\/yoast.com\/product\/yoast-seo-wordpress\/ -->\n<title>1,2,3 Nuts! - Educa Borras<\/title>\n<meta name=\"description\" content=\"Observa y escoge el camino con el mayor n\u00famero de nueces, y ser\u00e1s el primero en rellenar tu canasto, pero cuidado puedes encontrar con gusanos que te har\u00e1n perder nueces. Es un juego de conteo y observaci\u00f3n.\" \/>\n<meta name=\"robots\" content=\"index, follow, max-snippet:-1, max-image-preview:large, max-video-preview:-1\" \/>\n<link rel=\"canonical\" href=\"https:\/\/www.educaborras.com\/en\/product\/20083-en\/\" \/>\n<script type=\"application\/ld+json\" class=\"yoast-schema-graph\">{\"@context\":\"https:\/\/schema.org\",\"@graph\":[{\"@type\":\"WebPage\",\"@id\":\"https:\/\/www.educaborras.com\/en\/product\/20083-en\/\",\"url\":\"https:\/\/www.educaborras.com\/en\/product\/20083-en\/\",\"name\":\"1,2,3 Nuts! - Educa Borras\",\"isPartOf\":{\"@id\":\"https:\/\/www.educaborras.com\/en\/#website\"},\"primaryImageOfPage\":{\"@id\":\"https:\/\/www.educaborras.com\/en\/product\/20083-en\/#primaryimage\"},\"image\":{\"@id\":\"https:\/\/www.educaborras.com\/en\/product\/20083-en\/#primaryimage\"},\"thumbnailUrl\":\"https:\/\/www.educaborras.com\/wp-content\/uploads\/20083_01_high-8.jpg\",\"datePublished\":\"2025-06-05T09:02:18+00:00\",\"dateModified\":\"2026-04-29T01:46:20+00:00\",\"description\":\"Observa y escoge el camino con el mayor n\u00famero de nueces, y ser\u00e1s el primero en rellenar tu canasto, pero cuidado puedes encontrar con gusanos que te har\u00e1n perder nueces. Es un juego de conteo y observaci\u00f3n.\",\"breadcrumb\":{\"@id\":\"https:\/\/www.educaborras.com\/en\/product\/20083-en\/#breadcrumb\"},\"inLanguage\":\"en-US\",\"potentialAction\":[{\"@type\":\"ReadAction\",\"target\":[\"https:\/\/www.educaborras.com\/en\/product\/20083-en\/\"]}]},{\"@type\":\"ImageObject\",\"inLanguage\":\"en-US\",\"@id\":\"https:\/\/www.educaborras.com\/en\/product\/20083-en\/#primaryimage\",\"url\":\"https:\/\/www.educaborras.com\/wp-content\/uploads\/20083_01_high-8.jpg\",\"contentUrl\":\"https:\/\/www.educaborras.com\/wp-content\/uploads\/20083_01_high-8.jpg\"},{\"@type\":\"BreadcrumbList\",\"@id\":\"https:\/\/www.educaborras.com\/en\/product\/20083-en\/#breadcrumb\",\"itemListElement\":[{\"@type\":\"ListItem\",\"position\":1,\"name\":\"Portada\",\"item\":\"https:\/\/www.educaborras.com\/en\/\"},{\"@type\":\"ListItem\",\"position\":2,\"name\":\"Products\",\"item\":\"https:\/\/www.educaborras.com\/en\/shop\/\"},{\"@type\":\"ListItem\",\"position\":3,\"name\":\"1,2,3 Nuts!\"}]},{\"@type\":\"WebSite\",\"@id\":\"https:\/\/www.educaborras.com\/en\/#website\",\"url\":\"https:\/\/www.educaborras.com\/en\/\",\"name\":\"Educa Borras\",\"description\":\"Educa Borras S.A.U.\",\"publisher\":{\"@id\":\"https:\/\/www.educaborras.com\/en\/#organization\"},\"potentialAction\":[{\"@type\":\"SearchAction\",\"target\":{\"@type\":\"EntryPoint\",\"urlTemplate\":\"https:\/\/www.educaborras.com\/en\/?s={search_term_string}\"},\"query-input\":{\"@type\":\"PropertyValueSpecification\",\"valueRequired\":true,\"valueName\":\"search_term_string\"}}],\"inLanguage\":\"en-US\"},{\"@type\":\"Organization\",\"@id\":\"https:\/\/www.educaborras.com\/en\/#organization\",\"name\":\"Educa Borras\",\"url\":\"https:\/\/www.educaborras.com\/en\/\",\"logo\":{\"@type\":\"ImageObject\",\"inLanguage\":\"en-US\",\"@id\":\"https:\/\/www.educaborras.com\/en\/#\/schema\/logo\/image\/\",\"url\":\"https:\/\/www.educaborras.com\/wp-content\/uploads\/cropped-LOGOS-EDUCA-BORRAS_retina.png\",\"contentUrl\":\"https:\/\/www.educaborras.com\/wp-content\/uploads\/cropped-LOGOS-EDUCA-BORRAS_retina.png\",\"caption\":\"Educa Borras\"},\"image\":{\"@id\":\"https:\/\/www.educaborras.com\/en\/#\/schema\/logo\/image\/\"}}]}<\/script>\n<!-- \/ Yoast SEO plugin. -->","yoast_head_json":{"title":"1,2,3 Nuts! - Educa Borras","description":"Observa y escoge el camino con el mayor n\u00famero de nueces, y ser\u00e1s el primero en rellenar tu canasto, pero cuidado puedes encontrar con gusanos que te har\u00e1n perder nueces. Es un juego de conteo y observaci\u00f3n.","robots":{"index":"index","follow":"follow","max-snippet":"max-snippet:-1","max-image-preview":"max-image-preview:large","max-video-preview":"max-video-preview:-1"},"canonical":"https:\/\/www.educaborras.com\/en\/product\/20083-en\/","schema":{"@context":"https:\/\/schema.org","@graph":[{"@type":"WebPage","@id":"https:\/\/www.educaborras.com\/en\/product\/20083-en\/","url":"https:\/\/www.educaborras.com\/en\/product\/20083-en\/","name":"1,2,3 Nuts! - Educa Borras","isPartOf":{"@id":"https:\/\/www.educaborras.com\/en\/#website"},"primaryImageOfPage":{"@id":"https:\/\/www.educaborras.com\/en\/product\/20083-en\/#primaryimage"},"image":{"@id":"https:\/\/www.educaborras.com\/en\/product\/20083-en\/#primaryimage"},"thumbnailUrl":"https:\/\/www.educaborras.com\/wp-content\/uploads\/20083_01_high-8.jpg","datePublished":"2025-06-05T09:02:18+00:00","dateModified":"2026-04-29T01:46:20+00:00","description":"Observa y escoge el camino con el mayor n\u00famero de nueces, y ser\u00e1s el primero en rellenar tu canasto, pero cuidado puedes encontrar con gusanos que te har\u00e1n perder nueces. Es un juego de conteo y observaci\u00f3n.","breadcrumb":{"@id":"https:\/\/www.educaborras.com\/en\/product\/20083-en\/#breadcrumb"},"inLanguage":"en-US","potentialAction":[{"@type":"ReadAction","target":["https:\/\/www.educaborras.com\/en\/product\/20083-en\/"]}]},{"@type":"ImageObject","inLanguage":"en-US","@id":"https:\/\/www.educaborras.com\/en\/product\/20083-en\/#primaryimage","url":"https:\/\/www.educaborras.com\/wp-content\/uploads\/20083_01_high-8.jpg","contentUrl":"https:\/\/www.educaborras.com\/wp-content\/uploads\/20083_01_high-8.jpg"},{"@type":"BreadcrumbList","@id":"https:\/\/www.educaborras.com\/en\/product\/20083-en\/#breadcrumb","itemListElement":[{"@type":"ListItem","position":1,"name":"Portada","item":"https:\/\/www.educaborras.com\/en\/"},{"@type":"ListItem","position":2,"name":"Products","item":"https:\/\/www.educaborras.com\/en\/shop\/"},{"@type":"ListItem","position":3,"name":"1,2,3 Nuts!"}]},{"@type":"WebSite","@id":"https:\/\/www.educaborras.com\/en\/#website","url":"https:\/\/www.educaborras.com\/en\/","name":"Educa Borras","description":"Educa Borras S.A.U.","publisher":{"@id":"https:\/\/www.educaborras.com\/en\/#organization"},"potentialAction":[{"@type":"SearchAction","target":{"@type":"EntryPoint","urlTemplate":"https:\/\/www.educaborras.com\/en\/?s={search_term_string}"},"query-input":{"@type":"PropertyValueSpecification","valueRequired":true,"valueName":"search_term_string"}}],"inLanguage":"en-US"},{"@type":"Organization","@id":"https:\/\/www.educaborras.com\/en\/#organization","name":"Educa Borras","url":"https:\/\/www.educaborras.com\/en\/","logo":{"@type":"ImageObject","inLanguage":"en-US","@id":"https:\/\/www.educaborras.com\/en\/#\/schema\/logo\/image\/","url":"https:\/\/www.educaborras.com\/wp-content\/uploads\/cropped-LOGOS-EDUCA-BORRAS_retina.png","contentUrl":"https:\/\/www.educaborras.com\/wp-content\/uploads\/cropped-LOGOS-EDUCA-BORRAS_retina.png","caption":"Educa Borras"},"image":{"@id":"https:\/\/www.educaborras.com\/en\/#\/schema\/logo\/image\/"}}]}},"_links":{"self":[{"href":"https:\/\/www.educaborras.com\/en\/wp-json\/wp\/v2\/product\/251284","targetHints":{"allow":["GET"]}}],"collection":[{"href":"https:\/\/www.educaborras.com\/en\/wp-json\/wp\/v2\/product"}],"about":[{"href":"https:\/\/www.educaborras.com\/en\/wp-json\/wp\/v2\/types\/product"}],"wp:featuredmedia":[{"embeddable":true,"href":"https:\/\/www.educaborras.com\/en\/wp-json\/wp\/v2\/media\/161049"}],"wp:attachment":[{"href":"https:\/\/www.educaborras.com\/en\/wp-json\/wp\/v2\/media?parent=251284"}],"wp:term":[{"taxonomy":"product_brand","embeddable":true,"href":"https:\/\/www.educaborras.com\/en\/wp-json\/wp\/v2\/product_brand?post=251284"},{"taxonomy":"product_cat","embeddable":true,"href":"https:\/\/www.educaborras.com\/en\/wp-json\/wp\/v2\/product_cat?post=251284"},{"taxonomy":"product_tag","embeddable":true,"href":"https:\/\/www.educaborras.com\/en\/wp-json\/wp\/v2\/product_tag?post=251284"}],"curies":[{"name":"wp","href":"https:\/\/api.w.org\/{rel}","templated":true}]}}