{"id":251200,"date":"2025-06-05T11:03:08","date_gmt":"2025-06-05T09:03:08","guid":{"rendered":"https:\/\/www.educaborras.com\/product\/16037\/"},"modified":"2026-04-18T03:26:34","modified_gmt":"2026-04-18T01:26:34","slug":"16037-en","status":"publish","type":"product","link":"https:\/\/www.educaborras.com\/en\/product\/16037-en\/","title":{"rendered":"Disney wooden Domino Mickey\/Minnie"},"content":{"rendered":"<p>Sturdy wooden pieces. Large-sized pieces for \u201csmall\u201d hands. Featuring all the favourite characters. The most natural materials for the youngest children. \u00a9Disney<\/p>\n","protected":false},"excerpt":{"rendered":"<p>Sturdy wooden pieces. Large-sized pieces for \u201csmall\u201d hands. Featuring all the favourite characters. The most natural materials for the youngest children. \u00a9Disney<\/p>\n","protected":false},"featured_media":161374,"template":"","meta":{"_acf_changed":false},"product_brand":[],"product_cat":[73176,73178],"product_tag":[76963,74414,76964,76965,84630,76967,76968,76969,76970,76971,74596,74597,76972],"class_list":{"0":"post-251200","1":"product","2":"type-product","3":"status-publish","4":"has-post-thumbnail","6":"product_cat-educational-games","7":"product_cat-educational-games-with-known-characters","8":"product_tag-16037-en","9":"product_tag-disney-en","10":"product_tag-disney-wooden-domino-mickey-minnie-en","11":"product_tag-domino-en","12":"product_tag-domino-en-bois-en","13":"product_tag-domino-fusta-minnie-mickey-en","14":"product_tag-domino-madeira-mickey-minnie-en","15":"product_tag-fusta-en","16":"product_tag-madeiradomino-madera-minnie-mickey-en","17":"product_tag-madera-en","18":"product_tag-mickey-en","19":"product_tag-minnie-en","20":"product_tag-minnie-mickey-en","22":"first","23":"instock","24":"shipping-taxable","25":"product-type-simple"},"acf":[],"yoast_head":"<!-- This site is optimized with the Yoast SEO plugin v27.1.1 - https:\/\/yoast.com\/product\/yoast-seo-wordpress\/ -->\n<title>Disney wooden Domino Mickey\/Minnie - Educa Borras<\/title>\n<meta name=\"description\" content=\"El Domin\u00f3 es un juego que ayuda a estimular en los m\u00e1s peque\u00f1os su capacidad de atenci\u00f3n y de pensamiento l\u00f3gico. Educa ha adaptado el tradicional juego de mesa a los peques.\" \/>\n<meta name=\"robots\" content=\"index, follow, max-snippet:-1, max-image-preview:large, max-video-preview:-1\" \/>\n<link rel=\"canonical\" href=\"https:\/\/www.educaborras.com\/en\/product\/16037-en\/\" \/>\n<script type=\"application\/ld+json\" class=\"yoast-schema-graph\">{\"@context\":\"https:\/\/schema.org\",\"@graph\":[{\"@type\":\"WebPage\",\"@id\":\"https:\/\/www.educaborras.com\/en\/product\/16037-en\/\",\"url\":\"https:\/\/www.educaborras.com\/en\/product\/16037-en\/\",\"name\":\"Disney wooden Domino Mickey\/Minnie - Educa Borras\",\"isPartOf\":{\"@id\":\"https:\/\/www.educaborras.com\/en\/#website\"},\"primaryImageOfPage\":{\"@id\":\"https:\/\/www.educaborras.com\/en\/product\/16037-en\/#primaryimage\"},\"image\":{\"@id\":\"https:\/\/www.educaborras.com\/en\/product\/16037-en\/#primaryimage\"},\"thumbnailUrl\":\"https:\/\/www.educaborras.com\/wp-content\/uploads\/16037_01_med-16.jpg\",\"datePublished\":\"2025-06-05T09:03:08+00:00\",\"dateModified\":\"2026-04-18T01:26:34+00:00\",\"description\":\"El Domin\u00f3 es un juego que ayuda a estimular en los m\u00e1s peque\u00f1os su capacidad de atenci\u00f3n y de pensamiento l\u00f3gico. Educa ha adaptado el tradicional juego de mesa a los peques.\",\"breadcrumb\":{\"@id\":\"https:\/\/www.educaborras.com\/en\/product\/16037-en\/#breadcrumb\"},\"inLanguage\":\"en-US\",\"potentialAction\":[{\"@type\":\"ReadAction\",\"target\":[\"https:\/\/www.educaborras.com\/en\/product\/16037-en\/\"]}]},{\"@type\":\"ImageObject\",\"inLanguage\":\"en-US\",\"@id\":\"https:\/\/www.educaborras.com\/en\/product\/16037-en\/#primaryimage\",\"url\":\"https:\/\/www.educaborras.com\/wp-content\/uploads\/16037_01_med-16.jpg\",\"contentUrl\":\"https:\/\/www.educaborras.com\/wp-content\/uploads\/16037_01_med-16.jpg\"},{\"@type\":\"BreadcrumbList\",\"@id\":\"https:\/\/www.educaborras.com\/en\/product\/16037-en\/#breadcrumb\",\"itemListElement\":[{\"@type\":\"ListItem\",\"position\":1,\"name\":\"Portada\",\"item\":\"https:\/\/www.educaborras.com\/en\/\"},{\"@type\":\"ListItem\",\"position\":2,\"name\":\"Products\",\"item\":\"https:\/\/www.educaborras.com\/en\/shop\/\"},{\"@type\":\"ListItem\",\"position\":3,\"name\":\"Disney wooden Domino Mickey\/Minnie\"}]},{\"@type\":\"WebSite\",\"@id\":\"https:\/\/www.educaborras.com\/en\/#website\",\"url\":\"https:\/\/www.educaborras.com\/en\/\",\"name\":\"Educa Borras\",\"description\":\"Educa Borras S.A.U.\",\"publisher\":{\"@id\":\"https:\/\/www.educaborras.com\/en\/#organization\"},\"potentialAction\":[{\"@type\":\"SearchAction\",\"target\":{\"@type\":\"EntryPoint\",\"urlTemplate\":\"https:\/\/www.educaborras.com\/en\/?s={search_term_string}\"},\"query-input\":{\"@type\":\"PropertyValueSpecification\",\"valueRequired\":true,\"valueName\":\"search_term_string\"}}],\"inLanguage\":\"en-US\"},{\"@type\":\"Organization\",\"@id\":\"https:\/\/www.educaborras.com\/en\/#organization\",\"name\":\"Educa Borras\",\"url\":\"https:\/\/www.educaborras.com\/en\/\",\"logo\":{\"@type\":\"ImageObject\",\"inLanguage\":\"en-US\",\"@id\":\"https:\/\/www.educaborras.com\/en\/#\/schema\/logo\/image\/\",\"url\":\"https:\/\/www.educaborras.com\/wp-content\/uploads\/cropped-LOGOS-EDUCA-BORRAS_retina.png\",\"contentUrl\":\"https:\/\/www.educaborras.com\/wp-content\/uploads\/cropped-LOGOS-EDUCA-BORRAS_retina.png\",\"caption\":\"Educa Borras\"},\"image\":{\"@id\":\"https:\/\/www.educaborras.com\/en\/#\/schema\/logo\/image\/\"}}]}<\/script>\n<!-- \/ Yoast SEO plugin. -->","yoast_head_json":{"title":"Disney wooden Domino Mickey\/Minnie - Educa Borras","description":"El Domin\u00f3 es un juego que ayuda a estimular en los m\u00e1s peque\u00f1os su capacidad de atenci\u00f3n y de pensamiento l\u00f3gico. Educa ha adaptado el tradicional juego de mesa a los peques.","robots":{"index":"index","follow":"follow","max-snippet":"max-snippet:-1","max-image-preview":"max-image-preview:large","max-video-preview":"max-video-preview:-1"},"canonical":"https:\/\/www.educaborras.com\/en\/product\/16037-en\/","schema":{"@context":"https:\/\/schema.org","@graph":[{"@type":"WebPage","@id":"https:\/\/www.educaborras.com\/en\/product\/16037-en\/","url":"https:\/\/www.educaborras.com\/en\/product\/16037-en\/","name":"Disney wooden Domino Mickey\/Minnie - Educa Borras","isPartOf":{"@id":"https:\/\/www.educaborras.com\/en\/#website"},"primaryImageOfPage":{"@id":"https:\/\/www.educaborras.com\/en\/product\/16037-en\/#primaryimage"},"image":{"@id":"https:\/\/www.educaborras.com\/en\/product\/16037-en\/#primaryimage"},"thumbnailUrl":"https:\/\/www.educaborras.com\/wp-content\/uploads\/16037_01_med-16.jpg","datePublished":"2025-06-05T09:03:08+00:00","dateModified":"2026-04-18T01:26:34+00:00","description":"El Domin\u00f3 es un juego que ayuda a estimular en los m\u00e1s peque\u00f1os su capacidad de atenci\u00f3n y de pensamiento l\u00f3gico. Educa ha adaptado el tradicional juego de mesa a los peques.","breadcrumb":{"@id":"https:\/\/www.educaborras.com\/en\/product\/16037-en\/#breadcrumb"},"inLanguage":"en-US","potentialAction":[{"@type":"ReadAction","target":["https:\/\/www.educaborras.com\/en\/product\/16037-en\/"]}]},{"@type":"ImageObject","inLanguage":"en-US","@id":"https:\/\/www.educaborras.com\/en\/product\/16037-en\/#primaryimage","url":"https:\/\/www.educaborras.com\/wp-content\/uploads\/16037_01_med-16.jpg","contentUrl":"https:\/\/www.educaborras.com\/wp-content\/uploads\/16037_01_med-16.jpg"},{"@type":"BreadcrumbList","@id":"https:\/\/www.educaborras.com\/en\/product\/16037-en\/#breadcrumb","itemListElement":[{"@type":"ListItem","position":1,"name":"Portada","item":"https:\/\/www.educaborras.com\/en\/"},{"@type":"ListItem","position":2,"name":"Products","item":"https:\/\/www.educaborras.com\/en\/shop\/"},{"@type":"ListItem","position":3,"name":"Disney wooden Domino Mickey\/Minnie"}]},{"@type":"WebSite","@id":"https:\/\/www.educaborras.com\/en\/#website","url":"https:\/\/www.educaborras.com\/en\/","name":"Educa Borras","description":"Educa Borras S.A.U.","publisher":{"@id":"https:\/\/www.educaborras.com\/en\/#organization"},"potentialAction":[{"@type":"SearchAction","target":{"@type":"EntryPoint","urlTemplate":"https:\/\/www.educaborras.com\/en\/?s={search_term_string}"},"query-input":{"@type":"PropertyValueSpecification","valueRequired":true,"valueName":"search_term_string"}}],"inLanguage":"en-US"},{"@type":"Organization","@id":"https:\/\/www.educaborras.com\/en\/#organization","name":"Educa Borras","url":"https:\/\/www.educaborras.com\/en\/","logo":{"@type":"ImageObject","inLanguage":"en-US","@id":"https:\/\/www.educaborras.com\/en\/#\/schema\/logo\/image\/","url":"https:\/\/www.educaborras.com\/wp-content\/uploads\/cropped-LOGOS-EDUCA-BORRAS_retina.png","contentUrl":"https:\/\/www.educaborras.com\/wp-content\/uploads\/cropped-LOGOS-EDUCA-BORRAS_retina.png","caption":"Educa Borras"},"image":{"@id":"https:\/\/www.educaborras.com\/en\/#\/schema\/logo\/image\/"}}]}},"_links":{"self":[{"href":"https:\/\/www.educaborras.com\/en\/wp-json\/wp\/v2\/product\/251200","targetHints":{"allow":["GET"]}}],"collection":[{"href":"https:\/\/www.educaborras.com\/en\/wp-json\/wp\/v2\/product"}],"about":[{"href":"https:\/\/www.educaborras.com\/en\/wp-json\/wp\/v2\/types\/product"}],"wp:featuredmedia":[{"embeddable":true,"href":"https:\/\/www.educaborras.com\/en\/wp-json\/wp\/v2\/media\/161374"}],"wp:attachment":[{"href":"https:\/\/www.educaborras.com\/en\/wp-json\/wp\/v2\/media?parent=251200"}],"wp:term":[{"taxonomy":"product_brand","embeddable":true,"href":"https:\/\/www.educaborras.com\/en\/wp-json\/wp\/v2\/product_brand?post=251200"},{"taxonomy":"product_cat","embeddable":true,"href":"https:\/\/www.educaborras.com\/en\/wp-json\/wp\/v2\/product_cat?post=251200"},{"taxonomy":"product_tag","embeddable":true,"href":"https:\/\/www.educaborras.com\/en\/wp-json\/wp\/v2\/product_tag?post=251200"}],"curies":[{"name":"wp","href":"https:\/\/api.w.org\/{rel}","templated":true}]}}