{"id":251192,"date":"2025-06-05T11:03:11","date_gmt":"2025-06-05T09:03:11","guid":{"rendered":"https:\/\/www.educaborras.com\/product\/16229\/"},"modified":"2026-04-18T03:26:47","modified_gmt":"2026-04-18T01:26:47","slug":"16229-en","status":"publish","type":"product","link":"https:\/\/www.educaborras.com\/en\/product\/16229-en\/","title":{"rendered":"Superpack Peppa Pig"},"content":{"rendered":"<p>Superpack es una nueva fuente de diversi\u00f3n para los m\u00e1s pequenos a partir de 3 anos. Una inmejorable combinaci\u00f3n entre juego y educaci\u00f3n con la garant\u00eda de calidad de Educa\u00ae. Este nuevo Superpack contiene 2 puzzles de 25 piezas, 1 juego de asociaci\u00f3n de 24 cartas y 1 juego de encajables de 24 piezas. Cuatro juegos en uno que har\u00e1n las delicias de los pequenos mientras aprenden divirti\u00e9ndose.<\/p>\n","protected":false},"excerpt":{"rendered":"<p>Los personajes preferidos de los ni\u00f1os ser\u00e1n unos magn\u00edficos companeros de aprendizaje. Diferentes posibilidades de diversi\u00f3n, entre puzzles y juegos educativos, en una misma caja.<\/p>\n","protected":false},"featured_media":161394,"template":"","meta":{"_acf_changed":false},"product_brand":[],"product_cat":[73176,73178],"product_tag":[77225,74313,74182,74183,77226,77227,77228,76277,77229,76458,75647,77230,74343,77231,77232,77233],"class_list":{"0":"post-251192","1":"product","2":"type-product","3":"status-publish","4":"has-post-thumbnail","6":"product_cat-educational-games","7":"product_cat-educational-games-with-known-characters","8":"product_tag-16229-en","9":"product_tag-borras-en","10":"product_tag-educa-en","11":"product_tag-educa-borras-en","12":"product_tag-educa-superpack-peppa-pig-en","13":"product_tag-educaborras-en","14":"product_tag-pack-en","15":"product_tag-peppa-pig-en","16":"product_tag-peppaeduca-superpack-peppa-pig-en","17":"product_tag-pig-en","18":"product_tag-puzle-en","19":"product_tag-puzzles-en","20":"product_tag-rompecabezas-en","21":"product_tag-super-en","22":"product_tag-super-pack-en","23":"product_tag-superpack-en","25":"first","26":"instock","27":"shipping-taxable","28":"product-type-simple"},"acf":[],"yoast_head":"<!-- This site is optimized with the Yoast SEO plugin v27.1.1 - https:\/\/yoast.com\/product\/yoast-seo-wordpress\/ -->\n<title>Superpack Peppa Pig - Educa Borras<\/title>\n<meta name=\"robots\" content=\"index, follow, max-snippet:-1, max-image-preview:large, max-video-preview:-1\" \/>\n<link rel=\"canonical\" href=\"https:\/\/www.educaborras.com\/en\/product\/16229-en\/\" \/>\n<script type=\"application\/ld+json\" class=\"yoast-schema-graph\">{\"@context\":\"https:\/\/schema.org\",\"@graph\":[{\"@type\":\"WebPage\",\"@id\":\"https:\/\/www.educaborras.com\/en\/product\/16229-en\/\",\"url\":\"https:\/\/www.educaborras.com\/en\/product\/16229-en\/\",\"name\":\"Superpack Peppa Pig - Educa Borras\",\"isPartOf\":{\"@id\":\"https:\/\/www.educaborras.com\/en\/#website\"},\"primaryImageOfPage\":{\"@id\":\"https:\/\/www.educaborras.com\/en\/product\/16229-en\/#primaryimage\"},\"image\":{\"@id\":\"https:\/\/www.educaborras.com\/en\/product\/16229-en\/#primaryimage\"},\"thumbnailUrl\":\"https:\/\/www.educaborras.com\/wp-content\/uploads\/16229_01_med-18.jpg\",\"datePublished\":\"2025-06-05T09:03:11+00:00\",\"dateModified\":\"2026-04-18T01:26:47+00:00\",\"breadcrumb\":{\"@id\":\"https:\/\/www.educaborras.com\/en\/product\/16229-en\/#breadcrumb\"},\"inLanguage\":\"en-US\",\"potentialAction\":[{\"@type\":\"ReadAction\",\"target\":[\"https:\/\/www.educaborras.com\/en\/product\/16229-en\/\"]}]},{\"@type\":\"ImageObject\",\"inLanguage\":\"en-US\",\"@id\":\"https:\/\/www.educaborras.com\/en\/product\/16229-en\/#primaryimage\",\"url\":\"https:\/\/www.educaborras.com\/wp-content\/uploads\/16229_01_med-18.jpg\",\"contentUrl\":\"https:\/\/www.educaborras.com\/wp-content\/uploads\/16229_01_med-18.jpg\"},{\"@type\":\"BreadcrumbList\",\"@id\":\"https:\/\/www.educaborras.com\/en\/product\/16229-en\/#breadcrumb\",\"itemListElement\":[{\"@type\":\"ListItem\",\"position\":1,\"name\":\"Portada\",\"item\":\"https:\/\/www.educaborras.com\/en\/\"},{\"@type\":\"ListItem\",\"position\":2,\"name\":\"Products\",\"item\":\"https:\/\/www.educaborras.com\/en\/shop\/\"},{\"@type\":\"ListItem\",\"position\":3,\"name\":\"Superpack Peppa Pig\"}]},{\"@type\":\"WebSite\",\"@id\":\"https:\/\/www.educaborras.com\/en\/#website\",\"url\":\"https:\/\/www.educaborras.com\/en\/\",\"name\":\"Educa Borras\",\"description\":\"Educa Borras S.A.U.\",\"publisher\":{\"@id\":\"https:\/\/www.educaborras.com\/en\/#organization\"},\"potentialAction\":[{\"@type\":\"SearchAction\",\"target\":{\"@type\":\"EntryPoint\",\"urlTemplate\":\"https:\/\/www.educaborras.com\/en\/?s={search_term_string}\"},\"query-input\":{\"@type\":\"PropertyValueSpecification\",\"valueRequired\":true,\"valueName\":\"search_term_string\"}}],\"inLanguage\":\"en-US\"},{\"@type\":\"Organization\",\"@id\":\"https:\/\/www.educaborras.com\/en\/#organization\",\"name\":\"Educa Borras\",\"url\":\"https:\/\/www.educaborras.com\/en\/\",\"logo\":{\"@type\":\"ImageObject\",\"inLanguage\":\"en-US\",\"@id\":\"https:\/\/www.educaborras.com\/en\/#\/schema\/logo\/image\/\",\"url\":\"https:\/\/www.educaborras.com\/wp-content\/uploads\/cropped-LOGOS-EDUCA-BORRAS_retina.png\",\"contentUrl\":\"https:\/\/www.educaborras.com\/wp-content\/uploads\/cropped-LOGOS-EDUCA-BORRAS_retina.png\",\"caption\":\"Educa Borras\"},\"image\":{\"@id\":\"https:\/\/www.educaborras.com\/en\/#\/schema\/logo\/image\/\"}}]}<\/script>\n<!-- \/ Yoast SEO plugin. -->","yoast_head_json":{"title":"Superpack Peppa Pig - Educa Borras","robots":{"index":"index","follow":"follow","max-snippet":"max-snippet:-1","max-image-preview":"max-image-preview:large","max-video-preview":"max-video-preview:-1"},"canonical":"https:\/\/www.educaborras.com\/en\/product\/16229-en\/","schema":{"@context":"https:\/\/schema.org","@graph":[{"@type":"WebPage","@id":"https:\/\/www.educaborras.com\/en\/product\/16229-en\/","url":"https:\/\/www.educaborras.com\/en\/product\/16229-en\/","name":"Superpack Peppa Pig - Educa Borras","isPartOf":{"@id":"https:\/\/www.educaborras.com\/en\/#website"},"primaryImageOfPage":{"@id":"https:\/\/www.educaborras.com\/en\/product\/16229-en\/#primaryimage"},"image":{"@id":"https:\/\/www.educaborras.com\/en\/product\/16229-en\/#primaryimage"},"thumbnailUrl":"https:\/\/www.educaborras.com\/wp-content\/uploads\/16229_01_med-18.jpg","datePublished":"2025-06-05T09:03:11+00:00","dateModified":"2026-04-18T01:26:47+00:00","breadcrumb":{"@id":"https:\/\/www.educaborras.com\/en\/product\/16229-en\/#breadcrumb"},"inLanguage":"en-US","potentialAction":[{"@type":"ReadAction","target":["https:\/\/www.educaborras.com\/en\/product\/16229-en\/"]}]},{"@type":"ImageObject","inLanguage":"en-US","@id":"https:\/\/www.educaborras.com\/en\/product\/16229-en\/#primaryimage","url":"https:\/\/www.educaborras.com\/wp-content\/uploads\/16229_01_med-18.jpg","contentUrl":"https:\/\/www.educaborras.com\/wp-content\/uploads\/16229_01_med-18.jpg"},{"@type":"BreadcrumbList","@id":"https:\/\/www.educaborras.com\/en\/product\/16229-en\/#breadcrumb","itemListElement":[{"@type":"ListItem","position":1,"name":"Portada","item":"https:\/\/www.educaborras.com\/en\/"},{"@type":"ListItem","position":2,"name":"Products","item":"https:\/\/www.educaborras.com\/en\/shop\/"},{"@type":"ListItem","position":3,"name":"Superpack Peppa Pig"}]},{"@type":"WebSite","@id":"https:\/\/www.educaborras.com\/en\/#website","url":"https:\/\/www.educaborras.com\/en\/","name":"Educa Borras","description":"Educa Borras S.A.U.","publisher":{"@id":"https:\/\/www.educaborras.com\/en\/#organization"},"potentialAction":[{"@type":"SearchAction","target":{"@type":"EntryPoint","urlTemplate":"https:\/\/www.educaborras.com\/en\/?s={search_term_string}"},"query-input":{"@type":"PropertyValueSpecification","valueRequired":true,"valueName":"search_term_string"}}],"inLanguage":"en-US"},{"@type":"Organization","@id":"https:\/\/www.educaborras.com\/en\/#organization","name":"Educa Borras","url":"https:\/\/www.educaborras.com\/en\/","logo":{"@type":"ImageObject","inLanguage":"en-US","@id":"https:\/\/www.educaborras.com\/en\/#\/schema\/logo\/image\/","url":"https:\/\/www.educaborras.com\/wp-content\/uploads\/cropped-LOGOS-EDUCA-BORRAS_retina.png","contentUrl":"https:\/\/www.educaborras.com\/wp-content\/uploads\/cropped-LOGOS-EDUCA-BORRAS_retina.png","caption":"Educa Borras"},"image":{"@id":"https:\/\/www.educaborras.com\/en\/#\/schema\/logo\/image\/"}}]}},"_links":{"self":[{"href":"https:\/\/www.educaborras.com\/en\/wp-json\/wp\/v2\/product\/251192","targetHints":{"allow":["GET"]}}],"collection":[{"href":"https:\/\/www.educaborras.com\/en\/wp-json\/wp\/v2\/product"}],"about":[{"href":"https:\/\/www.educaborras.com\/en\/wp-json\/wp\/v2\/types\/product"}],"wp:featuredmedia":[{"embeddable":true,"href":"https:\/\/www.educaborras.com\/en\/wp-json\/wp\/v2\/media\/161394"}],"wp:attachment":[{"href":"https:\/\/www.educaborras.com\/en\/wp-json\/wp\/v2\/media?parent=251192"}],"wp:term":[{"taxonomy":"product_brand","embeddable":true,"href":"https:\/\/www.educaborras.com\/en\/wp-json\/wp\/v2\/product_brand?post=251192"},{"taxonomy":"product_cat","embeddable":true,"href":"https:\/\/www.educaborras.com\/en\/wp-json\/wp\/v2\/product_cat?post=251192"},{"taxonomy":"product_tag","embeddable":true,"href":"https:\/\/www.educaborras.com\/en\/wp-json\/wp\/v2\/product_tag?post=251192"}],"curies":[{"name":"wp","href":"https:\/\/api.w.org\/{rel}","templated":true}]}}