{"id":251076,"date":"2025-06-05T11:04:18","date_gmt":"2025-06-05T09:04:18","guid":{"rendered":"https:\/\/www.educaborras.com\/product\/18368\/"},"modified":"2026-04-24T02:50:10","modified_gmt":"2026-04-24T00:50:10","slug":"18368-en","status":"publish","type":"product","link":"https:\/\/www.educaborras.com\/en\/product\/18368-en\/","title":{"rendered":"Design Your Doll Casual Style"},"content":{"rendered":"<p>La caja incluye todos los elementos necesarios para crear conjuntos de moda \u201ccasual\u201d: ropa de calle, deportiva, para el d\u00eda a d\u00eda. Contenido: &#8211; 1 mu\u00f1eca articulada para montar &#8211; Tela con patrones preimpresos &#8211; Accesorios de moda &#8211; Clips para ropa &#8211; Lana para pelo &#8211; 1 herramienta perforadora &#8211; Instrucciones y video instrucciones. https:\/\/www.youtube.com\/watch?v=MRUkhEZRmeI&amp;list=PLgbjr38078dVaWAMI4oLVY2vrFQJhgKUk&amp;index=11<\/p>\n","protected":false},"excerpt":{"rendered":"<p>La caja incluye todos los elementos necesarios para crear conjuntos de moda \u201ccasual\u201d: ropa de calle, deportiva, para el d\u00eda a d\u00eda.<\/p>\n","protected":false},"featured_media":161804,"template":"","meta":{"_acf_changed":false},"product_brand":[],"product_cat":[73169],"product_tag":[101709,81991,101693,81993,81995,81998,81999,82000,82002,98502,101710,82004,82005,82006,82010,82017,82019,82020,98628,82021,82022,82023],"class_list":{"0":"post-251076","1":"product","2":"type-product","3":"status-publish","4":"has-post-thumbnail","6":"product_cat-my-model-en","7":"product_tag-18368-en","8":"product_tag-accessoires-en","9":"product_tag-casual-en","10":"product_tag-creatif-en","11":"product_tag-creative-en","12":"product_tag-design-en","13":"product_tag-design-your-doll-en","14":"product_tag-designer-en","15":"product_tag-doll-en","16":"product_tag-fashion-en","17":"product_tag-fashionista-en","18":"product_tag-look-en","19":"product_tag-looks-en","20":"product_tag-mannequin-en","21":"product_tag-mode-en","22":"product_tag-poupee-en","23":"product_tag-stylisme-en","24":"product_tag-styliste-en","25":"product_tag-tendance-en","26":"product_tag-tenues-en","27":"product_tag-vetements-en","28":"product_tag-your-en","30":"first","31":"instock","32":"shipping-taxable","33":"product-type-simple"},"acf":[],"yoast_head":"<!-- This site is optimized with the Yoast SEO plugin v27.1.1 - https:\/\/yoast.com\/product\/yoast-seo-wordpress\/ -->\n<title>Design Your Doll Casual Style - Educa Borras<\/title>\n<meta name=\"description\" content=\"La caja incluye todos los elementos necesarios para crear conjuntos de moda &quot;casual&quot;: ropa de calle, deportiva, para el d\u00eda a d\u00eda.\" \/>\n<meta name=\"robots\" content=\"index, follow, max-snippet:-1, max-image-preview:large, max-video-preview:-1\" \/>\n<link rel=\"canonical\" href=\"https:\/\/www.educaborras.com\/en\/product\/18368-en\/\" \/>\n<script type=\"application\/ld+json\" class=\"yoast-schema-graph\">{\"@context\":\"https:\/\/schema.org\",\"@graph\":[{\"@type\":\"WebPage\",\"@id\":\"https:\/\/www.educaborras.com\/en\/product\/18368-en\/\",\"url\":\"https:\/\/www.educaborras.com\/en\/product\/18368-en\/\",\"name\":\"Design Your Doll Casual Style - Educa Borras\",\"isPartOf\":{\"@id\":\"https:\/\/www.educaborras.com\/en\/#website\"},\"primaryImageOfPage\":{\"@id\":\"https:\/\/www.educaborras.com\/en\/product\/18368-en\/#primaryimage\"},\"image\":{\"@id\":\"https:\/\/www.educaborras.com\/en\/product\/18368-en\/#primaryimage\"},\"thumbnailUrl\":\"https:\/\/www.educaborras.com\/wp-content\/uploads\/18368_01_med-14.jpg\",\"datePublished\":\"2025-06-05T09:04:18+00:00\",\"dateModified\":\"2026-04-24T00:50:10+00:00\",\"description\":\"La caja incluye todos los elementos necesarios para crear conjuntos de moda \\\"casual\\\": ropa de calle, deportiva, para el d\u00eda a d\u00eda.\",\"breadcrumb\":{\"@id\":\"https:\/\/www.educaborras.com\/en\/product\/18368-en\/#breadcrumb\"},\"inLanguage\":\"en-US\",\"potentialAction\":[{\"@type\":\"ReadAction\",\"target\":[\"https:\/\/www.educaborras.com\/en\/product\/18368-en\/\"]}]},{\"@type\":\"ImageObject\",\"inLanguage\":\"en-US\",\"@id\":\"https:\/\/www.educaborras.com\/en\/product\/18368-en\/#primaryimage\",\"url\":\"https:\/\/www.educaborras.com\/wp-content\/uploads\/18368_01_med-14.jpg\",\"contentUrl\":\"https:\/\/www.educaborras.com\/wp-content\/uploads\/18368_01_med-14.jpg\"},{\"@type\":\"BreadcrumbList\",\"@id\":\"https:\/\/www.educaborras.com\/en\/product\/18368-en\/#breadcrumb\",\"itemListElement\":[{\"@type\":\"ListItem\",\"position\":1,\"name\":\"Portada\",\"item\":\"https:\/\/www.educaborras.com\/en\/\"},{\"@type\":\"ListItem\",\"position\":2,\"name\":\"Products\",\"item\":\"https:\/\/www.educaborras.com\/en\/shop\/\"},{\"@type\":\"ListItem\",\"position\":3,\"name\":\"Design Your Doll Casual Style\"}]},{\"@type\":\"WebSite\",\"@id\":\"https:\/\/www.educaborras.com\/en\/#website\",\"url\":\"https:\/\/www.educaborras.com\/en\/\",\"name\":\"Educa Borras\",\"description\":\"Educa Borras S.A.U.\",\"publisher\":{\"@id\":\"https:\/\/www.educaborras.com\/en\/#organization\"},\"potentialAction\":[{\"@type\":\"SearchAction\",\"target\":{\"@type\":\"EntryPoint\",\"urlTemplate\":\"https:\/\/www.educaborras.com\/en\/?s={search_term_string}\"},\"query-input\":{\"@type\":\"PropertyValueSpecification\",\"valueRequired\":true,\"valueName\":\"search_term_string\"}}],\"inLanguage\":\"en-US\"},{\"@type\":\"Organization\",\"@id\":\"https:\/\/www.educaborras.com\/en\/#organization\",\"name\":\"Educa Borras\",\"url\":\"https:\/\/www.educaborras.com\/en\/\",\"logo\":{\"@type\":\"ImageObject\",\"inLanguage\":\"en-US\",\"@id\":\"https:\/\/www.educaborras.com\/en\/#\/schema\/logo\/image\/\",\"url\":\"https:\/\/www.educaborras.com\/wp-content\/uploads\/cropped-LOGOS-EDUCA-BORRAS_retina.png\",\"contentUrl\":\"https:\/\/www.educaborras.com\/wp-content\/uploads\/cropped-LOGOS-EDUCA-BORRAS_retina.png\",\"caption\":\"Educa Borras\"},\"image\":{\"@id\":\"https:\/\/www.educaborras.com\/en\/#\/schema\/logo\/image\/\"}}]}<\/script>\n<!-- \/ Yoast SEO plugin. -->","yoast_head_json":{"title":"Design Your Doll Casual Style - Educa Borras","description":"La caja incluye todos los elementos necesarios para crear conjuntos de moda \"casual\": ropa de calle, deportiva, para el d\u00eda a d\u00eda.","robots":{"index":"index","follow":"follow","max-snippet":"max-snippet:-1","max-image-preview":"max-image-preview:large","max-video-preview":"max-video-preview:-1"},"canonical":"https:\/\/www.educaborras.com\/en\/product\/18368-en\/","schema":{"@context":"https:\/\/schema.org","@graph":[{"@type":"WebPage","@id":"https:\/\/www.educaborras.com\/en\/product\/18368-en\/","url":"https:\/\/www.educaborras.com\/en\/product\/18368-en\/","name":"Design Your Doll Casual Style - Educa Borras","isPartOf":{"@id":"https:\/\/www.educaborras.com\/en\/#website"},"primaryImageOfPage":{"@id":"https:\/\/www.educaborras.com\/en\/product\/18368-en\/#primaryimage"},"image":{"@id":"https:\/\/www.educaborras.com\/en\/product\/18368-en\/#primaryimage"},"thumbnailUrl":"https:\/\/www.educaborras.com\/wp-content\/uploads\/18368_01_med-14.jpg","datePublished":"2025-06-05T09:04:18+00:00","dateModified":"2026-04-24T00:50:10+00:00","description":"La caja incluye todos los elementos necesarios para crear conjuntos de moda \"casual\": ropa de calle, deportiva, para el d\u00eda a d\u00eda.","breadcrumb":{"@id":"https:\/\/www.educaborras.com\/en\/product\/18368-en\/#breadcrumb"},"inLanguage":"en-US","potentialAction":[{"@type":"ReadAction","target":["https:\/\/www.educaborras.com\/en\/product\/18368-en\/"]}]},{"@type":"ImageObject","inLanguage":"en-US","@id":"https:\/\/www.educaborras.com\/en\/product\/18368-en\/#primaryimage","url":"https:\/\/www.educaborras.com\/wp-content\/uploads\/18368_01_med-14.jpg","contentUrl":"https:\/\/www.educaborras.com\/wp-content\/uploads\/18368_01_med-14.jpg"},{"@type":"BreadcrumbList","@id":"https:\/\/www.educaborras.com\/en\/product\/18368-en\/#breadcrumb","itemListElement":[{"@type":"ListItem","position":1,"name":"Portada","item":"https:\/\/www.educaborras.com\/en\/"},{"@type":"ListItem","position":2,"name":"Products","item":"https:\/\/www.educaborras.com\/en\/shop\/"},{"@type":"ListItem","position":3,"name":"Design Your Doll Casual Style"}]},{"@type":"WebSite","@id":"https:\/\/www.educaborras.com\/en\/#website","url":"https:\/\/www.educaborras.com\/en\/","name":"Educa Borras","description":"Educa Borras S.A.U.","publisher":{"@id":"https:\/\/www.educaborras.com\/en\/#organization"},"potentialAction":[{"@type":"SearchAction","target":{"@type":"EntryPoint","urlTemplate":"https:\/\/www.educaborras.com\/en\/?s={search_term_string}"},"query-input":{"@type":"PropertyValueSpecification","valueRequired":true,"valueName":"search_term_string"}}],"inLanguage":"en-US"},{"@type":"Organization","@id":"https:\/\/www.educaborras.com\/en\/#organization","name":"Educa Borras","url":"https:\/\/www.educaborras.com\/en\/","logo":{"@type":"ImageObject","inLanguage":"en-US","@id":"https:\/\/www.educaborras.com\/en\/#\/schema\/logo\/image\/","url":"https:\/\/www.educaborras.com\/wp-content\/uploads\/cropped-LOGOS-EDUCA-BORRAS_retina.png","contentUrl":"https:\/\/www.educaborras.com\/wp-content\/uploads\/cropped-LOGOS-EDUCA-BORRAS_retina.png","caption":"Educa Borras"},"image":{"@id":"https:\/\/www.educaborras.com\/en\/#\/schema\/logo\/image\/"}}]}},"_links":{"self":[{"href":"https:\/\/www.educaborras.com\/en\/wp-json\/wp\/v2\/product\/251076","targetHints":{"allow":["GET"]}}],"collection":[{"href":"https:\/\/www.educaborras.com\/en\/wp-json\/wp\/v2\/product"}],"about":[{"href":"https:\/\/www.educaborras.com\/en\/wp-json\/wp\/v2\/types\/product"}],"wp:featuredmedia":[{"embeddable":true,"href":"https:\/\/www.educaborras.com\/en\/wp-json\/wp\/v2\/media\/161804"}],"wp:attachment":[{"href":"https:\/\/www.educaborras.com\/en\/wp-json\/wp\/v2\/media?parent=251076"}],"wp:term":[{"taxonomy":"product_brand","embeddable":true,"href":"https:\/\/www.educaborras.com\/en\/wp-json\/wp\/v2\/product_brand?post=251076"},{"taxonomy":"product_cat","embeddable":true,"href":"https:\/\/www.educaborras.com\/en\/wp-json\/wp\/v2\/product_cat?post=251076"},{"taxonomy":"product_tag","embeddable":true,"href":"https:\/\/www.educaborras.com\/en\/wp-json\/wp\/v2\/product_tag?post=251076"}],"curies":[{"name":"wp","href":"https:\/\/api.w.org\/{rel}","templated":true}]}}