{"id":251068,"date":"2025-06-05T11:04:21","date_gmt":"2025-06-05T09:04:21","guid":{"rendered":"https:\/\/www.educaborras.com\/product\/20099\/"},"modified":"2026-04-30T03:30:27","modified_gmt":"2026-04-30T01:30:27","slug":"20099-en","status":"publish","type":"product","link":"https:\/\/www.educaborras.com\/en\/product\/20099-en\/","title":{"rendered":"My Model Doll Gala Night"},"content":{"rendered":"<p>Become a designer and stylist with this creative kit, creating incredible looks for your doll. The box includes all the elements needed to create outfits with the printed patterns as well as the black and white patterns to personalize. It includes a mannequin to display the designed outfits, a photocall to take a picture of it and a coat rack to store all the My Model patterns and accessories. Contents: &#8211; 1 articulated doll to assemble &#8211; Fabric with pre-printed patterns &#8211; Fashion accessories &#8211; Clothes clips &#8211; Wool for hair &#8211; 1 punch tool &#8211; Instructions and video instructions. https:\/\/youtu.be\/cTS3ZbheBvU<\/p>\n","protected":false},"excerpt":{"rendered":"<p>Become a designer and stylist with this creative kit, creating incredible looks for your doll. The box includes all the elements needed to create outfits with the printed patterns as well as the black and white patterns to personalize. It includes a mannequin to display the designed outfits, a photocall to take a picture of it and a coat rack to store all the My Model patterns and accessories.<\/p>\n","protected":false},"featured_media":161824,"template":"","meta":{"_acf_changed":false},"product_brand":[],"product_cat":[73169],"product_tag":[87456,81991,87457,87458,81992,81993,81994,81995,81996,81997,81998,81999,82000,87459,82001,82002,87460,82003,87461,82004,82005,82006,82007,82008,82009,82010,82011,82012,87462,82013,87463,87464,82014,87465,82017,82018,82019,82020,87466,82021,82022,82023],"class_list":{"0":"post-251068","1":"product","2":"type-product","3":"status-publish","4":"has-post-thumbnail","6":"product_cat-my-model-en","7":"product_tag-20099-en","8":"product_tag-accessoires-en","9":"product_tag-armario-para-montar-en","10":"product_tag-clips-para-ropa-en","11":"product_tag-crear-en","12":"product_tag-creatif-en","13":"product_tag-creativa-en","14":"product_tag-creative-en","15":"product_tag-creatividad-en","16":"product_tag-creer-en","17":"product_tag-design-en","18":"product_tag-design-your-doll-en","19":"product_tag-designer-en","20":"product_tag-designers-kit-en","21":"product_tag-diseno-en","22":"product_tag-doll-en","23":"product_tag-estampado-en","24":"product_tag-fee-en","25":"product_tag-gala-night-en","26":"product_tag-look-en","27":"product_tag-looks-en","28":"product_tag-mannequin-en","29":"product_tag-manualidad-en","30":"product_tag-manualidades-en","31":"product_tag-moda-en","32":"product_tag-mode-en","33":"product_tag-model-en","34":"product_tag-muneca-en","35":"product_tag-muneca-articulada-en","36":"product_tag-my-model-en","37":"product_tag-my-model-noche-de-gala-en","38":"product_tag-noche-de-gala-en","39":"product_tag-outfits-en","40":"product_tag-patrones-en","41":"product_tag-poupee-en","42":"product_tag-sirene-en","43":"product_tag-stylisme-en","44":"product_tag-styliste-en","45":"product_tag-tela-en","46":"product_tag-tenues-en","47":"product_tag-vetements-en","48":"product_tag-your-en","50":"first","51":"instock","52":"shipping-taxable","53":"product-type-simple"},"acf":[],"yoast_head":"<!-- This site is optimized with the Yoast SEO plugin v27.1.1 - https:\/\/yoast.com\/product\/yoast-seo-wordpress\/ -->\n<title>My Model Doll Gala Night - Educa Borras<\/title>\n<meta name=\"description\" content=\"Podr\u00e1s crear m\u00e1s de 300 looks diferentes, guardarlos en el armario o exponerlos en el maniqu\u00ed. Incorpora una tela con patrones estampados y otra con los patrones serigrafiados para poder dibujar y crear tus propios dise\u00f1os.\" \/>\n<meta name=\"robots\" content=\"index, follow, max-snippet:-1, max-image-preview:large, max-video-preview:-1\" \/>\n<link rel=\"canonical\" href=\"https:\/\/www.educaborras.com\/en\/product\/20099-en\/\" \/>\n<meta name=\"twitter:label1\" content=\"Est. reading time\" \/>\n\t<meta name=\"twitter:data1\" content=\"1 minute\" \/>\n<script type=\"application\/ld+json\" class=\"yoast-schema-graph\">{\"@context\":\"https:\/\/schema.org\",\"@graph\":[{\"@type\":\"WebPage\",\"@id\":\"https:\/\/www.educaborras.com\/en\/product\/20099-en\/\",\"url\":\"https:\/\/www.educaborras.com\/en\/product\/20099-en\/\",\"name\":\"My Model Doll Gala Night - Educa Borras\",\"isPartOf\":{\"@id\":\"https:\/\/www.educaborras.com\/en\/#website\"},\"primaryImageOfPage\":{\"@id\":\"https:\/\/www.educaborras.com\/en\/product\/20099-en\/#primaryimage\"},\"image\":{\"@id\":\"https:\/\/www.educaborras.com\/en\/product\/20099-en\/#primaryimage\"},\"thumbnailUrl\":\"https:\/\/www.educaborras.com\/wp-content\/uploads\/20099_01_high-11.jpg\",\"datePublished\":\"2025-06-05T09:04:21+00:00\",\"dateModified\":\"2026-04-30T01:30:27+00:00\",\"description\":\"Podr\u00e1s crear m\u00e1s de 300 looks diferentes, guardarlos en el armario o exponerlos en el maniqu\u00ed. Incorpora una tela con patrones estampados y otra con los patrones serigrafiados para poder dibujar y crear tus propios dise\u00f1os.\",\"breadcrumb\":{\"@id\":\"https:\/\/www.educaborras.com\/en\/product\/20099-en\/#breadcrumb\"},\"inLanguage\":\"en-US\",\"potentialAction\":[{\"@type\":\"ReadAction\",\"target\":[\"https:\/\/www.educaborras.com\/en\/product\/20099-en\/\"]}]},{\"@type\":\"ImageObject\",\"inLanguage\":\"en-US\",\"@id\":\"https:\/\/www.educaborras.com\/en\/product\/20099-en\/#primaryimage\",\"url\":\"https:\/\/www.educaborras.com\/wp-content\/uploads\/20099_01_high-11.jpg\",\"contentUrl\":\"https:\/\/www.educaborras.com\/wp-content\/uploads\/20099_01_high-11.jpg\"},{\"@type\":\"BreadcrumbList\",\"@id\":\"https:\/\/www.educaborras.com\/en\/product\/20099-en\/#breadcrumb\",\"itemListElement\":[{\"@type\":\"ListItem\",\"position\":1,\"name\":\"Portada\",\"item\":\"https:\/\/www.educaborras.com\/en\/\"},{\"@type\":\"ListItem\",\"position\":2,\"name\":\"Products\",\"item\":\"https:\/\/www.educaborras.com\/en\/shop\/\"},{\"@type\":\"ListItem\",\"position\":3,\"name\":\"My Model Doll Gala Night\"}]},{\"@type\":\"WebSite\",\"@id\":\"https:\/\/www.educaborras.com\/en\/#website\",\"url\":\"https:\/\/www.educaborras.com\/en\/\",\"name\":\"Educa Borras\",\"description\":\"Educa Borras S.A.U.\",\"publisher\":{\"@id\":\"https:\/\/www.educaborras.com\/en\/#organization\"},\"potentialAction\":[{\"@type\":\"SearchAction\",\"target\":{\"@type\":\"EntryPoint\",\"urlTemplate\":\"https:\/\/www.educaborras.com\/en\/?s={search_term_string}\"},\"query-input\":{\"@type\":\"PropertyValueSpecification\",\"valueRequired\":true,\"valueName\":\"search_term_string\"}}],\"inLanguage\":\"en-US\"},{\"@type\":\"Organization\",\"@id\":\"https:\/\/www.educaborras.com\/en\/#organization\",\"name\":\"Educa Borras\",\"url\":\"https:\/\/www.educaborras.com\/en\/\",\"logo\":{\"@type\":\"ImageObject\",\"inLanguage\":\"en-US\",\"@id\":\"https:\/\/www.educaborras.com\/en\/#\/schema\/logo\/image\/\",\"url\":\"https:\/\/www.educaborras.com\/wp-content\/uploads\/cropped-LOGOS-EDUCA-BORRAS_retina.png\",\"contentUrl\":\"https:\/\/www.educaborras.com\/wp-content\/uploads\/cropped-LOGOS-EDUCA-BORRAS_retina.png\",\"caption\":\"Educa Borras\"},\"image\":{\"@id\":\"https:\/\/www.educaborras.com\/en\/#\/schema\/logo\/image\/\"}}]}<\/script>\n<!-- \/ Yoast SEO plugin. -->","yoast_head_json":{"title":"My Model Doll Gala Night - Educa Borras","description":"Podr\u00e1s crear m\u00e1s de 300 looks diferentes, guardarlos en el armario o exponerlos en el maniqu\u00ed. Incorpora una tela con patrones estampados y otra con los patrones serigrafiados para poder dibujar y crear tus propios dise\u00f1os.","robots":{"index":"index","follow":"follow","max-snippet":"max-snippet:-1","max-image-preview":"max-image-preview:large","max-video-preview":"max-video-preview:-1"},"canonical":"https:\/\/www.educaborras.com\/en\/product\/20099-en\/","twitter_misc":{"Est. reading time":"1 minute"},"schema":{"@context":"https:\/\/schema.org","@graph":[{"@type":"WebPage","@id":"https:\/\/www.educaborras.com\/en\/product\/20099-en\/","url":"https:\/\/www.educaborras.com\/en\/product\/20099-en\/","name":"My Model Doll Gala Night - Educa Borras","isPartOf":{"@id":"https:\/\/www.educaborras.com\/en\/#website"},"primaryImageOfPage":{"@id":"https:\/\/www.educaborras.com\/en\/product\/20099-en\/#primaryimage"},"image":{"@id":"https:\/\/www.educaborras.com\/en\/product\/20099-en\/#primaryimage"},"thumbnailUrl":"https:\/\/www.educaborras.com\/wp-content\/uploads\/20099_01_high-11.jpg","datePublished":"2025-06-05T09:04:21+00:00","dateModified":"2026-04-30T01:30:27+00:00","description":"Podr\u00e1s crear m\u00e1s de 300 looks diferentes, guardarlos en el armario o exponerlos en el maniqu\u00ed. Incorpora una tela con patrones estampados y otra con los patrones serigrafiados para poder dibujar y crear tus propios dise\u00f1os.","breadcrumb":{"@id":"https:\/\/www.educaborras.com\/en\/product\/20099-en\/#breadcrumb"},"inLanguage":"en-US","potentialAction":[{"@type":"ReadAction","target":["https:\/\/www.educaborras.com\/en\/product\/20099-en\/"]}]},{"@type":"ImageObject","inLanguage":"en-US","@id":"https:\/\/www.educaborras.com\/en\/product\/20099-en\/#primaryimage","url":"https:\/\/www.educaborras.com\/wp-content\/uploads\/20099_01_high-11.jpg","contentUrl":"https:\/\/www.educaborras.com\/wp-content\/uploads\/20099_01_high-11.jpg"},{"@type":"BreadcrumbList","@id":"https:\/\/www.educaborras.com\/en\/product\/20099-en\/#breadcrumb","itemListElement":[{"@type":"ListItem","position":1,"name":"Portada","item":"https:\/\/www.educaborras.com\/en\/"},{"@type":"ListItem","position":2,"name":"Products","item":"https:\/\/www.educaborras.com\/en\/shop\/"},{"@type":"ListItem","position":3,"name":"My Model Doll Gala Night"}]},{"@type":"WebSite","@id":"https:\/\/www.educaborras.com\/en\/#website","url":"https:\/\/www.educaborras.com\/en\/","name":"Educa Borras","description":"Educa Borras S.A.U.","publisher":{"@id":"https:\/\/www.educaborras.com\/en\/#organization"},"potentialAction":[{"@type":"SearchAction","target":{"@type":"EntryPoint","urlTemplate":"https:\/\/www.educaborras.com\/en\/?s={search_term_string}"},"query-input":{"@type":"PropertyValueSpecification","valueRequired":true,"valueName":"search_term_string"}}],"inLanguage":"en-US"},{"@type":"Organization","@id":"https:\/\/www.educaborras.com\/en\/#organization","name":"Educa Borras","url":"https:\/\/www.educaborras.com\/en\/","logo":{"@type":"ImageObject","inLanguage":"en-US","@id":"https:\/\/www.educaborras.com\/en\/#\/schema\/logo\/image\/","url":"https:\/\/www.educaborras.com\/wp-content\/uploads\/cropped-LOGOS-EDUCA-BORRAS_retina.png","contentUrl":"https:\/\/www.educaborras.com\/wp-content\/uploads\/cropped-LOGOS-EDUCA-BORRAS_retina.png","caption":"Educa Borras"},"image":{"@id":"https:\/\/www.educaborras.com\/en\/#\/schema\/logo\/image\/"}}]}},"_links":{"self":[{"href":"https:\/\/www.educaborras.com\/en\/wp-json\/wp\/v2\/product\/251068","targetHints":{"allow":["GET"]}}],"collection":[{"href":"https:\/\/www.educaborras.com\/en\/wp-json\/wp\/v2\/product"}],"about":[{"href":"https:\/\/www.educaborras.com\/en\/wp-json\/wp\/v2\/types\/product"}],"wp:featuredmedia":[{"embeddable":true,"href":"https:\/\/www.educaborras.com\/en\/wp-json\/wp\/v2\/media\/161824"}],"wp:attachment":[{"href":"https:\/\/www.educaborras.com\/en\/wp-json\/wp\/v2\/media?parent=251068"}],"wp:term":[{"taxonomy":"product_brand","embeddable":true,"href":"https:\/\/www.educaborras.com\/en\/wp-json\/wp\/v2\/product_brand?post=251068"},{"taxonomy":"product_cat","embeddable":true,"href":"https:\/\/www.educaborras.com\/en\/wp-json\/wp\/v2\/product_cat?post=251068"},{"taxonomy":"product_tag","embeddable":true,"href":"https:\/\/www.educaborras.com\/en\/wp-json\/wp\/v2\/product_tag?post=251068"}],"curies":[{"name":"wp","href":"https:\/\/api.w.org\/{rel}","templated":true}]}}