{"id":250632,"date":"2025-06-05T11:07:54","date_gmt":"2025-06-05T09:07:54","guid":{"rendered":"https:\/\/www.educaborras.com\/product\/the-kiubis-fiesta-en-la-granja-copia\/"},"modified":"2025-06-05T11:07:54","modified_gmt":"2025-06-05T09:07:54","slug":"the-kiubis-fiesta-en-la-granja-copia","status":"publish","type":"product","link":"https:\/\/www.educaborras.com\/en\/product\/the-kiubis-fiesta-en-la-granja-copia\/","title":{"rendered":"The Kiubis. Fiesta en la Granja (copia)"},"content":{"rendered":"<p>La Granja es muy grande y todos los KIUBIS juegan al escondite en el cobertizo. Algunos se esconden arriba y otros debajo. \u00bfLos puedes encontrar? \u00a1Vamos a jugar y divertirnos juntos! Contenido: 5 personajes 1 tractor con remolque 1 escenario 3D Fomenta el desarrollo de la motricidad fina y la coordinaci\u00f3n ojo-mano. Con ello, los ni\u00f1os y ni\u00f1as aprender\u00e1n a entender y contar peque\u00f1as historias y practicar\u00e1n las relaciones espaciales.<\/p>\n","protected":false},"excerpt":{"rendered":"<p>La Granja es muy grande y todos los KIUBIS juegan al escondite en el cobertizo. Algunos se esconden arriba y otros debajo. \u00bfLos puedes encontrar? \u00a1Vamos a jugar y divertirnos juntos!<\/p>\n","protected":false},"featured_media":162919,"template":"","meta":{"_acf_changed":false},"product_brand":[],"product_cat":[73175],"product_tag":[],"class_list":{"0":"post-250632","1":"product","2":"type-product","3":"status-publish","4":"has-post-thumbnail","6":"product_cat-discontinued-product","7":"pa_icaja-espanol-english-francais-deutsch-italiano-portugues-nederlands-turkce-dansk-suomi-svenska-norsk-cesky-slovensky-polski-magyar--en","8":"pa_ireglamento-espanol-english-francais-deutsch-italiano-portugues-nederlands-turkce-dansk-suomi-svenska-norsk-cesky-slovensky-polski-magyar--en-2","10":"first","11":"instock","12":"shipping-taxable","13":"product-type-simple"},"acf":[],"yoast_head":"<!-- This site is optimized with the Yoast SEO plugin v27.1.1 - https:\/\/yoast.com\/product\/yoast-seo-wordpress\/ -->\n<title>The Kiubis. Fiesta en la Granja (copia) - Educa Borras<\/title>\n<meta name=\"robots\" content=\"index, follow, max-snippet:-1, max-image-preview:large, max-video-preview:-1\" \/>\n<link rel=\"canonical\" href=\"https:\/\/www.educaborras.com\/en\/product\/the-kiubis-fiesta-en-la-granja-copia\/\" \/>\n<script type=\"application\/ld+json\" class=\"yoast-schema-graph\">{\"@context\":\"https:\/\/schema.org\",\"@graph\":[{\"@type\":\"WebPage\",\"@id\":\"https:\/\/www.educaborras.com\/en\/product\/the-kiubis-fiesta-en-la-granja-copia\/\",\"url\":\"https:\/\/www.educaborras.com\/en\/product\/the-kiubis-fiesta-en-la-granja-copia\/\",\"name\":\"The Kiubis. Fiesta en la Granja (copia) - Educa Borras\",\"isPartOf\":{\"@id\":\"https:\/\/www.educaborras.com\/en\/#website\"},\"primaryImageOfPage\":{\"@id\":\"https:\/\/www.educaborras.com\/en\/product\/the-kiubis-fiesta-en-la-granja-copia\/#primaryimage\"},\"image\":{\"@id\":\"https:\/\/www.educaborras.com\/en\/product\/the-kiubis-fiesta-en-la-granja-copia\/#primaryimage\"},\"thumbnailUrl\":\"https:\/\/www.educaborras.com\/wp-content\/uploads\/19224_01_high-49.jpg\",\"datePublished\":\"2025-06-05T09:07:54+00:00\",\"breadcrumb\":{\"@id\":\"https:\/\/www.educaborras.com\/en\/product\/the-kiubis-fiesta-en-la-granja-copia\/#breadcrumb\"},\"inLanguage\":\"en-US\",\"potentialAction\":[{\"@type\":\"ReadAction\",\"target\":[\"https:\/\/www.educaborras.com\/en\/product\/the-kiubis-fiesta-en-la-granja-copia\/\"]}]},{\"@type\":\"ImageObject\",\"inLanguage\":\"en-US\",\"@id\":\"https:\/\/www.educaborras.com\/en\/product\/the-kiubis-fiesta-en-la-granja-copia\/#primaryimage\",\"url\":\"https:\/\/www.educaborras.com\/wp-content\/uploads\/19224_01_high-49.jpg\",\"contentUrl\":\"https:\/\/www.educaborras.com\/wp-content\/uploads\/19224_01_high-49.jpg\"},{\"@type\":\"BreadcrumbList\",\"@id\":\"https:\/\/www.educaborras.com\/en\/product\/the-kiubis-fiesta-en-la-granja-copia\/#breadcrumb\",\"itemListElement\":[{\"@type\":\"ListItem\",\"position\":1,\"name\":\"Portada\",\"item\":\"https:\/\/www.educaborras.com\/en\/\"},{\"@type\":\"ListItem\",\"position\":2,\"name\":\"Products\",\"item\":\"https:\/\/www.educaborras.com\/en\/shop\/\"},{\"@type\":\"ListItem\",\"position\":3,\"name\":\"The Kiubis. Fiesta en la Granja (copia)\"}]},{\"@type\":\"WebSite\",\"@id\":\"https:\/\/www.educaborras.com\/en\/#website\",\"url\":\"https:\/\/www.educaborras.com\/en\/\",\"name\":\"Educa Borras\",\"description\":\"Educa Borras S.A.U.\",\"publisher\":{\"@id\":\"https:\/\/www.educaborras.com\/en\/#organization\"},\"potentialAction\":[{\"@type\":\"SearchAction\",\"target\":{\"@type\":\"EntryPoint\",\"urlTemplate\":\"https:\/\/www.educaborras.com\/en\/?s={search_term_string}\"},\"query-input\":{\"@type\":\"PropertyValueSpecification\",\"valueRequired\":true,\"valueName\":\"search_term_string\"}}],\"inLanguage\":\"en-US\"},{\"@type\":\"Organization\",\"@id\":\"https:\/\/www.educaborras.com\/en\/#organization\",\"name\":\"Educa Borras\",\"url\":\"https:\/\/www.educaborras.com\/en\/\",\"logo\":{\"@type\":\"ImageObject\",\"inLanguage\":\"en-US\",\"@id\":\"https:\/\/www.educaborras.com\/en\/#\/schema\/logo\/image\/\",\"url\":\"https:\/\/www.educaborras.com\/wp-content\/uploads\/cropped-LOGOS-EDUCA-BORRAS_retina.png\",\"contentUrl\":\"https:\/\/www.educaborras.com\/wp-content\/uploads\/cropped-LOGOS-EDUCA-BORRAS_retina.png\",\"caption\":\"Educa Borras\"},\"image\":{\"@id\":\"https:\/\/www.educaborras.com\/en\/#\/schema\/logo\/image\/\"}}]}<\/script>\n<!-- \/ Yoast SEO plugin. -->","yoast_head_json":{"title":"The Kiubis. Fiesta en la Granja (copia) - Educa Borras","robots":{"index":"index","follow":"follow","max-snippet":"max-snippet:-1","max-image-preview":"max-image-preview:large","max-video-preview":"max-video-preview:-1"},"canonical":"https:\/\/www.educaborras.com\/en\/product\/the-kiubis-fiesta-en-la-granja-copia\/","schema":{"@context":"https:\/\/schema.org","@graph":[{"@type":"WebPage","@id":"https:\/\/www.educaborras.com\/en\/product\/the-kiubis-fiesta-en-la-granja-copia\/","url":"https:\/\/www.educaborras.com\/en\/product\/the-kiubis-fiesta-en-la-granja-copia\/","name":"The Kiubis. Fiesta en la Granja (copia) - Educa Borras","isPartOf":{"@id":"https:\/\/www.educaborras.com\/en\/#website"},"primaryImageOfPage":{"@id":"https:\/\/www.educaborras.com\/en\/product\/the-kiubis-fiesta-en-la-granja-copia\/#primaryimage"},"image":{"@id":"https:\/\/www.educaborras.com\/en\/product\/the-kiubis-fiesta-en-la-granja-copia\/#primaryimage"},"thumbnailUrl":"https:\/\/www.educaborras.com\/wp-content\/uploads\/19224_01_high-49.jpg","datePublished":"2025-06-05T09:07:54+00:00","breadcrumb":{"@id":"https:\/\/www.educaborras.com\/en\/product\/the-kiubis-fiesta-en-la-granja-copia\/#breadcrumb"},"inLanguage":"en-US","potentialAction":[{"@type":"ReadAction","target":["https:\/\/www.educaborras.com\/en\/product\/the-kiubis-fiesta-en-la-granja-copia\/"]}]},{"@type":"ImageObject","inLanguage":"en-US","@id":"https:\/\/www.educaborras.com\/en\/product\/the-kiubis-fiesta-en-la-granja-copia\/#primaryimage","url":"https:\/\/www.educaborras.com\/wp-content\/uploads\/19224_01_high-49.jpg","contentUrl":"https:\/\/www.educaborras.com\/wp-content\/uploads\/19224_01_high-49.jpg"},{"@type":"BreadcrumbList","@id":"https:\/\/www.educaborras.com\/en\/product\/the-kiubis-fiesta-en-la-granja-copia\/#breadcrumb","itemListElement":[{"@type":"ListItem","position":1,"name":"Portada","item":"https:\/\/www.educaborras.com\/en\/"},{"@type":"ListItem","position":2,"name":"Products","item":"https:\/\/www.educaborras.com\/en\/shop\/"},{"@type":"ListItem","position":3,"name":"The Kiubis. Fiesta en la Granja (copia)"}]},{"@type":"WebSite","@id":"https:\/\/www.educaborras.com\/en\/#website","url":"https:\/\/www.educaborras.com\/en\/","name":"Educa Borras","description":"Educa Borras S.A.U.","publisher":{"@id":"https:\/\/www.educaborras.com\/en\/#organization"},"potentialAction":[{"@type":"SearchAction","target":{"@type":"EntryPoint","urlTemplate":"https:\/\/www.educaborras.com\/en\/?s={search_term_string}"},"query-input":{"@type":"PropertyValueSpecification","valueRequired":true,"valueName":"search_term_string"}}],"inLanguage":"en-US"},{"@type":"Organization","@id":"https:\/\/www.educaborras.com\/en\/#organization","name":"Educa Borras","url":"https:\/\/www.educaborras.com\/en\/","logo":{"@type":"ImageObject","inLanguage":"en-US","@id":"https:\/\/www.educaborras.com\/en\/#\/schema\/logo\/image\/","url":"https:\/\/www.educaborras.com\/wp-content\/uploads\/cropped-LOGOS-EDUCA-BORRAS_retina.png","contentUrl":"https:\/\/www.educaborras.com\/wp-content\/uploads\/cropped-LOGOS-EDUCA-BORRAS_retina.png","caption":"Educa Borras"},"image":{"@id":"https:\/\/www.educaborras.com\/en\/#\/schema\/logo\/image\/"}}]}},"_links":{"self":[{"href":"https:\/\/www.educaborras.com\/en\/wp-json\/wp\/v2\/product\/250632","targetHints":{"allow":["GET"]}}],"collection":[{"href":"https:\/\/www.educaborras.com\/en\/wp-json\/wp\/v2\/product"}],"about":[{"href":"https:\/\/www.educaborras.com\/en\/wp-json\/wp\/v2\/types\/product"}],"wp:featuredmedia":[{"embeddable":true,"href":"https:\/\/www.educaborras.com\/en\/wp-json\/wp\/v2\/media\/162919"}],"wp:attachment":[{"href":"https:\/\/www.educaborras.com\/en\/wp-json\/wp\/v2\/media?parent=250632"}],"wp:term":[{"taxonomy":"product_brand","embeddable":true,"href":"https:\/\/www.educaborras.com\/en\/wp-json\/wp\/v2\/product_brand?post=250632"},{"taxonomy":"product_cat","embeddable":true,"href":"https:\/\/www.educaborras.com\/en\/wp-json\/wp\/v2\/product_cat?post=250632"},{"taxonomy":"product_tag","embeddable":true,"href":"https:\/\/www.educaborras.com\/en\/wp-json\/wp\/v2\/product_tag?post=250632"}],"curies":[{"name":"wp","href":"https:\/\/api.w.org\/{rel}","templated":true}]}}