{"id":250144,"date":"2025-06-05T11:13:45","date_gmt":"2025-06-05T09:13:45","guid":{"rendered":"https:\/\/www.educaborras.com\/product\/19739\/"},"modified":"2026-04-30T03:51:07","modified_gmt":"2026-04-30T01:51:07","slug":"19739-en","status":"publish","type":"product","link":"https:\/\/www.educaborras.com\/en\/product\/19739-en\/","title":{"rendered":"2&#215;50 Wish"},"content":{"rendered":"<p>Made from wood, a natural, durable material. Bigger pieces, more comfortable for a child to assemble. Durable wooden pieces that are safe for kids (non-shedding). Eco-friendly products: FSC\/PEFC-branded wood, so you know it comes from sustainably managed forests, produced using environmentally-friendly processes). Images with strong, attractive colours and a gloss finishing for a more eye-catching puzzle. 2 Jigsaw Puzzles in each box. Size of the assembled puzzles: 26 x 18 cm. \u00a9Disney<\/p>\n","protected":false},"excerpt":{"rendered":"<p>EDUCA\u00ae Super Puzzle, unique wooden jigsaw puzzles. \u00a9Disney<\/p>\n","protected":false},"featured_media":165229,"template":"","meta":{"_acf_changed":false},"product_brand":[],"product_cat":[73175],"product_tag":[74339,101089,83265,83266,81864,84856,83267,76276,74414,83268,76363,83269,76969,76971,74342,74478,74479,74480,77862,84415,75647,74046,100660,83489,82473,90381,97912,101081,100669,90382,74343,83270,83271,90175,90411,90383,81872],"class_list":{"0":"post-250144","1":"product","2":"type-product","3":"status-publish","4":"has-post-thumbnail","6":"product_cat-discontinued-product","7":"product_tag-piezas-en","8":"product_tag-19739-en","9":"product_tag-2x25-frozen-2-en","10":"product_tag-2x25-reine-des-neiges-2-en","11":"product_tag-2x50-en","12":"product_tag-50-en","13":"product_tag-anna-en","14":"product_tag-dibujos-animados-en","15":"product_tag-disney-en","16":"product_tag-elsa-en","17":"product_tag-frozen-en","18":"product_tag-frozen-2-en","19":"product_tag-fusta-en","20":"product_tag-madera-en","21":"product_tag-peca-en","22":"product_tag-peces-en","23":"product_tag-piece-en","24":"product_tag-pieces-en","25":"product_tag-pieza-en","26":"product_tag-princesas-disney-en","27":"product_tag-puzle-en","28":"product_tag-puzzle-en","29":"product_tag-puzzle-ariel-en","30":"product_tag-puzzle-disney-princess-en","31":"product_tag-puzzle-educa-en","32":"product_tag-puzzle-educa-wish-en","33":"product_tag-puzzle-madera-en","34":"product_tag-puzzle-madera-wish-en","35":"product_tag-puzzle-princesas-disney-en","36":"product_tag-puzzle-wish-en","37":"product_tag-rompecabezas-en","38":"product_tag-super-puzle-en","39":"product_tag-super-puzzle-en","40":"product_tag-super-puzzles-en","41":"product_tag-valentino-en","42":"product_tag-wish-en","43":"product_tag-wood-en","45":"first","46":"instock","47":"shipping-taxable","48":"product-type-simple"},"acf":[],"yoast_head":"<!-- This site is optimized with the Yoast SEO plugin v27.1.1 - https:\/\/yoast.com\/product\/yoast-seo-wordpress\/ -->\n<title>2x50 Wish - Educa Borras<\/title>\n<meta name=\"description\" content=\"Nueva madera ecol\u00f3gica, m\u00e1s resistente y m\u00e1s segura para los ni\u00f1os (no genera astillas). Im\u00e1genes m\u00e1s atractivas y colores brillantes gracias al acabado plastificado.\" \/>\n<meta name=\"robots\" content=\"index, follow, max-snippet:-1, max-image-preview:large, max-video-preview:-1\" \/>\n<link rel=\"canonical\" href=\"https:\/\/www.educaborras.com\/en\/product\/19739-en\/\" \/>\n<script type=\"application\/ld+json\" class=\"yoast-schema-graph\">{\"@context\":\"https:\/\/schema.org\",\"@graph\":[{\"@type\":\"WebPage\",\"@id\":\"https:\/\/www.educaborras.com\/en\/product\/19739-en\/\",\"url\":\"https:\/\/www.educaborras.com\/en\/product\/19739-en\/\",\"name\":\"2x50 Wish - Educa Borras\",\"isPartOf\":{\"@id\":\"https:\/\/www.educaborras.com\/en\/#website\"},\"primaryImageOfPage\":{\"@id\":\"https:\/\/www.educaborras.com\/en\/product\/19739-en\/#primaryimage\"},\"image\":{\"@id\":\"https:\/\/www.educaborras.com\/en\/product\/19739-en\/#primaryimage\"},\"thumbnailUrl\":\"https:\/\/www.educaborras.com\/wp-content\/uploads\/19739_01_high-12.jpg\",\"datePublished\":\"2025-06-05T09:13:45+00:00\",\"dateModified\":\"2026-04-30T01:51:07+00:00\",\"description\":\"Nueva madera ecol\u00f3gica, m\u00e1s resistente y m\u00e1s segura para los ni\u00f1os (no genera astillas). Im\u00e1genes m\u00e1s atractivas y colores brillantes gracias al acabado plastificado.\",\"breadcrumb\":{\"@id\":\"https:\/\/www.educaborras.com\/en\/product\/19739-en\/#breadcrumb\"},\"inLanguage\":\"en-US\",\"potentialAction\":[{\"@type\":\"ReadAction\",\"target\":[\"https:\/\/www.educaborras.com\/en\/product\/19739-en\/\"]}]},{\"@type\":\"ImageObject\",\"inLanguage\":\"en-US\",\"@id\":\"https:\/\/www.educaborras.com\/en\/product\/19739-en\/#primaryimage\",\"url\":\"https:\/\/www.educaborras.com\/wp-content\/uploads\/19739_01_high-12.jpg\",\"contentUrl\":\"https:\/\/www.educaborras.com\/wp-content\/uploads\/19739_01_high-12.jpg\"},{\"@type\":\"BreadcrumbList\",\"@id\":\"https:\/\/www.educaborras.com\/en\/product\/19739-en\/#breadcrumb\",\"itemListElement\":[{\"@type\":\"ListItem\",\"position\":1,\"name\":\"Portada\",\"item\":\"https:\/\/www.educaborras.com\/en\/\"},{\"@type\":\"ListItem\",\"position\":2,\"name\":\"Products\",\"item\":\"https:\/\/www.educaborras.com\/en\/shop\/\"},{\"@type\":\"ListItem\",\"position\":3,\"name\":\"2&#215;50 Wish\"}]},{\"@type\":\"WebSite\",\"@id\":\"https:\/\/www.educaborras.com\/en\/#website\",\"url\":\"https:\/\/www.educaborras.com\/en\/\",\"name\":\"Educa Borras\",\"description\":\"Educa Borras S.A.U.\",\"publisher\":{\"@id\":\"https:\/\/www.educaborras.com\/en\/#organization\"},\"potentialAction\":[{\"@type\":\"SearchAction\",\"target\":{\"@type\":\"EntryPoint\",\"urlTemplate\":\"https:\/\/www.educaborras.com\/en\/?s={search_term_string}\"},\"query-input\":{\"@type\":\"PropertyValueSpecification\",\"valueRequired\":true,\"valueName\":\"search_term_string\"}}],\"inLanguage\":\"en-US\"},{\"@type\":\"Organization\",\"@id\":\"https:\/\/www.educaborras.com\/en\/#organization\",\"name\":\"Educa Borras\",\"url\":\"https:\/\/www.educaborras.com\/en\/\",\"logo\":{\"@type\":\"ImageObject\",\"inLanguage\":\"en-US\",\"@id\":\"https:\/\/www.educaborras.com\/en\/#\/schema\/logo\/image\/\",\"url\":\"https:\/\/www.educaborras.com\/wp-content\/uploads\/cropped-LOGOS-EDUCA-BORRAS_retina.png\",\"contentUrl\":\"https:\/\/www.educaborras.com\/wp-content\/uploads\/cropped-LOGOS-EDUCA-BORRAS_retina.png\",\"caption\":\"Educa Borras\"},\"image\":{\"@id\":\"https:\/\/www.educaborras.com\/en\/#\/schema\/logo\/image\/\"}}]}<\/script>\n<!-- \/ Yoast SEO plugin. -->","yoast_head_json":{"title":"2x50 Wish - Educa Borras","description":"Nueva madera ecol\u00f3gica, m\u00e1s resistente y m\u00e1s segura para los ni\u00f1os (no genera astillas). Im\u00e1genes m\u00e1s atractivas y colores brillantes gracias al acabado plastificado.","robots":{"index":"index","follow":"follow","max-snippet":"max-snippet:-1","max-image-preview":"max-image-preview:large","max-video-preview":"max-video-preview:-1"},"canonical":"https:\/\/www.educaborras.com\/en\/product\/19739-en\/","schema":{"@context":"https:\/\/schema.org","@graph":[{"@type":"WebPage","@id":"https:\/\/www.educaborras.com\/en\/product\/19739-en\/","url":"https:\/\/www.educaborras.com\/en\/product\/19739-en\/","name":"2x50 Wish - Educa Borras","isPartOf":{"@id":"https:\/\/www.educaborras.com\/en\/#website"},"primaryImageOfPage":{"@id":"https:\/\/www.educaborras.com\/en\/product\/19739-en\/#primaryimage"},"image":{"@id":"https:\/\/www.educaborras.com\/en\/product\/19739-en\/#primaryimage"},"thumbnailUrl":"https:\/\/www.educaborras.com\/wp-content\/uploads\/19739_01_high-12.jpg","datePublished":"2025-06-05T09:13:45+00:00","dateModified":"2026-04-30T01:51:07+00:00","description":"Nueva madera ecol\u00f3gica, m\u00e1s resistente y m\u00e1s segura para los ni\u00f1os (no genera astillas). Im\u00e1genes m\u00e1s atractivas y colores brillantes gracias al acabado plastificado.","breadcrumb":{"@id":"https:\/\/www.educaborras.com\/en\/product\/19739-en\/#breadcrumb"},"inLanguage":"en-US","potentialAction":[{"@type":"ReadAction","target":["https:\/\/www.educaborras.com\/en\/product\/19739-en\/"]}]},{"@type":"ImageObject","inLanguage":"en-US","@id":"https:\/\/www.educaborras.com\/en\/product\/19739-en\/#primaryimage","url":"https:\/\/www.educaborras.com\/wp-content\/uploads\/19739_01_high-12.jpg","contentUrl":"https:\/\/www.educaborras.com\/wp-content\/uploads\/19739_01_high-12.jpg"},{"@type":"BreadcrumbList","@id":"https:\/\/www.educaborras.com\/en\/product\/19739-en\/#breadcrumb","itemListElement":[{"@type":"ListItem","position":1,"name":"Portada","item":"https:\/\/www.educaborras.com\/en\/"},{"@type":"ListItem","position":2,"name":"Products","item":"https:\/\/www.educaborras.com\/en\/shop\/"},{"@type":"ListItem","position":3,"name":"2&#215;50 Wish"}]},{"@type":"WebSite","@id":"https:\/\/www.educaborras.com\/en\/#website","url":"https:\/\/www.educaborras.com\/en\/","name":"Educa Borras","description":"Educa Borras S.A.U.","publisher":{"@id":"https:\/\/www.educaborras.com\/en\/#organization"},"potentialAction":[{"@type":"SearchAction","target":{"@type":"EntryPoint","urlTemplate":"https:\/\/www.educaborras.com\/en\/?s={search_term_string}"},"query-input":{"@type":"PropertyValueSpecification","valueRequired":true,"valueName":"search_term_string"}}],"inLanguage":"en-US"},{"@type":"Organization","@id":"https:\/\/www.educaborras.com\/en\/#organization","name":"Educa Borras","url":"https:\/\/www.educaborras.com\/en\/","logo":{"@type":"ImageObject","inLanguage":"en-US","@id":"https:\/\/www.educaborras.com\/en\/#\/schema\/logo\/image\/","url":"https:\/\/www.educaborras.com\/wp-content\/uploads\/cropped-LOGOS-EDUCA-BORRAS_retina.png","contentUrl":"https:\/\/www.educaborras.com\/wp-content\/uploads\/cropped-LOGOS-EDUCA-BORRAS_retina.png","caption":"Educa Borras"},"image":{"@id":"https:\/\/www.educaborras.com\/en\/#\/schema\/logo\/image\/"}}]}},"_links":{"self":[{"href":"https:\/\/www.educaborras.com\/en\/wp-json\/wp\/v2\/product\/250144","targetHints":{"allow":["GET"]}}],"collection":[{"href":"https:\/\/www.educaborras.com\/en\/wp-json\/wp\/v2\/product"}],"about":[{"href":"https:\/\/www.educaborras.com\/en\/wp-json\/wp\/v2\/types\/product"}],"wp:featuredmedia":[{"embeddable":true,"href":"https:\/\/www.educaborras.com\/en\/wp-json\/wp\/v2\/media\/165229"}],"wp:attachment":[{"href":"https:\/\/www.educaborras.com\/en\/wp-json\/wp\/v2\/media?parent=250144"}],"wp:term":[{"taxonomy":"product_brand","embeddable":true,"href":"https:\/\/www.educaborras.com\/en\/wp-json\/wp\/v2\/product_brand?post=250144"},{"taxonomy":"product_cat","embeddable":true,"href":"https:\/\/www.educaborras.com\/en\/wp-json\/wp\/v2\/product_cat?post=250144"},{"taxonomy":"product_tag","embeddable":true,"href":"https:\/\/www.educaborras.com\/en\/wp-json\/wp\/v2\/product_tag?post=250144"}],"curies":[{"name":"wp","href":"https:\/\/api.w.org\/{rel}","templated":true}]}}