{"id":250024,"date":"2025-06-05T11:14:48","date_gmt":"2025-06-05T09:14:48","guid":{"rendered":"https:\/\/www.educaborras.com\/product\/20144\/"},"modified":"2026-04-30T02:50:39","modified_gmt":"2026-04-30T00:50:39","slug":"20144-en","status":"publish","type":"product","link":"https:\/\/www.educaborras.com\/en\/product\/20144-en\/","title":{"rendered":"300 Disney Stitch"},"content":{"rendered":"<p>Bigger pieces, more comfortable for a child to assemble. Images with strong, attractive colours and a gloss finishing for a more eye-catching puzzle. Attractive and deeper box with cute and attractive design. More stable on the shelf. Size of the assembled puzzle: 28 x 40 cm. \u00a9Disney<\/p>\n","protected":false},"excerpt":{"rendered":"<p>Images with strong, attractive colours and a gloss finishing for a more eye-catching. \u00a9Disney<\/p>\n","protected":false},"featured_media":165699,"template":"","meta":{"_acf_changed":false},"product_brand":[],"product_cat":[73527,73182],"product_tag":[104143,74414,74182,74183,74184,74186,74188,74189,82299,104144,104145,89866,75569,82473,74194,83635,74343,96730,89871,82307,76198],"class_list":{"0":"post-250024","1":"product","2":"type-product","3":"status-publish","4":"has-post-thumbnail","6":"product_cat-children-puzzles","7":"product_cat-puzzles-from-200-to-400-pieces","8":"product_tag-20144-en","9":"product_tag-disney-en","10":"product_tag-educa-en","11":"product_tag-educa-borras-en","12":"product_tag-educa-borras-puzzle-en","13":"product_tag-educa-puzzle-en","14":"product_tag-educa-puzzle-passion-en","15":"product_tag-educa-puzzles-en","16":"product_tag-jigsaw-en","17":"product_tag-lilo-stitch-en","18":"product_tag-lilo-and-stitch-en","19":"product_tag-lilo-y-stitch-en","20":"product_tag-pelicula-en","21":"product_tag-puzzle-educa-en","22":"product_tag-puzzle-passion-en","23":"product_tag-puzzles-educa-en","24":"product_tag-rompecabezas-en","25":"product_tag-serie-en","26":"product_tag-stitch-en","27":"product_tag-trencaclosques-en","28":"product_tag-tv-en","30":"first","31":"instock","32":"shipping-taxable","33":"product-type-simple"},"acf":[],"yoast_head":"<!-- This site is optimized with the Yoast SEO plugin v27.1.1 - https:\/\/yoast.com\/product\/yoast-seo-wordpress\/ -->\n<title>300 Disney Stitch - Educa Borras<\/title>\n<meta name=\"description\" content=\"Este puzzle est\u00e1 compuesto por grandes piezas, perfectamente acabadas para que sea sencilla y segura su manipulaci\u00f3n por los ni\u00f1os. Tama\u00f1o del puzzle montado: 28 x 40 cm.\" \/>\n<meta name=\"robots\" content=\"index, follow, max-snippet:-1, max-image-preview:large, max-video-preview:-1\" \/>\n<link rel=\"canonical\" href=\"https:\/\/www.educaborras.com\/en\/product\/20144-en\/\" \/>\n<script type=\"application\/ld+json\" class=\"yoast-schema-graph\">{\"@context\":\"https:\/\/schema.org\",\"@graph\":[{\"@type\":\"WebPage\",\"@id\":\"https:\/\/www.educaborras.com\/en\/product\/20144-en\/\",\"url\":\"https:\/\/www.educaborras.com\/en\/product\/20144-en\/\",\"name\":\"300 Disney Stitch - Educa Borras\",\"isPartOf\":{\"@id\":\"https:\/\/www.educaborras.com\/en\/#website\"},\"primaryImageOfPage\":{\"@id\":\"https:\/\/www.educaborras.com\/en\/product\/20144-en\/#primaryimage\"},\"image\":{\"@id\":\"https:\/\/www.educaborras.com\/en\/product\/20144-en\/#primaryimage\"},\"thumbnailUrl\":\"https:\/\/www.educaborras.com\/wp-content\/uploads\/20144_01_high-1-10.jpg\",\"datePublished\":\"2025-06-05T09:14:48+00:00\",\"dateModified\":\"2026-04-30T00:50:39+00:00\",\"description\":\"Este puzzle est\u00e1 compuesto por grandes piezas, perfectamente acabadas para que sea sencilla y segura su manipulaci\u00f3n por los ni\u00f1os. Tama\u00f1o del puzzle montado: 28 x 40 cm.\",\"breadcrumb\":{\"@id\":\"https:\/\/www.educaborras.com\/en\/product\/20144-en\/#breadcrumb\"},\"inLanguage\":\"en-US\",\"potentialAction\":[{\"@type\":\"ReadAction\",\"target\":[\"https:\/\/www.educaborras.com\/en\/product\/20144-en\/\"]}]},{\"@type\":\"ImageObject\",\"inLanguage\":\"en-US\",\"@id\":\"https:\/\/www.educaborras.com\/en\/product\/20144-en\/#primaryimage\",\"url\":\"https:\/\/www.educaborras.com\/wp-content\/uploads\/20144_01_high-1-10.jpg\",\"contentUrl\":\"https:\/\/www.educaborras.com\/wp-content\/uploads\/20144_01_high-1-10.jpg\"},{\"@type\":\"BreadcrumbList\",\"@id\":\"https:\/\/www.educaborras.com\/en\/product\/20144-en\/#breadcrumb\",\"itemListElement\":[{\"@type\":\"ListItem\",\"position\":1,\"name\":\"Portada\",\"item\":\"https:\/\/www.educaborras.com\/en\/\"},{\"@type\":\"ListItem\",\"position\":2,\"name\":\"Products\",\"item\":\"https:\/\/www.educaborras.com\/en\/shop\/\"},{\"@type\":\"ListItem\",\"position\":3,\"name\":\"300 Disney Stitch\"}]},{\"@type\":\"WebSite\",\"@id\":\"https:\/\/www.educaborras.com\/en\/#website\",\"url\":\"https:\/\/www.educaborras.com\/en\/\",\"name\":\"Educa Borras\",\"description\":\"Educa Borras S.A.U.\",\"publisher\":{\"@id\":\"https:\/\/www.educaborras.com\/en\/#organization\"},\"potentialAction\":[{\"@type\":\"SearchAction\",\"target\":{\"@type\":\"EntryPoint\",\"urlTemplate\":\"https:\/\/www.educaborras.com\/en\/?s={search_term_string}\"},\"query-input\":{\"@type\":\"PropertyValueSpecification\",\"valueRequired\":true,\"valueName\":\"search_term_string\"}}],\"inLanguage\":\"en-US\"},{\"@type\":\"Organization\",\"@id\":\"https:\/\/www.educaborras.com\/en\/#organization\",\"name\":\"Educa Borras\",\"url\":\"https:\/\/www.educaborras.com\/en\/\",\"logo\":{\"@type\":\"ImageObject\",\"inLanguage\":\"en-US\",\"@id\":\"https:\/\/www.educaborras.com\/en\/#\/schema\/logo\/image\/\",\"url\":\"https:\/\/www.educaborras.com\/wp-content\/uploads\/cropped-LOGOS-EDUCA-BORRAS_retina.png\",\"contentUrl\":\"https:\/\/www.educaborras.com\/wp-content\/uploads\/cropped-LOGOS-EDUCA-BORRAS_retina.png\",\"caption\":\"Educa Borras\"},\"image\":{\"@id\":\"https:\/\/www.educaborras.com\/en\/#\/schema\/logo\/image\/\"}}]}<\/script>\n<!-- \/ Yoast SEO plugin. -->","yoast_head_json":{"title":"300 Disney Stitch - Educa Borras","description":"Este puzzle est\u00e1 compuesto por grandes piezas, perfectamente acabadas para que sea sencilla y segura su manipulaci\u00f3n por los ni\u00f1os. Tama\u00f1o del puzzle montado: 28 x 40 cm.","robots":{"index":"index","follow":"follow","max-snippet":"max-snippet:-1","max-image-preview":"max-image-preview:large","max-video-preview":"max-video-preview:-1"},"canonical":"https:\/\/www.educaborras.com\/en\/product\/20144-en\/","schema":{"@context":"https:\/\/schema.org","@graph":[{"@type":"WebPage","@id":"https:\/\/www.educaborras.com\/en\/product\/20144-en\/","url":"https:\/\/www.educaborras.com\/en\/product\/20144-en\/","name":"300 Disney Stitch - Educa Borras","isPartOf":{"@id":"https:\/\/www.educaborras.com\/en\/#website"},"primaryImageOfPage":{"@id":"https:\/\/www.educaborras.com\/en\/product\/20144-en\/#primaryimage"},"image":{"@id":"https:\/\/www.educaborras.com\/en\/product\/20144-en\/#primaryimage"},"thumbnailUrl":"https:\/\/www.educaborras.com\/wp-content\/uploads\/20144_01_high-1-10.jpg","datePublished":"2025-06-05T09:14:48+00:00","dateModified":"2026-04-30T00:50:39+00:00","description":"Este puzzle est\u00e1 compuesto por grandes piezas, perfectamente acabadas para que sea sencilla y segura su manipulaci\u00f3n por los ni\u00f1os. Tama\u00f1o del puzzle montado: 28 x 40 cm.","breadcrumb":{"@id":"https:\/\/www.educaborras.com\/en\/product\/20144-en\/#breadcrumb"},"inLanguage":"en-US","potentialAction":[{"@type":"ReadAction","target":["https:\/\/www.educaborras.com\/en\/product\/20144-en\/"]}]},{"@type":"ImageObject","inLanguage":"en-US","@id":"https:\/\/www.educaborras.com\/en\/product\/20144-en\/#primaryimage","url":"https:\/\/www.educaborras.com\/wp-content\/uploads\/20144_01_high-1-10.jpg","contentUrl":"https:\/\/www.educaborras.com\/wp-content\/uploads\/20144_01_high-1-10.jpg"},{"@type":"BreadcrumbList","@id":"https:\/\/www.educaborras.com\/en\/product\/20144-en\/#breadcrumb","itemListElement":[{"@type":"ListItem","position":1,"name":"Portada","item":"https:\/\/www.educaborras.com\/en\/"},{"@type":"ListItem","position":2,"name":"Products","item":"https:\/\/www.educaborras.com\/en\/shop\/"},{"@type":"ListItem","position":3,"name":"300 Disney Stitch"}]},{"@type":"WebSite","@id":"https:\/\/www.educaborras.com\/en\/#website","url":"https:\/\/www.educaborras.com\/en\/","name":"Educa Borras","description":"Educa Borras S.A.U.","publisher":{"@id":"https:\/\/www.educaborras.com\/en\/#organization"},"potentialAction":[{"@type":"SearchAction","target":{"@type":"EntryPoint","urlTemplate":"https:\/\/www.educaborras.com\/en\/?s={search_term_string}"},"query-input":{"@type":"PropertyValueSpecification","valueRequired":true,"valueName":"search_term_string"}}],"inLanguage":"en-US"},{"@type":"Organization","@id":"https:\/\/www.educaborras.com\/en\/#organization","name":"Educa Borras","url":"https:\/\/www.educaborras.com\/en\/","logo":{"@type":"ImageObject","inLanguage":"en-US","@id":"https:\/\/www.educaborras.com\/en\/#\/schema\/logo\/image\/","url":"https:\/\/www.educaborras.com\/wp-content\/uploads\/cropped-LOGOS-EDUCA-BORRAS_retina.png","contentUrl":"https:\/\/www.educaborras.com\/wp-content\/uploads\/cropped-LOGOS-EDUCA-BORRAS_retina.png","caption":"Educa Borras"},"image":{"@id":"https:\/\/www.educaborras.com\/en\/#\/schema\/logo\/image\/"}}]}},"_links":{"self":[{"href":"https:\/\/www.educaborras.com\/en\/wp-json\/wp\/v2\/product\/250024","targetHints":{"allow":["GET"]}}],"collection":[{"href":"https:\/\/www.educaborras.com\/en\/wp-json\/wp\/v2\/product"}],"about":[{"href":"https:\/\/www.educaborras.com\/en\/wp-json\/wp\/v2\/types\/product"}],"wp:featuredmedia":[{"embeddable":true,"href":"https:\/\/www.educaborras.com\/en\/wp-json\/wp\/v2\/media\/165699"}],"wp:attachment":[{"href":"https:\/\/www.educaborras.com\/en\/wp-json\/wp\/v2\/media?parent=250024"}],"wp:term":[{"taxonomy":"product_brand","embeddable":true,"href":"https:\/\/www.educaborras.com\/en\/wp-json\/wp\/v2\/product_brand?post=250024"},{"taxonomy":"product_cat","embeddable":true,"href":"https:\/\/www.educaborras.com\/en\/wp-json\/wp\/v2\/product_cat?post=250024"},{"taxonomy":"product_tag","embeddable":true,"href":"https:\/\/www.educaborras.com\/en\/wp-json\/wp\/v2\/product_tag?post=250024"}],"curies":[{"name":"wp","href":"https:\/\/api.w.org\/{rel}","templated":true}]}}