{"id":249864,"date":"2025-06-05T11:15:50","date_gmt":"2025-06-05T09:15:50","guid":{"rendered":"https:\/\/www.educaborras.com\/product\/19967\/"},"modified":"2026-05-04T02:41:53","modified_gmt":"2026-05-04T00:41:53","slug":"19967-en","status":"publish","type":"product","link":"https:\/\/www.educaborras.com\/en\/product\/19967-en\/","title":{"rendered":"100 Bluey (Wooden)"},"content":{"rendered":"<p>Made from wood, a natural, durable material. Bigger pieces, more comfortable for a child to assemble. Durable wooden pieces that are safe for kids (non-shedding). Eco-friendly products: FSC\/PEFC-branded wood, so you know it comes from sustainably managed forests, produced using environmentally-friendly processes). Images with strong, attractive colours and a gloss finishing for a more eye-catching puzzle. 100-piece puzzle. Approximate size of the assembled puzzle: 36 x 26 cm.<\/p>\n","protected":false},"excerpt":{"rendered":"<p>EDUCA\u00ae Super Puzzle, unique wooden jigsaw puzzles.<\/p>\n","protected":false},"featured_media":166094,"template":"","meta":{"_acf_changed":false},"product_brand":[],"product_cat":[73527,73185],"product_tag":[74339,80217,102952,102953,102954,102955,102956,102957,74182,74183,74184,74186,74188,74189,96086,74549,82299,76971,74478,74480,77862,82473,74194,83635,83636,82307],"class_list":{"0":"post-249864","1":"product","2":"type-product","3":"status-publish","4":"has-post-thumbnail","6":"product_cat-children-puzzles","7":"product_cat-puzzles-from-100-to-199-pieces","8":"product_tag-piezas-en","9":"product_tag-100-en","10":"product_tag-100-bluey-bois-en","11":"product_tag-100-bluey-holz-en","12":"product_tag-100-bluey-madeira-en","13":"product_tag-100-bluey-wooden-en","14":"product_tag-100-bluey-madera-en","15":"product_tag-19967-en","16":"product_tag-educa-en","17":"product_tag-educa-borras-en","18":"product_tag-educa-borras-puzzle-en","19":"product_tag-educa-puzzle-en","20":"product_tag-educa-puzzle-passion-en","21":"product_tag-educa-puzzles-en","22":"product_tag-enfant-en","23":"product_tag-infantil-en","24":"product_tag-jigsaw-en","25":"product_tag-madera-en","26":"product_tag-peces-en","27":"product_tag-pieces-en","28":"product_tag-pieza-en","29":"product_tag-puzzle-educa-en","30":"product_tag-puzzle-passion-en","31":"product_tag-puzzles-educa-en","32":"product_tag-rompecabezas-educa-en","33":"product_tag-trencaclosques-en","35":"first","36":"instock","37":"shipping-taxable","38":"product-type-simple"},"acf":[],"yoast_head":"<!-- This site is optimized with the Yoast SEO plugin v27.1.1 - https:\/\/yoast.com\/product\/yoast-seo-wordpress\/ -->\n<title>100 Bluey (Wooden) - Educa Borras<\/title>\n<meta name=\"description\" content=\"Nueva Madera ecol\u00f3gica, m\u00e1s resistente y m\u00e1s segura para los ni\u00f1os (no genera astillas). Im\u00e1genes m\u00e1s atractivas y colores brillantes gracias al acabado plastificado.\" \/>\n<meta name=\"robots\" content=\"index, follow, max-snippet:-1, max-image-preview:large, max-video-preview:-1\" \/>\n<link rel=\"canonical\" href=\"https:\/\/www.educaborras.com\/en\/product\/19967-en\/\" \/>\n<script type=\"application\/ld+json\" class=\"yoast-schema-graph\">{\"@context\":\"https:\/\/schema.org\",\"@graph\":[{\"@type\":\"WebPage\",\"@id\":\"https:\/\/www.educaborras.com\/en\/product\/19967-en\/\",\"url\":\"https:\/\/www.educaborras.com\/en\/product\/19967-en\/\",\"name\":\"100 Bluey (Wooden) - Educa Borras\",\"isPartOf\":{\"@id\":\"https:\/\/www.educaborras.com\/en\/#website\"},\"primaryImageOfPage\":{\"@id\":\"https:\/\/www.educaborras.com\/en\/product\/19967-en\/#primaryimage\"},\"image\":{\"@id\":\"https:\/\/www.educaborras.com\/en\/product\/19967-en\/#primaryimage\"},\"thumbnailUrl\":\"https:\/\/www.educaborras.com\/wp-content\/uploads\/19967_01_high-11.jpg\",\"datePublished\":\"2025-06-05T09:15:50+00:00\",\"dateModified\":\"2026-05-04T00:41:53+00:00\",\"description\":\"Nueva Madera ecol\u00f3gica, m\u00e1s resistente y m\u00e1s segura para los ni\u00f1os (no genera astillas). Im\u00e1genes m\u00e1s atractivas y colores brillantes gracias al acabado plastificado.\",\"breadcrumb\":{\"@id\":\"https:\/\/www.educaborras.com\/en\/product\/19967-en\/#breadcrumb\"},\"inLanguage\":\"en-US\",\"potentialAction\":[{\"@type\":\"ReadAction\",\"target\":[\"https:\/\/www.educaborras.com\/en\/product\/19967-en\/\"]}]},{\"@type\":\"ImageObject\",\"inLanguage\":\"en-US\",\"@id\":\"https:\/\/www.educaborras.com\/en\/product\/19967-en\/#primaryimage\",\"url\":\"https:\/\/www.educaborras.com\/wp-content\/uploads\/19967_01_high-11.jpg\",\"contentUrl\":\"https:\/\/www.educaborras.com\/wp-content\/uploads\/19967_01_high-11.jpg\"},{\"@type\":\"BreadcrumbList\",\"@id\":\"https:\/\/www.educaborras.com\/en\/product\/19967-en\/#breadcrumb\",\"itemListElement\":[{\"@type\":\"ListItem\",\"position\":1,\"name\":\"Portada\",\"item\":\"https:\/\/www.educaborras.com\/en\/\"},{\"@type\":\"ListItem\",\"position\":2,\"name\":\"Products\",\"item\":\"https:\/\/www.educaborras.com\/en\/shop\/\"},{\"@type\":\"ListItem\",\"position\":3,\"name\":\"100 Bluey (Wooden)\"}]},{\"@type\":\"WebSite\",\"@id\":\"https:\/\/www.educaborras.com\/en\/#website\",\"url\":\"https:\/\/www.educaborras.com\/en\/\",\"name\":\"Educa Borras\",\"description\":\"Educa Borras S.A.U.\",\"publisher\":{\"@id\":\"https:\/\/www.educaborras.com\/en\/#organization\"},\"potentialAction\":[{\"@type\":\"SearchAction\",\"target\":{\"@type\":\"EntryPoint\",\"urlTemplate\":\"https:\/\/www.educaborras.com\/en\/?s={search_term_string}\"},\"query-input\":{\"@type\":\"PropertyValueSpecification\",\"valueRequired\":true,\"valueName\":\"search_term_string\"}}],\"inLanguage\":\"en-US\"},{\"@type\":\"Organization\",\"@id\":\"https:\/\/www.educaborras.com\/en\/#organization\",\"name\":\"Educa Borras\",\"url\":\"https:\/\/www.educaborras.com\/en\/\",\"logo\":{\"@type\":\"ImageObject\",\"inLanguage\":\"en-US\",\"@id\":\"https:\/\/www.educaborras.com\/en\/#\/schema\/logo\/image\/\",\"url\":\"https:\/\/www.educaborras.com\/wp-content\/uploads\/cropped-LOGOS-EDUCA-BORRAS_retina.png\",\"contentUrl\":\"https:\/\/www.educaborras.com\/wp-content\/uploads\/cropped-LOGOS-EDUCA-BORRAS_retina.png\",\"caption\":\"Educa Borras\"},\"image\":{\"@id\":\"https:\/\/www.educaborras.com\/en\/#\/schema\/logo\/image\/\"}}]}<\/script>\n<!-- \/ Yoast SEO plugin. -->","yoast_head_json":{"title":"100 Bluey (Wooden) - Educa Borras","description":"Nueva Madera ecol\u00f3gica, m\u00e1s resistente y m\u00e1s segura para los ni\u00f1os (no genera astillas). Im\u00e1genes m\u00e1s atractivas y colores brillantes gracias al acabado plastificado.","robots":{"index":"index","follow":"follow","max-snippet":"max-snippet:-1","max-image-preview":"max-image-preview:large","max-video-preview":"max-video-preview:-1"},"canonical":"https:\/\/www.educaborras.com\/en\/product\/19967-en\/","schema":{"@context":"https:\/\/schema.org","@graph":[{"@type":"WebPage","@id":"https:\/\/www.educaborras.com\/en\/product\/19967-en\/","url":"https:\/\/www.educaborras.com\/en\/product\/19967-en\/","name":"100 Bluey (Wooden) - Educa Borras","isPartOf":{"@id":"https:\/\/www.educaborras.com\/en\/#website"},"primaryImageOfPage":{"@id":"https:\/\/www.educaborras.com\/en\/product\/19967-en\/#primaryimage"},"image":{"@id":"https:\/\/www.educaborras.com\/en\/product\/19967-en\/#primaryimage"},"thumbnailUrl":"https:\/\/www.educaborras.com\/wp-content\/uploads\/19967_01_high-11.jpg","datePublished":"2025-06-05T09:15:50+00:00","dateModified":"2026-05-04T00:41:53+00:00","description":"Nueva Madera ecol\u00f3gica, m\u00e1s resistente y m\u00e1s segura para los ni\u00f1os (no genera astillas). Im\u00e1genes m\u00e1s atractivas y colores brillantes gracias al acabado plastificado.","breadcrumb":{"@id":"https:\/\/www.educaborras.com\/en\/product\/19967-en\/#breadcrumb"},"inLanguage":"en-US","potentialAction":[{"@type":"ReadAction","target":["https:\/\/www.educaborras.com\/en\/product\/19967-en\/"]}]},{"@type":"ImageObject","inLanguage":"en-US","@id":"https:\/\/www.educaborras.com\/en\/product\/19967-en\/#primaryimage","url":"https:\/\/www.educaborras.com\/wp-content\/uploads\/19967_01_high-11.jpg","contentUrl":"https:\/\/www.educaborras.com\/wp-content\/uploads\/19967_01_high-11.jpg"},{"@type":"BreadcrumbList","@id":"https:\/\/www.educaborras.com\/en\/product\/19967-en\/#breadcrumb","itemListElement":[{"@type":"ListItem","position":1,"name":"Portada","item":"https:\/\/www.educaborras.com\/en\/"},{"@type":"ListItem","position":2,"name":"Products","item":"https:\/\/www.educaborras.com\/en\/shop\/"},{"@type":"ListItem","position":3,"name":"100 Bluey (Wooden)"}]},{"@type":"WebSite","@id":"https:\/\/www.educaborras.com\/en\/#website","url":"https:\/\/www.educaborras.com\/en\/","name":"Educa Borras","description":"Educa Borras S.A.U.","publisher":{"@id":"https:\/\/www.educaborras.com\/en\/#organization"},"potentialAction":[{"@type":"SearchAction","target":{"@type":"EntryPoint","urlTemplate":"https:\/\/www.educaborras.com\/en\/?s={search_term_string}"},"query-input":{"@type":"PropertyValueSpecification","valueRequired":true,"valueName":"search_term_string"}}],"inLanguage":"en-US"},{"@type":"Organization","@id":"https:\/\/www.educaborras.com\/en\/#organization","name":"Educa Borras","url":"https:\/\/www.educaborras.com\/en\/","logo":{"@type":"ImageObject","inLanguage":"en-US","@id":"https:\/\/www.educaborras.com\/en\/#\/schema\/logo\/image\/","url":"https:\/\/www.educaborras.com\/wp-content\/uploads\/cropped-LOGOS-EDUCA-BORRAS_retina.png","contentUrl":"https:\/\/www.educaborras.com\/wp-content\/uploads\/cropped-LOGOS-EDUCA-BORRAS_retina.png","caption":"Educa Borras"},"image":{"@id":"https:\/\/www.educaborras.com\/en\/#\/schema\/logo\/image\/"}}]}},"_links":{"self":[{"href":"https:\/\/www.educaborras.com\/en\/wp-json\/wp\/v2\/product\/249864","targetHints":{"allow":["GET"]}}],"collection":[{"href":"https:\/\/www.educaborras.com\/en\/wp-json\/wp\/v2\/product"}],"about":[{"href":"https:\/\/www.educaborras.com\/en\/wp-json\/wp\/v2\/types\/product"}],"wp:featuredmedia":[{"embeddable":true,"href":"https:\/\/www.educaborras.com\/en\/wp-json\/wp\/v2\/media\/166094"}],"wp:attachment":[{"href":"https:\/\/www.educaborras.com\/en\/wp-json\/wp\/v2\/media?parent=249864"}],"wp:term":[{"taxonomy":"product_brand","embeddable":true,"href":"https:\/\/www.educaborras.com\/en\/wp-json\/wp\/v2\/product_brand?post=249864"},{"taxonomy":"product_cat","embeddable":true,"href":"https:\/\/www.educaborras.com\/en\/wp-json\/wp\/v2\/product_cat?post=249864"},{"taxonomy":"product_tag","embeddable":true,"href":"https:\/\/www.educaborras.com\/en\/wp-json\/wp\/v2\/product_tag?post=249864"}],"curies":[{"name":"wp","href":"https:\/\/api.w.org\/{rel}","templated":true}]}}