{"id":249716,"date":"2025-06-05T11:17:03","date_gmt":"2025-06-05T09:17:03","guid":{"rendered":"https:\/\/www.educaborras.com\/product\/19955\/"},"modified":"2026-04-09T03:17:11","modified_gmt":"2026-04-09T01:17:11","slug":"19955-en","status":"publish","type":"product","link":"https:\/\/www.educaborras.com\/en\/product\/19955-en\/","title":{"rendered":"28 The Farm Puzzle Max"},"content":{"rendered":"<p>Large puzzle: 68 x 48 cm. Made up of 28 large, easy-to-handle and easy-to-fit pieces. Ideal for putting together on the floor. Illustrations by Kasandra.<\/p>\n","protected":false},"excerpt":{"rendered":"<p>Large puzzle: 68 x 48 cm. Made up of 28 large, easy-to-handle and easy-to-fit pieces.<\/p>\n","protected":false},"featured_media":166624,"template":"","meta":{"_acf_changed":false},"product_brand":[],"product_cat":[73186],"product_tag":[74339,102780,97510,102781,102782,102783,102784,102785,74182,74183,74184,74186,74188,74189,82299,74478,74480,77862,82473,74194,83635,83636,82307],"class_list":{"0":"post-249716","1":"product","2":"type-product","3":"status-publish","4":"has-post-thumbnail","6":"product_cat-puzzles-from-21-to-99-pieces","7":"product_tag-piezas-en","8":"product_tag-19955-en","9":"product_tag-28-en","10":"product_tag-28-a-quinta-puzzle-max-en","11":"product_tag-28-der-bauernhof-puzzle-max-en","12":"product_tag-28-la-ferme-puzzle-max-en","13":"product_tag-28-la-granja-puzzle-max-en","14":"product_tag-28-the-farm-puzzle-max-en","15":"product_tag-educa-en","16":"product_tag-educa-borras-en","17":"product_tag-educa-borras-puzzle-en","18":"product_tag-educa-puzzle-en","19":"product_tag-educa-puzzle-passion-en","20":"product_tag-educa-puzzles-en","21":"product_tag-jigsaw-en","22":"product_tag-peces-en","23":"product_tag-pieces-en","24":"product_tag-pieza-en","25":"product_tag-puzzle-educa-en","26":"product_tag-puzzle-passion-en","27":"product_tag-puzzles-educa-en","28":"product_tag-rompecabezas-educa-en","29":"product_tag-trencaclosques-en","31":"first","32":"instock","33":"shipping-taxable","34":"product-type-simple"},"acf":[],"yoast_head":"<!-- This site is optimized with the Yoast SEO plugin v27.1.1 - https:\/\/yoast.com\/product\/yoast-seo-wordpress\/ -->\n<title>28 The Farm Puzzle Max - Educa Borras<\/title>\n<meta name=\"description\" content=\"Piezas grandes, f\u00e1ciles de manipular y encajar. Tama\u00f1o aproximado del puzzle montado: 68 x 48 cm. Tem\u00e1tica: La granja. Ilustraciones de Kasandra.\" \/>\n<meta name=\"robots\" content=\"index, follow, max-snippet:-1, max-image-preview:large, max-video-preview:-1\" \/>\n<link rel=\"canonical\" href=\"https:\/\/www.educaborras.com\/en\/product\/19955-en\/\" \/>\n<script type=\"application\/ld+json\" class=\"yoast-schema-graph\">{\"@context\":\"https:\/\/schema.org\",\"@graph\":[{\"@type\":\"WebPage\",\"@id\":\"https:\/\/www.educaborras.com\/en\/product\/19955-en\/\",\"url\":\"https:\/\/www.educaborras.com\/en\/product\/19955-en\/\",\"name\":\"28 The Farm Puzzle Max - Educa Borras\",\"isPartOf\":{\"@id\":\"https:\/\/www.educaborras.com\/en\/#website\"},\"primaryImageOfPage\":{\"@id\":\"https:\/\/www.educaborras.com\/en\/product\/19955-en\/#primaryimage\"},\"image\":{\"@id\":\"https:\/\/www.educaborras.com\/en\/product\/19955-en\/#primaryimage\"},\"thumbnailUrl\":\"https:\/\/www.educaborras.com\/wp-content\/uploads\/19955_01_high-11.jpg\",\"datePublished\":\"2025-06-05T09:17:03+00:00\",\"dateModified\":\"2026-04-09T01:17:11+00:00\",\"description\":\"Piezas grandes, f\u00e1ciles de manipular y encajar. Tama\u00f1o aproximado del puzzle montado: 68 x 48 cm. Tem\u00e1tica: La granja. Ilustraciones de Kasandra.\",\"breadcrumb\":{\"@id\":\"https:\/\/www.educaborras.com\/en\/product\/19955-en\/#breadcrumb\"},\"inLanguage\":\"en-US\",\"potentialAction\":[{\"@type\":\"ReadAction\",\"target\":[\"https:\/\/www.educaborras.com\/en\/product\/19955-en\/\"]}]},{\"@type\":\"ImageObject\",\"inLanguage\":\"en-US\",\"@id\":\"https:\/\/www.educaborras.com\/en\/product\/19955-en\/#primaryimage\",\"url\":\"https:\/\/www.educaborras.com\/wp-content\/uploads\/19955_01_high-11.jpg\",\"contentUrl\":\"https:\/\/www.educaborras.com\/wp-content\/uploads\/19955_01_high-11.jpg\"},{\"@type\":\"BreadcrumbList\",\"@id\":\"https:\/\/www.educaborras.com\/en\/product\/19955-en\/#breadcrumb\",\"itemListElement\":[{\"@type\":\"ListItem\",\"position\":1,\"name\":\"Portada\",\"item\":\"https:\/\/www.educaborras.com\/en\/\"},{\"@type\":\"ListItem\",\"position\":2,\"name\":\"Products\",\"item\":\"https:\/\/www.educaborras.com\/en\/shop\/\"},{\"@type\":\"ListItem\",\"position\":3,\"name\":\"28 The Farm Puzzle Max\"}]},{\"@type\":\"WebSite\",\"@id\":\"https:\/\/www.educaborras.com\/en\/#website\",\"url\":\"https:\/\/www.educaborras.com\/en\/\",\"name\":\"Educa Borras\",\"description\":\"Educa Borras S.A.U.\",\"publisher\":{\"@id\":\"https:\/\/www.educaborras.com\/en\/#organization\"},\"potentialAction\":[{\"@type\":\"SearchAction\",\"target\":{\"@type\":\"EntryPoint\",\"urlTemplate\":\"https:\/\/www.educaborras.com\/en\/?s={search_term_string}\"},\"query-input\":{\"@type\":\"PropertyValueSpecification\",\"valueRequired\":true,\"valueName\":\"search_term_string\"}}],\"inLanguage\":\"en-US\"},{\"@type\":\"Organization\",\"@id\":\"https:\/\/www.educaborras.com\/en\/#organization\",\"name\":\"Educa Borras\",\"url\":\"https:\/\/www.educaborras.com\/en\/\",\"logo\":{\"@type\":\"ImageObject\",\"inLanguage\":\"en-US\",\"@id\":\"https:\/\/www.educaborras.com\/en\/#\/schema\/logo\/image\/\",\"url\":\"https:\/\/www.educaborras.com\/wp-content\/uploads\/cropped-LOGOS-EDUCA-BORRAS_retina.png\",\"contentUrl\":\"https:\/\/www.educaborras.com\/wp-content\/uploads\/cropped-LOGOS-EDUCA-BORRAS_retina.png\",\"caption\":\"Educa Borras\"},\"image\":{\"@id\":\"https:\/\/www.educaborras.com\/en\/#\/schema\/logo\/image\/\"}}]}<\/script>\n<!-- \/ Yoast SEO plugin. -->","yoast_head_json":{"title":"28 The Farm Puzzle Max - Educa Borras","description":"Piezas grandes, f\u00e1ciles de manipular y encajar. Tama\u00f1o aproximado del puzzle montado: 68 x 48 cm. Tem\u00e1tica: La granja. Ilustraciones de Kasandra.","robots":{"index":"index","follow":"follow","max-snippet":"max-snippet:-1","max-image-preview":"max-image-preview:large","max-video-preview":"max-video-preview:-1"},"canonical":"https:\/\/www.educaborras.com\/en\/product\/19955-en\/","schema":{"@context":"https:\/\/schema.org","@graph":[{"@type":"WebPage","@id":"https:\/\/www.educaborras.com\/en\/product\/19955-en\/","url":"https:\/\/www.educaborras.com\/en\/product\/19955-en\/","name":"28 The Farm Puzzle Max - Educa Borras","isPartOf":{"@id":"https:\/\/www.educaborras.com\/en\/#website"},"primaryImageOfPage":{"@id":"https:\/\/www.educaborras.com\/en\/product\/19955-en\/#primaryimage"},"image":{"@id":"https:\/\/www.educaborras.com\/en\/product\/19955-en\/#primaryimage"},"thumbnailUrl":"https:\/\/www.educaborras.com\/wp-content\/uploads\/19955_01_high-11.jpg","datePublished":"2025-06-05T09:17:03+00:00","dateModified":"2026-04-09T01:17:11+00:00","description":"Piezas grandes, f\u00e1ciles de manipular y encajar. Tama\u00f1o aproximado del puzzle montado: 68 x 48 cm. Tem\u00e1tica: La granja. Ilustraciones de Kasandra.","breadcrumb":{"@id":"https:\/\/www.educaborras.com\/en\/product\/19955-en\/#breadcrumb"},"inLanguage":"en-US","potentialAction":[{"@type":"ReadAction","target":["https:\/\/www.educaborras.com\/en\/product\/19955-en\/"]}]},{"@type":"ImageObject","inLanguage":"en-US","@id":"https:\/\/www.educaborras.com\/en\/product\/19955-en\/#primaryimage","url":"https:\/\/www.educaborras.com\/wp-content\/uploads\/19955_01_high-11.jpg","contentUrl":"https:\/\/www.educaborras.com\/wp-content\/uploads\/19955_01_high-11.jpg"},{"@type":"BreadcrumbList","@id":"https:\/\/www.educaborras.com\/en\/product\/19955-en\/#breadcrumb","itemListElement":[{"@type":"ListItem","position":1,"name":"Portada","item":"https:\/\/www.educaborras.com\/en\/"},{"@type":"ListItem","position":2,"name":"Products","item":"https:\/\/www.educaborras.com\/en\/shop\/"},{"@type":"ListItem","position":3,"name":"28 The Farm Puzzle Max"}]},{"@type":"WebSite","@id":"https:\/\/www.educaborras.com\/en\/#website","url":"https:\/\/www.educaborras.com\/en\/","name":"Educa Borras","description":"Educa Borras S.A.U.","publisher":{"@id":"https:\/\/www.educaborras.com\/en\/#organization"},"potentialAction":[{"@type":"SearchAction","target":{"@type":"EntryPoint","urlTemplate":"https:\/\/www.educaborras.com\/en\/?s={search_term_string}"},"query-input":{"@type":"PropertyValueSpecification","valueRequired":true,"valueName":"search_term_string"}}],"inLanguage":"en-US"},{"@type":"Organization","@id":"https:\/\/www.educaborras.com\/en\/#organization","name":"Educa Borras","url":"https:\/\/www.educaborras.com\/en\/","logo":{"@type":"ImageObject","inLanguage":"en-US","@id":"https:\/\/www.educaborras.com\/en\/#\/schema\/logo\/image\/","url":"https:\/\/www.educaborras.com\/wp-content\/uploads\/cropped-LOGOS-EDUCA-BORRAS_retina.png","contentUrl":"https:\/\/www.educaborras.com\/wp-content\/uploads\/cropped-LOGOS-EDUCA-BORRAS_retina.png","caption":"Educa Borras"},"image":{"@id":"https:\/\/www.educaborras.com\/en\/#\/schema\/logo\/image\/"}}]}},"_links":{"self":[{"href":"https:\/\/www.educaborras.com\/en\/wp-json\/wp\/v2\/product\/249716","targetHints":{"allow":["GET"]}}],"collection":[{"href":"https:\/\/www.educaborras.com\/en\/wp-json\/wp\/v2\/product"}],"about":[{"href":"https:\/\/www.educaborras.com\/en\/wp-json\/wp\/v2\/types\/product"}],"wp:featuredmedia":[{"embeddable":true,"href":"https:\/\/www.educaborras.com\/en\/wp-json\/wp\/v2\/media\/166624"}],"wp:attachment":[{"href":"https:\/\/www.educaborras.com\/en\/wp-json\/wp\/v2\/media?parent=249716"}],"wp:term":[{"taxonomy":"product_brand","embeddable":true,"href":"https:\/\/www.educaborras.com\/en\/wp-json\/wp\/v2\/product_brand?post=249716"},{"taxonomy":"product_cat","embeddable":true,"href":"https:\/\/www.educaborras.com\/en\/wp-json\/wp\/v2\/product_cat?post=249716"},{"taxonomy":"product_tag","embeddable":true,"href":"https:\/\/www.educaborras.com\/en\/wp-json\/wp\/v2\/product_tag?post=249716"}],"curies":[{"name":"wp","href":"https:\/\/api.w.org\/{rel}","templated":true}]}}