{"id":249660,"date":"2025-06-05T11:17:32","date_gmt":"2025-06-05T09:17:32","guid":{"rendered":"https:\/\/www.educaborras.com\/product\/19880\/"},"modified":"2026-04-05T03:51:21","modified_gmt":"2026-04-05T01:51:21","slug":"20089-en-2","status":"publish","type":"product","link":"https:\/\/www.educaborras.com\/en\/product\/20089-en-2\/","title":{"rendered":"Crazy Blocks"},"content":{"rendered":"<p>You&#8217;d better be quick at placing blocks or they&#8217;ll fly through the air! Contents: &#8211; 15 colored blocks &#8211; Game base &#8211; Instructions. https:\/\/youtu.be\/kAWNevUhS4Y<\/p>\n","protected":false},"excerpt":{"rendered":"<p>Crazy Blocks, the most explosive game based on the traditional Tetris game, is an interactive building game that develops agility and dexterity.<\/p>\n","protected":false},"featured_media":166814,"template":"","meta":{"_acf_changed":false},"product_brand":[],"product_cat":[73170,73171],"product_tag":[74339,97217,96242,97218,75444,97219,97220,97221,97222,87678,94389,76342,80649,97223],"class_list":{"0":"post-249660","1":"product","2":"type-product","3":"status-publish","4":"has-post-thumbnail","6":"product_cat-board-games","7":"product_cat-children-family-games","8":"product_tag-piezas-en","9":"product_tag-20089-en","10":"product_tag-agilidad-en","11":"product_tag-bloques-en","12":"product_tag-colores-en","13":"product_tag-competicion-en","14":"product_tag-construcciones-en","15":"product_tag-crazy-blocks-en","16":"product_tag-cuenta-atras-en","17":"product_tag-diversion-en","18":"product_tag-familiar-en","19":"product_tag-juego-en","20":"product_tag-juego-de-mesa-en","21":"product_tag-tetris-en","23":"first","24":"instock","25":"shipping-taxable","26":"product-type-simple"},"acf":[],"yoast_head":"<!-- This site is optimized with the Yoast SEO plugin v27.1.1 - https:\/\/yoast.com\/product\/yoast-seo-wordpress\/ -->\n<title>Crazy Blocks - Educa Borras<\/title>\n<meta name=\"description\" content=\"Una nueva colecci\u00f3n de puzles de cart\u00f3n con un \u00e1rea de imagen mayor y acabado brillante incluyendo los mejores personajes Petit Ours Brun.\" \/>\n<meta name=\"robots\" content=\"index, follow, max-snippet:-1, max-image-preview:large, max-video-preview:-1\" \/>\n<link rel=\"canonical\" href=\"https:\/\/www.educaborras.com\/en\/product\/20089-en-2\/\" \/>\n<script type=\"application\/ld+json\" class=\"yoast-schema-graph\">{\"@context\":\"https:\/\/schema.org\",\"@graph\":[{\"@type\":\"WebPage\",\"@id\":\"https:\/\/www.educaborras.com\/en\/product\/20089-en-2\/\",\"url\":\"https:\/\/www.educaborras.com\/en\/product\/20089-en-2\/\",\"name\":\"Crazy Blocks - Educa Borras\",\"isPartOf\":{\"@id\":\"https:\/\/www.educaborras.com\/en\/#website\"},\"primaryImageOfPage\":{\"@id\":\"https:\/\/www.educaborras.com\/en\/product\/20089-en-2\/#primaryimage\"},\"image\":{\"@id\":\"https:\/\/www.educaborras.com\/en\/product\/20089-en-2\/#primaryimage\"},\"thumbnailUrl\":\"https:\/\/www.educaborras.com\/wp-content\/uploads\/19880_01_high-12.jpg\",\"datePublished\":\"2025-06-05T09:17:32+00:00\",\"dateModified\":\"2026-04-05T01:51:21+00:00\",\"description\":\"Una nueva colecci\u00f3n de puzles de cart\u00f3n con un \u00e1rea de imagen mayor y acabado brillante incluyendo los mejores personajes Petit Ours Brun.\",\"breadcrumb\":{\"@id\":\"https:\/\/www.educaborras.com\/en\/product\/20089-en-2\/#breadcrumb\"},\"inLanguage\":\"en-US\",\"potentialAction\":[{\"@type\":\"ReadAction\",\"target\":[\"https:\/\/www.educaborras.com\/en\/product\/20089-en-2\/\"]}]},{\"@type\":\"ImageObject\",\"inLanguage\":\"en-US\",\"@id\":\"https:\/\/www.educaborras.com\/en\/product\/20089-en-2\/#primaryimage\",\"url\":\"https:\/\/www.educaborras.com\/wp-content\/uploads\/19880_01_high-12.jpg\",\"contentUrl\":\"https:\/\/www.educaborras.com\/wp-content\/uploads\/19880_01_high-12.jpg\"},{\"@type\":\"BreadcrumbList\",\"@id\":\"https:\/\/www.educaborras.com\/en\/product\/20089-en-2\/#breadcrumb\",\"itemListElement\":[{\"@type\":\"ListItem\",\"position\":1,\"name\":\"Portada\",\"item\":\"https:\/\/www.educaborras.com\/en\/\"},{\"@type\":\"ListItem\",\"position\":2,\"name\":\"Products\",\"item\":\"https:\/\/www.educaborras.com\/en\/shop\/\"},{\"@type\":\"ListItem\",\"position\":3,\"name\":\"Crazy Blocks\"}]},{\"@type\":\"WebSite\",\"@id\":\"https:\/\/www.educaborras.com\/en\/#website\",\"url\":\"https:\/\/www.educaborras.com\/en\/\",\"name\":\"Educa Borras\",\"description\":\"Educa Borras S.A.U.\",\"publisher\":{\"@id\":\"https:\/\/www.educaborras.com\/en\/#organization\"},\"potentialAction\":[{\"@type\":\"SearchAction\",\"target\":{\"@type\":\"EntryPoint\",\"urlTemplate\":\"https:\/\/www.educaborras.com\/en\/?s={search_term_string}\"},\"query-input\":{\"@type\":\"PropertyValueSpecification\",\"valueRequired\":true,\"valueName\":\"search_term_string\"}}],\"inLanguage\":\"en-US\"},{\"@type\":\"Organization\",\"@id\":\"https:\/\/www.educaborras.com\/en\/#organization\",\"name\":\"Educa Borras\",\"url\":\"https:\/\/www.educaborras.com\/en\/\",\"logo\":{\"@type\":\"ImageObject\",\"inLanguage\":\"en-US\",\"@id\":\"https:\/\/www.educaborras.com\/en\/#\/schema\/logo\/image\/\",\"url\":\"https:\/\/www.educaborras.com\/wp-content\/uploads\/cropped-LOGOS-EDUCA-BORRAS_retina.png\",\"contentUrl\":\"https:\/\/www.educaborras.com\/wp-content\/uploads\/cropped-LOGOS-EDUCA-BORRAS_retina.png\",\"caption\":\"Educa Borras\"},\"image\":{\"@id\":\"https:\/\/www.educaborras.com\/en\/#\/schema\/logo\/image\/\"}}]}<\/script>\n<!-- \/ Yoast SEO plugin. -->","yoast_head_json":{"title":"Crazy Blocks - Educa Borras","description":"Una nueva colecci\u00f3n de puzles de cart\u00f3n con un \u00e1rea de imagen mayor y acabado brillante incluyendo los mejores personajes Petit Ours Brun.","robots":{"index":"index","follow":"follow","max-snippet":"max-snippet:-1","max-image-preview":"max-image-preview:large","max-video-preview":"max-video-preview:-1"},"canonical":"https:\/\/www.educaborras.com\/en\/product\/20089-en-2\/","schema":{"@context":"https:\/\/schema.org","@graph":[{"@type":"WebPage","@id":"https:\/\/www.educaborras.com\/en\/product\/20089-en-2\/","url":"https:\/\/www.educaborras.com\/en\/product\/20089-en-2\/","name":"Crazy Blocks - Educa Borras","isPartOf":{"@id":"https:\/\/www.educaborras.com\/en\/#website"},"primaryImageOfPage":{"@id":"https:\/\/www.educaborras.com\/en\/product\/20089-en-2\/#primaryimage"},"image":{"@id":"https:\/\/www.educaborras.com\/en\/product\/20089-en-2\/#primaryimage"},"thumbnailUrl":"https:\/\/www.educaborras.com\/wp-content\/uploads\/19880_01_high-12.jpg","datePublished":"2025-06-05T09:17:32+00:00","dateModified":"2026-04-05T01:51:21+00:00","description":"Una nueva colecci\u00f3n de puzles de cart\u00f3n con un \u00e1rea de imagen mayor y acabado brillante incluyendo los mejores personajes Petit Ours Brun.","breadcrumb":{"@id":"https:\/\/www.educaborras.com\/en\/product\/20089-en-2\/#breadcrumb"},"inLanguage":"en-US","potentialAction":[{"@type":"ReadAction","target":["https:\/\/www.educaborras.com\/en\/product\/20089-en-2\/"]}]},{"@type":"ImageObject","inLanguage":"en-US","@id":"https:\/\/www.educaborras.com\/en\/product\/20089-en-2\/#primaryimage","url":"https:\/\/www.educaborras.com\/wp-content\/uploads\/19880_01_high-12.jpg","contentUrl":"https:\/\/www.educaborras.com\/wp-content\/uploads\/19880_01_high-12.jpg"},{"@type":"BreadcrumbList","@id":"https:\/\/www.educaborras.com\/en\/product\/20089-en-2\/#breadcrumb","itemListElement":[{"@type":"ListItem","position":1,"name":"Portada","item":"https:\/\/www.educaborras.com\/en\/"},{"@type":"ListItem","position":2,"name":"Products","item":"https:\/\/www.educaborras.com\/en\/shop\/"},{"@type":"ListItem","position":3,"name":"Crazy Blocks"}]},{"@type":"WebSite","@id":"https:\/\/www.educaborras.com\/en\/#website","url":"https:\/\/www.educaborras.com\/en\/","name":"Educa Borras","description":"Educa Borras S.A.U.","publisher":{"@id":"https:\/\/www.educaborras.com\/en\/#organization"},"potentialAction":[{"@type":"SearchAction","target":{"@type":"EntryPoint","urlTemplate":"https:\/\/www.educaborras.com\/en\/?s={search_term_string}"},"query-input":{"@type":"PropertyValueSpecification","valueRequired":true,"valueName":"search_term_string"}}],"inLanguage":"en-US"},{"@type":"Organization","@id":"https:\/\/www.educaborras.com\/en\/#organization","name":"Educa Borras","url":"https:\/\/www.educaborras.com\/en\/","logo":{"@type":"ImageObject","inLanguage":"en-US","@id":"https:\/\/www.educaborras.com\/en\/#\/schema\/logo\/image\/","url":"https:\/\/www.educaborras.com\/wp-content\/uploads\/cropped-LOGOS-EDUCA-BORRAS_retina.png","contentUrl":"https:\/\/www.educaborras.com\/wp-content\/uploads\/cropped-LOGOS-EDUCA-BORRAS_retina.png","caption":"Educa Borras"},"image":{"@id":"https:\/\/www.educaborras.com\/en\/#\/schema\/logo\/image\/"}}]}},"_links":{"self":[{"href":"https:\/\/www.educaborras.com\/en\/wp-json\/wp\/v2\/product\/249660","targetHints":{"allow":["GET"]}}],"collection":[{"href":"https:\/\/www.educaborras.com\/en\/wp-json\/wp\/v2\/product"}],"about":[{"href":"https:\/\/www.educaborras.com\/en\/wp-json\/wp\/v2\/types\/product"}],"wp:featuredmedia":[{"embeddable":true,"href":"https:\/\/www.educaborras.com\/en\/wp-json\/wp\/v2\/media\/166814"}],"wp:attachment":[{"href":"https:\/\/www.educaborras.com\/en\/wp-json\/wp\/v2\/media?parent=249660"}],"wp:term":[{"taxonomy":"product_brand","embeddable":true,"href":"https:\/\/www.educaborras.com\/en\/wp-json\/wp\/v2\/product_brand?post=249660"},{"taxonomy":"product_cat","embeddable":true,"href":"https:\/\/www.educaborras.com\/en\/wp-json\/wp\/v2\/product_cat?post=249660"},{"taxonomy":"product_tag","embeddable":true,"href":"https:\/\/www.educaborras.com\/en\/wp-json\/wp\/v2\/product_tag?post=249660"}],"curies":[{"name":"wp","href":"https:\/\/api.w.org\/{rel}","templated":true}]}}