{"id":249320,"date":"2025-06-05T11:20:46","date_gmt":"2025-06-05T09:20:46","guid":{"rendered":"https:\/\/www.educaborras.com\/product\/19920\/"},"modified":"2026-04-05T02:55:23","modified_gmt":"2026-04-05T00:55:23","slug":"19920-en","status":"publish","type":"product","link":"https:\/\/www.educaborras.com\/en\/product\/19920-en\/","title":{"rendered":"1000 Wild Animals"},"content":{"rendered":"<p>Educa\u00ae offers you the most complete collection of Puzzles for Adults on the market, with sizes ranging from 500 to 42000 pieces and with the best pictures and the most entertaining characters. Approximate size of the assembled puzzle: 68 x 48 cm. With all 500 to 2000-piece puzzles (inclusive), you will receive a free special FIX PUZZLE\u00ae glue to preserve your puzzle after putting it together.<\/p>\n","protected":false},"excerpt":{"rendered":"<p>Educa\u00ae offers you the most complete collection of Puzzles for Adults on the market, with sizes ranging from 500 to 42000 pieces and with the best pictures and the most entertaining characters.<\/p>\n","protected":false},"featured_media":168149,"template":"","meta":{"_acf_changed":false},"product_brand":[],"product_cat":[73189,73188],"product_tag":[74339,75638,101917,101918,101919,101920,101921,101922,74182,74183,74184,74186,74188,74189,76798,76799,76800,101923,101924,76801,101925,82299,91472,77043,77044,92482,74478,74480,77862,82473,74194,83635,101926,83636,75121,75122,82307],"class_list":{"0":"post-249320","1":"product","2":"type-product","3":"status-publish","4":"has-post-thumbnail","6":"product_cat-1000-pieces-puzzles","7":"product_cat-adult-puzzles","8":"product_tag-piezas-en","9":"product_tag-1000-en","10":"product_tag-1000-animais-selvagens-en","11":"product_tag-1000-animales-salvajes-en","12":"product_tag-1000-animaux-sauvages-en","13":"product_tag-1000-wild-animals-en","14":"product_tag-1000-wildtiere-en","15":"product_tag-19920-en","16":"product_tag-educa-en","17":"product_tag-educa-borras-en","18":"product_tag-educa-borras-puzzle-en","19":"product_tag-educa-puzzle-en","20":"product_tag-educa-puzzle-passion-en","21":"product_tag-educa-puzzles-en","22":"product_tag-elefant-en","23":"product_tag-elefante-en","24":"product_tag-elephant-en","25":"product_tag-girafe-en","26":"product_tag-giraffe-en","27":"product_tag-hipopotam-en","28":"product_tag-hipopotamo-en","29":"product_tag-jigsaw-en","30":"product_tag-jirafa-en","31":"product_tag-leon-en","32":"product_tag-lion-en","33":"product_tag-lleo-en","34":"product_tag-peces-en","35":"product_tag-pieces-en","36":"product_tag-pieza-en","37":"product_tag-puzzle-educa-en","38":"product_tag-puzzle-passion-en","39":"product_tag-puzzles-educa-en","40":"product_tag-rino-en","41":"product_tag-rompecabezas-educa-en","42":"product_tag-tiger-en","43":"product_tag-tigre-en","44":"product_tag-trencaclosques-en","46":"first","47":"instock","48":"shipping-taxable","49":"product-type-simple"},"acf":[],"yoast_head":"<!-- This site is optimized with the Yoast SEO plugin v27.1.1 - https:\/\/yoast.com\/product\/yoast-seo-wordpress\/ -->\n<title>1000 Wild Animals - Educa Borras<\/title>\n<meta name=\"description\" content=\"Educa\u00ae te ofrece la colecci\u00f3n de Puzzles Adultos m\u00e1s completa del mercado, con tama\u00f1os desde las 500 a las 42000 piezas y con las mejores im\u00e1genes.\" \/>\n<meta name=\"robots\" content=\"index, follow, max-snippet:-1, max-image-preview:large, max-video-preview:-1\" \/>\n<link rel=\"canonical\" href=\"https:\/\/www.educaborras.com\/en\/product\/19920-en\/\" \/>\n<script type=\"application\/ld+json\" class=\"yoast-schema-graph\">{\"@context\":\"https:\/\/schema.org\",\"@graph\":[{\"@type\":\"WebPage\",\"@id\":\"https:\/\/www.educaborras.com\/en\/product\/19920-en\/\",\"url\":\"https:\/\/www.educaborras.com\/en\/product\/19920-en\/\",\"name\":\"1000 Wild Animals - Educa Borras\",\"isPartOf\":{\"@id\":\"https:\/\/www.educaborras.com\/en\/#website\"},\"primaryImageOfPage\":{\"@id\":\"https:\/\/www.educaborras.com\/en\/product\/19920-en\/#primaryimage\"},\"image\":{\"@id\":\"https:\/\/www.educaborras.com\/en\/product\/19920-en\/#primaryimage\"},\"thumbnailUrl\":\"https:\/\/www.educaborras.com\/wp-content\/uploads\/19920_01_high-11.jpg\",\"datePublished\":\"2025-06-05T09:20:46+00:00\",\"dateModified\":\"2026-04-05T00:55:23+00:00\",\"description\":\"Educa\u00ae te ofrece la colecci\u00f3n de Puzzles Adultos m\u00e1s completa del mercado, con tama\u00f1os desde las 500 a las 42000 piezas y con las mejores im\u00e1genes.\",\"breadcrumb\":{\"@id\":\"https:\/\/www.educaborras.com\/en\/product\/19920-en\/#breadcrumb\"},\"inLanguage\":\"en-US\",\"potentialAction\":[{\"@type\":\"ReadAction\",\"target\":[\"https:\/\/www.educaborras.com\/en\/product\/19920-en\/\"]}]},{\"@type\":\"ImageObject\",\"inLanguage\":\"en-US\",\"@id\":\"https:\/\/www.educaborras.com\/en\/product\/19920-en\/#primaryimage\",\"url\":\"https:\/\/www.educaborras.com\/wp-content\/uploads\/19920_01_high-11.jpg\",\"contentUrl\":\"https:\/\/www.educaborras.com\/wp-content\/uploads\/19920_01_high-11.jpg\"},{\"@type\":\"BreadcrumbList\",\"@id\":\"https:\/\/www.educaborras.com\/en\/product\/19920-en\/#breadcrumb\",\"itemListElement\":[{\"@type\":\"ListItem\",\"position\":1,\"name\":\"Portada\",\"item\":\"https:\/\/www.educaborras.com\/en\/\"},{\"@type\":\"ListItem\",\"position\":2,\"name\":\"Products\",\"item\":\"https:\/\/www.educaborras.com\/en\/shop\/\"},{\"@type\":\"ListItem\",\"position\":3,\"name\":\"1000 Wild Animals\"}]},{\"@type\":\"WebSite\",\"@id\":\"https:\/\/www.educaborras.com\/en\/#website\",\"url\":\"https:\/\/www.educaborras.com\/en\/\",\"name\":\"Educa Borras\",\"description\":\"Educa Borras S.A.U.\",\"publisher\":{\"@id\":\"https:\/\/www.educaborras.com\/en\/#organization\"},\"potentialAction\":[{\"@type\":\"SearchAction\",\"target\":{\"@type\":\"EntryPoint\",\"urlTemplate\":\"https:\/\/www.educaborras.com\/en\/?s={search_term_string}\"},\"query-input\":{\"@type\":\"PropertyValueSpecification\",\"valueRequired\":true,\"valueName\":\"search_term_string\"}}],\"inLanguage\":\"en-US\"},{\"@type\":\"Organization\",\"@id\":\"https:\/\/www.educaborras.com\/en\/#organization\",\"name\":\"Educa Borras\",\"url\":\"https:\/\/www.educaborras.com\/en\/\",\"logo\":{\"@type\":\"ImageObject\",\"inLanguage\":\"en-US\",\"@id\":\"https:\/\/www.educaborras.com\/en\/#\/schema\/logo\/image\/\",\"url\":\"https:\/\/www.educaborras.com\/wp-content\/uploads\/cropped-LOGOS-EDUCA-BORRAS_retina.png\",\"contentUrl\":\"https:\/\/www.educaborras.com\/wp-content\/uploads\/cropped-LOGOS-EDUCA-BORRAS_retina.png\",\"caption\":\"Educa Borras\"},\"image\":{\"@id\":\"https:\/\/www.educaborras.com\/en\/#\/schema\/logo\/image\/\"}}]}<\/script>\n<!-- \/ Yoast SEO plugin. -->","yoast_head_json":{"title":"1000 Wild Animals - Educa Borras","description":"Educa\u00ae te ofrece la colecci\u00f3n de Puzzles Adultos m\u00e1s completa del mercado, con tama\u00f1os desde las 500 a las 42000 piezas y con las mejores im\u00e1genes.","robots":{"index":"index","follow":"follow","max-snippet":"max-snippet:-1","max-image-preview":"max-image-preview:large","max-video-preview":"max-video-preview:-1"},"canonical":"https:\/\/www.educaborras.com\/en\/product\/19920-en\/","schema":{"@context":"https:\/\/schema.org","@graph":[{"@type":"WebPage","@id":"https:\/\/www.educaborras.com\/en\/product\/19920-en\/","url":"https:\/\/www.educaborras.com\/en\/product\/19920-en\/","name":"1000 Wild Animals - Educa Borras","isPartOf":{"@id":"https:\/\/www.educaborras.com\/en\/#website"},"primaryImageOfPage":{"@id":"https:\/\/www.educaborras.com\/en\/product\/19920-en\/#primaryimage"},"image":{"@id":"https:\/\/www.educaborras.com\/en\/product\/19920-en\/#primaryimage"},"thumbnailUrl":"https:\/\/www.educaborras.com\/wp-content\/uploads\/19920_01_high-11.jpg","datePublished":"2025-06-05T09:20:46+00:00","dateModified":"2026-04-05T00:55:23+00:00","description":"Educa\u00ae te ofrece la colecci\u00f3n de Puzzles Adultos m\u00e1s completa del mercado, con tama\u00f1os desde las 500 a las 42000 piezas y con las mejores im\u00e1genes.","breadcrumb":{"@id":"https:\/\/www.educaborras.com\/en\/product\/19920-en\/#breadcrumb"},"inLanguage":"en-US","potentialAction":[{"@type":"ReadAction","target":["https:\/\/www.educaborras.com\/en\/product\/19920-en\/"]}]},{"@type":"ImageObject","inLanguage":"en-US","@id":"https:\/\/www.educaborras.com\/en\/product\/19920-en\/#primaryimage","url":"https:\/\/www.educaborras.com\/wp-content\/uploads\/19920_01_high-11.jpg","contentUrl":"https:\/\/www.educaborras.com\/wp-content\/uploads\/19920_01_high-11.jpg"},{"@type":"BreadcrumbList","@id":"https:\/\/www.educaborras.com\/en\/product\/19920-en\/#breadcrumb","itemListElement":[{"@type":"ListItem","position":1,"name":"Portada","item":"https:\/\/www.educaborras.com\/en\/"},{"@type":"ListItem","position":2,"name":"Products","item":"https:\/\/www.educaborras.com\/en\/shop\/"},{"@type":"ListItem","position":3,"name":"1000 Wild Animals"}]},{"@type":"WebSite","@id":"https:\/\/www.educaborras.com\/en\/#website","url":"https:\/\/www.educaborras.com\/en\/","name":"Educa Borras","description":"Educa Borras S.A.U.","publisher":{"@id":"https:\/\/www.educaborras.com\/en\/#organization"},"potentialAction":[{"@type":"SearchAction","target":{"@type":"EntryPoint","urlTemplate":"https:\/\/www.educaborras.com\/en\/?s={search_term_string}"},"query-input":{"@type":"PropertyValueSpecification","valueRequired":true,"valueName":"search_term_string"}}],"inLanguage":"en-US"},{"@type":"Organization","@id":"https:\/\/www.educaborras.com\/en\/#organization","name":"Educa Borras","url":"https:\/\/www.educaborras.com\/en\/","logo":{"@type":"ImageObject","inLanguage":"en-US","@id":"https:\/\/www.educaborras.com\/en\/#\/schema\/logo\/image\/","url":"https:\/\/www.educaborras.com\/wp-content\/uploads\/cropped-LOGOS-EDUCA-BORRAS_retina.png","contentUrl":"https:\/\/www.educaborras.com\/wp-content\/uploads\/cropped-LOGOS-EDUCA-BORRAS_retina.png","caption":"Educa Borras"},"image":{"@id":"https:\/\/www.educaborras.com\/en\/#\/schema\/logo\/image\/"}}]}},"_links":{"self":[{"href":"https:\/\/www.educaborras.com\/en\/wp-json\/wp\/v2\/product\/249320","targetHints":{"allow":["GET"]}}],"collection":[{"href":"https:\/\/www.educaborras.com\/en\/wp-json\/wp\/v2\/product"}],"about":[{"href":"https:\/\/www.educaborras.com\/en\/wp-json\/wp\/v2\/types\/product"}],"wp:featuredmedia":[{"embeddable":true,"href":"https:\/\/www.educaborras.com\/en\/wp-json\/wp\/v2\/media\/168149"}],"wp:attachment":[{"href":"https:\/\/www.educaborras.com\/en\/wp-json\/wp\/v2\/media?parent=249320"}],"wp:term":[{"taxonomy":"product_brand","embeddable":true,"href":"https:\/\/www.educaborras.com\/en\/wp-json\/wp\/v2\/product_brand?post=249320"},{"taxonomy":"product_cat","embeddable":true,"href":"https:\/\/www.educaborras.com\/en\/wp-json\/wp\/v2\/product_cat?post=249320"},{"taxonomy":"product_tag","embeddable":true,"href":"https:\/\/www.educaborras.com\/en\/wp-json\/wp\/v2\/product_tag?post=249320"}],"curies":[{"name":"wp","href":"https:\/\/api.w.org\/{rel}","templated":true}]}}