{"id":249176,"date":"2025-06-05T11:22:25","date_gmt":"2025-06-05T09:22:25","guid":{"rendered":"https:\/\/www.educaborras.com\/product\/19052\/"},"modified":"2026-04-28T03:25:04","modified_gmt":"2026-04-28T01:25:04","slug":"19052-en","status":"publish","type":"product","link":"https:\/\/www.educaborras.com\/en\/product\/19052-en\/","title":{"rendered":"3000 Sunset in Como"},"content":{"rendered":"<p>Educa\u00ae offers you the most complete collection of Puzzles for Adults on the market, with sizes ranging from 500 to 42000 pieces and with the best pictures and the most entertaining characters. Approximate size of the assembled puzzle: 120 x 85 cm. For all puzzles with 3000 or more pieces, EDUCA\u00ae offers free lost piece service, subject to stock availability. To learn more, please visit www.puzzlepassion.com<\/p>\n","protected":false},"excerpt":{"rendered":"<p>Educa\u00ae offers you the most complete collection of Puzzles for Adults on the market, with sizes ranging from 500 to 42000 pieces and with the best pictures and the most entertaining characters.<\/p>\n","protected":false},"featured_media":168919,"template":"","meta":{"_acf_changed":false},"product_brand":[],"product_cat":[73192,73188],"product_tag":[74339,97071,74092,82298,78440,97072,74182,82974,95986,82459,82460,82461,80301,82299,82300,97073,74342,74478,74479,74480,89121,75647,82979,82469,82470,74046,82472,82982,97074,97075,97076,82986,82987,74194,82303,82304,74343,78455,82307],"class_list":{"0":"post-249176","1":"product","2":"type-product","3":"status-publish","4":"has-post-thumbnail","6":"product_cat-3000-pieces-puzzles","7":"product_cat-adult-puzzles","8":"product_tag-piezas-en","9":"product_tag-19052-en","10":"product_tag-3000-en","11":"product_tag-500-en","12":"product_tag-capvespre-en","13":"product_tag-como-en","14":"product_tag-educa-en","15":"product_tag-educa-3000-piezas-en","16":"product_tag-educa-borras-puzle-en","17":"product_tag-educa-borras-puzzle-educa-puzzles-puzzle-passion-puzle-passion-en","18":"product_tag-educa-puzzle-passion-rompecabezas-educa-puzzle-adultos-puzzles-para-adultos-puzzles-adultos-rompecabezas-adultos-puzzle-dificil-puzzle-grande-puzle-adultos-en","19":"product_tag-educa-educa-borras-educa-puzzle-educa-puzle-en","20":"product_tag-fix-puzzle-en","21":"product_tag-jigsaw-en","22":"product_tag-jigsaw-puzzle-en","23":"product_tag-lago-di-como-en","24":"product_tag-peca-en","25":"product_tag-peces-en","26":"product_tag-piece-en","27":"product_tag-pieces-en","28":"product_tag-puesta-de-sol-en","29":"product_tag-puzle-en","30":"product_tag-puzle-3000-piezas-en","31":"product_tag-puzle-dificil-en","32":"product_tag-puzle-para-adultos-en","33":"product_tag-puzzle-en","34":"product_tag-puzzle-12-anos-en","35":"product_tag-puzzle-3000-piezas-en","36":"product_tag-puzzle-como-en","37":"product_tag-puzzle-italia-en","38":"product_tag-puzzle-lago-como-en","39":"product_tag-puzzle-paisaje-en","40":"product_tag-puzzle-paisaje-adulto-en","41":"product_tag-puzzle-passion-en","42":"product_tag-puzzlemania-en","43":"product_tag-puzzlepassion-en","44":"product_tag-rompecabezas-en","45":"product_tag-sunset-en","46":"product_tag-trencaclosques-en","48":"first","49":"instock","50":"shipping-taxable","51":"product-type-simple"},"acf":[],"yoast_head":"<!-- This site is optimized with the Yoast SEO plugin v27.1.1 - https:\/\/yoast.com\/product\/yoast-seo-wordpress\/ -->\n<title>3000 Sunset in Como - Educa Borras<\/title>\n<meta name=\"description\" content=\"Educa\u00ae te ofrece la colecci\u00f3n de Puzzles Adultos m\u00e1s completa del mercado, con tama\u00f1os desde las 500 a las 42000 piezas con las mejores im\u00e1genes.\" \/>\n<meta name=\"robots\" content=\"index, follow, max-snippet:-1, max-image-preview:large, max-video-preview:-1\" \/>\n<link rel=\"canonical\" href=\"https:\/\/www.educaborras.com\/en\/product\/19052-en\/\" \/>\n<script type=\"application\/ld+json\" class=\"yoast-schema-graph\">{\"@context\":\"https:\/\/schema.org\",\"@graph\":[{\"@type\":\"WebPage\",\"@id\":\"https:\/\/www.educaborras.com\/en\/product\/19052-en\/\",\"url\":\"https:\/\/www.educaborras.com\/en\/product\/19052-en\/\",\"name\":\"3000 Sunset in Como - Educa Borras\",\"isPartOf\":{\"@id\":\"https:\/\/www.educaborras.com\/en\/#website\"},\"primaryImageOfPage\":{\"@id\":\"https:\/\/www.educaborras.com\/en\/product\/19052-en\/#primaryimage\"},\"image\":{\"@id\":\"https:\/\/www.educaborras.com\/en\/product\/19052-en\/#primaryimage\"},\"thumbnailUrl\":\"https:\/\/www.educaborras.com\/wp-content\/uploads\/19052_01_high-11.jpg\",\"datePublished\":\"2025-06-05T09:22:25+00:00\",\"dateModified\":\"2026-04-28T01:25:04+00:00\",\"description\":\"Educa\u00ae te ofrece la colecci\u00f3n de Puzzles Adultos m\u00e1s completa del mercado, con tama\u00f1os desde las 500 a las 42000 piezas con las mejores im\u00e1genes.\",\"breadcrumb\":{\"@id\":\"https:\/\/www.educaborras.com\/en\/product\/19052-en\/#breadcrumb\"},\"inLanguage\":\"en-US\",\"potentialAction\":[{\"@type\":\"ReadAction\",\"target\":[\"https:\/\/www.educaborras.com\/en\/product\/19052-en\/\"]}]},{\"@type\":\"ImageObject\",\"inLanguage\":\"en-US\",\"@id\":\"https:\/\/www.educaborras.com\/en\/product\/19052-en\/#primaryimage\",\"url\":\"https:\/\/www.educaborras.com\/wp-content\/uploads\/19052_01_high-11.jpg\",\"contentUrl\":\"https:\/\/www.educaborras.com\/wp-content\/uploads\/19052_01_high-11.jpg\"},{\"@type\":\"BreadcrumbList\",\"@id\":\"https:\/\/www.educaborras.com\/en\/product\/19052-en\/#breadcrumb\",\"itemListElement\":[{\"@type\":\"ListItem\",\"position\":1,\"name\":\"Portada\",\"item\":\"https:\/\/www.educaborras.com\/en\/\"},{\"@type\":\"ListItem\",\"position\":2,\"name\":\"Products\",\"item\":\"https:\/\/www.educaborras.com\/en\/shop\/\"},{\"@type\":\"ListItem\",\"position\":3,\"name\":\"3000 Sunset in Como\"}]},{\"@type\":\"WebSite\",\"@id\":\"https:\/\/www.educaborras.com\/en\/#website\",\"url\":\"https:\/\/www.educaborras.com\/en\/\",\"name\":\"Educa Borras\",\"description\":\"Educa Borras S.A.U.\",\"publisher\":{\"@id\":\"https:\/\/www.educaborras.com\/en\/#organization\"},\"potentialAction\":[{\"@type\":\"SearchAction\",\"target\":{\"@type\":\"EntryPoint\",\"urlTemplate\":\"https:\/\/www.educaborras.com\/en\/?s={search_term_string}\"},\"query-input\":{\"@type\":\"PropertyValueSpecification\",\"valueRequired\":true,\"valueName\":\"search_term_string\"}}],\"inLanguage\":\"en-US\"},{\"@type\":\"Organization\",\"@id\":\"https:\/\/www.educaborras.com\/en\/#organization\",\"name\":\"Educa Borras\",\"url\":\"https:\/\/www.educaborras.com\/en\/\",\"logo\":{\"@type\":\"ImageObject\",\"inLanguage\":\"en-US\",\"@id\":\"https:\/\/www.educaborras.com\/en\/#\/schema\/logo\/image\/\",\"url\":\"https:\/\/www.educaborras.com\/wp-content\/uploads\/cropped-LOGOS-EDUCA-BORRAS_retina.png\",\"contentUrl\":\"https:\/\/www.educaborras.com\/wp-content\/uploads\/cropped-LOGOS-EDUCA-BORRAS_retina.png\",\"caption\":\"Educa Borras\"},\"image\":{\"@id\":\"https:\/\/www.educaborras.com\/en\/#\/schema\/logo\/image\/\"}}]}<\/script>\n<!-- \/ Yoast SEO plugin. -->","yoast_head_json":{"title":"3000 Sunset in Como - Educa Borras","description":"Educa\u00ae te ofrece la colecci\u00f3n de Puzzles Adultos m\u00e1s completa del mercado, con tama\u00f1os desde las 500 a las 42000 piezas con las mejores im\u00e1genes.","robots":{"index":"index","follow":"follow","max-snippet":"max-snippet:-1","max-image-preview":"max-image-preview:large","max-video-preview":"max-video-preview:-1"},"canonical":"https:\/\/www.educaborras.com\/en\/product\/19052-en\/","schema":{"@context":"https:\/\/schema.org","@graph":[{"@type":"WebPage","@id":"https:\/\/www.educaborras.com\/en\/product\/19052-en\/","url":"https:\/\/www.educaborras.com\/en\/product\/19052-en\/","name":"3000 Sunset in Como - Educa Borras","isPartOf":{"@id":"https:\/\/www.educaborras.com\/en\/#website"},"primaryImageOfPage":{"@id":"https:\/\/www.educaborras.com\/en\/product\/19052-en\/#primaryimage"},"image":{"@id":"https:\/\/www.educaborras.com\/en\/product\/19052-en\/#primaryimage"},"thumbnailUrl":"https:\/\/www.educaborras.com\/wp-content\/uploads\/19052_01_high-11.jpg","datePublished":"2025-06-05T09:22:25+00:00","dateModified":"2026-04-28T01:25:04+00:00","description":"Educa\u00ae te ofrece la colecci\u00f3n de Puzzles Adultos m\u00e1s completa del mercado, con tama\u00f1os desde las 500 a las 42000 piezas con las mejores im\u00e1genes.","breadcrumb":{"@id":"https:\/\/www.educaborras.com\/en\/product\/19052-en\/#breadcrumb"},"inLanguage":"en-US","potentialAction":[{"@type":"ReadAction","target":["https:\/\/www.educaborras.com\/en\/product\/19052-en\/"]}]},{"@type":"ImageObject","inLanguage":"en-US","@id":"https:\/\/www.educaborras.com\/en\/product\/19052-en\/#primaryimage","url":"https:\/\/www.educaborras.com\/wp-content\/uploads\/19052_01_high-11.jpg","contentUrl":"https:\/\/www.educaborras.com\/wp-content\/uploads\/19052_01_high-11.jpg"},{"@type":"BreadcrumbList","@id":"https:\/\/www.educaborras.com\/en\/product\/19052-en\/#breadcrumb","itemListElement":[{"@type":"ListItem","position":1,"name":"Portada","item":"https:\/\/www.educaborras.com\/en\/"},{"@type":"ListItem","position":2,"name":"Products","item":"https:\/\/www.educaborras.com\/en\/shop\/"},{"@type":"ListItem","position":3,"name":"3000 Sunset in Como"}]},{"@type":"WebSite","@id":"https:\/\/www.educaborras.com\/en\/#website","url":"https:\/\/www.educaborras.com\/en\/","name":"Educa Borras","description":"Educa Borras S.A.U.","publisher":{"@id":"https:\/\/www.educaborras.com\/en\/#organization"},"potentialAction":[{"@type":"SearchAction","target":{"@type":"EntryPoint","urlTemplate":"https:\/\/www.educaborras.com\/en\/?s={search_term_string}"},"query-input":{"@type":"PropertyValueSpecification","valueRequired":true,"valueName":"search_term_string"}}],"inLanguage":"en-US"},{"@type":"Organization","@id":"https:\/\/www.educaborras.com\/en\/#organization","name":"Educa Borras","url":"https:\/\/www.educaborras.com\/en\/","logo":{"@type":"ImageObject","inLanguage":"en-US","@id":"https:\/\/www.educaborras.com\/en\/#\/schema\/logo\/image\/","url":"https:\/\/www.educaborras.com\/wp-content\/uploads\/cropped-LOGOS-EDUCA-BORRAS_retina.png","contentUrl":"https:\/\/www.educaborras.com\/wp-content\/uploads\/cropped-LOGOS-EDUCA-BORRAS_retina.png","caption":"Educa Borras"},"image":{"@id":"https:\/\/www.educaborras.com\/en\/#\/schema\/logo\/image\/"}}]}},"_links":{"self":[{"href":"https:\/\/www.educaborras.com\/en\/wp-json\/wp\/v2\/product\/249176","targetHints":{"allow":["GET"]}}],"collection":[{"href":"https:\/\/www.educaborras.com\/en\/wp-json\/wp\/v2\/product"}],"about":[{"href":"https:\/\/www.educaborras.com\/en\/wp-json\/wp\/v2\/types\/product"}],"wp:featuredmedia":[{"embeddable":true,"href":"https:\/\/www.educaborras.com\/en\/wp-json\/wp\/v2\/media\/168919"}],"wp:attachment":[{"href":"https:\/\/www.educaborras.com\/en\/wp-json\/wp\/v2\/media?parent=249176"}],"wp:term":[{"taxonomy":"product_brand","embeddable":true,"href":"https:\/\/www.educaborras.com\/en\/wp-json\/wp\/v2\/product_brand?post=249176"},{"taxonomy":"product_cat","embeddable":true,"href":"https:\/\/www.educaborras.com\/en\/wp-json\/wp\/v2\/product_cat?post=249176"},{"taxonomy":"product_tag","embeddable":true,"href":"https:\/\/www.educaborras.com\/en\/wp-json\/wp\/v2\/product_tag?post=249176"}],"curies":[{"name":"wp","href":"https:\/\/api.w.org\/{rel}","templated":true}]}}