{"id":248996,"date":"2025-06-05T11:23:56","date_gmt":"2025-06-05T09:23:56","guid":{"rendered":"https:\/\/www.educaborras.com\/product\/19906\/"},"modified":"2026-04-05T03:10:44","modified_gmt":"2026-04-05T01:10:44","slug":"19906-en","status":"publish","type":"product","link":"https:\/\/www.educaborras.com\/en\/product\/19906-en\/","title":{"rendered":"500 Frost Dragonling"},"content":{"rendered":"<p>Educa\u00ae offers you the most complete collection of Puzzles for Adults on the market, with sizes ranging from 500 to 42000 pieces and with the best pictures and the most entertaining characters. Approximate size of the assembled puzzle: 34 x 48 cm.<\/p>\n","protected":false},"excerpt":{"rendered":"<p>Educa\u00ae offers you the most complete collection of Puzzles for Adults on the market, with sizes ranging from 500 to 42000 pieces and with the best pictures and the most entertaining characters.<\/p>\n","protected":false},"featured_media":169664,"template":"","meta":{"_acf_changed":false},"product_brand":[],"product_cat":[73540,73188],"product_tag":[74339,91808,82298,91809,91810,91811,91812,91813,78263,74182,74183,74184,74186,74188,74189,91621,82299,74478,74480,77862,82473,74194,83635,83636,82307],"class_list":{"0":"post-248996","1":"product","2":"type-product","3":"status-publish","4":"has-post-thumbnail","6":"product_cat-500-pieces-puzzles","7":"product_cat-adult-puzzles","8":"product_tag-piezas-en","9":"product_tag-19906-en","10":"product_tag-500-en","11":"product_tag-500-fada-do-dragao-en","12":"product_tag-500-fee-du-dragon-en","13":"product_tag-500-fee-und-drachen-en","14":"product_tag-500-frost-dragonling-en","15":"product_tag-500-hada-del-dragon-en","16":"product_tag-drac-en","17":"product_tag-educa-en","18":"product_tag-educa-borras-en","19":"product_tag-educa-borras-puzzle-en","20":"product_tag-educa-puzzle-en","21":"product_tag-educa-puzzle-passion-en","22":"product_tag-educa-puzzles-en","23":"product_tag-fada-en","24":"product_tag-jigsaw-en","25":"product_tag-peces-en","26":"product_tag-pieces-en","27":"product_tag-pieza-en","28":"product_tag-puzzle-educa-en","29":"product_tag-puzzle-passion-en","30":"product_tag-puzzles-educa-en","31":"product_tag-rompecabezas-educa-en","32":"product_tag-trencaclosques-en","34":"first","35":"instock","36":"shipping-taxable","37":"product-type-simple"},"acf":[],"yoast_head":"<!-- This site is optimized with the Yoast SEO plugin v27.1.1 - https:\/\/yoast.com\/product\/yoast-seo-wordpress\/ -->\n<title>500 Frost Dragonling - Educa Borras<\/title>\n<meta name=\"description\" content=\"Educa\u00ae te ofrece la colecci\u00f3n de Puzzles Adultos m\u00e1s completa del mercado, con tama\u00f1os desde las 500 a las 42000 piezas con las mejores im\u00e1genes.\" \/>\n<meta name=\"robots\" content=\"index, follow, max-snippet:-1, max-image-preview:large, max-video-preview:-1\" \/>\n<link rel=\"canonical\" href=\"https:\/\/www.educaborras.com\/en\/product\/19906-en\/\" \/>\n<script type=\"application\/ld+json\" class=\"yoast-schema-graph\">{\"@context\":\"https:\/\/schema.org\",\"@graph\":[{\"@type\":\"WebPage\",\"@id\":\"https:\/\/www.educaborras.com\/en\/product\/19906-en\/\",\"url\":\"https:\/\/www.educaborras.com\/en\/product\/19906-en\/\",\"name\":\"500 Frost Dragonling - Educa Borras\",\"isPartOf\":{\"@id\":\"https:\/\/www.educaborras.com\/en\/#website\"},\"primaryImageOfPage\":{\"@id\":\"https:\/\/www.educaborras.com\/en\/product\/19906-en\/#primaryimage\"},\"image\":{\"@id\":\"https:\/\/www.educaborras.com\/en\/product\/19906-en\/#primaryimage\"},\"thumbnailUrl\":\"https:\/\/www.educaborras.com\/wp-content\/uploads\/19906_01_high-12.jpg\",\"datePublished\":\"2025-06-05T09:23:56+00:00\",\"dateModified\":\"2026-04-05T01:10:44+00:00\",\"description\":\"Educa\u00ae te ofrece la colecci\u00f3n de Puzzles Adultos m\u00e1s completa del mercado, con tama\u00f1os desde las 500 a las 42000 piezas con las mejores im\u00e1genes.\",\"breadcrumb\":{\"@id\":\"https:\/\/www.educaborras.com\/en\/product\/19906-en\/#breadcrumb\"},\"inLanguage\":\"en-US\",\"potentialAction\":[{\"@type\":\"ReadAction\",\"target\":[\"https:\/\/www.educaborras.com\/en\/product\/19906-en\/\"]}]},{\"@type\":\"ImageObject\",\"inLanguage\":\"en-US\",\"@id\":\"https:\/\/www.educaborras.com\/en\/product\/19906-en\/#primaryimage\",\"url\":\"https:\/\/www.educaborras.com\/wp-content\/uploads\/19906_01_high-12.jpg\",\"contentUrl\":\"https:\/\/www.educaborras.com\/wp-content\/uploads\/19906_01_high-12.jpg\"},{\"@type\":\"BreadcrumbList\",\"@id\":\"https:\/\/www.educaborras.com\/en\/product\/19906-en\/#breadcrumb\",\"itemListElement\":[{\"@type\":\"ListItem\",\"position\":1,\"name\":\"Portada\",\"item\":\"https:\/\/www.educaborras.com\/en\/\"},{\"@type\":\"ListItem\",\"position\":2,\"name\":\"Products\",\"item\":\"https:\/\/www.educaborras.com\/en\/shop\/\"},{\"@type\":\"ListItem\",\"position\":3,\"name\":\"500 Frost Dragonling\"}]},{\"@type\":\"WebSite\",\"@id\":\"https:\/\/www.educaborras.com\/en\/#website\",\"url\":\"https:\/\/www.educaborras.com\/en\/\",\"name\":\"Educa Borras\",\"description\":\"Educa Borras S.A.U.\",\"publisher\":{\"@id\":\"https:\/\/www.educaborras.com\/en\/#organization\"},\"potentialAction\":[{\"@type\":\"SearchAction\",\"target\":{\"@type\":\"EntryPoint\",\"urlTemplate\":\"https:\/\/www.educaborras.com\/en\/?s={search_term_string}\"},\"query-input\":{\"@type\":\"PropertyValueSpecification\",\"valueRequired\":true,\"valueName\":\"search_term_string\"}}],\"inLanguage\":\"en-US\"},{\"@type\":\"Organization\",\"@id\":\"https:\/\/www.educaborras.com\/en\/#organization\",\"name\":\"Educa Borras\",\"url\":\"https:\/\/www.educaborras.com\/en\/\",\"logo\":{\"@type\":\"ImageObject\",\"inLanguage\":\"en-US\",\"@id\":\"https:\/\/www.educaborras.com\/en\/#\/schema\/logo\/image\/\",\"url\":\"https:\/\/www.educaborras.com\/wp-content\/uploads\/cropped-LOGOS-EDUCA-BORRAS_retina.png\",\"contentUrl\":\"https:\/\/www.educaborras.com\/wp-content\/uploads\/cropped-LOGOS-EDUCA-BORRAS_retina.png\",\"caption\":\"Educa Borras\"},\"image\":{\"@id\":\"https:\/\/www.educaborras.com\/en\/#\/schema\/logo\/image\/\"}}]}<\/script>\n<!-- \/ Yoast SEO plugin. -->","yoast_head_json":{"title":"500 Frost Dragonling - Educa Borras","description":"Educa\u00ae te ofrece la colecci\u00f3n de Puzzles Adultos m\u00e1s completa del mercado, con tama\u00f1os desde las 500 a las 42000 piezas con las mejores im\u00e1genes.","robots":{"index":"index","follow":"follow","max-snippet":"max-snippet:-1","max-image-preview":"max-image-preview:large","max-video-preview":"max-video-preview:-1"},"canonical":"https:\/\/www.educaborras.com\/en\/product\/19906-en\/","schema":{"@context":"https:\/\/schema.org","@graph":[{"@type":"WebPage","@id":"https:\/\/www.educaborras.com\/en\/product\/19906-en\/","url":"https:\/\/www.educaborras.com\/en\/product\/19906-en\/","name":"500 Frost Dragonling - Educa Borras","isPartOf":{"@id":"https:\/\/www.educaborras.com\/en\/#website"},"primaryImageOfPage":{"@id":"https:\/\/www.educaborras.com\/en\/product\/19906-en\/#primaryimage"},"image":{"@id":"https:\/\/www.educaborras.com\/en\/product\/19906-en\/#primaryimage"},"thumbnailUrl":"https:\/\/www.educaborras.com\/wp-content\/uploads\/19906_01_high-12.jpg","datePublished":"2025-06-05T09:23:56+00:00","dateModified":"2026-04-05T01:10:44+00:00","description":"Educa\u00ae te ofrece la colecci\u00f3n de Puzzles Adultos m\u00e1s completa del mercado, con tama\u00f1os desde las 500 a las 42000 piezas con las mejores im\u00e1genes.","breadcrumb":{"@id":"https:\/\/www.educaborras.com\/en\/product\/19906-en\/#breadcrumb"},"inLanguage":"en-US","potentialAction":[{"@type":"ReadAction","target":["https:\/\/www.educaborras.com\/en\/product\/19906-en\/"]}]},{"@type":"ImageObject","inLanguage":"en-US","@id":"https:\/\/www.educaborras.com\/en\/product\/19906-en\/#primaryimage","url":"https:\/\/www.educaborras.com\/wp-content\/uploads\/19906_01_high-12.jpg","contentUrl":"https:\/\/www.educaborras.com\/wp-content\/uploads\/19906_01_high-12.jpg"},{"@type":"BreadcrumbList","@id":"https:\/\/www.educaborras.com\/en\/product\/19906-en\/#breadcrumb","itemListElement":[{"@type":"ListItem","position":1,"name":"Portada","item":"https:\/\/www.educaborras.com\/en\/"},{"@type":"ListItem","position":2,"name":"Products","item":"https:\/\/www.educaborras.com\/en\/shop\/"},{"@type":"ListItem","position":3,"name":"500 Frost Dragonling"}]},{"@type":"WebSite","@id":"https:\/\/www.educaborras.com\/en\/#website","url":"https:\/\/www.educaborras.com\/en\/","name":"Educa Borras","description":"Educa Borras S.A.U.","publisher":{"@id":"https:\/\/www.educaborras.com\/en\/#organization"},"potentialAction":[{"@type":"SearchAction","target":{"@type":"EntryPoint","urlTemplate":"https:\/\/www.educaborras.com\/en\/?s={search_term_string}"},"query-input":{"@type":"PropertyValueSpecification","valueRequired":true,"valueName":"search_term_string"}}],"inLanguage":"en-US"},{"@type":"Organization","@id":"https:\/\/www.educaborras.com\/en\/#organization","name":"Educa Borras","url":"https:\/\/www.educaborras.com\/en\/","logo":{"@type":"ImageObject","inLanguage":"en-US","@id":"https:\/\/www.educaborras.com\/en\/#\/schema\/logo\/image\/","url":"https:\/\/www.educaborras.com\/wp-content\/uploads\/cropped-LOGOS-EDUCA-BORRAS_retina.png","contentUrl":"https:\/\/www.educaborras.com\/wp-content\/uploads\/cropped-LOGOS-EDUCA-BORRAS_retina.png","caption":"Educa Borras"},"image":{"@id":"https:\/\/www.educaborras.com\/en\/#\/schema\/logo\/image\/"}}]}},"_links":{"self":[{"href":"https:\/\/www.educaborras.com\/en\/wp-json\/wp\/v2\/product\/248996","targetHints":{"allow":["GET"]}}],"collection":[{"href":"https:\/\/www.educaborras.com\/en\/wp-json\/wp\/v2\/product"}],"about":[{"href":"https:\/\/www.educaborras.com\/en\/wp-json\/wp\/v2\/types\/product"}],"wp:featuredmedia":[{"embeddable":true,"href":"https:\/\/www.educaborras.com\/en\/wp-json\/wp\/v2\/media\/169664"}],"wp:attachment":[{"href":"https:\/\/www.educaborras.com\/en\/wp-json\/wp\/v2\/media?parent=248996"}],"wp:term":[{"taxonomy":"product_brand","embeddable":true,"href":"https:\/\/www.educaborras.com\/en\/wp-json\/wp\/v2\/product_brand?post=248996"},{"taxonomy":"product_cat","embeddable":true,"href":"https:\/\/www.educaborras.com\/en\/wp-json\/wp\/v2\/product_cat?post=248996"},{"taxonomy":"product_tag","embeddable":true,"href":"https:\/\/www.educaborras.com\/en\/wp-json\/wp\/v2\/product_tag?post=248996"}],"curies":[{"name":"wp","href":"https:\/\/api.w.org\/{rel}","templated":true}]}}