{"id":248932,"date":"2025-06-05T11:24:37","date_gmt":"2025-06-05T09:24:37","guid":{"rendered":"https:\/\/www.educaborras.com\/product\/20101\/"},"modified":"2026-04-30T02:37:02","modified_gmt":"2026-04-30T00:37:02","slug":"20101-en","status":"publish","type":"product","link":"https:\/\/www.educaborras.com\/en\/product\/20101-en\/","title":{"rendered":"2&#215;500 Inside Out 2"},"content":{"rendered":"<p>Educa\u00ae offers you the most complete collection of Puzzles for Adults on the market, with sizes ranging from 500 to 42000 pieces and with the best pictures and the most entertaining characters. Approximate size of the assembled puzzle: 34 x 48 cm. With all 500 to 2000-piece puzzles (inclusive), you will receive a free special FIX PUZZLE\u00ae glue to preserve your puzzle after putting it together. \u00a9Disney\/Pixar<\/p>\n","protected":false},"excerpt":{"rendered":"<p>Educa\u00ae offers you the most complete collection of Puzzles for Adults on the market, with sizes ranging from 500 to 42000 pieces and with the best pictures and the most entertaining characters. \u00a9Disney\/Pixar<\/p>\n","protected":false},"featured_media":170029,"template":"","meta":{"_acf_changed":false},"product_brand":[],"product_cat":[73540,73188],"product_tag":[74339,82352,90559,89864,90560,89865,74414,90561,74182,74183,74184,74186,90562,80301,90563,74342,74478,82353,74479,74480,84415,75647,74046,90564,90565,90566,90567,82302,74194,82303,82304,74343],"class_list":{"0":"post-248932","1":"product","2":"type-product","3":"status-publish","4":"has-post-thumbnail","6":"product_cat-500-pieces-puzzles","7":"product_cat-adult-puzzles","8":"product_tag-piezas-en","9":"product_tag-2x500-en","10":"product_tag-20101-en","11":"product_tag-adulto-en","12":"product_tag-alegria-en","13":"product_tag-carton-en","14":"product_tag-disney-en","15":"product_tag-disney-inside-out-2-en","16":"product_tag-educa-en","17":"product_tag-educa-borras-en","18":"product_tag-educa-borras-puzzle-en","19":"product_tag-educa-puzzle-en","20":"product_tag-emociones-en","21":"product_tag-fix-puzzle-en","22":"product_tag-inside-out-2-en","23":"product_tag-peca-en","24":"product_tag-peces-en","25":"product_tag-picce-en","26":"product_tag-piece-en","27":"product_tag-pieces-en","28":"product_tag-princesas-disney-en","29":"product_tag-puzle-en","30":"product_tag-puzzle-en","31":"product_tag-puzzle-2x500-inside-out-2-en","32":"product_tag-puzzle-500-inside-out-2-en","33":"product_tag-puzzle-educa-inside-out-2-en","34":"product_tag-puzzle-inside-out-2-en","35":"product_tag-puzzle-pasion-en","36":"product_tag-puzzle-passion-en","37":"product_tag-puzzlemania-en","38":"product_tag-puzzlepassion-en","39":"product_tag-rompecabezas-en","41":"first","42":"instock","43":"shipping-taxable","44":"product-type-simple"},"acf":[],"yoast_head":"<!-- This site is optimized with the Yoast SEO plugin v27.1.1 - https:\/\/yoast.com\/product\/yoast-seo-wordpress\/ -->\n<title>2x500 Inside Out 2 - Educa Borras<\/title>\n<meta name=\"description\" content=\"Educa\u00ae te ofrece la colecci\u00f3n de Puzzles Adultos m\u00e1s completa del mercado, con tamanos desde las 500 a las 42000 piezas y con las mejores im\u00e1genes y los personajes m\u00e1s divertidos. \u00a9 Disney\/Pixar.\" \/>\n<meta name=\"robots\" content=\"index, follow, max-snippet:-1, max-image-preview:large, max-video-preview:-1\" \/>\n<link rel=\"canonical\" href=\"https:\/\/www.educaborras.com\/en\/product\/20101-en\/\" \/>\n<script type=\"application\/ld+json\" class=\"yoast-schema-graph\">{\"@context\":\"https:\/\/schema.org\",\"@graph\":[{\"@type\":\"WebPage\",\"@id\":\"https:\/\/www.educaborras.com\/en\/product\/20101-en\/\",\"url\":\"https:\/\/www.educaborras.com\/en\/product\/20101-en\/\",\"name\":\"2x500 Inside Out 2 - Educa Borras\",\"isPartOf\":{\"@id\":\"https:\/\/www.educaborras.com\/en\/#website\"},\"primaryImageOfPage\":{\"@id\":\"https:\/\/www.educaborras.com\/en\/product\/20101-en\/#primaryimage\"},\"image\":{\"@id\":\"https:\/\/www.educaborras.com\/en\/product\/20101-en\/#primaryimage\"},\"thumbnailUrl\":\"https:\/\/www.educaborras.com\/wp-content\/uploads\/20101_01_high-11.jpg\",\"datePublished\":\"2025-06-05T09:24:37+00:00\",\"dateModified\":\"2026-04-30T00:37:02+00:00\",\"description\":\"Educa\u00ae te ofrece la colecci\u00f3n de Puzzles Adultos m\u00e1s completa del mercado, con tamanos desde las 500 a las 42000 piezas y con las mejores im\u00e1genes y los personajes m\u00e1s divertidos. \u00a9 Disney\/Pixar.\",\"breadcrumb\":{\"@id\":\"https:\/\/www.educaborras.com\/en\/product\/20101-en\/#breadcrumb\"},\"inLanguage\":\"en-US\",\"potentialAction\":[{\"@type\":\"ReadAction\",\"target\":[\"https:\/\/www.educaborras.com\/en\/product\/20101-en\/\"]}]},{\"@type\":\"ImageObject\",\"inLanguage\":\"en-US\",\"@id\":\"https:\/\/www.educaborras.com\/en\/product\/20101-en\/#primaryimage\",\"url\":\"https:\/\/www.educaborras.com\/wp-content\/uploads\/20101_01_high-11.jpg\",\"contentUrl\":\"https:\/\/www.educaborras.com\/wp-content\/uploads\/20101_01_high-11.jpg\"},{\"@type\":\"BreadcrumbList\",\"@id\":\"https:\/\/www.educaborras.com\/en\/product\/20101-en\/#breadcrumb\",\"itemListElement\":[{\"@type\":\"ListItem\",\"position\":1,\"name\":\"Portada\",\"item\":\"https:\/\/www.educaborras.com\/en\/\"},{\"@type\":\"ListItem\",\"position\":2,\"name\":\"Products\",\"item\":\"https:\/\/www.educaborras.com\/en\/shop\/\"},{\"@type\":\"ListItem\",\"position\":3,\"name\":\"2&#215;500 Inside Out 2\"}]},{\"@type\":\"WebSite\",\"@id\":\"https:\/\/www.educaborras.com\/en\/#website\",\"url\":\"https:\/\/www.educaborras.com\/en\/\",\"name\":\"Educa Borras\",\"description\":\"Educa Borras S.A.U.\",\"publisher\":{\"@id\":\"https:\/\/www.educaborras.com\/en\/#organization\"},\"potentialAction\":[{\"@type\":\"SearchAction\",\"target\":{\"@type\":\"EntryPoint\",\"urlTemplate\":\"https:\/\/www.educaborras.com\/en\/?s={search_term_string}\"},\"query-input\":{\"@type\":\"PropertyValueSpecification\",\"valueRequired\":true,\"valueName\":\"search_term_string\"}}],\"inLanguage\":\"en-US\"},{\"@type\":\"Organization\",\"@id\":\"https:\/\/www.educaborras.com\/en\/#organization\",\"name\":\"Educa Borras\",\"url\":\"https:\/\/www.educaborras.com\/en\/\",\"logo\":{\"@type\":\"ImageObject\",\"inLanguage\":\"en-US\",\"@id\":\"https:\/\/www.educaborras.com\/en\/#\/schema\/logo\/image\/\",\"url\":\"https:\/\/www.educaborras.com\/wp-content\/uploads\/cropped-LOGOS-EDUCA-BORRAS_retina.png\",\"contentUrl\":\"https:\/\/www.educaborras.com\/wp-content\/uploads\/cropped-LOGOS-EDUCA-BORRAS_retina.png\",\"caption\":\"Educa Borras\"},\"image\":{\"@id\":\"https:\/\/www.educaborras.com\/en\/#\/schema\/logo\/image\/\"}}]}<\/script>\n<!-- \/ Yoast SEO plugin. -->","yoast_head_json":{"title":"2x500 Inside Out 2 - Educa Borras","description":"Educa\u00ae te ofrece la colecci\u00f3n de Puzzles Adultos m\u00e1s completa del mercado, con tamanos desde las 500 a las 42000 piezas y con las mejores im\u00e1genes y los personajes m\u00e1s divertidos. \u00a9 Disney\/Pixar.","robots":{"index":"index","follow":"follow","max-snippet":"max-snippet:-1","max-image-preview":"max-image-preview:large","max-video-preview":"max-video-preview:-1"},"canonical":"https:\/\/www.educaborras.com\/en\/product\/20101-en\/","schema":{"@context":"https:\/\/schema.org","@graph":[{"@type":"WebPage","@id":"https:\/\/www.educaborras.com\/en\/product\/20101-en\/","url":"https:\/\/www.educaborras.com\/en\/product\/20101-en\/","name":"2x500 Inside Out 2 - Educa Borras","isPartOf":{"@id":"https:\/\/www.educaborras.com\/en\/#website"},"primaryImageOfPage":{"@id":"https:\/\/www.educaborras.com\/en\/product\/20101-en\/#primaryimage"},"image":{"@id":"https:\/\/www.educaborras.com\/en\/product\/20101-en\/#primaryimage"},"thumbnailUrl":"https:\/\/www.educaborras.com\/wp-content\/uploads\/20101_01_high-11.jpg","datePublished":"2025-06-05T09:24:37+00:00","dateModified":"2026-04-30T00:37:02+00:00","description":"Educa\u00ae te ofrece la colecci\u00f3n de Puzzles Adultos m\u00e1s completa del mercado, con tamanos desde las 500 a las 42000 piezas y con las mejores im\u00e1genes y los personajes m\u00e1s divertidos. \u00a9 Disney\/Pixar.","breadcrumb":{"@id":"https:\/\/www.educaborras.com\/en\/product\/20101-en\/#breadcrumb"},"inLanguage":"en-US","potentialAction":[{"@type":"ReadAction","target":["https:\/\/www.educaborras.com\/en\/product\/20101-en\/"]}]},{"@type":"ImageObject","inLanguage":"en-US","@id":"https:\/\/www.educaborras.com\/en\/product\/20101-en\/#primaryimage","url":"https:\/\/www.educaborras.com\/wp-content\/uploads\/20101_01_high-11.jpg","contentUrl":"https:\/\/www.educaborras.com\/wp-content\/uploads\/20101_01_high-11.jpg"},{"@type":"BreadcrumbList","@id":"https:\/\/www.educaborras.com\/en\/product\/20101-en\/#breadcrumb","itemListElement":[{"@type":"ListItem","position":1,"name":"Portada","item":"https:\/\/www.educaborras.com\/en\/"},{"@type":"ListItem","position":2,"name":"Products","item":"https:\/\/www.educaborras.com\/en\/shop\/"},{"@type":"ListItem","position":3,"name":"2&#215;500 Inside Out 2"}]},{"@type":"WebSite","@id":"https:\/\/www.educaborras.com\/en\/#website","url":"https:\/\/www.educaborras.com\/en\/","name":"Educa Borras","description":"Educa Borras S.A.U.","publisher":{"@id":"https:\/\/www.educaborras.com\/en\/#organization"},"potentialAction":[{"@type":"SearchAction","target":{"@type":"EntryPoint","urlTemplate":"https:\/\/www.educaborras.com\/en\/?s={search_term_string}"},"query-input":{"@type":"PropertyValueSpecification","valueRequired":true,"valueName":"search_term_string"}}],"inLanguage":"en-US"},{"@type":"Organization","@id":"https:\/\/www.educaborras.com\/en\/#organization","name":"Educa Borras","url":"https:\/\/www.educaborras.com\/en\/","logo":{"@type":"ImageObject","inLanguage":"en-US","@id":"https:\/\/www.educaborras.com\/en\/#\/schema\/logo\/image\/","url":"https:\/\/www.educaborras.com\/wp-content\/uploads\/cropped-LOGOS-EDUCA-BORRAS_retina.png","contentUrl":"https:\/\/www.educaborras.com\/wp-content\/uploads\/cropped-LOGOS-EDUCA-BORRAS_retina.png","caption":"Educa Borras"},"image":{"@id":"https:\/\/www.educaborras.com\/en\/#\/schema\/logo\/image\/"}}]}},"_links":{"self":[{"href":"https:\/\/www.educaborras.com\/en\/wp-json\/wp\/v2\/product\/248932","targetHints":{"allow":["GET"]}}],"collection":[{"href":"https:\/\/www.educaborras.com\/en\/wp-json\/wp\/v2\/product"}],"about":[{"href":"https:\/\/www.educaborras.com\/en\/wp-json\/wp\/v2\/types\/product"}],"wp:featuredmedia":[{"embeddable":true,"href":"https:\/\/www.educaborras.com\/en\/wp-json\/wp\/v2\/media\/170029"}],"wp:attachment":[{"href":"https:\/\/www.educaborras.com\/en\/wp-json\/wp\/v2\/media?parent=248932"}],"wp:term":[{"taxonomy":"product_brand","embeddable":true,"href":"https:\/\/www.educaborras.com\/en\/wp-json\/wp\/v2\/product_brand?post=248932"},{"taxonomy":"product_cat","embeddable":true,"href":"https:\/\/www.educaborras.com\/en\/wp-json\/wp\/v2\/product_cat?post=248932"},{"taxonomy":"product_tag","embeddable":true,"href":"https:\/\/www.educaborras.com\/en\/wp-json\/wp\/v2\/product_tag?post=248932"}],"curies":[{"name":"wp","href":"https:\/\/api.w.org\/{rel}","templated":true}]}}