{"id":248768,"date":"2025-06-05T11:25:12","date_gmt":"2025-06-05T09:25:12","guid":{"rendered":"https:\/\/www.educaborras.com\/product\/19210\/"},"modified":"2026-04-20T02:30:27","modified_gmt":"2026-04-20T00:30:27","slug":"19210-en","status":"publish","type":"product","link":"https:\/\/www.educaborras.com\/en\/product\/19210-en\/","title":{"rendered":"Puzzle Bal\u00f3n 3D"},"content":{"rendered":"<p>Podr\u00e1s montar el bal\u00f3n de m\u00faltiples maneras: por el lado c\u00f3ncavo de las piezas, por el lado convexo, mosaico de im\u00e1genes, torre, di\u00e1bolo, pulsera, &#8230; \u00a1y mucho m\u00e1s! Di\u00e1metro del bal\u00f3n una vez montado: 12,5 cm. Contenido: 32 piezas de pl\u00e1stico, hoja de adhesivos, instrucciones.<\/p>\n","protected":false},"excerpt":{"rendered":"<p>\u00a1Monta tu bal\u00f3n y juega con \u00e9l!<\/p>\n","protected":false},"featured_media":170269,"template":"","meta":{"_acf_changed":false},"product_brand":[],"product_cat":[73460],"product_tag":[82176,82177,82178,82179,82180,82181,82182,74182,74183,82183,82184,82185,82186,81700,82187,82188,75647,74046,82189,82190,82191],"class_list":{"0":"post-248768","1":"product","2":"type-product","3":"status-publish","4":"has-post-thumbnail","6":"product_cat-3d-football-puzzle-en","7":"product_tag-19210-en","8":"product_tag-3d-en","9":"product_tag-adhesivos-en","10":"product_tag-assemble-and-play-en","11":"product_tag-autocolantes-en","12":"product_tag-balon-en","13":"product_tag-build-and-play-en","14":"product_tag-educa-en","15":"product_tag-educa-borras-en","16":"product_tag-football-en","17":"product_tag-futbol-en","18":"product_tag-hexagonos-en","19":"product_tag-monta-y-juega-en","20":"product_tag-montaje-en","21":"product_tag-pelota-en","22":"product_tag-pentagonos-en","23":"product_tag-puzle-en","24":"product_tag-puzzle-en","25":"product_tag-puzzle-3d-en","26":"product_tag-reversible-en","27":"product_tag-stickers-en","29":"first","30":"instock","31":"shipping-taxable","32":"product-type-simple"},"acf":[],"yoast_head":"<!-- This site is optimized with the Yoast SEO plugin v27.1.1 - https:\/\/yoast.com\/product\/yoast-seo-wordpress\/ -->\n<title>Puzzle Bal\u00f3n 3D - Educa Borras<\/title>\n<meta name=\"robots\" content=\"index, follow, max-snippet:-1, max-image-preview:large, max-video-preview:-1\" \/>\n<link rel=\"canonical\" href=\"https:\/\/www.educaborras.com\/en\/product\/19210-en\/\" \/>\n<script type=\"application\/ld+json\" class=\"yoast-schema-graph\">{\"@context\":\"https:\/\/schema.org\",\"@graph\":[{\"@type\":\"WebPage\",\"@id\":\"https:\/\/www.educaborras.com\/en\/product\/19210-en\/\",\"url\":\"https:\/\/www.educaborras.com\/en\/product\/19210-en\/\",\"name\":\"Puzzle Bal\u00f3n 3D - Educa Borras\",\"isPartOf\":{\"@id\":\"https:\/\/www.educaborras.com\/en\/#website\"},\"primaryImageOfPage\":{\"@id\":\"https:\/\/www.educaborras.com\/en\/product\/19210-en\/#primaryimage\"},\"image\":{\"@id\":\"https:\/\/www.educaborras.com\/en\/product\/19210-en\/#primaryimage\"},\"thumbnailUrl\":\"https:\/\/www.educaborras.com\/wp-content\/uploads\/19210_01_high-11.jpg\",\"datePublished\":\"2025-06-05T09:25:12+00:00\",\"dateModified\":\"2026-04-20T00:30:27+00:00\",\"breadcrumb\":{\"@id\":\"https:\/\/www.educaborras.com\/en\/product\/19210-en\/#breadcrumb\"},\"inLanguage\":\"en-US\",\"potentialAction\":[{\"@type\":\"ReadAction\",\"target\":[\"https:\/\/www.educaborras.com\/en\/product\/19210-en\/\"]}]},{\"@type\":\"ImageObject\",\"inLanguage\":\"en-US\",\"@id\":\"https:\/\/www.educaborras.com\/en\/product\/19210-en\/#primaryimage\",\"url\":\"https:\/\/www.educaborras.com\/wp-content\/uploads\/19210_01_high-11.jpg\",\"contentUrl\":\"https:\/\/www.educaborras.com\/wp-content\/uploads\/19210_01_high-11.jpg\"},{\"@type\":\"BreadcrumbList\",\"@id\":\"https:\/\/www.educaborras.com\/en\/product\/19210-en\/#breadcrumb\",\"itemListElement\":[{\"@type\":\"ListItem\",\"position\":1,\"name\":\"Portada\",\"item\":\"https:\/\/www.educaborras.com\/en\/\"},{\"@type\":\"ListItem\",\"position\":2,\"name\":\"Products\",\"item\":\"https:\/\/www.educaborras.com\/en\/shop\/\"},{\"@type\":\"ListItem\",\"position\":3,\"name\":\"Puzzle Bal\u00f3n 3D\"}]},{\"@type\":\"WebSite\",\"@id\":\"https:\/\/www.educaborras.com\/en\/#website\",\"url\":\"https:\/\/www.educaborras.com\/en\/\",\"name\":\"Educa Borras\",\"description\":\"Educa Borras S.A.U.\",\"publisher\":{\"@id\":\"https:\/\/www.educaborras.com\/en\/#organization\"},\"potentialAction\":[{\"@type\":\"SearchAction\",\"target\":{\"@type\":\"EntryPoint\",\"urlTemplate\":\"https:\/\/www.educaborras.com\/en\/?s={search_term_string}\"},\"query-input\":{\"@type\":\"PropertyValueSpecification\",\"valueRequired\":true,\"valueName\":\"search_term_string\"}}],\"inLanguage\":\"en-US\"},{\"@type\":\"Organization\",\"@id\":\"https:\/\/www.educaborras.com\/en\/#organization\",\"name\":\"Educa Borras\",\"url\":\"https:\/\/www.educaborras.com\/en\/\",\"logo\":{\"@type\":\"ImageObject\",\"inLanguage\":\"en-US\",\"@id\":\"https:\/\/www.educaborras.com\/en\/#\/schema\/logo\/image\/\",\"url\":\"https:\/\/www.educaborras.com\/wp-content\/uploads\/cropped-LOGOS-EDUCA-BORRAS_retina.png\",\"contentUrl\":\"https:\/\/www.educaborras.com\/wp-content\/uploads\/cropped-LOGOS-EDUCA-BORRAS_retina.png\",\"caption\":\"Educa Borras\"},\"image\":{\"@id\":\"https:\/\/www.educaborras.com\/en\/#\/schema\/logo\/image\/\"}}]}<\/script>\n<!-- \/ Yoast SEO plugin. -->","yoast_head_json":{"title":"Puzzle Bal\u00f3n 3D - Educa Borras","robots":{"index":"index","follow":"follow","max-snippet":"max-snippet:-1","max-image-preview":"max-image-preview:large","max-video-preview":"max-video-preview:-1"},"canonical":"https:\/\/www.educaborras.com\/en\/product\/19210-en\/","schema":{"@context":"https:\/\/schema.org","@graph":[{"@type":"WebPage","@id":"https:\/\/www.educaborras.com\/en\/product\/19210-en\/","url":"https:\/\/www.educaborras.com\/en\/product\/19210-en\/","name":"Puzzle Bal\u00f3n 3D - Educa Borras","isPartOf":{"@id":"https:\/\/www.educaborras.com\/en\/#website"},"primaryImageOfPage":{"@id":"https:\/\/www.educaborras.com\/en\/product\/19210-en\/#primaryimage"},"image":{"@id":"https:\/\/www.educaborras.com\/en\/product\/19210-en\/#primaryimage"},"thumbnailUrl":"https:\/\/www.educaborras.com\/wp-content\/uploads\/19210_01_high-11.jpg","datePublished":"2025-06-05T09:25:12+00:00","dateModified":"2026-04-20T00:30:27+00:00","breadcrumb":{"@id":"https:\/\/www.educaborras.com\/en\/product\/19210-en\/#breadcrumb"},"inLanguage":"en-US","potentialAction":[{"@type":"ReadAction","target":["https:\/\/www.educaborras.com\/en\/product\/19210-en\/"]}]},{"@type":"ImageObject","inLanguage":"en-US","@id":"https:\/\/www.educaborras.com\/en\/product\/19210-en\/#primaryimage","url":"https:\/\/www.educaborras.com\/wp-content\/uploads\/19210_01_high-11.jpg","contentUrl":"https:\/\/www.educaborras.com\/wp-content\/uploads\/19210_01_high-11.jpg"},{"@type":"BreadcrumbList","@id":"https:\/\/www.educaborras.com\/en\/product\/19210-en\/#breadcrumb","itemListElement":[{"@type":"ListItem","position":1,"name":"Portada","item":"https:\/\/www.educaborras.com\/en\/"},{"@type":"ListItem","position":2,"name":"Products","item":"https:\/\/www.educaborras.com\/en\/shop\/"},{"@type":"ListItem","position":3,"name":"Puzzle Bal\u00f3n 3D"}]},{"@type":"WebSite","@id":"https:\/\/www.educaborras.com\/en\/#website","url":"https:\/\/www.educaborras.com\/en\/","name":"Educa Borras","description":"Educa Borras S.A.U.","publisher":{"@id":"https:\/\/www.educaborras.com\/en\/#organization"},"potentialAction":[{"@type":"SearchAction","target":{"@type":"EntryPoint","urlTemplate":"https:\/\/www.educaborras.com\/en\/?s={search_term_string}"},"query-input":{"@type":"PropertyValueSpecification","valueRequired":true,"valueName":"search_term_string"}}],"inLanguage":"en-US"},{"@type":"Organization","@id":"https:\/\/www.educaborras.com\/en\/#organization","name":"Educa Borras","url":"https:\/\/www.educaborras.com\/en\/","logo":{"@type":"ImageObject","inLanguage":"en-US","@id":"https:\/\/www.educaborras.com\/en\/#\/schema\/logo\/image\/","url":"https:\/\/www.educaborras.com\/wp-content\/uploads\/cropped-LOGOS-EDUCA-BORRAS_retina.png","contentUrl":"https:\/\/www.educaborras.com\/wp-content\/uploads\/cropped-LOGOS-EDUCA-BORRAS_retina.png","caption":"Educa Borras"},"image":{"@id":"https:\/\/www.educaborras.com\/en\/#\/schema\/logo\/image\/"}}]}},"_links":{"self":[{"href":"https:\/\/www.educaborras.com\/en\/wp-json\/wp\/v2\/product\/248768","targetHints":{"allow":["GET"]}}],"collection":[{"href":"https:\/\/www.educaborras.com\/en\/wp-json\/wp\/v2\/product"}],"about":[{"href":"https:\/\/www.educaborras.com\/en\/wp-json\/wp\/v2\/types\/product"}],"wp:featuredmedia":[{"embeddable":true,"href":"https:\/\/www.educaborras.com\/en\/wp-json\/wp\/v2\/media\/170269"}],"wp:attachment":[{"href":"https:\/\/www.educaborras.com\/en\/wp-json\/wp\/v2\/media?parent=248768"}],"wp:term":[{"taxonomy":"product_brand","embeddable":true,"href":"https:\/\/www.educaborras.com\/en\/wp-json\/wp\/v2\/product_brand?post=248768"},{"taxonomy":"product_cat","embeddable":true,"href":"https:\/\/www.educaborras.com\/en\/wp-json\/wp\/v2\/product_cat?post=248768"},{"taxonomy":"product_tag","embeddable":true,"href":"https:\/\/www.educaborras.com\/en\/wp-json\/wp\/v2\/product_tag?post=248768"}],"curies":[{"name":"wp","href":"https:\/\/api.w.org\/{rel}","templated":true}]}}