{"id":260397,"date":"2026-04-02T03:21:38","date_gmt":"2026-04-02T01:21:38","guid":{"rendered":"https:\/\/www.educaborras.com\/product\/19826-ca-166\/"},"modified":"2026-04-02T03:21:38","modified_gmt":"2026-04-02T01:21:38","slug":"19826-ca-166","status":"publish","type":"product","link":"https:\/\/www.educaborras.com\/ca\/producte\/19826-ca-166\/","title":{"rendered":"Fashion Designer Monster High"},"content":{"rendered":"<p>Crea els teus dissenys de Monster High amb la taula de llum, pinta&#8217;ls i decora&#8217;ls amb els adhesius! Cont\u00e9: 1 taula de llum, 1 llibret de 32 p\u00e0gines amb models, patrons i instruccions, 1 llapis, 1 fulla amb adhesius, 5 peanyes negres, 4 figures cartr\u00f3 de Monster High i l&#8217;interior del packaging es transforma en una passarel\u00b7la. Requereix 3 piles AAA (no incloses). A partir de 5 anys.<\/p>\n","protected":false},"excerpt":{"rendered":"<p>Crea els teus dissenys de Monster High amb la taula de llum, pinta&#8217;ls i decora&#8217;ls amb els adhesius! Desfila els teus models amb les figures de Monster High a la seva passarel\u00b7la.<\/p>\n","protected":false},"featured_media":118466,"template":"","meta":{"_acf_changed":false},"product_brand":[],"product_cat":[73481,73218],"product_tag":[77216,74307,74160,74161,77217,77218,77219,76272,77220,76449,75637,77221,74338,77222,77223,77224],"class_list":{"0":"post-260397","1":"product","2":"type-product","3":"status-publish","4":"has-post-thumbnail","6":"product_cat-artistics-ca","7":"product_cat-manualitats-i-artistics","8":"product_tag-16229-ca","9":"product_tag-borras-ca","10":"product_tag-educa-ca","11":"product_tag-educa-borras-ca","12":"product_tag-educa-superpack-peppa-pig-ca","13":"product_tag-educaborras-ca","14":"product_tag-pack-ca","15":"product_tag-peppa-pig-ca","16":"product_tag-peppaeduca-superpack-peppa-pig-ca","17":"product_tag-pig-ca","18":"product_tag-puzle-ca","19":"product_tag-puzzles-ca","20":"product_tag-rompecabezas-ca","21":"product_tag-super-ca","22":"product_tag-super-pack-ca","23":"product_tag-superpack-ca","25":"first","26":"instock","27":"shipping-taxable","28":"product-type-simple"},"acf":[],"yoast_head":"<!-- This site is optimized with the Yoast SEO plugin v27.1.1 - https:\/\/yoast.com\/product\/yoast-seo-wordpress\/ -->\n<title>Fashion Designer Monster High - Educa Borras<\/title>\n<meta name=\"robots\" content=\"index, follow, max-snippet:-1, max-image-preview:large, max-video-preview:-1\" \/>\n<link rel=\"canonical\" href=\"https:\/\/www.educaborras.com\/ca\/producte\/19826-ca-166\/\" \/>\n<script type=\"application\/ld+json\" class=\"yoast-schema-graph\">{\"@context\":\"https:\/\/schema.org\",\"@graph\":[{\"@type\":\"WebPage\",\"@id\":\"https:\/\/www.educaborras.com\/ca\/producte\/19826-ca-166\/\",\"url\":\"https:\/\/www.educaborras.com\/ca\/producte\/19826-ca-166\/\",\"name\":\"Fashion Designer Monster High - Educa Borras\",\"isPartOf\":{\"@id\":\"https:\/\/www.educaborras.com\/ca\/#website\"},\"primaryImageOfPage\":{\"@id\":\"https:\/\/www.educaborras.com\/ca\/producte\/19826-ca-166\/#primaryimage\"},\"image\":{\"@id\":\"https:\/\/www.educaborras.com\/ca\/producte\/19826-ca-166\/#primaryimage\"},\"thumbnailUrl\":\"https:\/\/www.educaborras.com\/wp-content\/uploads\/20137_01_high.jpg\",\"datePublished\":\"2026-04-02T01:21:38+00:00\",\"breadcrumb\":{\"@id\":\"https:\/\/www.educaborras.com\/ca\/producte\/19826-ca-166\/#breadcrumb\"},\"inLanguage\":\"ca\",\"potentialAction\":[{\"@type\":\"ReadAction\",\"target\":[\"https:\/\/www.educaborras.com\/ca\/producte\/19826-ca-166\/\"]}]},{\"@type\":\"ImageObject\",\"inLanguage\":\"ca\",\"@id\":\"https:\/\/www.educaborras.com\/ca\/producte\/19826-ca-166\/#primaryimage\",\"url\":\"https:\/\/www.educaborras.com\/wp-content\/uploads\/20137_01_high.jpg\",\"contentUrl\":\"https:\/\/www.educaborras.com\/wp-content\/uploads\/20137_01_high.jpg\",\"width\":3000,\"height\":3000,\"caption\":\"LigaF. El Juego 2024-2025\"},{\"@type\":\"BreadcrumbList\",\"@id\":\"https:\/\/www.educaborras.com\/ca\/producte\/19826-ca-166\/#breadcrumb\",\"itemListElement\":[{\"@type\":\"ListItem\",\"position\":1,\"name\":\"Portada\",\"item\":\"https:\/\/www.educaborras.com\/ca\/\"},{\"@type\":\"ListItem\",\"position\":2,\"name\":\"Productes\",\"item\":\"https:\/\/www.educaborras.com\/ca\/shop\/\"},{\"@type\":\"ListItem\",\"position\":3,\"name\":\"Fashion Designer Monster High\"}]},{\"@type\":\"WebSite\",\"@id\":\"https:\/\/www.educaborras.com\/ca\/#website\",\"url\":\"https:\/\/www.educaborras.com\/ca\/\",\"name\":\"Educa Borras\",\"description\":\"\",\"publisher\":{\"@id\":\"https:\/\/www.educaborras.com\/ca\/#organization\"},\"potentialAction\":[{\"@type\":\"SearchAction\",\"target\":{\"@type\":\"EntryPoint\",\"urlTemplate\":\"https:\/\/www.educaborras.com\/ca\/?s={search_term_string}\"},\"query-input\":{\"@type\":\"PropertyValueSpecification\",\"valueRequired\":true,\"valueName\":\"search_term_string\"}}],\"inLanguage\":\"ca\"},{\"@type\":\"Organization\",\"@id\":\"https:\/\/www.educaborras.com\/ca\/#organization\",\"name\":\"Educa Borras\",\"url\":\"https:\/\/www.educaborras.com\/ca\/\",\"logo\":{\"@type\":\"ImageObject\",\"inLanguage\":\"ca\",\"@id\":\"https:\/\/www.educaborras.com\/ca\/#\/schema\/logo\/image\/\",\"url\":\"https:\/\/www.educaborras.com\/wp-content\/uploads\/cropped-LOGOS-EDUCA-BORRAS_retina.png\",\"contentUrl\":\"https:\/\/www.educaborras.com\/wp-content\/uploads\/cropped-LOGOS-EDUCA-BORRAS_retina.png\",\"caption\":\"Educa Borras\"},\"image\":{\"@id\":\"https:\/\/www.educaborras.com\/ca\/#\/schema\/logo\/image\/\"}}]}<\/script>\n<!-- \/ Yoast SEO plugin. -->","yoast_head_json":{"title":"Fashion Designer Monster High - Educa Borras","robots":{"index":"index","follow":"follow","max-snippet":"max-snippet:-1","max-image-preview":"max-image-preview:large","max-video-preview":"max-video-preview:-1"},"canonical":"https:\/\/www.educaborras.com\/ca\/producte\/19826-ca-166\/","schema":{"@context":"https:\/\/schema.org","@graph":[{"@type":"WebPage","@id":"https:\/\/www.educaborras.com\/ca\/producte\/19826-ca-166\/","url":"https:\/\/www.educaborras.com\/ca\/producte\/19826-ca-166\/","name":"Fashion Designer Monster High - Educa Borras","isPartOf":{"@id":"https:\/\/www.educaborras.com\/ca\/#website"},"primaryImageOfPage":{"@id":"https:\/\/www.educaborras.com\/ca\/producte\/19826-ca-166\/#primaryimage"},"image":{"@id":"https:\/\/www.educaborras.com\/ca\/producte\/19826-ca-166\/#primaryimage"},"thumbnailUrl":"https:\/\/www.educaborras.com\/wp-content\/uploads\/20137_01_high.jpg","datePublished":"2026-04-02T01:21:38+00:00","breadcrumb":{"@id":"https:\/\/www.educaborras.com\/ca\/producte\/19826-ca-166\/#breadcrumb"},"inLanguage":"ca","potentialAction":[{"@type":"ReadAction","target":["https:\/\/www.educaborras.com\/ca\/producte\/19826-ca-166\/"]}]},{"@type":"ImageObject","inLanguage":"ca","@id":"https:\/\/www.educaborras.com\/ca\/producte\/19826-ca-166\/#primaryimage","url":"https:\/\/www.educaborras.com\/wp-content\/uploads\/20137_01_high.jpg","contentUrl":"https:\/\/www.educaborras.com\/wp-content\/uploads\/20137_01_high.jpg","width":3000,"height":3000,"caption":"LigaF. El Juego 2024-2025"},{"@type":"BreadcrumbList","@id":"https:\/\/www.educaborras.com\/ca\/producte\/19826-ca-166\/#breadcrumb","itemListElement":[{"@type":"ListItem","position":1,"name":"Portada","item":"https:\/\/www.educaborras.com\/ca\/"},{"@type":"ListItem","position":2,"name":"Productes","item":"https:\/\/www.educaborras.com\/ca\/shop\/"},{"@type":"ListItem","position":3,"name":"Fashion Designer Monster High"}]},{"@type":"WebSite","@id":"https:\/\/www.educaborras.com\/ca\/#website","url":"https:\/\/www.educaborras.com\/ca\/","name":"Educa Borras","description":"","publisher":{"@id":"https:\/\/www.educaborras.com\/ca\/#organization"},"potentialAction":[{"@type":"SearchAction","target":{"@type":"EntryPoint","urlTemplate":"https:\/\/www.educaborras.com\/ca\/?s={search_term_string}"},"query-input":{"@type":"PropertyValueSpecification","valueRequired":true,"valueName":"search_term_string"}}],"inLanguage":"ca"},{"@type":"Organization","@id":"https:\/\/www.educaborras.com\/ca\/#organization","name":"Educa Borras","url":"https:\/\/www.educaborras.com\/ca\/","logo":{"@type":"ImageObject","inLanguage":"ca","@id":"https:\/\/www.educaborras.com\/ca\/#\/schema\/logo\/image\/","url":"https:\/\/www.educaborras.com\/wp-content\/uploads\/cropped-LOGOS-EDUCA-BORRAS_retina.png","contentUrl":"https:\/\/www.educaborras.com\/wp-content\/uploads\/cropped-LOGOS-EDUCA-BORRAS_retina.png","caption":"Educa Borras"},"image":{"@id":"https:\/\/www.educaborras.com\/ca\/#\/schema\/logo\/image\/"}}]}},"_links":{"self":[{"href":"https:\/\/www.educaborras.com\/ca\/wp-json\/wp\/v2\/product\/260397","targetHints":{"allow":["GET"]}}],"collection":[{"href":"https:\/\/www.educaborras.com\/ca\/wp-json\/wp\/v2\/product"}],"about":[{"href":"https:\/\/www.educaborras.com\/ca\/wp-json\/wp\/v2\/types\/product"}],"wp:featuredmedia":[{"embeddable":true,"href":"https:\/\/www.educaborras.com\/ca\/wp-json\/wp\/v2\/media\/118466"}],"wp:attachment":[{"href":"https:\/\/www.educaborras.com\/ca\/wp-json\/wp\/v2\/media?parent=260397"}],"wp:term":[{"taxonomy":"product_brand","embeddable":true,"href":"https:\/\/www.educaborras.com\/ca\/wp-json\/wp\/v2\/product_brand?post=260397"},{"taxonomy":"product_cat","embeddable":true,"href":"https:\/\/www.educaborras.com\/ca\/wp-json\/wp\/v2\/product_cat?post=260397"},{"taxonomy":"product_tag","embeddable":true,"href":"https:\/\/www.educaborras.com\/ca\/wp-json\/wp\/v2\/product_tag?post=260397"}],"curies":[{"name":"wp","href":"https:\/\/api.w.org\/{rel}","templated":true}]}}