{"id":253964,"date":"2025-11-13T03:27:56","date_gmt":"2025-11-13T01:27:56","guid":{"rendered":"https:\/\/www.educaborras.com\/product\/20137-ca-2\/"},"modified":"2025-11-13T03:27:56","modified_gmt":"2025-11-13T01:27:56","slug":"20137-ca-2","status":"publish","type":"product","link":"https:\/\/www.educaborras.com\/ca\/producte\/20137-ca-2\/","title":{"rendered":"LigaF. El Juego 2024-2025"},"content":{"rendered":"<p>Nou joc de LigaF, El joc en que et converteixes en manager del millor equip del m\u00f3n. Recolza els teus equips femenins favorits. Compra i ven jugadores! Crea el teu propi equip amb els millors jugadores del m\u00f3n! Guanya LigaF! El joc per als apassionats del futbol femen\u00ed. Nou tauler amb mercat de fitxatges i caselles actualitzades. 6 sistemes de joc cl\u00e0ssics del futbol. Noves cartes adaptades al futbol modern. Cartes de futbolistes redissenyats amb habilitats especials, cartes gold i silver.<\/p>\n","protected":false},"excerpt":{"rendered":"<p>Nou joc de Liga F, El joc en que et converteixes en manager del millor equip del m\u00f3n. Recolza els teus equips femenins favorits. Compra i ven jugadores! Crea el teu equip amb els millors jugadores del m\u00f3n!<\/p>\n","protected":false},"featured_media":118466,"template":"","meta":{"_acf_changed":false},"product_brand":[],"product_cat":[73223],"product_tag":[75620,77720,77722,77725,77724,77717,77723,73990,73993,74142,74151,74141,74148,74145,74143,77721,77719,75621,77718,73995,74150,74146,74149,74144,74152,74147],"class_list":{"0":"post-253964","1":"product","2":"type-product","3":"status-publish","4":"has-post-thumbnail","6":"product_cat-producte-descatalogat","7":"product_tag-75620","8":"product_tag-1000-el-mon","9":"product_tag-1000-le-monde","10":"product_tag-1000-mapamundi-miniature","11":"product_tag-1000-political-map-of-the-world-miniature","12":"product_tag-77717","13":"product_tag-carte-politique-miniature","14":"product_tag-educa","15":"product_tag-educa-borras","16":"product_tag-educa-borras-puzzle","17":"product_tag-educa-miniature","18":"product_tag-educa-puzzle","19":"product_tag-educa-puzzle-miniature","20":"product_tag-educa-puzzle-passion","21":"product_tag-educa-puzzles","22":"product_tag-mapa-politic-miniature","23":"product_tag-mapa-politico-miniature","24":"product_tag-mapamundi","25":"product_tag-miniature1000-el-mundo","26":"product_tag-puzzle","27":"product_tag-puzzle-mil-pieces-miniature","28":"product_tag-puzzle-miniature","29":"product_tag-puzzle-miniature-educa","30":"product_tag-puzzle-passion","31":"product_tag-puzzle-pecas-pequenas","32":"product_tag-puzzle-plus-petit","34":"first","35":"instock","36":"shipping-taxable","37":"product-type-simple"},"acf":[],"yoast_head":"<!-- This site is optimized with the Yoast SEO plugin v27.1.1 - https:\/\/yoast.com\/product\/yoast-seo-wordpress\/ -->\n<title>LigaF. El Juego 2024-2025 - Educa Borras<\/title>\n<meta name=\"robots\" content=\"index, follow, max-snippet:-1, max-image-preview:large, max-video-preview:-1\" \/>\n<link rel=\"canonical\" href=\"https:\/\/www.educaborras.com\/ca\/producte\/20137-ca-2\/\" \/>\n<script type=\"application\/ld+json\" class=\"yoast-schema-graph\">{\"@context\":\"https:\/\/schema.org\",\"@graph\":[{\"@type\":\"WebPage\",\"@id\":\"https:\/\/www.educaborras.com\/ca\/producte\/20137-ca-2\/\",\"url\":\"https:\/\/www.educaborras.com\/ca\/producte\/20137-ca-2\/\",\"name\":\"LigaF. El Juego 2024-2025 - Educa Borras\",\"isPartOf\":{\"@id\":\"https:\/\/www.educaborras.com\/ca\/#website\"},\"primaryImageOfPage\":{\"@id\":\"https:\/\/www.educaborras.com\/ca\/producte\/20137-ca-2\/#primaryimage\"},\"image\":{\"@id\":\"https:\/\/www.educaborras.com\/ca\/producte\/20137-ca-2\/#primaryimage\"},\"thumbnailUrl\":\"https:\/\/www.educaborras.com\/wp-content\/uploads\/20137_01_high.jpg\",\"datePublished\":\"2025-11-13T01:27:56+00:00\",\"breadcrumb\":{\"@id\":\"https:\/\/www.educaborras.com\/ca\/producte\/20137-ca-2\/#breadcrumb\"},\"inLanguage\":\"ca\",\"potentialAction\":[{\"@type\":\"ReadAction\",\"target\":[\"https:\/\/www.educaborras.com\/ca\/producte\/20137-ca-2\/\"]}]},{\"@type\":\"ImageObject\",\"inLanguage\":\"ca\",\"@id\":\"https:\/\/www.educaborras.com\/ca\/producte\/20137-ca-2\/#primaryimage\",\"url\":\"https:\/\/www.educaborras.com\/wp-content\/uploads\/20137_01_high.jpg\",\"contentUrl\":\"https:\/\/www.educaborras.com\/wp-content\/uploads\/20137_01_high.jpg\",\"width\":3000,\"height\":3000,\"caption\":\"LigaF. El Juego 2024-2025\"},{\"@type\":\"BreadcrumbList\",\"@id\":\"https:\/\/www.educaborras.com\/ca\/producte\/20137-ca-2\/#breadcrumb\",\"itemListElement\":[{\"@type\":\"ListItem\",\"position\":1,\"name\":\"Portada\",\"item\":\"https:\/\/www.educaborras.com\/ca\/\"},{\"@type\":\"ListItem\",\"position\":2,\"name\":\"Productes\",\"item\":\"https:\/\/www.educaborras.com\/ca\/shop\/\"},{\"@type\":\"ListItem\",\"position\":3,\"name\":\"LigaF. El Juego 2024-2025\"}]},{\"@type\":\"WebSite\",\"@id\":\"https:\/\/www.educaborras.com\/ca\/#website\",\"url\":\"https:\/\/www.educaborras.com\/ca\/\",\"name\":\"Educa Borras\",\"description\":\"\",\"publisher\":{\"@id\":\"https:\/\/www.educaborras.com\/ca\/#organization\"},\"potentialAction\":[{\"@type\":\"SearchAction\",\"target\":{\"@type\":\"EntryPoint\",\"urlTemplate\":\"https:\/\/www.educaborras.com\/ca\/?s={search_term_string}\"},\"query-input\":{\"@type\":\"PropertyValueSpecification\",\"valueRequired\":true,\"valueName\":\"search_term_string\"}}],\"inLanguage\":\"ca\"},{\"@type\":\"Organization\",\"@id\":\"https:\/\/www.educaborras.com\/ca\/#organization\",\"name\":\"Educa Borras\",\"url\":\"https:\/\/www.educaborras.com\/ca\/\",\"logo\":{\"@type\":\"ImageObject\",\"inLanguage\":\"ca\",\"@id\":\"https:\/\/www.educaborras.com\/ca\/#\/schema\/logo\/image\/\",\"url\":\"https:\/\/www.educaborras.com\/wp-content\/uploads\/cropped-LOGOS-EDUCA-BORRAS_retina.png\",\"contentUrl\":\"https:\/\/www.educaborras.com\/wp-content\/uploads\/cropped-LOGOS-EDUCA-BORRAS_retina.png\",\"caption\":\"Educa Borras\"},\"image\":{\"@id\":\"https:\/\/www.educaborras.com\/ca\/#\/schema\/logo\/image\/\"}}]}<\/script>\n<!-- \/ Yoast SEO plugin. -->","yoast_head_json":{"title":"LigaF. El Juego 2024-2025 - Educa Borras","robots":{"index":"index","follow":"follow","max-snippet":"max-snippet:-1","max-image-preview":"max-image-preview:large","max-video-preview":"max-video-preview:-1"},"canonical":"https:\/\/www.educaborras.com\/ca\/producte\/20137-ca-2\/","schema":{"@context":"https:\/\/schema.org","@graph":[{"@type":"WebPage","@id":"https:\/\/www.educaborras.com\/ca\/producte\/20137-ca-2\/","url":"https:\/\/www.educaborras.com\/ca\/producte\/20137-ca-2\/","name":"LigaF. El Juego 2024-2025 - Educa Borras","isPartOf":{"@id":"https:\/\/www.educaborras.com\/ca\/#website"},"primaryImageOfPage":{"@id":"https:\/\/www.educaborras.com\/ca\/producte\/20137-ca-2\/#primaryimage"},"image":{"@id":"https:\/\/www.educaborras.com\/ca\/producte\/20137-ca-2\/#primaryimage"},"thumbnailUrl":"https:\/\/www.educaborras.com\/wp-content\/uploads\/20137_01_high.jpg","datePublished":"2025-11-13T01:27:56+00:00","breadcrumb":{"@id":"https:\/\/www.educaborras.com\/ca\/producte\/20137-ca-2\/#breadcrumb"},"inLanguage":"ca","potentialAction":[{"@type":"ReadAction","target":["https:\/\/www.educaborras.com\/ca\/producte\/20137-ca-2\/"]}]},{"@type":"ImageObject","inLanguage":"ca","@id":"https:\/\/www.educaborras.com\/ca\/producte\/20137-ca-2\/#primaryimage","url":"https:\/\/www.educaborras.com\/wp-content\/uploads\/20137_01_high.jpg","contentUrl":"https:\/\/www.educaborras.com\/wp-content\/uploads\/20137_01_high.jpg","width":3000,"height":3000,"caption":"LigaF. El Juego 2024-2025"},{"@type":"BreadcrumbList","@id":"https:\/\/www.educaborras.com\/ca\/producte\/20137-ca-2\/#breadcrumb","itemListElement":[{"@type":"ListItem","position":1,"name":"Portada","item":"https:\/\/www.educaborras.com\/ca\/"},{"@type":"ListItem","position":2,"name":"Productes","item":"https:\/\/www.educaborras.com\/ca\/shop\/"},{"@type":"ListItem","position":3,"name":"LigaF. El Juego 2024-2025"}]},{"@type":"WebSite","@id":"https:\/\/www.educaborras.com\/ca\/#website","url":"https:\/\/www.educaborras.com\/ca\/","name":"Educa Borras","description":"","publisher":{"@id":"https:\/\/www.educaborras.com\/ca\/#organization"},"potentialAction":[{"@type":"SearchAction","target":{"@type":"EntryPoint","urlTemplate":"https:\/\/www.educaborras.com\/ca\/?s={search_term_string}"},"query-input":{"@type":"PropertyValueSpecification","valueRequired":true,"valueName":"search_term_string"}}],"inLanguage":"ca"},{"@type":"Organization","@id":"https:\/\/www.educaborras.com\/ca\/#organization","name":"Educa Borras","url":"https:\/\/www.educaborras.com\/ca\/","logo":{"@type":"ImageObject","inLanguage":"ca","@id":"https:\/\/www.educaborras.com\/ca\/#\/schema\/logo\/image\/","url":"https:\/\/www.educaborras.com\/wp-content\/uploads\/cropped-LOGOS-EDUCA-BORRAS_retina.png","contentUrl":"https:\/\/www.educaborras.com\/wp-content\/uploads\/cropped-LOGOS-EDUCA-BORRAS_retina.png","caption":"Educa Borras"},"image":{"@id":"https:\/\/www.educaborras.com\/ca\/#\/schema\/logo\/image\/"}}]}},"_links":{"self":[{"href":"https:\/\/www.educaborras.com\/ca\/wp-json\/wp\/v2\/product\/253964","targetHints":{"allow":["GET"]}}],"collection":[{"href":"https:\/\/www.educaborras.com\/ca\/wp-json\/wp\/v2\/product"}],"about":[{"href":"https:\/\/www.educaborras.com\/ca\/wp-json\/wp\/v2\/types\/product"}],"wp:featuredmedia":[{"embeddable":true,"href":"https:\/\/www.educaborras.com\/ca\/wp-json\/wp\/v2\/media\/118466"}],"wp:attachment":[{"href":"https:\/\/www.educaborras.com\/ca\/wp-json\/wp\/v2\/media?parent=253964"}],"wp:term":[{"taxonomy":"product_brand","embeddable":true,"href":"https:\/\/www.educaborras.com\/ca\/wp-json\/wp\/v2\/product_brand?post=253964"},{"taxonomy":"product_cat","embeddable":true,"href":"https:\/\/www.educaborras.com\/ca\/wp-json\/wp\/v2\/product_cat?post=253964"},{"taxonomy":"product_tag","embeddable":true,"href":"https:\/\/www.educaborras.com\/ca\/wp-json\/wp\/v2\/product_tag?post=253964"}],"curies":[{"name":"wp","href":"https:\/\/api.w.org\/{rel}","templated":true}]}}