{"id":253465,"date":"2025-11-06T11:08:28","date_gmt":"2025-11-06T09:08:28","guid":{"rendered":"https:\/\/www.educaborras.com\/product\/20418-ca\/"},"modified":"2026-04-12T03:05:36","modified_gmt":"2026-04-12T01:05:36","slug":"20418-ca","status":"publish","type":"product","link":"https:\/\/www.educaborras.com\/ca\/producte\/20418-ca\/","title":{"rendered":"Puzzle Battle Dragon Ball Z"},"content":{"rendered":"<p>Educa\u00ae t&#8217;ofereix la col\u00b7lecci\u00f3 de jocs de Puzles battle Dragon Ball Z m\u00e9s completa del mercat, amb les millors imatges. Cont\u00e9 12 puzles de 42 peces (504 peces), 12 cartes d&#8217;imatge, instruccions<\/p>\n","protected":false},"excerpt":{"rendered":"<p>Educa\u00ae t&#8217;ofereix el nou jugo Puzles battle Dragon Ball Z m\u00e9s complet del mercat, amb les millors imatges.<\/p>\n","protected":false},"featured_media":251817,"template":"","meta":{"_acf_changed":false},"product_brand":[],"product_cat":[73210,73244],"product_tag":[74334,74331,84633,80346,79471,81750,74160,73990,74162,74142,80182,82288,84634,80348,78869,80629,74332,74337,74461,74437,82349,80353,74438,74462,74463,74439,73995,74038,84635,80358,84636,80360,80350,84637,82291,80356,74144,74172,80355,82292,73997,74338,80364,84638,80347,82296,84639,80362],"class_list":{"0":"post-253465","1":"product","2":"type-product","3":"status-publish","4":"has-post-thumbnail","6":"product_cat-jocs-de-taula","7":"product_cat-puzzle-battle-ca","8":"product_tag-piezas-ca","9":"product_tag-piezas","10":"product_tag-20418-ca","11":"product_tag-80346","12":"product_tag-dragon-ball","13":"product_tag-dragon-ball-ca","14":"product_tag-educa-ca","15":"product_tag-educa","16":"product_tag-educa-borras-puzzle-ca","17":"product_tag-educa-borras-puzzle","18":"product_tag-jigsaw","19":"product_tag-jigsaw-ca","20":"product_tag-jigsaw-puzzle-battle-ca","21":"product_tag-jigsaw-puzzle-battle","22":"product_tag-juego-de-mesa","23":"product_tag-juego-de-mesa-ca","24":"product_tag-peca","25":"product_tag-peca-ca","26":"product_tag-peces-ca","27":"product_tag-peces","28":"product_tag-picce-ca","29":"product_tag-picce","30":"product_tag-piece","31":"product_tag-piece-ca","32":"product_tag-pieces-ca","33":"product_tag-pieces","34":"product_tag-puzzle","35":"product_tag-puzzle-ca","36":"product_tag-puzzle-battle-art-ca","37":"product_tag-puzzle-battle-art","38":"product_tag-puzzle-battle-arte-ca","39":"product_tag-puzzle-battle-arte","40":"product_tag-puzzle-juego","41":"product_tag-puzzle-juego-ca","42":"product_tag-puzzle-pasion-ca","43":"product_tag-puzzle-pasion","44":"product_tag-puzzle-passion","45":"product_tag-puzzle-passion-ca","46":"product_tag-puzzlemania","47":"product_tag-puzzlemania-ca","48":"product_tag-rompecabezas","49":"product_tag-rompecabezas-ca","50":"product_tag-son-goku","51":"product_tag-son-goku-ca","52":"product_tag-trencaclosques","53":"product_tag-trencaclosques-ca","54":"product_tag-vegetta-ca","55":"product_tag-vegetta","57":"first","58":"instock","59":"shipping-taxable","60":"product-type-simple"},"acf":[],"yoast_head":"<!-- This site is optimized with the Yoast SEO plugin v27.1.1 - https:\/\/yoast.com\/product\/yoast-seo-wordpress\/ -->\n<title>Puzzle Battle Dragon Ball Z - Educa Borras<\/title>\n<meta name=\"robots\" content=\"index, follow, max-snippet:-1, max-image-preview:large, max-video-preview:-1\" \/>\n<link rel=\"canonical\" href=\"https:\/\/www.educaborras.com\/ca\/producte\/20418-ca\/\" \/>\n<script type=\"application\/ld+json\" class=\"yoast-schema-graph\">{\"@context\":\"https:\/\/schema.org\",\"@graph\":[{\"@type\":\"WebPage\",\"@id\":\"https:\/\/www.educaborras.com\/ca\/producte\/20418-ca\/\",\"url\":\"https:\/\/www.educaborras.com\/ca\/producte\/20418-ca\/\",\"name\":\"Puzzle Battle Dragon Ball Z - Educa Borras\",\"isPartOf\":{\"@id\":\"https:\/\/www.educaborras.com\/ca\/#website\"},\"primaryImageOfPage\":{\"@id\":\"https:\/\/www.educaborras.com\/ca\/producte\/20418-ca\/#primaryimage\"},\"image\":{\"@id\":\"https:\/\/www.educaborras.com\/ca\/producte\/20418-ca\/#primaryimage\"},\"thumbnailUrl\":\"https:\/\/www.educaborras.com\/wp-content\/uploads\/20418_01_high.jpg\",\"datePublished\":\"2025-11-06T09:08:28+00:00\",\"dateModified\":\"2026-04-12T01:05:36+00:00\",\"breadcrumb\":{\"@id\":\"https:\/\/www.educaborras.com\/ca\/producte\/20418-ca\/#breadcrumb\"},\"inLanguage\":\"ca\",\"potentialAction\":[{\"@type\":\"ReadAction\",\"target\":[\"https:\/\/www.educaborras.com\/ca\/producte\/20418-ca\/\"]}]},{\"@type\":\"ImageObject\",\"inLanguage\":\"ca\",\"@id\":\"https:\/\/www.educaborras.com\/ca\/producte\/20418-ca\/#primaryimage\",\"url\":\"https:\/\/www.educaborras.com\/wp-content\/uploads\/20418_01_high.jpg\",\"contentUrl\":\"https:\/\/www.educaborras.com\/wp-content\/uploads\/20418_01_high.jpg\",\"width\":2400,\"height\":2400,\"caption\":\"Puzzle Battle Dragon Ball Z\"},{\"@type\":\"BreadcrumbList\",\"@id\":\"https:\/\/www.educaborras.com\/ca\/producte\/20418-ca\/#breadcrumb\",\"itemListElement\":[{\"@type\":\"ListItem\",\"position\":1,\"name\":\"Portada\",\"item\":\"https:\/\/www.educaborras.com\/ca\/\"},{\"@type\":\"ListItem\",\"position\":2,\"name\":\"Productes\",\"item\":\"https:\/\/www.educaborras.com\/ca\/shop\/\"},{\"@type\":\"ListItem\",\"position\":3,\"name\":\"Puzzle Battle Dragon Ball Z\"}]},{\"@type\":\"WebSite\",\"@id\":\"https:\/\/www.educaborras.com\/ca\/#website\",\"url\":\"https:\/\/www.educaborras.com\/ca\/\",\"name\":\"Educa Borras\",\"description\":\"\",\"publisher\":{\"@id\":\"https:\/\/www.educaborras.com\/ca\/#organization\"},\"potentialAction\":[{\"@type\":\"SearchAction\",\"target\":{\"@type\":\"EntryPoint\",\"urlTemplate\":\"https:\/\/www.educaborras.com\/ca\/?s={search_term_string}\"},\"query-input\":{\"@type\":\"PropertyValueSpecification\",\"valueRequired\":true,\"valueName\":\"search_term_string\"}}],\"inLanguage\":\"ca\"},{\"@type\":\"Organization\",\"@id\":\"https:\/\/www.educaborras.com\/ca\/#organization\",\"name\":\"Educa Borras\",\"url\":\"https:\/\/www.educaborras.com\/ca\/\",\"logo\":{\"@type\":\"ImageObject\",\"inLanguage\":\"ca\",\"@id\":\"https:\/\/www.educaborras.com\/ca\/#\/schema\/logo\/image\/\",\"url\":\"https:\/\/www.educaborras.com\/wp-content\/uploads\/cropped-LOGOS-EDUCA-BORRAS_retina.png\",\"contentUrl\":\"https:\/\/www.educaborras.com\/wp-content\/uploads\/cropped-LOGOS-EDUCA-BORRAS_retina.png\",\"caption\":\"Educa Borras\"},\"image\":{\"@id\":\"https:\/\/www.educaborras.com\/ca\/#\/schema\/logo\/image\/\"}}]}<\/script>\n<!-- \/ Yoast SEO plugin. -->","yoast_head_json":{"title":"Puzzle Battle Dragon Ball Z - Educa Borras","robots":{"index":"index","follow":"follow","max-snippet":"max-snippet:-1","max-image-preview":"max-image-preview:large","max-video-preview":"max-video-preview:-1"},"canonical":"https:\/\/www.educaborras.com\/ca\/producte\/20418-ca\/","schema":{"@context":"https:\/\/schema.org","@graph":[{"@type":"WebPage","@id":"https:\/\/www.educaborras.com\/ca\/producte\/20418-ca\/","url":"https:\/\/www.educaborras.com\/ca\/producte\/20418-ca\/","name":"Puzzle Battle Dragon Ball Z - Educa Borras","isPartOf":{"@id":"https:\/\/www.educaborras.com\/ca\/#website"},"primaryImageOfPage":{"@id":"https:\/\/www.educaborras.com\/ca\/producte\/20418-ca\/#primaryimage"},"image":{"@id":"https:\/\/www.educaborras.com\/ca\/producte\/20418-ca\/#primaryimage"},"thumbnailUrl":"https:\/\/www.educaborras.com\/wp-content\/uploads\/20418_01_high.jpg","datePublished":"2025-11-06T09:08:28+00:00","dateModified":"2026-04-12T01:05:36+00:00","breadcrumb":{"@id":"https:\/\/www.educaborras.com\/ca\/producte\/20418-ca\/#breadcrumb"},"inLanguage":"ca","potentialAction":[{"@type":"ReadAction","target":["https:\/\/www.educaborras.com\/ca\/producte\/20418-ca\/"]}]},{"@type":"ImageObject","inLanguage":"ca","@id":"https:\/\/www.educaborras.com\/ca\/producte\/20418-ca\/#primaryimage","url":"https:\/\/www.educaborras.com\/wp-content\/uploads\/20418_01_high.jpg","contentUrl":"https:\/\/www.educaborras.com\/wp-content\/uploads\/20418_01_high.jpg","width":2400,"height":2400,"caption":"Puzzle Battle Dragon Ball Z"},{"@type":"BreadcrumbList","@id":"https:\/\/www.educaborras.com\/ca\/producte\/20418-ca\/#breadcrumb","itemListElement":[{"@type":"ListItem","position":1,"name":"Portada","item":"https:\/\/www.educaborras.com\/ca\/"},{"@type":"ListItem","position":2,"name":"Productes","item":"https:\/\/www.educaborras.com\/ca\/shop\/"},{"@type":"ListItem","position":3,"name":"Puzzle Battle Dragon Ball Z"}]},{"@type":"WebSite","@id":"https:\/\/www.educaborras.com\/ca\/#website","url":"https:\/\/www.educaborras.com\/ca\/","name":"Educa Borras","description":"","publisher":{"@id":"https:\/\/www.educaborras.com\/ca\/#organization"},"potentialAction":[{"@type":"SearchAction","target":{"@type":"EntryPoint","urlTemplate":"https:\/\/www.educaborras.com\/ca\/?s={search_term_string}"},"query-input":{"@type":"PropertyValueSpecification","valueRequired":true,"valueName":"search_term_string"}}],"inLanguage":"ca"},{"@type":"Organization","@id":"https:\/\/www.educaborras.com\/ca\/#organization","name":"Educa Borras","url":"https:\/\/www.educaborras.com\/ca\/","logo":{"@type":"ImageObject","inLanguage":"ca","@id":"https:\/\/www.educaborras.com\/ca\/#\/schema\/logo\/image\/","url":"https:\/\/www.educaborras.com\/wp-content\/uploads\/cropped-LOGOS-EDUCA-BORRAS_retina.png","contentUrl":"https:\/\/www.educaborras.com\/wp-content\/uploads\/cropped-LOGOS-EDUCA-BORRAS_retina.png","caption":"Educa Borras"},"image":{"@id":"https:\/\/www.educaborras.com\/ca\/#\/schema\/logo\/image\/"}}]}},"_links":{"self":[{"href":"https:\/\/www.educaborras.com\/ca\/wp-json\/wp\/v2\/product\/253465","targetHints":{"allow":["GET"]}}],"collection":[{"href":"https:\/\/www.educaborras.com\/ca\/wp-json\/wp\/v2\/product"}],"about":[{"href":"https:\/\/www.educaborras.com\/ca\/wp-json\/wp\/v2\/types\/product"}],"wp:featuredmedia":[{"embeddable":true,"href":"https:\/\/www.educaborras.com\/ca\/wp-json\/wp\/v2\/media\/251817"}],"wp:attachment":[{"href":"https:\/\/www.educaborras.com\/ca\/wp-json\/wp\/v2\/media?parent=253465"}],"wp:term":[{"taxonomy":"product_brand","embeddable":true,"href":"https:\/\/www.educaborras.com\/ca\/wp-json\/wp\/v2\/product_brand?post=253465"},{"taxonomy":"product_cat","embeddable":true,"href":"https:\/\/www.educaborras.com\/ca\/wp-json\/wp\/v2\/product_cat?post=253465"},{"taxonomy":"product_tag","embeddable":true,"href":"https:\/\/www.educaborras.com\/ca\/wp-json\/wp\/v2\/product_tag?post=253465"}],"curies":[{"name":"wp","href":"https:\/\/api.w.org\/{rel}","templated":true}]}}