{"id":253425,"date":"2025-11-05T14:48:22","date_gmt":"2025-11-05T12:48:22","guid":{"rendered":"https:\/\/www.educaborras.com\/product\/20399-ca\/"},"modified":"2026-04-15T02:47:09","modified_gmt":"2026-04-15T00:47:09","slug":"20399-ca","status":"publish","type":"product","link":"https:\/\/www.educaborras.com\/ca\/producte\/20399-ca\/","title":{"rendered":"Lacing With Bluey"},"content":{"rendered":"<p>Joc educatiu amb 4 personatges de Bluey. Joc de manipulaci\u00f3 ideat perqu\u00e8 els nens desenvolupin la seva habilitat manual i la seva imaginaci\u00f3. La grand\u00e0ria dels personatges facilita l&#8217;activitat per als m\u00e9s petits. Amb Bluey els nens estimularan la motricitat fina coordinaci\u00f3 ull-m\u00e0\/ Concentraci\u00f3, estimulaci\u00f3 sensorial.<\/p>\n","protected":false},"excerpt":{"rendered":"<p>Joc de manipulaci\u00f3 ideat perqu\u00e8 els nens desenvolupin la seva habilitat manual i la seva imaginaci\u00f3. La grand\u00e0ria dels personatges facilita l&#8217;activitat per als m\u00e9s petits. Amb Bluey els nens estimularan la motricitat fina coordinaci\u00f3 ull-m\u00e0\/ Concentraci\u00f3, estimulaci\u00f3 sensorial.<\/p>\n","protected":false},"featured_media":251717,"template":"","meta":{"_acf_changed":false},"product_brand":[],"product_cat":[73217,73214],"product_tag":[73952,105253,73957,82161,98523,73955,73974,98524,73972,98525,90531,73953,73973,98528,73962,75430,83568,73968,73967,105254,81961,73954,73965,81962,105255,73966,73979,73969,97332,105256,73971,73970,105257,98532,73964,98533,73976,73975,98536,98537,73978,80287,73963,73980,92959,73961,98538,73958,75551,98540,73977,96727,73959,73956,98541,76188,73960],"class_list":{"0":"post-253425","1":"product","2":"type-product","3":"status-publish","4":"has-post-thumbnail","6":"product_cat-educatius-de-personatges","7":"product_cat-jocs-educatius","8":"product_tag-73952","9":"product_tag-19885-ca","10":"product_tag-3d","11":"product_tag-3d-ca","12":"product_tag-activity-ca","13":"product_tag-activity","14":"product_tag-bandit","15":"product_tag-bandit-ca","16":"product_tag-bingo","17":"product_tag-bingo-ca","18":"product_tag-bluey-ca","19":"product_tag-bluey","20":"product_tag-chilli","21":"product_tag-chilli-ca","22":"product_tag-colores","23":"product_tag-colores-ca","24":"product_tag-construir-ca","25":"product_tag-construir","26":"product_tag-construye","27":"product_tag-construye-ca","28":"product_tag-creative-ca","29":"product_tag-creative","30":"product_tag-creatividad","31":"product_tag-creatividad-ca","32":"product_tag-decorar-ca","33":"product_tag-decorar","34":"product_tag-enlazar","35":"product_tag-figura","36":"product_tag-figura-ca","37":"product_tag-figuras-ca","38":"product_tag-figuras","39":"product_tag-figures","40":"product_tag-figures-ca","41":"product_tag-gomets-ca","42":"product_tag-gomets","43":"product_tag-honey-ca","44":"product_tag-honey","45":"product_tag-lucky","46":"product_tag-lucky-ca","47":"product_tag-mackenzie-ca","48":"product_tag-mackenzie","49":"product_tag-montar-ca","50":"product_tag-montar","51":"product_tag-motricidad-fina","52":"product_tag-motricidad-fina-ca","53":"product_tag-pegatinas","54":"product_tag-pegatinas-ca","55":"product_tag-personajes","56":"product_tag-personajes-ca","57":"product_tag-rusty-ca","58":"product_tag-rusty","59":"product_tag-serie-ca","60":"product_tag-serie","61":"product_tag-set","62":"product_tag-set-ca","63":"product_tag-tv-ca","64":"product_tag-tv","66":"first","67":"instock","68":"shipping-taxable","69":"product-type-simple"},"acf":[],"yoast_head":"<!-- This site is optimized with the Yoast SEO plugin v27.1.1 - https:\/\/yoast.com\/product\/yoast-seo-wordpress\/ -->\n<title>Lacing With Bluey - Educa Borras<\/title>\n<meta name=\"robots\" content=\"index, follow, max-snippet:-1, max-image-preview:large, max-video-preview:-1\" \/>\n<link rel=\"canonical\" href=\"https:\/\/www.educaborras.com\/ca\/producte\/20399-ca\/\" \/>\n<script type=\"application\/ld+json\" class=\"yoast-schema-graph\">{\"@context\":\"https:\/\/schema.org\",\"@graph\":[{\"@type\":\"WebPage\",\"@id\":\"https:\/\/www.educaborras.com\/ca\/producte\/20399-ca\/\",\"url\":\"https:\/\/www.educaborras.com\/ca\/producte\/20399-ca\/\",\"name\":\"Lacing With Bluey - Educa Borras\",\"isPartOf\":{\"@id\":\"https:\/\/www.educaborras.com\/ca\/#website\"},\"primaryImageOfPage\":{\"@id\":\"https:\/\/www.educaborras.com\/ca\/producte\/20399-ca\/#primaryimage\"},\"image\":{\"@id\":\"https:\/\/www.educaborras.com\/ca\/producte\/20399-ca\/#primaryimage\"},\"thumbnailUrl\":\"https:\/\/www.educaborras.com\/wp-content\/uploads\/20399_01_high.jpg\",\"datePublished\":\"2025-11-05T12:48:22+00:00\",\"dateModified\":\"2026-04-15T00:47:09+00:00\",\"breadcrumb\":{\"@id\":\"https:\/\/www.educaborras.com\/ca\/producte\/20399-ca\/#breadcrumb\"},\"inLanguage\":\"ca\",\"potentialAction\":[{\"@type\":\"ReadAction\",\"target\":[\"https:\/\/www.educaborras.com\/ca\/producte\/20399-ca\/\"]}]},{\"@type\":\"ImageObject\",\"inLanguage\":\"ca\",\"@id\":\"https:\/\/www.educaborras.com\/ca\/producte\/20399-ca\/#primaryimage\",\"url\":\"https:\/\/www.educaborras.com\/wp-content\/uploads\/20399_01_high.jpg\",\"contentUrl\":\"https:\/\/www.educaborras.com\/wp-content\/uploads\/20399_01_high.jpg\",\"width\":2400,\"height\":2400,\"caption\":\"Lacing With Bluey\"},{\"@type\":\"BreadcrumbList\",\"@id\":\"https:\/\/www.educaborras.com\/ca\/producte\/20399-ca\/#breadcrumb\",\"itemListElement\":[{\"@type\":\"ListItem\",\"position\":1,\"name\":\"Portada\",\"item\":\"https:\/\/www.educaborras.com\/ca\/\"},{\"@type\":\"ListItem\",\"position\":2,\"name\":\"Productes\",\"item\":\"https:\/\/www.educaborras.com\/ca\/shop\/\"},{\"@type\":\"ListItem\",\"position\":3,\"name\":\"Lacing With Bluey\"}]},{\"@type\":\"WebSite\",\"@id\":\"https:\/\/www.educaborras.com\/ca\/#website\",\"url\":\"https:\/\/www.educaborras.com\/ca\/\",\"name\":\"Educa Borras\",\"description\":\"\",\"publisher\":{\"@id\":\"https:\/\/www.educaborras.com\/ca\/#organization\"},\"potentialAction\":[{\"@type\":\"SearchAction\",\"target\":{\"@type\":\"EntryPoint\",\"urlTemplate\":\"https:\/\/www.educaborras.com\/ca\/?s={search_term_string}\"},\"query-input\":{\"@type\":\"PropertyValueSpecification\",\"valueRequired\":true,\"valueName\":\"search_term_string\"}}],\"inLanguage\":\"ca\"},{\"@type\":\"Organization\",\"@id\":\"https:\/\/www.educaborras.com\/ca\/#organization\",\"name\":\"Educa Borras\",\"url\":\"https:\/\/www.educaborras.com\/ca\/\",\"logo\":{\"@type\":\"ImageObject\",\"inLanguage\":\"ca\",\"@id\":\"https:\/\/www.educaborras.com\/ca\/#\/schema\/logo\/image\/\",\"url\":\"https:\/\/www.educaborras.com\/wp-content\/uploads\/cropped-LOGOS-EDUCA-BORRAS_retina.png\",\"contentUrl\":\"https:\/\/www.educaborras.com\/wp-content\/uploads\/cropped-LOGOS-EDUCA-BORRAS_retina.png\",\"caption\":\"Educa Borras\"},\"image\":{\"@id\":\"https:\/\/www.educaborras.com\/ca\/#\/schema\/logo\/image\/\"}}]}<\/script>\n<!-- \/ Yoast SEO plugin. -->","yoast_head_json":{"title":"Lacing With Bluey - Educa Borras","robots":{"index":"index","follow":"follow","max-snippet":"max-snippet:-1","max-image-preview":"max-image-preview:large","max-video-preview":"max-video-preview:-1"},"canonical":"https:\/\/www.educaborras.com\/ca\/producte\/20399-ca\/","schema":{"@context":"https:\/\/schema.org","@graph":[{"@type":"WebPage","@id":"https:\/\/www.educaborras.com\/ca\/producte\/20399-ca\/","url":"https:\/\/www.educaborras.com\/ca\/producte\/20399-ca\/","name":"Lacing With Bluey - Educa Borras","isPartOf":{"@id":"https:\/\/www.educaborras.com\/ca\/#website"},"primaryImageOfPage":{"@id":"https:\/\/www.educaborras.com\/ca\/producte\/20399-ca\/#primaryimage"},"image":{"@id":"https:\/\/www.educaborras.com\/ca\/producte\/20399-ca\/#primaryimage"},"thumbnailUrl":"https:\/\/www.educaborras.com\/wp-content\/uploads\/20399_01_high.jpg","datePublished":"2025-11-05T12:48:22+00:00","dateModified":"2026-04-15T00:47:09+00:00","breadcrumb":{"@id":"https:\/\/www.educaborras.com\/ca\/producte\/20399-ca\/#breadcrumb"},"inLanguage":"ca","potentialAction":[{"@type":"ReadAction","target":["https:\/\/www.educaborras.com\/ca\/producte\/20399-ca\/"]}]},{"@type":"ImageObject","inLanguage":"ca","@id":"https:\/\/www.educaborras.com\/ca\/producte\/20399-ca\/#primaryimage","url":"https:\/\/www.educaborras.com\/wp-content\/uploads\/20399_01_high.jpg","contentUrl":"https:\/\/www.educaborras.com\/wp-content\/uploads\/20399_01_high.jpg","width":2400,"height":2400,"caption":"Lacing With Bluey"},{"@type":"BreadcrumbList","@id":"https:\/\/www.educaborras.com\/ca\/producte\/20399-ca\/#breadcrumb","itemListElement":[{"@type":"ListItem","position":1,"name":"Portada","item":"https:\/\/www.educaborras.com\/ca\/"},{"@type":"ListItem","position":2,"name":"Productes","item":"https:\/\/www.educaborras.com\/ca\/shop\/"},{"@type":"ListItem","position":3,"name":"Lacing With Bluey"}]},{"@type":"WebSite","@id":"https:\/\/www.educaborras.com\/ca\/#website","url":"https:\/\/www.educaborras.com\/ca\/","name":"Educa Borras","description":"","publisher":{"@id":"https:\/\/www.educaborras.com\/ca\/#organization"},"potentialAction":[{"@type":"SearchAction","target":{"@type":"EntryPoint","urlTemplate":"https:\/\/www.educaborras.com\/ca\/?s={search_term_string}"},"query-input":{"@type":"PropertyValueSpecification","valueRequired":true,"valueName":"search_term_string"}}],"inLanguage":"ca"},{"@type":"Organization","@id":"https:\/\/www.educaborras.com\/ca\/#organization","name":"Educa Borras","url":"https:\/\/www.educaborras.com\/ca\/","logo":{"@type":"ImageObject","inLanguage":"ca","@id":"https:\/\/www.educaborras.com\/ca\/#\/schema\/logo\/image\/","url":"https:\/\/www.educaborras.com\/wp-content\/uploads\/cropped-LOGOS-EDUCA-BORRAS_retina.png","contentUrl":"https:\/\/www.educaborras.com\/wp-content\/uploads\/cropped-LOGOS-EDUCA-BORRAS_retina.png","caption":"Educa Borras"},"image":{"@id":"https:\/\/www.educaborras.com\/ca\/#\/schema\/logo\/image\/"}}]}},"_links":{"self":[{"href":"https:\/\/www.educaborras.com\/ca\/wp-json\/wp\/v2\/product\/253425","targetHints":{"allow":["GET"]}}],"collection":[{"href":"https:\/\/www.educaborras.com\/ca\/wp-json\/wp\/v2\/product"}],"about":[{"href":"https:\/\/www.educaborras.com\/ca\/wp-json\/wp\/v2\/types\/product"}],"wp:featuredmedia":[{"embeddable":true,"href":"https:\/\/www.educaborras.com\/ca\/wp-json\/wp\/v2\/media\/251717"}],"wp:attachment":[{"href":"https:\/\/www.educaborras.com\/ca\/wp-json\/wp\/v2\/media?parent=253425"}],"wp:term":[{"taxonomy":"product_brand","embeddable":true,"href":"https:\/\/www.educaborras.com\/ca\/wp-json\/wp\/v2\/product_brand?post=253425"},{"taxonomy":"product_cat","embeddable":true,"href":"https:\/\/www.educaborras.com\/ca\/wp-json\/wp\/v2\/product_cat?post=253425"},{"taxonomy":"product_tag","embeddable":true,"href":"https:\/\/www.educaborras.com\/ca\/wp-json\/wp\/v2\/product_tag?post=253425"}],"curies":[{"name":"wp","href":"https:\/\/api.w.org\/{rel}","templated":true}]}}