{"id":253410,"date":"2025-11-05T14:29:57","date_gmt":"2025-11-05T12:29:57","guid":{"rendered":"https:\/\/www.educaborras.com\/product\/20412-ca\/"},"modified":"2026-05-01T03:00:24","modified_gmt":"2026-05-01T01:00:24","slug":"20412-ca","status":"publish","type":"product","link":"https:\/\/www.educaborras.com\/ca\/producte\/20412-ca\/","title":{"rendered":"Educubes Baby I"},"content":{"rendered":"<p>Educubes s\u00f3n educational cubes que promoten motor, cognitiu i sensori development in children from +24 months through stackable plastic cubes. The themes are: vowels, animals, objectes, numbers from 1 to 5.<\/p>\n","protected":false},"excerpt":{"rendered":"<p>Educubes s\u00f3n cubs educatius que fomenta el desenvolupament motor, cognitiu i sensorial en nens de +24 mesos a trav\u00e9s de cubs de pl\u00e0stic apilables.<\/p>\n","protected":false},"featured_media":251747,"template":"","meta":{"_acf_changed":false},"product_brand":[],"product_cat":[73206],"product_tag":[95248,95247,74522,74530,80612,82226,80614,82227,74624,74637,80615,82228,80624,82229,82230,80620,82231,80628,89527,89528,82232,80618,80622,82233,82234,80626,80630,82235],"class_list":{"0":"post-253410","1":"product","2":"type-product","3":"status-publish","4":"has-post-thumbnail","6":"product_cat-jocs-baby","7":"product_tag-20412-ca","8":"product_tag-95247","9":"product_tag-animales","10":"product_tag-animales-ca","11":"product_tag-baby-cubes","12":"product_tag-baby-cubes-ca","13":"product_tag-cubes","14":"product_tag-cubes-ca","15":"product_tag-cubos","16":"product_tag-cubos-ca","17":"product_tag-cubos-preescolar","18":"product_tag-cubos-preescolar-ca","19":"product_tag-juegos-de-cubos","20":"product_tag-juegos-de-cubos-ca","21":"product_tag-juegos-infantiles-ca","22":"product_tag-juegos-infantiles","23":"product_tag-kiubis-ca","24":"product_tag-kiubis","25":"product_tag-las-vocales","26":"product_tag-las-vocales-ca","27":"product_tag-preescolar-ca","28":"product_tag-preescolar","29":"product_tag-puericultura","30":"product_tag-puericultura-ca","31":"product_tag-the-kiubis-ca","32":"product_tag-the-kiubis","33":"product_tag-the-kiubis-cubes","34":"product_tag-the-kiubis-cubes-ca","36":"first","37":"instock","38":"shipping-taxable","39":"product-type-simple"},"acf":[],"yoast_head":"<!-- This site is optimized with the Yoast SEO plugin v27.1.1 - https:\/\/yoast.com\/product\/yoast-seo-wordpress\/ -->\n<title>Educubes Baby I - Educa Borras<\/title>\n<meta name=\"robots\" content=\"index, follow, max-snippet:-1, max-image-preview:large, max-video-preview:-1\" \/>\n<link rel=\"canonical\" href=\"https:\/\/www.educaborras.com\/ca\/producte\/20412-ca\/\" \/>\n<script type=\"application\/ld+json\" class=\"yoast-schema-graph\">{\"@context\":\"https:\/\/schema.org\",\"@graph\":[{\"@type\":\"WebPage\",\"@id\":\"https:\/\/www.educaborras.com\/ca\/producte\/20412-ca\/\",\"url\":\"https:\/\/www.educaborras.com\/ca\/producte\/20412-ca\/\",\"name\":\"Educubes Baby I - Educa Borras\",\"isPartOf\":{\"@id\":\"https:\/\/www.educaborras.com\/ca\/#website\"},\"primaryImageOfPage\":{\"@id\":\"https:\/\/www.educaborras.com\/ca\/producte\/20412-ca\/#primaryimage\"},\"image\":{\"@id\":\"https:\/\/www.educaborras.com\/ca\/producte\/20412-ca\/#primaryimage\"},\"thumbnailUrl\":\"https:\/\/www.educaborras.com\/wp-content\/uploads\/20412_01_high.jpg\",\"datePublished\":\"2025-11-05T12:29:57+00:00\",\"dateModified\":\"2026-05-01T01:00:24+00:00\",\"breadcrumb\":{\"@id\":\"https:\/\/www.educaborras.com\/ca\/producte\/20412-ca\/#breadcrumb\"},\"inLanguage\":\"ca\",\"potentialAction\":[{\"@type\":\"ReadAction\",\"target\":[\"https:\/\/www.educaborras.com\/ca\/producte\/20412-ca\/\"]}]},{\"@type\":\"ImageObject\",\"inLanguage\":\"ca\",\"@id\":\"https:\/\/www.educaborras.com\/ca\/producte\/20412-ca\/#primaryimage\",\"url\":\"https:\/\/www.educaborras.com\/wp-content\/uploads\/20412_01_high.jpg\",\"contentUrl\":\"https:\/\/www.educaborras.com\/wp-content\/uploads\/20412_01_high.jpg\",\"width\":2400,\"height\":2400,\"caption\":\"Educubes Baby I\"},{\"@type\":\"BreadcrumbList\",\"@id\":\"https:\/\/www.educaborras.com\/ca\/producte\/20412-ca\/#breadcrumb\",\"itemListElement\":[{\"@type\":\"ListItem\",\"position\":1,\"name\":\"Portada\",\"item\":\"https:\/\/www.educaborras.com\/ca\/\"},{\"@type\":\"ListItem\",\"position\":2,\"name\":\"Productes\",\"item\":\"https:\/\/www.educaborras.com\/ca\/shop\/\"},{\"@type\":\"ListItem\",\"position\":3,\"name\":\"Educubes Baby I\"}]},{\"@type\":\"WebSite\",\"@id\":\"https:\/\/www.educaborras.com\/ca\/#website\",\"url\":\"https:\/\/www.educaborras.com\/ca\/\",\"name\":\"Educa Borras\",\"description\":\"\",\"publisher\":{\"@id\":\"https:\/\/www.educaborras.com\/ca\/#organization\"},\"potentialAction\":[{\"@type\":\"SearchAction\",\"target\":{\"@type\":\"EntryPoint\",\"urlTemplate\":\"https:\/\/www.educaborras.com\/ca\/?s={search_term_string}\"},\"query-input\":{\"@type\":\"PropertyValueSpecification\",\"valueRequired\":true,\"valueName\":\"search_term_string\"}}],\"inLanguage\":\"ca\"},{\"@type\":\"Organization\",\"@id\":\"https:\/\/www.educaborras.com\/ca\/#organization\",\"name\":\"Educa Borras\",\"url\":\"https:\/\/www.educaborras.com\/ca\/\",\"logo\":{\"@type\":\"ImageObject\",\"inLanguage\":\"ca\",\"@id\":\"https:\/\/www.educaborras.com\/ca\/#\/schema\/logo\/image\/\",\"url\":\"https:\/\/www.educaborras.com\/wp-content\/uploads\/cropped-LOGOS-EDUCA-BORRAS_retina.png\",\"contentUrl\":\"https:\/\/www.educaborras.com\/wp-content\/uploads\/cropped-LOGOS-EDUCA-BORRAS_retina.png\",\"caption\":\"Educa Borras\"},\"image\":{\"@id\":\"https:\/\/www.educaborras.com\/ca\/#\/schema\/logo\/image\/\"}}]}<\/script>\n<!-- \/ Yoast SEO plugin. -->","yoast_head_json":{"title":"Educubes Baby I - Educa Borras","robots":{"index":"index","follow":"follow","max-snippet":"max-snippet:-1","max-image-preview":"max-image-preview:large","max-video-preview":"max-video-preview:-1"},"canonical":"https:\/\/www.educaborras.com\/ca\/producte\/20412-ca\/","schema":{"@context":"https:\/\/schema.org","@graph":[{"@type":"WebPage","@id":"https:\/\/www.educaborras.com\/ca\/producte\/20412-ca\/","url":"https:\/\/www.educaborras.com\/ca\/producte\/20412-ca\/","name":"Educubes Baby I - Educa Borras","isPartOf":{"@id":"https:\/\/www.educaborras.com\/ca\/#website"},"primaryImageOfPage":{"@id":"https:\/\/www.educaborras.com\/ca\/producte\/20412-ca\/#primaryimage"},"image":{"@id":"https:\/\/www.educaborras.com\/ca\/producte\/20412-ca\/#primaryimage"},"thumbnailUrl":"https:\/\/www.educaborras.com\/wp-content\/uploads\/20412_01_high.jpg","datePublished":"2025-11-05T12:29:57+00:00","dateModified":"2026-05-01T01:00:24+00:00","breadcrumb":{"@id":"https:\/\/www.educaborras.com\/ca\/producte\/20412-ca\/#breadcrumb"},"inLanguage":"ca","potentialAction":[{"@type":"ReadAction","target":["https:\/\/www.educaborras.com\/ca\/producte\/20412-ca\/"]}]},{"@type":"ImageObject","inLanguage":"ca","@id":"https:\/\/www.educaborras.com\/ca\/producte\/20412-ca\/#primaryimage","url":"https:\/\/www.educaborras.com\/wp-content\/uploads\/20412_01_high.jpg","contentUrl":"https:\/\/www.educaborras.com\/wp-content\/uploads\/20412_01_high.jpg","width":2400,"height":2400,"caption":"Educubes Baby I"},{"@type":"BreadcrumbList","@id":"https:\/\/www.educaborras.com\/ca\/producte\/20412-ca\/#breadcrumb","itemListElement":[{"@type":"ListItem","position":1,"name":"Portada","item":"https:\/\/www.educaborras.com\/ca\/"},{"@type":"ListItem","position":2,"name":"Productes","item":"https:\/\/www.educaborras.com\/ca\/shop\/"},{"@type":"ListItem","position":3,"name":"Educubes Baby I"}]},{"@type":"WebSite","@id":"https:\/\/www.educaborras.com\/ca\/#website","url":"https:\/\/www.educaborras.com\/ca\/","name":"Educa Borras","description":"","publisher":{"@id":"https:\/\/www.educaborras.com\/ca\/#organization"},"potentialAction":[{"@type":"SearchAction","target":{"@type":"EntryPoint","urlTemplate":"https:\/\/www.educaborras.com\/ca\/?s={search_term_string}"},"query-input":{"@type":"PropertyValueSpecification","valueRequired":true,"valueName":"search_term_string"}}],"inLanguage":"ca"},{"@type":"Organization","@id":"https:\/\/www.educaborras.com\/ca\/#organization","name":"Educa Borras","url":"https:\/\/www.educaborras.com\/ca\/","logo":{"@type":"ImageObject","inLanguage":"ca","@id":"https:\/\/www.educaborras.com\/ca\/#\/schema\/logo\/image\/","url":"https:\/\/www.educaborras.com\/wp-content\/uploads\/cropped-LOGOS-EDUCA-BORRAS_retina.png","contentUrl":"https:\/\/www.educaborras.com\/wp-content\/uploads\/cropped-LOGOS-EDUCA-BORRAS_retina.png","caption":"Educa Borras"},"image":{"@id":"https:\/\/www.educaborras.com\/ca\/#\/schema\/logo\/image\/"}}]}},"_links":{"self":[{"href":"https:\/\/www.educaborras.com\/ca\/wp-json\/wp\/v2\/product\/253410","targetHints":{"allow":["GET"]}}],"collection":[{"href":"https:\/\/www.educaborras.com\/ca\/wp-json\/wp\/v2\/product"}],"about":[{"href":"https:\/\/www.educaborras.com\/ca\/wp-json\/wp\/v2\/types\/product"}],"wp:featuredmedia":[{"embeddable":true,"href":"https:\/\/www.educaborras.com\/ca\/wp-json\/wp\/v2\/media\/251747"}],"wp:attachment":[{"href":"https:\/\/www.educaborras.com\/ca\/wp-json\/wp\/v2\/media?parent=253410"}],"wp:term":[{"taxonomy":"product_brand","embeddable":true,"href":"https:\/\/www.educaborras.com\/ca\/wp-json\/wp\/v2\/product_brand?post=253410"},{"taxonomy":"product_cat","embeddable":true,"href":"https:\/\/www.educaborras.com\/ca\/wp-json\/wp\/v2\/product_cat?post=253410"},{"taxonomy":"product_tag","embeddable":true,"href":"https:\/\/www.educaborras.com\/ca\/wp-json\/wp\/v2\/product_tag?post=253410"}],"curies":[{"name":"wp","href":"https:\/\/api.w.org\/{rel}","templated":true}]}}