{"id":252007,"date":"2025-10-14T16:31:43","date_gmt":"2025-10-14T14:31:43","guid":{"rendered":"https:\/\/www.educaborras.com\/product\/laliga-el-juego-2025-2026\/"},"modified":"2026-04-14T03:20:30","modified_gmt":"2026-04-14T01:20:30","slug":"20440-ca","status":"publish","type":"product","link":"https:\/\/www.educaborras.com\/ca\/producte\/20440-ca\/","title":{"rendered":"LALIGA. El Juego 2025-2026"},"content":{"rendered":"<p>Amb LALIGA. El joc, et converteixes en mrnager del millor equip del m\u00f3n. Compra i ven jugadors! Crea el teu propi equip amb els millors jugadors del m\u00f3n i guanya LALIGA! El joc per als apassionats de el futbol. Nou tauler amb mercat de fitxatges i caselles actualitzades. 6 sistemes de Joc cl\u00e0ssics del futbol. Noves cartes d&#8217;acci\u00f3 adaptades al futbol modern. Cartes de futbolistes redissenyats amb habilitats especials, cartes gold i silver.<\/p>\n","protected":false},"excerpt":{"rendered":"<p>Amb LALIGA. El joc, et converteixes en m\u00e0nager del millor equip del m\u00f3n. Compra i ven jugadors! Crea el teu propi equip amb els millors jugadors del m\u00f3n!<\/p>\n","protected":false},"featured_media":251562,"template":"","meta":{"_acf_changed":false},"product_brand":[],"product_cat":[73213],"product_tag":[87413,103530,89564,86720,97991,86727,101093,101094,86726,74157,74135,86728,101095,74307,73992,86723,101096,101097,86724,86722,101098,86714,101099,85564,97212,86730,101100,74160,73990,86725,101101,91937,86715,94367,80994,101102,86716,101103,86721,82168,82148,73933,76337,101104,86712,89565,86719,101105,101106,86711,87414,103531,86713,101108,86718,101109,81034,89789,101110,86717,87415,103532,78028,77993,95555,81325],"class_list":{"0":"post-252007","1":"product","2":"type-product","3":"status-publish","4":"has-post-thumbnail","6":"product_cat-jocs-de-taula-adults","7":"product_tag-87413","8":"product_tag-20092-ca","9":"product_tag-89564","10":"product_tag-86720","11":"product_tag-2024-ca","12":"product_tag-athletic","13":"product_tag-athletic-ca","14":"product_tag-athletico-ca","15":"product_tag-athletico","16":"product_tag-barcelona-ca","17":"product_tag-barcelona","18":"product_tag-bilbao","19":"product_tag-bilbao-ca","20":"product_tag-borras-ca","21":"product_tag-borras","22":"product_tag-campeones","23":"product_tag-campeones-ca","24":"product_tag-campions-ca","25":"product_tag-campions","26":"product_tag-champions","27":"product_tag-champions-ca","28":"product_tag-competicio","29":"product_tag-competicio-ca","30":"product_tag-competicion","31":"product_tag-competicion-ca","32":"product_tag-ea-sports","33":"product_tag-ea-sports-ca","34":"product_tag-educa-ca","35":"product_tag-educa","36":"product_tag-espanyol","37":"product_tag-espanyol-ca","38":"product_tag-estrellas-ca","39":"product_tag-estrellas","40":"product_tag-familiar-ca","41":"product_tag-familiar","42":"product_tag-fc-barcelona-ca","43":"product_tag-fc-barcelona","44":"product_tag-fichajes-ca","45":"product_tag-fichajes","46":"product_tag-futbol-ca","47":"product_tag-futbol","48":"product_tag-juego","49":"product_tag-juego-ca","50":"product_tag-la-liga-ca","51":"product_tag-la-liga","52":"product_tag-lamine-yamal","53":"product_tag-lfp","54":"product_tag-lfp-ca","55":"product_tag-liga-ca","56":"product_tag-liga","57":"product_tag-liga-el-juego-2023-24","58":"product_tag-liga-el-juego-2023-24-ca","59":"product_tag-lliga","60":"product_tag-lliga-ca","61":"product_tag-m10","62":"product_tag-m10-ca","63":"product_tag-mesa","64":"product_tag-mesa-ca","65":"product_tag-real-madrid-ca","66":"product_tag-real-madrid","67":"product_tag-santander","68":"product_tag-santander-ca","69":"product_tag-tarjetas-ca","70":"product_tag-tarjetas","71":"product_tag-taula-ca","72":"product_tag-taula","74":"first","75":"instock","76":"shipping-taxable","77":"product-type-simple"},"acf":[],"yoast_head":"<!-- This site is optimized with the Yoast SEO plugin v27.1.1 - https:\/\/yoast.com\/product\/yoast-seo-wordpress\/ -->\n<title>LALIGA. El Juego 2025-2026 - Educa Borras<\/title>\n<meta name=\"robots\" content=\"index, follow, max-snippet:-1, max-image-preview:large, max-video-preview:-1\" \/>\n<link rel=\"canonical\" href=\"https:\/\/www.educaborras.com\/ca\/producte\/20440-ca\/\" \/>\n<script type=\"application\/ld+json\" class=\"yoast-schema-graph\">{\"@context\":\"https:\/\/schema.org\",\"@graph\":[{\"@type\":\"WebPage\",\"@id\":\"https:\/\/www.educaborras.com\/ca\/producte\/20440-ca\/\",\"url\":\"https:\/\/www.educaborras.com\/ca\/producte\/20440-ca\/\",\"name\":\"LALIGA. El Juego 2025-2026 - Educa Borras\",\"isPartOf\":{\"@id\":\"https:\/\/www.educaborras.com\/ca\/#website\"},\"primaryImageOfPage\":{\"@id\":\"https:\/\/www.educaborras.com\/ca\/producte\/20440-ca\/#primaryimage\"},\"image\":{\"@id\":\"https:\/\/www.educaborras.com\/ca\/producte\/20440-ca\/#primaryimage\"},\"thumbnailUrl\":\"https:\/\/www.educaborras.com\/wp-content\/uploads\/20440_01_high.jpg\",\"datePublished\":\"2025-10-14T14:31:43+00:00\",\"dateModified\":\"2026-04-14T01:20:30+00:00\",\"breadcrumb\":{\"@id\":\"https:\/\/www.educaborras.com\/ca\/producte\/20440-ca\/#breadcrumb\"},\"inLanguage\":\"ca\",\"potentialAction\":[{\"@type\":\"ReadAction\",\"target\":[\"https:\/\/www.educaborras.com\/ca\/producte\/20440-ca\/\"]}]},{\"@type\":\"ImageObject\",\"inLanguage\":\"ca\",\"@id\":\"https:\/\/www.educaborras.com\/ca\/producte\/20440-ca\/#primaryimage\",\"url\":\"https:\/\/www.educaborras.com\/wp-content\/uploads\/20440_01_high.jpg\",\"contentUrl\":\"https:\/\/www.educaborras.com\/wp-content\/uploads\/20440_01_high.jpg\",\"width\":2400,\"height\":2400,\"caption\":\"LALIGA. El Juego 2025-2026\"},{\"@type\":\"BreadcrumbList\",\"@id\":\"https:\/\/www.educaborras.com\/ca\/producte\/20440-ca\/#breadcrumb\",\"itemListElement\":[{\"@type\":\"ListItem\",\"position\":1,\"name\":\"Portada\",\"item\":\"https:\/\/www.educaborras.com\/ca\/\"},{\"@type\":\"ListItem\",\"position\":2,\"name\":\"Productes\",\"item\":\"https:\/\/www.educaborras.com\/ca\/shop\/\"},{\"@type\":\"ListItem\",\"position\":3,\"name\":\"LALIGA. El Juego 2025-2026\"}]},{\"@type\":\"WebSite\",\"@id\":\"https:\/\/www.educaborras.com\/ca\/#website\",\"url\":\"https:\/\/www.educaborras.com\/ca\/\",\"name\":\"Educa Borras\",\"description\":\"\",\"publisher\":{\"@id\":\"https:\/\/www.educaborras.com\/ca\/#organization\"},\"potentialAction\":[{\"@type\":\"SearchAction\",\"target\":{\"@type\":\"EntryPoint\",\"urlTemplate\":\"https:\/\/www.educaborras.com\/ca\/?s={search_term_string}\"},\"query-input\":{\"@type\":\"PropertyValueSpecification\",\"valueRequired\":true,\"valueName\":\"search_term_string\"}}],\"inLanguage\":\"ca\"},{\"@type\":\"Organization\",\"@id\":\"https:\/\/www.educaborras.com\/ca\/#organization\",\"name\":\"Educa Borras\",\"url\":\"https:\/\/www.educaborras.com\/ca\/\",\"logo\":{\"@type\":\"ImageObject\",\"inLanguage\":\"ca\",\"@id\":\"https:\/\/www.educaborras.com\/ca\/#\/schema\/logo\/image\/\",\"url\":\"https:\/\/www.educaborras.com\/wp-content\/uploads\/cropped-LOGOS-EDUCA-BORRAS_retina.png\",\"contentUrl\":\"https:\/\/www.educaborras.com\/wp-content\/uploads\/cropped-LOGOS-EDUCA-BORRAS_retina.png\",\"caption\":\"Educa Borras\"},\"image\":{\"@id\":\"https:\/\/www.educaborras.com\/ca\/#\/schema\/logo\/image\/\"}}]}<\/script>\n<!-- \/ Yoast SEO plugin. -->","yoast_head_json":{"title":"LALIGA. El Juego 2025-2026 - Educa Borras","robots":{"index":"index","follow":"follow","max-snippet":"max-snippet:-1","max-image-preview":"max-image-preview:large","max-video-preview":"max-video-preview:-1"},"canonical":"https:\/\/www.educaborras.com\/ca\/producte\/20440-ca\/","schema":{"@context":"https:\/\/schema.org","@graph":[{"@type":"WebPage","@id":"https:\/\/www.educaborras.com\/ca\/producte\/20440-ca\/","url":"https:\/\/www.educaborras.com\/ca\/producte\/20440-ca\/","name":"LALIGA. El Juego 2025-2026 - Educa Borras","isPartOf":{"@id":"https:\/\/www.educaborras.com\/ca\/#website"},"primaryImageOfPage":{"@id":"https:\/\/www.educaborras.com\/ca\/producte\/20440-ca\/#primaryimage"},"image":{"@id":"https:\/\/www.educaborras.com\/ca\/producte\/20440-ca\/#primaryimage"},"thumbnailUrl":"https:\/\/www.educaborras.com\/wp-content\/uploads\/20440_01_high.jpg","datePublished":"2025-10-14T14:31:43+00:00","dateModified":"2026-04-14T01:20:30+00:00","breadcrumb":{"@id":"https:\/\/www.educaborras.com\/ca\/producte\/20440-ca\/#breadcrumb"},"inLanguage":"ca","potentialAction":[{"@type":"ReadAction","target":["https:\/\/www.educaborras.com\/ca\/producte\/20440-ca\/"]}]},{"@type":"ImageObject","inLanguage":"ca","@id":"https:\/\/www.educaborras.com\/ca\/producte\/20440-ca\/#primaryimage","url":"https:\/\/www.educaborras.com\/wp-content\/uploads\/20440_01_high.jpg","contentUrl":"https:\/\/www.educaborras.com\/wp-content\/uploads\/20440_01_high.jpg","width":2400,"height":2400,"caption":"LALIGA. El Juego 2025-2026"},{"@type":"BreadcrumbList","@id":"https:\/\/www.educaborras.com\/ca\/producte\/20440-ca\/#breadcrumb","itemListElement":[{"@type":"ListItem","position":1,"name":"Portada","item":"https:\/\/www.educaborras.com\/ca\/"},{"@type":"ListItem","position":2,"name":"Productes","item":"https:\/\/www.educaborras.com\/ca\/shop\/"},{"@type":"ListItem","position":3,"name":"LALIGA. El Juego 2025-2026"}]},{"@type":"WebSite","@id":"https:\/\/www.educaborras.com\/ca\/#website","url":"https:\/\/www.educaborras.com\/ca\/","name":"Educa Borras","description":"","publisher":{"@id":"https:\/\/www.educaborras.com\/ca\/#organization"},"potentialAction":[{"@type":"SearchAction","target":{"@type":"EntryPoint","urlTemplate":"https:\/\/www.educaborras.com\/ca\/?s={search_term_string}"},"query-input":{"@type":"PropertyValueSpecification","valueRequired":true,"valueName":"search_term_string"}}],"inLanguage":"ca"},{"@type":"Organization","@id":"https:\/\/www.educaborras.com\/ca\/#organization","name":"Educa Borras","url":"https:\/\/www.educaborras.com\/ca\/","logo":{"@type":"ImageObject","inLanguage":"ca","@id":"https:\/\/www.educaborras.com\/ca\/#\/schema\/logo\/image\/","url":"https:\/\/www.educaborras.com\/wp-content\/uploads\/cropped-LOGOS-EDUCA-BORRAS_retina.png","contentUrl":"https:\/\/www.educaborras.com\/wp-content\/uploads\/cropped-LOGOS-EDUCA-BORRAS_retina.png","caption":"Educa Borras"},"image":{"@id":"https:\/\/www.educaborras.com\/ca\/#\/schema\/logo\/image\/"}}]}},"_links":{"self":[{"href":"https:\/\/www.educaborras.com\/ca\/wp-json\/wp\/v2\/product\/252007","targetHints":{"allow":["GET"]}}],"collection":[{"href":"https:\/\/www.educaborras.com\/ca\/wp-json\/wp\/v2\/product"}],"about":[{"href":"https:\/\/www.educaborras.com\/ca\/wp-json\/wp\/v2\/types\/product"}],"wp:featuredmedia":[{"embeddable":true,"href":"https:\/\/www.educaborras.com\/ca\/wp-json\/wp\/v2\/media\/251562"}],"wp:attachment":[{"href":"https:\/\/www.educaborras.com\/ca\/wp-json\/wp\/v2\/media?parent=252007"}],"wp:term":[{"taxonomy":"product_brand","embeddable":true,"href":"https:\/\/www.educaborras.com\/ca\/wp-json\/wp\/v2\/product_brand?post=252007"},{"taxonomy":"product_cat","embeddable":true,"href":"https:\/\/www.educaborras.com\/ca\/wp-json\/wp\/v2\/product_cat?post=252007"},{"taxonomy":"product_tag","embeddable":true,"href":"https:\/\/www.educaborras.com\/ca\/wp-json\/wp\/v2\/product_tag?post=252007"}],"curies":[{"name":"wp","href":"https:\/\/api.w.org\/{rel}","templated":true}]}}