{"id":251972,"date":"2025-10-14T13:08:02","date_gmt":"2025-10-14T11:08:02","guid":{"rendered":"https:\/\/www.educaborras.com\/product\/42000-la-volta-al-mon\/"},"modified":"2026-04-12T03:22:03","modified_gmt":"2026-04-12T01:22:03","slug":"17570-ca","status":"publish","type":"product","link":"https:\/\/www.educaborras.com\/ca\/producte\/17570-ca\/","title":{"rendered":"42000 La volta al m\u00f3n"},"content":{"rendered":"<p>Un recorregut pels llocs i monuments m\u00e9s emblemrtics del m\u00f3n en 42000 peces. Mides aproximades del puzle muntat: 749 x 157 cm. Inclou l\u00e0mina-model i llibret amb la llista de monuments. 7 bosses de 6.000 peces.<\/p>\n","protected":false},"excerpt":{"rendered":"<p>El puzle m\u00e9s gran en una sola imatge!<\/p>\n","protected":false},"featured_media":170072,"template":"","meta":{"_acf_changed":false},"product_brand":[],"product_cat":[73232,73240],"product_tag":[78893,73938,78113,78894,78907,78906,78908,78904,78905,76745,76770,76035,76042,78897,78638,79586,78909,79593,78637,78636,79594,79597,78632,79598,78648,94225,78901,78902,94226,76607,76629,78635,79599,73995,74038,78899,78896,78900,78895,78903,75263,75239,78898],"class_list":{"0":"post-251972","1":"product","2":"type-product","3":"status-publish","4":"has-post-thumbnail","6":"product_cat-puzles-adults","7":"product_cat-puzles-de-9000-a-42000-peces","8":"product_tag-78893","9":"product_tag-73938","10":"product_tag-2017-ca","11":"product_tag-78894","12":"product_tag-42000-a-volta-ao-mundo","13":"product_tag-42000-around-the-world","14":"product_tag-42000-die-weltreise","15":"product_tag-42000-la-volta-al-mon","16":"product_tag-42000-le-tour-du-monde","17":"product_tag-africa","18":"product_tag-africa-ca","19":"product_tag-america","20":"product_tag-america-ca","21":"product_tag-around-the-world","22":"product_tag-asia","23":"product_tag-asia-ca","24":"product_tag-eeuu","25":"product_tag-europa-ca","26":"product_tag-europa","27":"product_tag-europe","28":"product_tag-europe-ca","29":"product_tag-mon-ca","30":"product_tag-mon","31":"product_tag-monde-ca","32":"product_tag-monde","33":"product_tag-monumentos-ca","34":"product_tag-monumentos","35":"product_tag-monuments","36":"product_tag-monuments-ca","37":"product_tag-mundo","38":"product_tag-mundo-ca","39":"product_tag-oceania","40":"product_tag-oceania-ca","41":"product_tag-puzzle","42":"product_tag-puzzle-ca","43":"product_tag-tour-du-monde","44":"product_tag-volta-al-mon","45":"product_tag-volta-ao-mundo","46":"product_tag-vuelta-al-mundo","47":"product_tag-welt42000-la-vuelta-al-mundo","48":"product_tag-world-ca","49":"product_tag-world","50":"product_tag-world-landmarks","52":"first","53":"instock","54":"shipping-taxable","55":"product-type-simple"},"acf":[],"yoast_head":"<!-- This site is optimized with the Yoast SEO plugin v27.1.1 - https:\/\/yoast.com\/product\/yoast-seo-wordpress\/ -->\n<title>42000 La volta al m\u00f3n - Educa Borras<\/title>\n<meta name=\"robots\" content=\"index, follow, max-snippet:-1, max-image-preview:large, max-video-preview:-1\" \/>\n<link rel=\"canonical\" href=\"https:\/\/www.educaborras.com\/ca\/producte\/17570-ca\/\" \/>\n<script type=\"application\/ld+json\" class=\"yoast-schema-graph\">{\"@context\":\"https:\/\/schema.org\",\"@graph\":[{\"@type\":\"WebPage\",\"@id\":\"https:\/\/www.educaborras.com\/ca\/producte\/17570-ca\/\",\"url\":\"https:\/\/www.educaborras.com\/ca\/producte\/17570-ca\/\",\"name\":\"42000 La volta al m\u00f3n - Educa Borras\",\"isPartOf\":{\"@id\":\"https:\/\/www.educaborras.com\/ca\/#website\"},\"primaryImageOfPage\":{\"@id\":\"https:\/\/www.educaborras.com\/ca\/producte\/17570-ca\/#primaryimage\"},\"image\":{\"@id\":\"https:\/\/www.educaborras.com\/ca\/producte\/17570-ca\/#primaryimage\"},\"thumbnailUrl\":\"https:\/\/www.educaborras.com\/wp-content\/uploads\/17570_01_med-8.jpg\",\"datePublished\":\"2025-10-14T11:08:02+00:00\",\"dateModified\":\"2026-04-12T01:22:03+00:00\",\"breadcrumb\":{\"@id\":\"https:\/\/www.educaborras.com\/ca\/producte\/17570-ca\/#breadcrumb\"},\"inLanguage\":\"ca\",\"potentialAction\":[{\"@type\":\"ReadAction\",\"target\":[\"https:\/\/www.educaborras.com\/ca\/producte\/17570-ca\/\"]}]},{\"@type\":\"ImageObject\",\"inLanguage\":\"ca\",\"@id\":\"https:\/\/www.educaborras.com\/ca\/producte\/17570-ca\/#primaryimage\",\"url\":\"https:\/\/www.educaborras.com\/wp-content\/uploads\/17570_01_med-8.jpg\",\"contentUrl\":\"https:\/\/www.educaborras.com\/wp-content\/uploads\/17570_01_med-8.jpg\",\"caption\":\"42000 La vuelta al mundo\"},{\"@type\":\"BreadcrumbList\",\"@id\":\"https:\/\/www.educaborras.com\/ca\/producte\/17570-ca\/#breadcrumb\",\"itemListElement\":[{\"@type\":\"ListItem\",\"position\":1,\"name\":\"Portada\",\"item\":\"https:\/\/www.educaborras.com\/ca\/\"},{\"@type\":\"ListItem\",\"position\":2,\"name\":\"Productes\",\"item\":\"https:\/\/www.educaborras.com\/ca\/shop\/\"},{\"@type\":\"ListItem\",\"position\":3,\"name\":\"42000 La volta al m\u00f3n\"}]},{\"@type\":\"WebSite\",\"@id\":\"https:\/\/www.educaborras.com\/ca\/#website\",\"url\":\"https:\/\/www.educaborras.com\/ca\/\",\"name\":\"Educa Borras\",\"description\":\"\",\"publisher\":{\"@id\":\"https:\/\/www.educaborras.com\/ca\/#organization\"},\"potentialAction\":[{\"@type\":\"SearchAction\",\"target\":{\"@type\":\"EntryPoint\",\"urlTemplate\":\"https:\/\/www.educaborras.com\/ca\/?s={search_term_string}\"},\"query-input\":{\"@type\":\"PropertyValueSpecification\",\"valueRequired\":true,\"valueName\":\"search_term_string\"}}],\"inLanguage\":\"ca\"},{\"@type\":\"Organization\",\"@id\":\"https:\/\/www.educaborras.com\/ca\/#organization\",\"name\":\"Educa Borras\",\"url\":\"https:\/\/www.educaborras.com\/ca\/\",\"logo\":{\"@type\":\"ImageObject\",\"inLanguage\":\"ca\",\"@id\":\"https:\/\/www.educaborras.com\/ca\/#\/schema\/logo\/image\/\",\"url\":\"https:\/\/www.educaborras.com\/wp-content\/uploads\/cropped-LOGOS-EDUCA-BORRAS_retina.png\",\"contentUrl\":\"https:\/\/www.educaborras.com\/wp-content\/uploads\/cropped-LOGOS-EDUCA-BORRAS_retina.png\",\"caption\":\"Educa Borras\"},\"image\":{\"@id\":\"https:\/\/www.educaborras.com\/ca\/#\/schema\/logo\/image\/\"}}]}<\/script>\n<!-- \/ Yoast SEO plugin. -->","yoast_head_json":{"title":"42000 La volta al m\u00f3n - Educa Borras","robots":{"index":"index","follow":"follow","max-snippet":"max-snippet:-1","max-image-preview":"max-image-preview:large","max-video-preview":"max-video-preview:-1"},"canonical":"https:\/\/www.educaborras.com\/ca\/producte\/17570-ca\/","schema":{"@context":"https:\/\/schema.org","@graph":[{"@type":"WebPage","@id":"https:\/\/www.educaborras.com\/ca\/producte\/17570-ca\/","url":"https:\/\/www.educaborras.com\/ca\/producte\/17570-ca\/","name":"42000 La volta al m\u00f3n - Educa Borras","isPartOf":{"@id":"https:\/\/www.educaborras.com\/ca\/#website"},"primaryImageOfPage":{"@id":"https:\/\/www.educaborras.com\/ca\/producte\/17570-ca\/#primaryimage"},"image":{"@id":"https:\/\/www.educaborras.com\/ca\/producte\/17570-ca\/#primaryimage"},"thumbnailUrl":"https:\/\/www.educaborras.com\/wp-content\/uploads\/17570_01_med-8.jpg","datePublished":"2025-10-14T11:08:02+00:00","dateModified":"2026-04-12T01:22:03+00:00","breadcrumb":{"@id":"https:\/\/www.educaborras.com\/ca\/producte\/17570-ca\/#breadcrumb"},"inLanguage":"ca","potentialAction":[{"@type":"ReadAction","target":["https:\/\/www.educaborras.com\/ca\/producte\/17570-ca\/"]}]},{"@type":"ImageObject","inLanguage":"ca","@id":"https:\/\/www.educaborras.com\/ca\/producte\/17570-ca\/#primaryimage","url":"https:\/\/www.educaborras.com\/wp-content\/uploads\/17570_01_med-8.jpg","contentUrl":"https:\/\/www.educaborras.com\/wp-content\/uploads\/17570_01_med-8.jpg","caption":"42000 La vuelta al mundo"},{"@type":"BreadcrumbList","@id":"https:\/\/www.educaborras.com\/ca\/producte\/17570-ca\/#breadcrumb","itemListElement":[{"@type":"ListItem","position":1,"name":"Portada","item":"https:\/\/www.educaborras.com\/ca\/"},{"@type":"ListItem","position":2,"name":"Productes","item":"https:\/\/www.educaborras.com\/ca\/shop\/"},{"@type":"ListItem","position":3,"name":"42000 La volta al m\u00f3n"}]},{"@type":"WebSite","@id":"https:\/\/www.educaborras.com\/ca\/#website","url":"https:\/\/www.educaborras.com\/ca\/","name":"Educa Borras","description":"","publisher":{"@id":"https:\/\/www.educaborras.com\/ca\/#organization"},"potentialAction":[{"@type":"SearchAction","target":{"@type":"EntryPoint","urlTemplate":"https:\/\/www.educaborras.com\/ca\/?s={search_term_string}"},"query-input":{"@type":"PropertyValueSpecification","valueRequired":true,"valueName":"search_term_string"}}],"inLanguage":"ca"},{"@type":"Organization","@id":"https:\/\/www.educaborras.com\/ca\/#organization","name":"Educa Borras","url":"https:\/\/www.educaborras.com\/ca\/","logo":{"@type":"ImageObject","inLanguage":"ca","@id":"https:\/\/www.educaborras.com\/ca\/#\/schema\/logo\/image\/","url":"https:\/\/www.educaborras.com\/wp-content\/uploads\/cropped-LOGOS-EDUCA-BORRAS_retina.png","contentUrl":"https:\/\/www.educaborras.com\/wp-content\/uploads\/cropped-LOGOS-EDUCA-BORRAS_retina.png","caption":"Educa Borras"},"image":{"@id":"https:\/\/www.educaborras.com\/ca\/#\/schema\/logo\/image\/"}}]}},"_links":{"self":[{"href":"https:\/\/www.educaborras.com\/ca\/wp-json\/wp\/v2\/product\/251972","targetHints":{"allow":["GET"]}}],"collection":[{"href":"https:\/\/www.educaborras.com\/ca\/wp-json\/wp\/v2\/product"}],"about":[{"href":"https:\/\/www.educaborras.com\/ca\/wp-json\/wp\/v2\/types\/product"}],"wp:featuredmedia":[{"embeddable":true,"href":"https:\/\/www.educaborras.com\/ca\/wp-json\/wp\/v2\/media\/170072"}],"wp:attachment":[{"href":"https:\/\/www.educaborras.com\/ca\/wp-json\/wp\/v2\/media?parent=251972"}],"wp:term":[{"taxonomy":"product_brand","embeddable":true,"href":"https:\/\/www.educaborras.com\/ca\/wp-json\/wp\/v2\/product_brand?post=251972"},{"taxonomy":"product_cat","embeddable":true,"href":"https:\/\/www.educaborras.com\/ca\/wp-json\/wp\/v2\/product_cat?post=251972"},{"taxonomy":"product_tag","embeddable":true,"href":"https:\/\/www.educaborras.com\/ca\/wp-json\/wp\/v2\/product_tag?post=251972"}],"curies":[{"name":"wp","href":"https:\/\/api.w.org\/{rel}","templated":true}]}}