{"id":251468,"date":"2025-06-05T10:59:58","date_gmt":"2025-06-05T08:59:58","guid":{"rendered":"https:\/\/www.educaborras.com\/product\/20086\/"},"modified":"2026-04-19T03:00:21","modified_gmt":"2026-04-19T01:00:21","slug":"20086-ca","status":"publish","type":"product","link":"https:\/\/www.educaborras.com\/ca\/producte\/20086-ca\/","title":{"rendered":"Conector Aprendo a Leer"},"content":{"rendered":"<p>Emporta-te&#8217;l on vulguis! Nou CONECTOR Aprendo a Leer en format llibre amb boli amb llum i so. Joc de preguntes i respostes amb qu\u00e8 els nens amb els temes m\u00e9s interessants per aprendre a llegir com: Pictogrames, primeres lletres amb qu\u00e8 aprenem a llegir M,S,P T etc. https:\/\/youtu.be\/GEi0FYNwWbQ<\/p>\n","protected":false},"excerpt":{"rendered":"<p>Emporta-te&#8217;l on vulguis! nou CONECTOR Aprendo a Leer en format llibre amb boli amb llum i so. Joc de preguntes i respostes amb qu\u00e8 els nens amb els temes m\u00e9s interessants per aprendre a llegir com: Pictogrames, primeres lletres amb qu\u00e8 aprenem a llegir M,S,P T etc.<\/p>\n","protected":false},"featured_media":117966,"template":"","meta":{"_acf_changed":false},"product_brand":[],"product_cat":[73373,73388],"product_tag":[96705,81467,96706,89487,77262,80468,75735,75738,76337,96707,75741,89492,80471,96708,96709],"class_list":{"0":"post-251468","1":"product","2":"type-product","3":"status-publish","4":"has-post-thumbnail","6":"product_cat-conector-ca","7":"product_cat-conector-junior-ca","8":"product_tag-20086-ca","9":"product_tag-aprender-ca","10":"product_tag-aprendo-a-leer-ca","11":"product_tag-boli-con-luz-y-sonido-ca","12":"product_tag-conector-ca","13":"product_tag-conector-educativo-ca","14":"product_tag-educatiu-ca","15":"product_tag-electronico-ca","16":"product_tag-juego-ca","17":"product_tag-lectura-ca","18":"product_tag-letras-ca","19":"product_tag-libro-ca","20":"product_tag-logica-ca","21":"product_tag-pictogramas-ca","22":"product_tag-portatil-ca","24":"first","25":"instock","26":"shipping-taxable","27":"product-type-simple"},"acf":[],"yoast_head":"<!-- This site is optimized with the Yoast SEO plugin v27.1.1 - https:\/\/yoast.com\/product\/yoast-seo-wordpress\/ -->\n<title>Conector Aprendo a Leer - Educa Borras<\/title>\n<meta name=\"description\" content=\"\u00a1Ll\u00e9vatelo a donde quieras! nuevo CONECTOR APRENDO A LEER en formato libro con boli con luz y sonido. Juego electr\u00f3nico de preguntas y respuestas.\" \/>\n<meta name=\"robots\" content=\"index, follow, max-snippet:-1, max-image-preview:large, max-video-preview:-1\" \/>\n<link rel=\"canonical\" href=\"https:\/\/www.educaborras.com\/ca\/producte\/20086-ca\/\" \/>\n<script type=\"application\/ld+json\" class=\"yoast-schema-graph\">{\"@context\":\"https:\/\/schema.org\",\"@graph\":[{\"@type\":\"WebPage\",\"@id\":\"https:\/\/www.educaborras.com\/ca\/producte\/20086-ca\/\",\"url\":\"https:\/\/www.educaborras.com\/ca\/producte\/20086-ca\/\",\"name\":\"Conector Aprendo a Leer - Educa Borras\",\"isPartOf\":{\"@id\":\"https:\/\/www.educaborras.com\/ca\/#website\"},\"primaryImageOfPage\":{\"@id\":\"https:\/\/www.educaborras.com\/ca\/producte\/20086-ca\/#primaryimage\"},\"image\":{\"@id\":\"https:\/\/www.educaborras.com\/ca\/producte\/20086-ca\/#primaryimage\"},\"thumbnailUrl\":\"https:\/\/www.educaborras.com\/wp-content\/uploads\/20086_01_high.jpg\",\"datePublished\":\"2025-06-05T08:59:58+00:00\",\"dateModified\":\"2026-04-19T01:00:21+00:00\",\"description\":\"\u00a1Ll\u00e9vatelo a donde quieras! nuevo CONECTOR APRENDO A LEER en formato libro con boli con luz y sonido. Juego electr\u00f3nico de preguntas y respuestas.\",\"breadcrumb\":{\"@id\":\"https:\/\/www.educaborras.com\/ca\/producte\/20086-ca\/#breadcrumb\"},\"inLanguage\":\"ca\",\"potentialAction\":[{\"@type\":\"ReadAction\",\"target\":[\"https:\/\/www.educaborras.com\/ca\/producte\/20086-ca\/\"]}]},{\"@type\":\"ImageObject\",\"inLanguage\":\"ca\",\"@id\":\"https:\/\/www.educaborras.com\/ca\/producte\/20086-ca\/#primaryimage\",\"url\":\"https:\/\/www.educaborras.com\/wp-content\/uploads\/20086_01_high.jpg\",\"contentUrl\":\"https:\/\/www.educaborras.com\/wp-content\/uploads\/20086_01_high.jpg\",\"width\":2400,\"height\":2400,\"caption\":\"Conector Aprendo a Leer\"},{\"@type\":\"BreadcrumbList\",\"@id\":\"https:\/\/www.educaborras.com\/ca\/producte\/20086-ca\/#breadcrumb\",\"itemListElement\":[{\"@type\":\"ListItem\",\"position\":1,\"name\":\"Portada\",\"item\":\"https:\/\/www.educaborras.com\/ca\/\"},{\"@type\":\"ListItem\",\"position\":2,\"name\":\"Productes\",\"item\":\"https:\/\/www.educaborras.com\/ca\/shop\/\"},{\"@type\":\"ListItem\",\"position\":3,\"name\":\"Conector Aprendo a Leer\"}]},{\"@type\":\"WebSite\",\"@id\":\"https:\/\/www.educaborras.com\/ca\/#website\",\"url\":\"https:\/\/www.educaborras.com\/ca\/\",\"name\":\"Educa Borras\",\"description\":\"\",\"publisher\":{\"@id\":\"https:\/\/www.educaborras.com\/ca\/#organization\"},\"potentialAction\":[{\"@type\":\"SearchAction\",\"target\":{\"@type\":\"EntryPoint\",\"urlTemplate\":\"https:\/\/www.educaborras.com\/ca\/?s={search_term_string}\"},\"query-input\":{\"@type\":\"PropertyValueSpecification\",\"valueRequired\":true,\"valueName\":\"search_term_string\"}}],\"inLanguage\":\"ca\"},{\"@type\":\"Organization\",\"@id\":\"https:\/\/www.educaborras.com\/ca\/#organization\",\"name\":\"Educa Borras\",\"url\":\"https:\/\/www.educaborras.com\/ca\/\",\"logo\":{\"@type\":\"ImageObject\",\"inLanguage\":\"ca\",\"@id\":\"https:\/\/www.educaborras.com\/ca\/#\/schema\/logo\/image\/\",\"url\":\"https:\/\/www.educaborras.com\/wp-content\/uploads\/cropped-LOGOS-EDUCA-BORRAS_retina.png\",\"contentUrl\":\"https:\/\/www.educaborras.com\/wp-content\/uploads\/cropped-LOGOS-EDUCA-BORRAS_retina.png\",\"caption\":\"Educa Borras\"},\"image\":{\"@id\":\"https:\/\/www.educaborras.com\/ca\/#\/schema\/logo\/image\/\"}}]}<\/script>\n<!-- \/ Yoast SEO plugin. -->","yoast_head_json":{"title":"Conector Aprendo a Leer - Educa Borras","description":"\u00a1Ll\u00e9vatelo a donde quieras! nuevo CONECTOR APRENDO A LEER en formato libro con boli con luz y sonido. Juego electr\u00f3nico de preguntas y respuestas.","robots":{"index":"index","follow":"follow","max-snippet":"max-snippet:-1","max-image-preview":"max-image-preview:large","max-video-preview":"max-video-preview:-1"},"canonical":"https:\/\/www.educaborras.com\/ca\/producte\/20086-ca\/","schema":{"@context":"https:\/\/schema.org","@graph":[{"@type":"WebPage","@id":"https:\/\/www.educaborras.com\/ca\/producte\/20086-ca\/","url":"https:\/\/www.educaborras.com\/ca\/producte\/20086-ca\/","name":"Conector Aprendo a Leer - Educa Borras","isPartOf":{"@id":"https:\/\/www.educaborras.com\/ca\/#website"},"primaryImageOfPage":{"@id":"https:\/\/www.educaborras.com\/ca\/producte\/20086-ca\/#primaryimage"},"image":{"@id":"https:\/\/www.educaborras.com\/ca\/producte\/20086-ca\/#primaryimage"},"thumbnailUrl":"https:\/\/www.educaborras.com\/wp-content\/uploads\/20086_01_high.jpg","datePublished":"2025-06-05T08:59:58+00:00","dateModified":"2026-04-19T01:00:21+00:00","description":"\u00a1Ll\u00e9vatelo a donde quieras! nuevo CONECTOR APRENDO A LEER en formato libro con boli con luz y sonido. Juego electr\u00f3nico de preguntas y respuestas.","breadcrumb":{"@id":"https:\/\/www.educaborras.com\/ca\/producte\/20086-ca\/#breadcrumb"},"inLanguage":"ca","potentialAction":[{"@type":"ReadAction","target":["https:\/\/www.educaborras.com\/ca\/producte\/20086-ca\/"]}]},{"@type":"ImageObject","inLanguage":"ca","@id":"https:\/\/www.educaborras.com\/ca\/producte\/20086-ca\/#primaryimage","url":"https:\/\/www.educaborras.com\/wp-content\/uploads\/20086_01_high.jpg","contentUrl":"https:\/\/www.educaborras.com\/wp-content\/uploads\/20086_01_high.jpg","width":2400,"height":2400,"caption":"Conector Aprendo a Leer"},{"@type":"BreadcrumbList","@id":"https:\/\/www.educaborras.com\/ca\/producte\/20086-ca\/#breadcrumb","itemListElement":[{"@type":"ListItem","position":1,"name":"Portada","item":"https:\/\/www.educaborras.com\/ca\/"},{"@type":"ListItem","position":2,"name":"Productes","item":"https:\/\/www.educaborras.com\/ca\/shop\/"},{"@type":"ListItem","position":3,"name":"Conector Aprendo a Leer"}]},{"@type":"WebSite","@id":"https:\/\/www.educaborras.com\/ca\/#website","url":"https:\/\/www.educaborras.com\/ca\/","name":"Educa Borras","description":"","publisher":{"@id":"https:\/\/www.educaborras.com\/ca\/#organization"},"potentialAction":[{"@type":"SearchAction","target":{"@type":"EntryPoint","urlTemplate":"https:\/\/www.educaborras.com\/ca\/?s={search_term_string}"},"query-input":{"@type":"PropertyValueSpecification","valueRequired":true,"valueName":"search_term_string"}}],"inLanguage":"ca"},{"@type":"Organization","@id":"https:\/\/www.educaborras.com\/ca\/#organization","name":"Educa Borras","url":"https:\/\/www.educaborras.com\/ca\/","logo":{"@type":"ImageObject","inLanguage":"ca","@id":"https:\/\/www.educaborras.com\/ca\/#\/schema\/logo\/image\/","url":"https:\/\/www.educaborras.com\/wp-content\/uploads\/cropped-LOGOS-EDUCA-BORRAS_retina.png","contentUrl":"https:\/\/www.educaborras.com\/wp-content\/uploads\/cropped-LOGOS-EDUCA-BORRAS_retina.png","caption":"Educa Borras"},"image":{"@id":"https:\/\/www.educaborras.com\/ca\/#\/schema\/logo\/image\/"}}]}},"_links":{"self":[{"href":"https:\/\/www.educaborras.com\/ca\/wp-json\/wp\/v2\/product\/251468","targetHints":{"allow":["GET"]}}],"collection":[{"href":"https:\/\/www.educaborras.com\/ca\/wp-json\/wp\/v2\/product"}],"about":[{"href":"https:\/\/www.educaborras.com\/ca\/wp-json\/wp\/v2\/types\/product"}],"wp:featuredmedia":[{"embeddable":true,"href":"https:\/\/www.educaborras.com\/ca\/wp-json\/wp\/v2\/media\/117966"}],"wp:attachment":[{"href":"https:\/\/www.educaborras.com\/ca\/wp-json\/wp\/v2\/media?parent=251468"}],"wp:term":[{"taxonomy":"product_brand","embeddable":true,"href":"https:\/\/www.educaborras.com\/ca\/wp-json\/wp\/v2\/product_brand?post=251468"},{"taxonomy":"product_cat","embeddable":true,"href":"https:\/\/www.educaborras.com\/ca\/wp-json\/wp\/v2\/product_cat?post=251468"},{"taxonomy":"product_tag","embeddable":true,"href":"https:\/\/www.educaborras.com\/ca\/wp-json\/wp\/v2\/product_tag?post=251468"}],"curies":[{"name":"wp","href":"https:\/\/api.w.org\/{rel}","templated":true}]}}