{"id":251464,"date":"2025-06-05T11:00:00","date_gmt":"2025-06-05T09:00:00","guid":{"rendered":"https:\/\/www.educaborras.com\/product\/20087\/"},"modified":"2026-04-30T03:52:34","modified_gmt":"2026-04-30T01:52:34","slug":"20087-ca","status":"publish","type":"product","link":"https:\/\/www.educaborras.com\/ca\/producte\/20087-ca\/","title":{"rendered":"Conector Baby"},"content":{"rendered":"<p>Emporta-te&#8217;l on vulguis! nou CONECTOR BABY en format llibre amb boli amb llum i so. Joc de preguntes i respostes per als m\u00e9s petits amb els temes m\u00e9s interessants com ara: colors, formes, siluetes, els animals, i molts m\u00e9s. Joc educatiu per a associar preguntes amb respostes on els nens estimularan l&#8217;observaci\u00f3, la precepci\u00f3 visual, la discriminaci\u00f3 etc. https:\/\/youtu.be\/GEi0FYNwWbQ<\/p>\n","protected":false},"excerpt":{"rendered":"<p>Emporta-te&#8217;l on vulguis! nou CONECTOR BABY en format llibre amb boli amb llum i so. Joc de preguntes i respostes per als m\u00e9s petits amb els temes m\u00e9s interessants com ara: colors, formes, siluetes, els animals, i molts m\u00e9s.<\/p>\n","protected":false},"featured_media":117976,"template":"","meta":{"_acf_changed":false},"product_brand":[],"product_cat":[73223],"product_tag":[96885,89487,89488,77262,89489,75735,75737,76337,89492,80471],"class_list":{"0":"post-251464","1":"product","2":"type-product","3":"status-publish","4":"has-post-thumbnail","6":"product_cat-producte-descatalogat","7":"product_tag-20087-ca","8":"product_tag-boli-con-luz-y-sonido-ca","9":"product_tag-conecto-ca","10":"product_tag-conector-ca","11":"product_tag-conector-baby-ca","12":"product_tag-educatiu-ca","13":"product_tag-educativo-ca","14":"product_tag-juego-ca","15":"product_tag-libro-ca","16":"product_tag-logica-ca","18":"first","19":"instock","20":"shipping-taxable","21":"product-type-simple"},"acf":[],"yoast_head":"<!-- This site is optimized with the Yoast SEO plugin v27.1.1 - https:\/\/yoast.com\/product\/yoast-seo-wordpress\/ -->\n<title>Conector Baby - Educa Borras<\/title>\n<meta name=\"description\" content=\"\u00a1Ll\u00e9vatelo a donde quieras! nuevo CONECTOR BABY en formato libro con boli con luz y sonido. Juego de preguntas y respuestas para los m\u00e1s peque\u00f1os con los temas m\u00e1s interesantes como: colores, formas, siluetas, los animales, y muchos m\u00e1s.\" \/>\n<meta name=\"robots\" content=\"index, follow, max-snippet:-1, max-image-preview:large, max-video-preview:-1\" \/>\n<link rel=\"canonical\" href=\"https:\/\/www.educaborras.com\/ca\/producte\/20087-ca\/\" \/>\n<script type=\"application\/ld+json\" class=\"yoast-schema-graph\">{\"@context\":\"https:\/\/schema.org\",\"@graph\":[{\"@type\":\"WebPage\",\"@id\":\"https:\/\/www.educaborras.com\/ca\/producte\/20087-ca\/\",\"url\":\"https:\/\/www.educaborras.com\/ca\/producte\/20087-ca\/\",\"name\":\"Conector Baby - Educa Borras\",\"isPartOf\":{\"@id\":\"https:\/\/www.educaborras.com\/ca\/#website\"},\"primaryImageOfPage\":{\"@id\":\"https:\/\/www.educaborras.com\/ca\/producte\/20087-ca\/#primaryimage\"},\"image\":{\"@id\":\"https:\/\/www.educaborras.com\/ca\/producte\/20087-ca\/#primaryimage\"},\"thumbnailUrl\":\"https:\/\/www.educaborras.com\/wp-content\/uploads\/20087_01_high.jpg\",\"datePublished\":\"2025-06-05T09:00:00+00:00\",\"dateModified\":\"2026-04-30T01:52:34+00:00\",\"description\":\"\u00a1Ll\u00e9vatelo a donde quieras! nuevo CONECTOR BABY en formato libro con boli con luz y sonido. Juego de preguntas y respuestas para los m\u00e1s peque\u00f1os con los temas m\u00e1s interesantes como: colores, formas, siluetas, los animales, y muchos m\u00e1s.\",\"breadcrumb\":{\"@id\":\"https:\/\/www.educaborras.com\/ca\/producte\/20087-ca\/#breadcrumb\"},\"inLanguage\":\"ca\",\"potentialAction\":[{\"@type\":\"ReadAction\",\"target\":[\"https:\/\/www.educaborras.com\/ca\/producte\/20087-ca\/\"]}]},{\"@type\":\"ImageObject\",\"inLanguage\":\"ca\",\"@id\":\"https:\/\/www.educaborras.com\/ca\/producte\/20087-ca\/#primaryimage\",\"url\":\"https:\/\/www.educaborras.com\/wp-content\/uploads\/20087_01_high.jpg\",\"contentUrl\":\"https:\/\/www.educaborras.com\/wp-content\/uploads\/20087_01_high.jpg\",\"width\":2400,\"height\":2400,\"caption\":\"CONECTOR BABY\"},{\"@type\":\"BreadcrumbList\",\"@id\":\"https:\/\/www.educaborras.com\/ca\/producte\/20087-ca\/#breadcrumb\",\"itemListElement\":[{\"@type\":\"ListItem\",\"position\":1,\"name\":\"Portada\",\"item\":\"https:\/\/www.educaborras.com\/ca\/\"},{\"@type\":\"ListItem\",\"position\":2,\"name\":\"Productes\",\"item\":\"https:\/\/www.educaborras.com\/ca\/shop\/\"},{\"@type\":\"ListItem\",\"position\":3,\"name\":\"Conector Baby\"}]},{\"@type\":\"WebSite\",\"@id\":\"https:\/\/www.educaborras.com\/ca\/#website\",\"url\":\"https:\/\/www.educaborras.com\/ca\/\",\"name\":\"Educa Borras\",\"description\":\"\",\"publisher\":{\"@id\":\"https:\/\/www.educaborras.com\/ca\/#organization\"},\"potentialAction\":[{\"@type\":\"SearchAction\",\"target\":{\"@type\":\"EntryPoint\",\"urlTemplate\":\"https:\/\/www.educaborras.com\/ca\/?s={search_term_string}\"},\"query-input\":{\"@type\":\"PropertyValueSpecification\",\"valueRequired\":true,\"valueName\":\"search_term_string\"}}],\"inLanguage\":\"ca\"},{\"@type\":\"Organization\",\"@id\":\"https:\/\/www.educaborras.com\/ca\/#organization\",\"name\":\"Educa Borras\",\"url\":\"https:\/\/www.educaborras.com\/ca\/\",\"logo\":{\"@type\":\"ImageObject\",\"inLanguage\":\"ca\",\"@id\":\"https:\/\/www.educaborras.com\/ca\/#\/schema\/logo\/image\/\",\"url\":\"https:\/\/www.educaborras.com\/wp-content\/uploads\/cropped-LOGOS-EDUCA-BORRAS_retina.png\",\"contentUrl\":\"https:\/\/www.educaborras.com\/wp-content\/uploads\/cropped-LOGOS-EDUCA-BORRAS_retina.png\",\"caption\":\"Educa Borras\"},\"image\":{\"@id\":\"https:\/\/www.educaborras.com\/ca\/#\/schema\/logo\/image\/\"}}]}<\/script>\n<!-- \/ Yoast SEO plugin. -->","yoast_head_json":{"title":"Conector Baby - Educa Borras","description":"\u00a1Ll\u00e9vatelo a donde quieras! nuevo CONECTOR BABY en formato libro con boli con luz y sonido. Juego de preguntas y respuestas para los m\u00e1s peque\u00f1os con los temas m\u00e1s interesantes como: colores, formas, siluetas, los animales, y muchos m\u00e1s.","robots":{"index":"index","follow":"follow","max-snippet":"max-snippet:-1","max-image-preview":"max-image-preview:large","max-video-preview":"max-video-preview:-1"},"canonical":"https:\/\/www.educaborras.com\/ca\/producte\/20087-ca\/","schema":{"@context":"https:\/\/schema.org","@graph":[{"@type":"WebPage","@id":"https:\/\/www.educaborras.com\/ca\/producte\/20087-ca\/","url":"https:\/\/www.educaborras.com\/ca\/producte\/20087-ca\/","name":"Conector Baby - Educa Borras","isPartOf":{"@id":"https:\/\/www.educaborras.com\/ca\/#website"},"primaryImageOfPage":{"@id":"https:\/\/www.educaborras.com\/ca\/producte\/20087-ca\/#primaryimage"},"image":{"@id":"https:\/\/www.educaborras.com\/ca\/producte\/20087-ca\/#primaryimage"},"thumbnailUrl":"https:\/\/www.educaborras.com\/wp-content\/uploads\/20087_01_high.jpg","datePublished":"2025-06-05T09:00:00+00:00","dateModified":"2026-04-30T01:52:34+00:00","description":"\u00a1Ll\u00e9vatelo a donde quieras! nuevo CONECTOR BABY en formato libro con boli con luz y sonido. Juego de preguntas y respuestas para los m\u00e1s peque\u00f1os con los temas m\u00e1s interesantes como: colores, formas, siluetas, los animales, y muchos m\u00e1s.","breadcrumb":{"@id":"https:\/\/www.educaborras.com\/ca\/producte\/20087-ca\/#breadcrumb"},"inLanguage":"ca","potentialAction":[{"@type":"ReadAction","target":["https:\/\/www.educaborras.com\/ca\/producte\/20087-ca\/"]}]},{"@type":"ImageObject","inLanguage":"ca","@id":"https:\/\/www.educaborras.com\/ca\/producte\/20087-ca\/#primaryimage","url":"https:\/\/www.educaborras.com\/wp-content\/uploads\/20087_01_high.jpg","contentUrl":"https:\/\/www.educaborras.com\/wp-content\/uploads\/20087_01_high.jpg","width":2400,"height":2400,"caption":"CONECTOR BABY"},{"@type":"BreadcrumbList","@id":"https:\/\/www.educaborras.com\/ca\/producte\/20087-ca\/#breadcrumb","itemListElement":[{"@type":"ListItem","position":1,"name":"Portada","item":"https:\/\/www.educaborras.com\/ca\/"},{"@type":"ListItem","position":2,"name":"Productes","item":"https:\/\/www.educaborras.com\/ca\/shop\/"},{"@type":"ListItem","position":3,"name":"Conector Baby"}]},{"@type":"WebSite","@id":"https:\/\/www.educaborras.com\/ca\/#website","url":"https:\/\/www.educaborras.com\/ca\/","name":"Educa Borras","description":"","publisher":{"@id":"https:\/\/www.educaborras.com\/ca\/#organization"},"potentialAction":[{"@type":"SearchAction","target":{"@type":"EntryPoint","urlTemplate":"https:\/\/www.educaborras.com\/ca\/?s={search_term_string}"},"query-input":{"@type":"PropertyValueSpecification","valueRequired":true,"valueName":"search_term_string"}}],"inLanguage":"ca"},{"@type":"Organization","@id":"https:\/\/www.educaborras.com\/ca\/#organization","name":"Educa Borras","url":"https:\/\/www.educaborras.com\/ca\/","logo":{"@type":"ImageObject","inLanguage":"ca","@id":"https:\/\/www.educaborras.com\/ca\/#\/schema\/logo\/image\/","url":"https:\/\/www.educaborras.com\/wp-content\/uploads\/cropped-LOGOS-EDUCA-BORRAS_retina.png","contentUrl":"https:\/\/www.educaborras.com\/wp-content\/uploads\/cropped-LOGOS-EDUCA-BORRAS_retina.png","caption":"Educa Borras"},"image":{"@id":"https:\/\/www.educaborras.com\/ca\/#\/schema\/logo\/image\/"}}]}},"_links":{"self":[{"href":"https:\/\/www.educaborras.com\/ca\/wp-json\/wp\/v2\/product\/251464","targetHints":{"allow":["GET"]}}],"collection":[{"href":"https:\/\/www.educaborras.com\/ca\/wp-json\/wp\/v2\/product"}],"about":[{"href":"https:\/\/www.educaborras.com\/ca\/wp-json\/wp\/v2\/types\/product"}],"wp:featuredmedia":[{"embeddable":true,"href":"https:\/\/www.educaborras.com\/ca\/wp-json\/wp\/v2\/media\/117976"}],"wp:attachment":[{"href":"https:\/\/www.educaborras.com\/ca\/wp-json\/wp\/v2\/media?parent=251464"}],"wp:term":[{"taxonomy":"product_brand","embeddable":true,"href":"https:\/\/www.educaborras.com\/ca\/wp-json\/wp\/v2\/product_brand?post=251464"},{"taxonomy":"product_cat","embeddable":true,"href":"https:\/\/www.educaborras.com\/ca\/wp-json\/wp\/v2\/product_cat?post=251464"},{"taxonomy":"product_tag","embeddable":true,"href":"https:\/\/www.educaborras.com\/ca\/wp-json\/wp\/v2\/product_tag?post=251464"}],"curies":[{"name":"wp","href":"https:\/\/api.w.org\/{rel}","templated":true}]}}