{"id":251460,"date":"2025-06-05T11:00:02","date_gmt":"2025-06-05T09:00:02","guid":{"rendered":"https:\/\/www.educaborras.com\/product\/20022\/"},"modified":"2026-04-24T02:30:26","modified_gmt":"2026-04-24T00:30:26","slug":"20022-ca","status":"publish","type":"product","link":"https:\/\/www.educaborras.com\/ca\/producte\/20022-ca\/","title":{"rendered":"Educa Magnetics 26 pcs"},"content":{"rendered":"<p>26 peces de blocs magn\u00e8tics 3D que permeten crear figures geom\u00e8triques als nens a partir dels 3 anys. Mentre juguen, aprenen de manera natural els principis dels Imants i la For\u00e7a Magn\u00e8tica. \u00c9s perfecte per desenvolupar el reconeixement de colors i formes. Desenvolupen el sentit de l&#8217;espai tridimensional, tot aprenent mentre juguen. \u00c9s ideal com a joguina preescolar, a escoles, a escoles bressol, ideal per jugar en fam\u00edlia i a casa. https:\/\/www.youtube.com\/watch?v=s0FUZyK2pOo<\/p>\n","protected":false},"excerpt":{"rendered":"<p>26 peces de blocs magn\u00e8tics 3D que permeten crear figures geom\u00e8triques als nens a partir dels 3 anys. Mentre juguen, aprenen de manera natural els principis dels Imants i la For\u00e7a Magn\u00e8tica.<\/p>\n","protected":false},"featured_media":113048,"template":"","meta":{"_acf_changed":false},"product_brand":[],"product_cat":[73203,73483],"product_tag":[97454,97455,74160,97456,79703],"class_list":{"0":"post-251460","1":"product","2":"type-product","3":"status-publish","4":"has-post-thumbnail","6":"product_cat-construccions","7":"product_cat-educa-magnetics-ca","8":"product_tag-20022-ca","9":"product_tag-26-ca","10":"product_tag-educa-ca","11":"product_tag-magnetics-ca","12":"product_tag-pcs-ca","14":"first","15":"instock","16":"shipping-taxable","17":"product-type-simple"},"acf":[],"yoast_head":"<!-- This site is optimized with the Yoast SEO plugin v27.1.1 - https:\/\/yoast.com\/product\/yoast-seo-wordpress\/ -->\n<title>Educa Magnetics 26 pcs - Educa Borras<\/title>\n<meta name=\"description\" content=\"26 piezas de bloques magn\u00e9ticos 3D que permiten crear figuras geom\u00e9tricas. Es perfecto para desarrollar el reconocimiento de colores y formas.\" \/>\n<meta name=\"robots\" content=\"index, follow, max-snippet:-1, max-image-preview:large, max-video-preview:-1\" \/>\n<link rel=\"canonical\" href=\"https:\/\/www.educaborras.com\/ca\/producte\/20022-ca\/\" \/>\n<script type=\"application\/ld+json\" class=\"yoast-schema-graph\">{\"@context\":\"https:\/\/schema.org\",\"@graph\":[{\"@type\":\"WebPage\",\"@id\":\"https:\/\/www.educaborras.com\/ca\/producte\/20022-ca\/\",\"url\":\"https:\/\/www.educaborras.com\/ca\/producte\/20022-ca\/\",\"name\":\"Educa Magnetics 26 pcs - Educa Borras\",\"isPartOf\":{\"@id\":\"https:\/\/www.educaborras.com\/ca\/#website\"},\"primaryImageOfPage\":{\"@id\":\"https:\/\/www.educaborras.com\/ca\/producte\/20022-ca\/#primaryimage\"},\"image\":{\"@id\":\"https:\/\/www.educaborras.com\/ca\/producte\/20022-ca\/#primaryimage\"},\"thumbnailUrl\":\"https:\/\/www.educaborras.com\/wp-content\/uploads\/20022_01_high.jpg\",\"datePublished\":\"2025-06-05T09:00:02+00:00\",\"dateModified\":\"2026-04-24T00:30:26+00:00\",\"description\":\"26 piezas de bloques magn\u00e9ticos 3D que permiten crear figuras geom\u00e9tricas. Es perfecto para desarrollar el reconocimiento de colores y formas.\",\"breadcrumb\":{\"@id\":\"https:\/\/www.educaborras.com\/ca\/producte\/20022-ca\/#breadcrumb\"},\"inLanguage\":\"ca\",\"potentialAction\":[{\"@type\":\"ReadAction\",\"target\":[\"https:\/\/www.educaborras.com\/ca\/producte\/20022-ca\/\"]}]},{\"@type\":\"ImageObject\",\"inLanguage\":\"ca\",\"@id\":\"https:\/\/www.educaborras.com\/ca\/producte\/20022-ca\/#primaryimage\",\"url\":\"https:\/\/www.educaborras.com\/wp-content\/uploads\/20022_01_high.jpg\",\"contentUrl\":\"https:\/\/www.educaborras.com\/wp-content\/uploads\/20022_01_high.jpg\",\"width\":2400,\"height\":2400},{\"@type\":\"BreadcrumbList\",\"@id\":\"https:\/\/www.educaborras.com\/ca\/producte\/20022-ca\/#breadcrumb\",\"itemListElement\":[{\"@type\":\"ListItem\",\"position\":1,\"name\":\"Portada\",\"item\":\"https:\/\/www.educaborras.com\/ca\/\"},{\"@type\":\"ListItem\",\"position\":2,\"name\":\"Productes\",\"item\":\"https:\/\/www.educaborras.com\/ca\/shop\/\"},{\"@type\":\"ListItem\",\"position\":3,\"name\":\"Educa Magnetics 26 pcs\"}]},{\"@type\":\"WebSite\",\"@id\":\"https:\/\/www.educaborras.com\/ca\/#website\",\"url\":\"https:\/\/www.educaborras.com\/ca\/\",\"name\":\"Educa Borras\",\"description\":\"\",\"publisher\":{\"@id\":\"https:\/\/www.educaborras.com\/ca\/#organization\"},\"potentialAction\":[{\"@type\":\"SearchAction\",\"target\":{\"@type\":\"EntryPoint\",\"urlTemplate\":\"https:\/\/www.educaborras.com\/ca\/?s={search_term_string}\"},\"query-input\":{\"@type\":\"PropertyValueSpecification\",\"valueRequired\":true,\"valueName\":\"search_term_string\"}}],\"inLanguage\":\"ca\"},{\"@type\":\"Organization\",\"@id\":\"https:\/\/www.educaborras.com\/ca\/#organization\",\"name\":\"Educa Borras\",\"url\":\"https:\/\/www.educaborras.com\/ca\/\",\"logo\":{\"@type\":\"ImageObject\",\"inLanguage\":\"ca\",\"@id\":\"https:\/\/www.educaborras.com\/ca\/#\/schema\/logo\/image\/\",\"url\":\"https:\/\/www.educaborras.com\/wp-content\/uploads\/cropped-LOGOS-EDUCA-BORRAS_retina.png\",\"contentUrl\":\"https:\/\/www.educaborras.com\/wp-content\/uploads\/cropped-LOGOS-EDUCA-BORRAS_retina.png\",\"caption\":\"Educa Borras\"},\"image\":{\"@id\":\"https:\/\/www.educaborras.com\/ca\/#\/schema\/logo\/image\/\"}}]}<\/script>\n<!-- \/ Yoast SEO plugin. -->","yoast_head_json":{"title":"Educa Magnetics 26 pcs - Educa Borras","description":"26 piezas de bloques magn\u00e9ticos 3D que permiten crear figuras geom\u00e9tricas. Es perfecto para desarrollar el reconocimiento de colores y formas.","robots":{"index":"index","follow":"follow","max-snippet":"max-snippet:-1","max-image-preview":"max-image-preview:large","max-video-preview":"max-video-preview:-1"},"canonical":"https:\/\/www.educaborras.com\/ca\/producte\/20022-ca\/","schema":{"@context":"https:\/\/schema.org","@graph":[{"@type":"WebPage","@id":"https:\/\/www.educaborras.com\/ca\/producte\/20022-ca\/","url":"https:\/\/www.educaborras.com\/ca\/producte\/20022-ca\/","name":"Educa Magnetics 26 pcs - Educa Borras","isPartOf":{"@id":"https:\/\/www.educaborras.com\/ca\/#website"},"primaryImageOfPage":{"@id":"https:\/\/www.educaborras.com\/ca\/producte\/20022-ca\/#primaryimage"},"image":{"@id":"https:\/\/www.educaborras.com\/ca\/producte\/20022-ca\/#primaryimage"},"thumbnailUrl":"https:\/\/www.educaborras.com\/wp-content\/uploads\/20022_01_high.jpg","datePublished":"2025-06-05T09:00:02+00:00","dateModified":"2026-04-24T00:30:26+00:00","description":"26 piezas de bloques magn\u00e9ticos 3D que permiten crear figuras geom\u00e9tricas. Es perfecto para desarrollar el reconocimiento de colores y formas.","breadcrumb":{"@id":"https:\/\/www.educaborras.com\/ca\/producte\/20022-ca\/#breadcrumb"},"inLanguage":"ca","potentialAction":[{"@type":"ReadAction","target":["https:\/\/www.educaborras.com\/ca\/producte\/20022-ca\/"]}]},{"@type":"ImageObject","inLanguage":"ca","@id":"https:\/\/www.educaborras.com\/ca\/producte\/20022-ca\/#primaryimage","url":"https:\/\/www.educaborras.com\/wp-content\/uploads\/20022_01_high.jpg","contentUrl":"https:\/\/www.educaborras.com\/wp-content\/uploads\/20022_01_high.jpg","width":2400,"height":2400},{"@type":"BreadcrumbList","@id":"https:\/\/www.educaborras.com\/ca\/producte\/20022-ca\/#breadcrumb","itemListElement":[{"@type":"ListItem","position":1,"name":"Portada","item":"https:\/\/www.educaborras.com\/ca\/"},{"@type":"ListItem","position":2,"name":"Productes","item":"https:\/\/www.educaborras.com\/ca\/shop\/"},{"@type":"ListItem","position":3,"name":"Educa Magnetics 26 pcs"}]},{"@type":"WebSite","@id":"https:\/\/www.educaborras.com\/ca\/#website","url":"https:\/\/www.educaborras.com\/ca\/","name":"Educa Borras","description":"","publisher":{"@id":"https:\/\/www.educaborras.com\/ca\/#organization"},"potentialAction":[{"@type":"SearchAction","target":{"@type":"EntryPoint","urlTemplate":"https:\/\/www.educaborras.com\/ca\/?s={search_term_string}"},"query-input":{"@type":"PropertyValueSpecification","valueRequired":true,"valueName":"search_term_string"}}],"inLanguage":"ca"},{"@type":"Organization","@id":"https:\/\/www.educaborras.com\/ca\/#organization","name":"Educa Borras","url":"https:\/\/www.educaborras.com\/ca\/","logo":{"@type":"ImageObject","inLanguage":"ca","@id":"https:\/\/www.educaborras.com\/ca\/#\/schema\/logo\/image\/","url":"https:\/\/www.educaborras.com\/wp-content\/uploads\/cropped-LOGOS-EDUCA-BORRAS_retina.png","contentUrl":"https:\/\/www.educaborras.com\/wp-content\/uploads\/cropped-LOGOS-EDUCA-BORRAS_retina.png","caption":"Educa Borras"},"image":{"@id":"https:\/\/www.educaborras.com\/ca\/#\/schema\/logo\/image\/"}}]}},"_links":{"self":[{"href":"https:\/\/www.educaborras.com\/ca\/wp-json\/wp\/v2\/product\/251460","targetHints":{"allow":["GET"]}}],"collection":[{"href":"https:\/\/www.educaborras.com\/ca\/wp-json\/wp\/v2\/product"}],"about":[{"href":"https:\/\/www.educaborras.com\/ca\/wp-json\/wp\/v2\/types\/product"}],"wp:featuredmedia":[{"embeddable":true,"href":"https:\/\/www.educaborras.com\/ca\/wp-json\/wp\/v2\/media\/113048"}],"wp:attachment":[{"href":"https:\/\/www.educaborras.com\/ca\/wp-json\/wp\/v2\/media?parent=251460"}],"wp:term":[{"taxonomy":"product_brand","embeddable":true,"href":"https:\/\/www.educaborras.com\/ca\/wp-json\/wp\/v2\/product_brand?post=251460"},{"taxonomy":"product_cat","embeddable":true,"href":"https:\/\/www.educaborras.com\/ca\/wp-json\/wp\/v2\/product_cat?post=251460"},{"taxonomy":"product_tag","embeddable":true,"href":"https:\/\/www.educaborras.com\/ca\/wp-json\/wp\/v2\/product_tag?post=251460"}],"curies":[{"name":"wp","href":"https:\/\/api.w.org\/{rel}","templated":true}]}}