{"id":251400,"date":"2025-06-05T11:00:49","date_gmt":"2025-06-05T09:00:49","guid":{"rendered":"https:\/\/www.educaborras.com\/product\/18510\/"},"modified":"2026-05-04T03:20:26","modified_gmt":"2026-05-04T01:20:26","slug":"18510-ca","status":"publish","type":"product","link":"https:\/\/www.educaborras.com\/ca\/producte\/18510-ca\/","title":{"rendered":"\u00c9rase una vez&#8230; Juego de mesa"},"content":{"rendered":"<p>Un gran viatge pel cos hum\u00e0 en companyia dels personatges de la s\u00e8rie \u00c9rase una vez &#8230; La Vida! Tira el dau i respon les preguntes corresponents a l&#8217;espai on has caigut. Si encertes guanya una fitxa de el Sistema corresponent a aquest tema. 5 temes: sang i circulaci\u00f3, el sistema nervi\u00f3s i els sentits, respiraci\u00f3, digesti\u00f3 i \u00f2rgans, ossos i m\u00fasculs. Atenci\u00f3. Si el dau cau sobre la cara d&#8217;el Virus, qualsevol jugador haur\u00e0 de fer servir una de les fitxes recollides per evitar que Virus entri al tauler i bloquegi el pas. Contingut: 1 tauler de joc, 1 dau, 96 cartes, 6 fitxes de Gl\u00f2bul Vermell, 60 fitxes de &#8220;Sistema&#8221;, 10 fitxes de &#8220;Virus&#8221;, 10 fitxes de &#8220;Antic\u00f2s&#8221;.<\/p>\n","protected":false},"excerpt":{"rendered":"<p>Descubre Espa\u00f1a jugando a este divertido juego de preguntas y respuestas. En cada turno, los jugadores colocan sus fi chas en el tablero de categor\u00edas y responden por turno a las 4 preguntas de una carta. M\u00e1s de 380 preguntas &#8211; 4 categor\u00edas diferentes: \u2022 LIBRO: historia y cultura \u2022 GLOBO tradiciones, gastronom\u00eda, curiosidades. \u2022 BR\u00daJULA: monta\u00f1as, r\u00edos, paisajes, &#8230; \u2022 C\u00c1MARA: enigma visual. Por cada respuesta correcta, el jugador gana el n\u00famero de puntos indicado debajo de la ficha de maleta colocada en la casilla correspondiente a la categor\u00eda de la pregunta. El jugador que obtenga la mayor cantidad de puntos en un turno avanza un espacio en el tablero de juego. El primer jugador que llega al espacio central gana el juego. Contenido: 96 cartas (380 preguntas), tablero de juego, bandeja de categor\u00edas, 16 fichas-maletas, 4 fichas de jugador, regla del juego.<\/p>\n","protected":false},"featured_media":160578,"template":"","meta":{"_acf_changed":false},"product_brand":[],"product_cat":[73396],"product_tag":[95554,78226,84495,77942,80627,80629,92754,95555,95556,83415,76188],"class_list":{"0":"post-251400","1":"product","2":"type-product","3":"status-publish","4":"has-post-thumbnail","6":"product_cat-jocs-cientifics","7":"product_tag-18510-ca","8":"product_tag-erase-ca","9":"product_tag-erase-una-vez-ca","10":"product_tag-joc-ca","11":"product_tag-jogo-ca","12":"product_tag-juego-de-mesa-ca","13":"product_tag-tablero-ca","14":"product_tag-taula-ca","15":"product_tag-tauler-ca","16":"product_tag-television-ca","17":"product_tag-tv-ca","19":"first","20":"instock","21":"shipping-taxable","22":"product-type-simple"},"acf":[],"yoast_head":"<!-- This site is optimized with the Yoast SEO plugin v27.1.1 - https:\/\/yoast.com\/product\/yoast-seo-wordpress\/ -->\n<title>\u00c9rase una vez... Juego de mesa - Educa Borras<\/title>\n<meta name=\"robots\" content=\"index, follow, max-snippet:-1, max-image-preview:large, max-video-preview:-1\" \/>\n<link rel=\"canonical\" href=\"https:\/\/www.educaborras.com\/ca\/producte\/18510-ca\/\" \/>\n<meta name=\"twitter:label1\" content=\"Temps estimat de lectura\" \/>\n\t<meta name=\"twitter:data1\" content=\"1 minut\" \/>\n<script type=\"application\/ld+json\" class=\"yoast-schema-graph\">{\"@context\":\"https:\/\/schema.org\",\"@graph\":[{\"@type\":\"WebPage\",\"@id\":\"https:\/\/www.educaborras.com\/ca\/producte\/18510-ca\/\",\"url\":\"https:\/\/www.educaborras.com\/ca\/producte\/18510-ca\/\",\"name\":\"\u00c9rase una vez... Juego de mesa - Educa Borras\",\"isPartOf\":{\"@id\":\"https:\/\/www.educaborras.com\/ca\/#website\"},\"primaryImageOfPage\":{\"@id\":\"https:\/\/www.educaborras.com\/ca\/producte\/18510-ca\/#primaryimage\"},\"image\":{\"@id\":\"https:\/\/www.educaborras.com\/ca\/producte\/18510-ca\/#primaryimage\"},\"thumbnailUrl\":\"https:\/\/www.educaborras.com\/wp-content\/uploads\/18510_01_med-13.jpg\",\"datePublished\":\"2025-06-05T09:00:49+00:00\",\"dateModified\":\"2026-05-04T01:20:26+00:00\",\"breadcrumb\":{\"@id\":\"https:\/\/www.educaborras.com\/ca\/producte\/18510-ca\/#breadcrumb\"},\"inLanguage\":\"ca\",\"potentialAction\":[{\"@type\":\"ReadAction\",\"target\":[\"https:\/\/www.educaborras.com\/ca\/producte\/18510-ca\/\"]}]},{\"@type\":\"ImageObject\",\"inLanguage\":\"ca\",\"@id\":\"https:\/\/www.educaborras.com\/ca\/producte\/18510-ca\/#primaryimage\",\"url\":\"https:\/\/www.educaborras.com\/wp-content\/uploads\/18510_01_med-13.jpg\",\"contentUrl\":\"https:\/\/www.educaborras.com\/wp-content\/uploads\/18510_01_med-13.jpg\"},{\"@type\":\"BreadcrumbList\",\"@id\":\"https:\/\/www.educaborras.com\/ca\/producte\/18510-ca\/#breadcrumb\",\"itemListElement\":[{\"@type\":\"ListItem\",\"position\":1,\"name\":\"Portada\",\"item\":\"https:\/\/www.educaborras.com\/ca\/\"},{\"@type\":\"ListItem\",\"position\":2,\"name\":\"Productes\",\"item\":\"https:\/\/www.educaborras.com\/ca\/shop\/\"},{\"@type\":\"ListItem\",\"position\":3,\"name\":\"\u00c9rase una vez&#8230; Juego de mesa\"}]},{\"@type\":\"WebSite\",\"@id\":\"https:\/\/www.educaborras.com\/ca\/#website\",\"url\":\"https:\/\/www.educaborras.com\/ca\/\",\"name\":\"Educa Borras\",\"description\":\"\",\"publisher\":{\"@id\":\"https:\/\/www.educaborras.com\/ca\/#organization\"},\"potentialAction\":[{\"@type\":\"SearchAction\",\"target\":{\"@type\":\"EntryPoint\",\"urlTemplate\":\"https:\/\/www.educaborras.com\/ca\/?s={search_term_string}\"},\"query-input\":{\"@type\":\"PropertyValueSpecification\",\"valueRequired\":true,\"valueName\":\"search_term_string\"}}],\"inLanguage\":\"ca\"},{\"@type\":\"Organization\",\"@id\":\"https:\/\/www.educaborras.com\/ca\/#organization\",\"name\":\"Educa Borras\",\"url\":\"https:\/\/www.educaborras.com\/ca\/\",\"logo\":{\"@type\":\"ImageObject\",\"inLanguage\":\"ca\",\"@id\":\"https:\/\/www.educaborras.com\/ca\/#\/schema\/logo\/image\/\",\"url\":\"https:\/\/www.educaborras.com\/wp-content\/uploads\/cropped-LOGOS-EDUCA-BORRAS_retina.png\",\"contentUrl\":\"https:\/\/www.educaborras.com\/wp-content\/uploads\/cropped-LOGOS-EDUCA-BORRAS_retina.png\",\"caption\":\"Educa Borras\"},\"image\":{\"@id\":\"https:\/\/www.educaborras.com\/ca\/#\/schema\/logo\/image\/\"}}]}<\/script>\n<!-- \/ Yoast SEO plugin. -->","yoast_head_json":{"title":"\u00c9rase una vez... Juego de mesa - Educa Borras","robots":{"index":"index","follow":"follow","max-snippet":"max-snippet:-1","max-image-preview":"max-image-preview:large","max-video-preview":"max-video-preview:-1"},"canonical":"https:\/\/www.educaborras.com\/ca\/producte\/18510-ca\/","twitter_misc":{"Temps estimat de lectura":"1 minut"},"schema":{"@context":"https:\/\/schema.org","@graph":[{"@type":"WebPage","@id":"https:\/\/www.educaborras.com\/ca\/producte\/18510-ca\/","url":"https:\/\/www.educaborras.com\/ca\/producte\/18510-ca\/","name":"\u00c9rase una vez... Juego de mesa - Educa Borras","isPartOf":{"@id":"https:\/\/www.educaborras.com\/ca\/#website"},"primaryImageOfPage":{"@id":"https:\/\/www.educaborras.com\/ca\/producte\/18510-ca\/#primaryimage"},"image":{"@id":"https:\/\/www.educaborras.com\/ca\/producte\/18510-ca\/#primaryimage"},"thumbnailUrl":"https:\/\/www.educaborras.com\/wp-content\/uploads\/18510_01_med-13.jpg","datePublished":"2025-06-05T09:00:49+00:00","dateModified":"2026-05-04T01:20:26+00:00","breadcrumb":{"@id":"https:\/\/www.educaborras.com\/ca\/producte\/18510-ca\/#breadcrumb"},"inLanguage":"ca","potentialAction":[{"@type":"ReadAction","target":["https:\/\/www.educaborras.com\/ca\/producte\/18510-ca\/"]}]},{"@type":"ImageObject","inLanguage":"ca","@id":"https:\/\/www.educaborras.com\/ca\/producte\/18510-ca\/#primaryimage","url":"https:\/\/www.educaborras.com\/wp-content\/uploads\/18510_01_med-13.jpg","contentUrl":"https:\/\/www.educaborras.com\/wp-content\/uploads\/18510_01_med-13.jpg"},{"@type":"BreadcrumbList","@id":"https:\/\/www.educaborras.com\/ca\/producte\/18510-ca\/#breadcrumb","itemListElement":[{"@type":"ListItem","position":1,"name":"Portada","item":"https:\/\/www.educaborras.com\/ca\/"},{"@type":"ListItem","position":2,"name":"Productes","item":"https:\/\/www.educaborras.com\/ca\/shop\/"},{"@type":"ListItem","position":3,"name":"\u00c9rase una vez&#8230; Juego de mesa"}]},{"@type":"WebSite","@id":"https:\/\/www.educaborras.com\/ca\/#website","url":"https:\/\/www.educaborras.com\/ca\/","name":"Educa Borras","description":"","publisher":{"@id":"https:\/\/www.educaborras.com\/ca\/#organization"},"potentialAction":[{"@type":"SearchAction","target":{"@type":"EntryPoint","urlTemplate":"https:\/\/www.educaborras.com\/ca\/?s={search_term_string}"},"query-input":{"@type":"PropertyValueSpecification","valueRequired":true,"valueName":"search_term_string"}}],"inLanguage":"ca"},{"@type":"Organization","@id":"https:\/\/www.educaborras.com\/ca\/#organization","name":"Educa Borras","url":"https:\/\/www.educaborras.com\/ca\/","logo":{"@type":"ImageObject","inLanguage":"ca","@id":"https:\/\/www.educaborras.com\/ca\/#\/schema\/logo\/image\/","url":"https:\/\/www.educaborras.com\/wp-content\/uploads\/cropped-LOGOS-EDUCA-BORRAS_retina.png","contentUrl":"https:\/\/www.educaborras.com\/wp-content\/uploads\/cropped-LOGOS-EDUCA-BORRAS_retina.png","caption":"Educa Borras"},"image":{"@id":"https:\/\/www.educaborras.com\/ca\/#\/schema\/logo\/image\/"}}]}},"_links":{"self":[{"href":"https:\/\/www.educaborras.com\/ca\/wp-json\/wp\/v2\/product\/251400","targetHints":{"allow":["GET"]}}],"collection":[{"href":"https:\/\/www.educaborras.com\/ca\/wp-json\/wp\/v2\/product"}],"about":[{"href":"https:\/\/www.educaborras.com\/ca\/wp-json\/wp\/v2\/types\/product"}],"wp:featuredmedia":[{"embeddable":true,"href":"https:\/\/www.educaborras.com\/ca\/wp-json\/wp\/v2\/media\/160578"}],"wp:attachment":[{"href":"https:\/\/www.educaborras.com\/ca\/wp-json\/wp\/v2\/media?parent=251400"}],"wp:term":[{"taxonomy":"product_brand","embeddable":true,"href":"https:\/\/www.educaborras.com\/ca\/wp-json\/wp\/v2\/product_brand?post=251400"},{"taxonomy":"product_cat","embeddable":true,"href":"https:\/\/www.educaborras.com\/ca\/wp-json\/wp\/v2\/product_cat?post=251400"},{"taxonomy":"product_tag","embeddable":true,"href":"https:\/\/www.educaborras.com\/ca\/wp-json\/wp\/v2\/product_tag?post=251400"}],"curies":[{"name":"wp","href":"https:\/\/api.w.org\/{rel}","templated":true}]}}