{"id":251392,"date":"2025-06-05T11:00:54","date_gmt":"2025-06-05T09:00:54","guid":{"rendered":"https:\/\/www.educaborras.com\/product\/18712\/"},"modified":"2026-05-01T02:50:56","modified_gmt":"2026-05-01T00:50:56","slug":"18712-ca","status":"publish","type":"product","link":"https:\/\/www.educaborras.com\/ca\/producte\/18712-ca\/","title":{"rendered":"Lince Go!"},"content":{"rendered":"<p>Ara el gran joc per als que tenen reflexos de LINX en la seva versi\u00f3 de cartes. Encara m\u00e9s emocionant i divertit. Inclou 6 divertid\u00edssimes din\u00e0miques de joc per a totes les edats. Contingut: 70 cartes. https:\/\/www.youtube.com\/watch?v=9tixP6ad-fc<\/p>\n","protected":false},"excerpt":{"rendered":"<p>Ara el gran joc per als que tenen reflexos de LINX en la seva versi\u00f3 de cartes.<\/p>\n","protected":false},"featured_media":16344,"template":"","meta":{"_acf_changed":false},"product_brand":[],"product_cat":[73211,73210],"product_tag":[96124,77460,80698,77942,96125,76298,96126,82106,96127,96128,80627,96129,96130,96131,96132,96133,96134,76337,96135,80629,96136,78016,96137,77463,96138,96139,96140,77466,96141,96142,76304],"class_list":{"0":"post-251392","1":"product","2":"type-product","3":"status-publish","4":"has-post-thumbnail","6":"product_cat-el-lince-ca","7":"product_cat-jocs-de-taula","8":"product_tag-18712-ca","9":"product_tag-imagenes-ca","10":"product_tag-imagens-ca","11":"product_tag-joc-ca","12":"product_tag-joc-de-cartes-ca","13":"product_tag-joc-de-taula-ca","14":"product_tag-joc-familia-ca","15":"product_tag-joc-familiar-ca","16":"product_tag-joc-lince-ca","17":"product_tag-joc-linx-ca","18":"product_tag-jogo-ca","19":"product_tag-jogo-de-cartas-ca","20":"product_tag-jogo-de-mesa-ca","21":"product_tag-jogo-familia-ca","22":"product_tag-jogo-familiar-ca","23":"product_tag-jogo-lince-ca","24":"product_tag-jogo-tabuleiro-ca","25":"product_tag-juego-ca","26":"product_tag-juego-de-cartas-ca","27":"product_tag-juego-de-mesa-ca","28":"product_tag-juego-familia-ca","29":"product_tag-juego-familiar-ca","30":"product_tag-juego-lince-ca","31":"product_tag-lince-ca","32":"product_tag-lince-cartas-ca","33":"product_tag-linx-cartes-ca","34":"product_tag-rapidesa-ca","35":"product_tag-rapidez-ca","36":"product_tag-reflejos-visuales-ca","37":"product_tag-reflexos-visuals-ca","38":"product_tag-vista-ca","40":"first","41":"instock","42":"shipping-taxable","43":"product-type-simple"},"acf":[],"yoast_head":"<!-- This site is optimized with the Yoast SEO plugin v27.1.1 - https:\/\/yoast.com\/product\/yoast-seo-wordpress\/ -->\n<title>Lince Go! - Educa Borras<\/title>\n<meta name=\"description\" content=\"Ahora el gran juego para los que tienen reflejos de LINCE en su versi\u00f3n de cartas.\" \/>\n<meta name=\"robots\" content=\"index, follow, max-snippet:-1, max-image-preview:large, max-video-preview:-1\" \/>\n<link rel=\"canonical\" href=\"https:\/\/www.educaborras.com\/ca\/producte\/18712-ca\/\" \/>\n<script type=\"application\/ld+json\" class=\"yoast-schema-graph\">{\"@context\":\"https:\/\/schema.org\",\"@graph\":[{\"@type\":\"WebPage\",\"@id\":\"https:\/\/www.educaborras.com\/ca\/producte\/18712-ca\/\",\"url\":\"https:\/\/www.educaborras.com\/ca\/producte\/18712-ca\/\",\"name\":\"Lince Go! - Educa Borras\",\"isPartOf\":{\"@id\":\"https:\/\/www.educaborras.com\/ca\/#website\"},\"primaryImageOfPage\":{\"@id\":\"https:\/\/www.educaborras.com\/ca\/producte\/18712-ca\/#primaryimage\"},\"image\":{\"@id\":\"https:\/\/www.educaborras.com\/ca\/producte\/18712-ca\/#primaryimage\"},\"thumbnailUrl\":\"https:\/\/www.educaborras.com\/wp-content\/uploads\/18712_01_high.jpg\",\"datePublished\":\"2025-06-05T09:00:54+00:00\",\"dateModified\":\"2026-05-01T00:50:56+00:00\",\"description\":\"Ahora el gran juego para los que tienen reflejos de LINCE en su versi\u00f3n de cartas.\",\"breadcrumb\":{\"@id\":\"https:\/\/www.educaborras.com\/ca\/producte\/18712-ca\/#breadcrumb\"},\"inLanguage\":\"ca\",\"potentialAction\":[{\"@type\":\"ReadAction\",\"target\":[\"https:\/\/www.educaborras.com\/ca\/producte\/18712-ca\/\"]}]},{\"@type\":\"ImageObject\",\"inLanguage\":\"ca\",\"@id\":\"https:\/\/www.educaborras.com\/ca\/producte\/18712-ca\/#primaryimage\",\"url\":\"https:\/\/www.educaborras.com\/wp-content\/uploads\/18712_01_high.jpg\",\"contentUrl\":\"https:\/\/www.educaborras.com\/wp-content\/uploads\/18712_01_high.jpg\"},{\"@type\":\"BreadcrumbList\",\"@id\":\"https:\/\/www.educaborras.com\/ca\/producte\/18712-ca\/#breadcrumb\",\"itemListElement\":[{\"@type\":\"ListItem\",\"position\":1,\"name\":\"Portada\",\"item\":\"https:\/\/www.educaborras.com\/ca\/\"},{\"@type\":\"ListItem\",\"position\":2,\"name\":\"Productes\",\"item\":\"https:\/\/www.educaborras.com\/ca\/shop\/\"},{\"@type\":\"ListItem\",\"position\":3,\"name\":\"Lince Go!\"}]},{\"@type\":\"WebSite\",\"@id\":\"https:\/\/www.educaborras.com\/ca\/#website\",\"url\":\"https:\/\/www.educaborras.com\/ca\/\",\"name\":\"Educa Borras\",\"description\":\"\",\"publisher\":{\"@id\":\"https:\/\/www.educaborras.com\/ca\/#organization\"},\"potentialAction\":[{\"@type\":\"SearchAction\",\"target\":{\"@type\":\"EntryPoint\",\"urlTemplate\":\"https:\/\/www.educaborras.com\/ca\/?s={search_term_string}\"},\"query-input\":{\"@type\":\"PropertyValueSpecification\",\"valueRequired\":true,\"valueName\":\"search_term_string\"}}],\"inLanguage\":\"ca\"},{\"@type\":\"Organization\",\"@id\":\"https:\/\/www.educaborras.com\/ca\/#organization\",\"name\":\"Educa Borras\",\"url\":\"https:\/\/www.educaborras.com\/ca\/\",\"logo\":{\"@type\":\"ImageObject\",\"inLanguage\":\"ca\",\"@id\":\"https:\/\/www.educaborras.com\/ca\/#\/schema\/logo\/image\/\",\"url\":\"https:\/\/www.educaborras.com\/wp-content\/uploads\/cropped-LOGOS-EDUCA-BORRAS_retina.png\",\"contentUrl\":\"https:\/\/www.educaborras.com\/wp-content\/uploads\/cropped-LOGOS-EDUCA-BORRAS_retina.png\",\"caption\":\"Educa Borras\"},\"image\":{\"@id\":\"https:\/\/www.educaborras.com\/ca\/#\/schema\/logo\/image\/\"}}]}<\/script>\n<!-- \/ Yoast SEO plugin. -->","yoast_head_json":{"title":"Lince Go! - Educa Borras","description":"Ahora el gran juego para los que tienen reflejos de LINCE en su versi\u00f3n de cartas.","robots":{"index":"index","follow":"follow","max-snippet":"max-snippet:-1","max-image-preview":"max-image-preview:large","max-video-preview":"max-video-preview:-1"},"canonical":"https:\/\/www.educaborras.com\/ca\/producte\/18712-ca\/","schema":{"@context":"https:\/\/schema.org","@graph":[{"@type":"WebPage","@id":"https:\/\/www.educaborras.com\/ca\/producte\/18712-ca\/","url":"https:\/\/www.educaborras.com\/ca\/producte\/18712-ca\/","name":"Lince Go! - Educa Borras","isPartOf":{"@id":"https:\/\/www.educaborras.com\/ca\/#website"},"primaryImageOfPage":{"@id":"https:\/\/www.educaborras.com\/ca\/producte\/18712-ca\/#primaryimage"},"image":{"@id":"https:\/\/www.educaborras.com\/ca\/producte\/18712-ca\/#primaryimage"},"thumbnailUrl":"https:\/\/www.educaborras.com\/wp-content\/uploads\/18712_01_high.jpg","datePublished":"2025-06-05T09:00:54+00:00","dateModified":"2026-05-01T00:50:56+00:00","description":"Ahora el gran juego para los que tienen reflejos de LINCE en su versi\u00f3n de cartas.","breadcrumb":{"@id":"https:\/\/www.educaborras.com\/ca\/producte\/18712-ca\/#breadcrumb"},"inLanguage":"ca","potentialAction":[{"@type":"ReadAction","target":["https:\/\/www.educaborras.com\/ca\/producte\/18712-ca\/"]}]},{"@type":"ImageObject","inLanguage":"ca","@id":"https:\/\/www.educaborras.com\/ca\/producte\/18712-ca\/#primaryimage","url":"https:\/\/www.educaborras.com\/wp-content\/uploads\/18712_01_high.jpg","contentUrl":"https:\/\/www.educaborras.com\/wp-content\/uploads\/18712_01_high.jpg"},{"@type":"BreadcrumbList","@id":"https:\/\/www.educaborras.com\/ca\/producte\/18712-ca\/#breadcrumb","itemListElement":[{"@type":"ListItem","position":1,"name":"Portada","item":"https:\/\/www.educaborras.com\/ca\/"},{"@type":"ListItem","position":2,"name":"Productes","item":"https:\/\/www.educaborras.com\/ca\/shop\/"},{"@type":"ListItem","position":3,"name":"Lince Go!"}]},{"@type":"WebSite","@id":"https:\/\/www.educaborras.com\/ca\/#website","url":"https:\/\/www.educaborras.com\/ca\/","name":"Educa Borras","description":"","publisher":{"@id":"https:\/\/www.educaborras.com\/ca\/#organization"},"potentialAction":[{"@type":"SearchAction","target":{"@type":"EntryPoint","urlTemplate":"https:\/\/www.educaborras.com\/ca\/?s={search_term_string}"},"query-input":{"@type":"PropertyValueSpecification","valueRequired":true,"valueName":"search_term_string"}}],"inLanguage":"ca"},{"@type":"Organization","@id":"https:\/\/www.educaborras.com\/ca\/#organization","name":"Educa Borras","url":"https:\/\/www.educaborras.com\/ca\/","logo":{"@type":"ImageObject","inLanguage":"ca","@id":"https:\/\/www.educaborras.com\/ca\/#\/schema\/logo\/image\/","url":"https:\/\/www.educaborras.com\/wp-content\/uploads\/cropped-LOGOS-EDUCA-BORRAS_retina.png","contentUrl":"https:\/\/www.educaborras.com\/wp-content\/uploads\/cropped-LOGOS-EDUCA-BORRAS_retina.png","caption":"Educa Borras"},"image":{"@id":"https:\/\/www.educaborras.com\/ca\/#\/schema\/logo\/image\/"}}]}},"_links":{"self":[{"href":"https:\/\/www.educaborras.com\/ca\/wp-json\/wp\/v2\/product\/251392","targetHints":{"allow":["GET"]}}],"collection":[{"href":"https:\/\/www.educaborras.com\/ca\/wp-json\/wp\/v2\/product"}],"about":[{"href":"https:\/\/www.educaborras.com\/ca\/wp-json\/wp\/v2\/types\/product"}],"wp:featuredmedia":[{"embeddable":true,"href":"https:\/\/www.educaborras.com\/ca\/wp-json\/wp\/v2\/media\/16344"}],"wp:attachment":[{"href":"https:\/\/www.educaborras.com\/ca\/wp-json\/wp\/v2\/media?parent=251392"}],"wp:term":[{"taxonomy":"product_brand","embeddable":true,"href":"https:\/\/www.educaborras.com\/ca\/wp-json\/wp\/v2\/product_brand?post=251392"},{"taxonomy":"product_cat","embeddable":true,"href":"https:\/\/www.educaborras.com\/ca\/wp-json\/wp\/v2\/product_cat?post=251392"},{"taxonomy":"product_tag","embeddable":true,"href":"https:\/\/www.educaborras.com\/ca\/wp-json\/wp\/v2\/product_tag?post=251392"}],"curies":[{"name":"wp","href":"https:\/\/api.w.org\/{rel}","templated":true}]}}