{"id":251356,"date":"2025-06-05T11:01:20","date_gmt":"2025-06-05T09:01:20","guid":{"rendered":"https:\/\/www.educaborras.com\/product\/16989\/"},"modified":"2026-04-12T02:30:21","modified_gmt":"2026-04-12T00:30:21","slug":"16989-ca","status":"publish","type":"product","link":"https:\/\/www.educaborras.com\/ca\/producte\/16989-ca\/","title":{"rendered":"Verdad o Mentira"},"content":{"rendered":"<p>Un joc per a tota la fam\u00edlia, ple d&#8217;an\u00e8cdotes extraordinrries! Segueix les instruccions del presentador i prepara&#8217;t per a grans sorpreses. Escolta la ins\u00f2lita informaci\u00f3 que explica el presentador i endevina si \u00e9s vertadera o falsa. Prepara&#8217;t per ser el m\u00e9s r\u00e0pid a contestar! Obtindrrs un punt si respons correctament&#8230; Per\u00f2 ves amb compte, en perdrrs dos si la resposta no \u00e9s correcta! Aconsegueix el major nombre de punts possible en les tres rondes que t\u00e9 el joc. https:\/\/youtu.be\/9Up2em0oS5E<\/p>\n","protected":false},"excerpt":{"rendered":"<p>Munta cada puzle de 100 peces per separat i un cop acabats uneix-los i obtindr\u00e0s un fant\u00e0stic puzle panor\u00e0mic.<\/p>\n","protected":false},"featured_media":160713,"template":"","meta":{"_acf_changed":false},"product_brand":[],"product_cat":[73212,73210],"product_tag":[78008,78009,78010,78011,78012,78013,75738,78014,78015,78016,78017,78018,78020,78021,78022,78023,78024,77268,78025,78026,77270,77271,78027,78028,78029,78030],"class_list":{"0":"post-251356","1":"product","2":"type-product","3":"status-publish","4":"has-post-thumbnail","6":"product_cat-infantils-i-familiars","7":"product_cat-jocs-de-taula","8":"product_tag-16989-ca","9":"product_tag-amics-ca","10":"product_tag-amigos-ca","11":"product_tag-categorias-ca","12":"product_tag-categories-ca","13":"product_tag-electronic-ca","14":"product_tag-electronico-ca","15":"product_tag-familia-ca","16":"product_tag-jocverdad-o-mentira-ca","17":"product_tag-juego-familiar-ca","18":"product_tag-jugador-ca","19":"product_tag-jugadores-ca","20":"product_tag-mentira-ca-2","21":"product_tag-palabras-ca","22":"product_tag-pilas-ca","23":"product_tag-piles-ca","24":"product_tag-pregunta-ca","25":"product_tag-preguntas-ca","26":"product_tag-preguntes-ca","27":"product_tag-rapido-ca","28":"product_tag-respostes-ca","29":"product_tag-respuestas-ca","30":"product_tag-targetes-ca","31":"product_tag-tarjetas-ca","32":"product_tag-verdad-ca","33":"product_tag-verdad-o-mentira-ca","35":"first","36":"instock","37":"shipping-taxable","38":"product-type-simple"},"acf":[],"yoast_head":"<!-- This site is optimized with the Yoast SEO plugin v27.1.1 - https:\/\/yoast.com\/product\/yoast-seo-wordpress\/ -->\n<title>Verdad o Mentira - Educa Borras<\/title>\n<meta name=\"robots\" content=\"index, follow, max-snippet:-1, max-image-preview:large, max-video-preview:-1\" \/>\n<link rel=\"canonical\" href=\"https:\/\/www.educaborras.com\/ca\/producte\/16989-ca\/\" \/>\n<script type=\"application\/ld+json\" class=\"yoast-schema-graph\">{\"@context\":\"https:\/\/schema.org\",\"@graph\":[{\"@type\":\"WebPage\",\"@id\":\"https:\/\/www.educaborras.com\/ca\/producte\/16989-ca\/\",\"url\":\"https:\/\/www.educaborras.com\/ca\/producte\/16989-ca\/\",\"name\":\"Verdad o Mentira - Educa Borras\",\"isPartOf\":{\"@id\":\"https:\/\/www.educaborras.com\/ca\/#website\"},\"primaryImageOfPage\":{\"@id\":\"https:\/\/www.educaborras.com\/ca\/producte\/16989-ca\/#primaryimage\"},\"image\":{\"@id\":\"https:\/\/www.educaborras.com\/ca\/producte\/16989-ca\/#primaryimage\"},\"thumbnailUrl\":\"https:\/\/www.educaborras.com\/wp-content\/uploads\/16989_01_med-12.jpg\",\"datePublished\":\"2025-06-05T09:01:20+00:00\",\"dateModified\":\"2026-04-12T00:30:21+00:00\",\"breadcrumb\":{\"@id\":\"https:\/\/www.educaborras.com\/ca\/producte\/16989-ca\/#breadcrumb\"},\"inLanguage\":\"ca\",\"potentialAction\":[{\"@type\":\"ReadAction\",\"target\":[\"https:\/\/www.educaborras.com\/ca\/producte\/16989-ca\/\"]}]},{\"@type\":\"ImageObject\",\"inLanguage\":\"ca\",\"@id\":\"https:\/\/www.educaborras.com\/ca\/producte\/16989-ca\/#primaryimage\",\"url\":\"https:\/\/www.educaborras.com\/wp-content\/uploads\/16989_01_med-12.jpg\",\"contentUrl\":\"https:\/\/www.educaborras.com\/wp-content\/uploads\/16989_01_med-12.jpg\"},{\"@type\":\"BreadcrumbList\",\"@id\":\"https:\/\/www.educaborras.com\/ca\/producte\/16989-ca\/#breadcrumb\",\"itemListElement\":[{\"@type\":\"ListItem\",\"position\":1,\"name\":\"Portada\",\"item\":\"https:\/\/www.educaborras.com\/ca\/\"},{\"@type\":\"ListItem\",\"position\":2,\"name\":\"Productes\",\"item\":\"https:\/\/www.educaborras.com\/ca\/shop\/\"},{\"@type\":\"ListItem\",\"position\":3,\"name\":\"Verdad o Mentira\"}]},{\"@type\":\"WebSite\",\"@id\":\"https:\/\/www.educaborras.com\/ca\/#website\",\"url\":\"https:\/\/www.educaborras.com\/ca\/\",\"name\":\"Educa Borras\",\"description\":\"\",\"publisher\":{\"@id\":\"https:\/\/www.educaborras.com\/ca\/#organization\"},\"potentialAction\":[{\"@type\":\"SearchAction\",\"target\":{\"@type\":\"EntryPoint\",\"urlTemplate\":\"https:\/\/www.educaborras.com\/ca\/?s={search_term_string}\"},\"query-input\":{\"@type\":\"PropertyValueSpecification\",\"valueRequired\":true,\"valueName\":\"search_term_string\"}}],\"inLanguage\":\"ca\"},{\"@type\":\"Organization\",\"@id\":\"https:\/\/www.educaborras.com\/ca\/#organization\",\"name\":\"Educa Borras\",\"url\":\"https:\/\/www.educaborras.com\/ca\/\",\"logo\":{\"@type\":\"ImageObject\",\"inLanguage\":\"ca\",\"@id\":\"https:\/\/www.educaborras.com\/ca\/#\/schema\/logo\/image\/\",\"url\":\"https:\/\/www.educaborras.com\/wp-content\/uploads\/cropped-LOGOS-EDUCA-BORRAS_retina.png\",\"contentUrl\":\"https:\/\/www.educaborras.com\/wp-content\/uploads\/cropped-LOGOS-EDUCA-BORRAS_retina.png\",\"caption\":\"Educa Borras\"},\"image\":{\"@id\":\"https:\/\/www.educaborras.com\/ca\/#\/schema\/logo\/image\/\"}}]}<\/script>\n<!-- \/ Yoast SEO plugin. -->","yoast_head_json":{"title":"Verdad o Mentira - Educa Borras","robots":{"index":"index","follow":"follow","max-snippet":"max-snippet:-1","max-image-preview":"max-image-preview:large","max-video-preview":"max-video-preview:-1"},"canonical":"https:\/\/www.educaborras.com\/ca\/producte\/16989-ca\/","schema":{"@context":"https:\/\/schema.org","@graph":[{"@type":"WebPage","@id":"https:\/\/www.educaborras.com\/ca\/producte\/16989-ca\/","url":"https:\/\/www.educaborras.com\/ca\/producte\/16989-ca\/","name":"Verdad o Mentira - Educa Borras","isPartOf":{"@id":"https:\/\/www.educaborras.com\/ca\/#website"},"primaryImageOfPage":{"@id":"https:\/\/www.educaborras.com\/ca\/producte\/16989-ca\/#primaryimage"},"image":{"@id":"https:\/\/www.educaborras.com\/ca\/producte\/16989-ca\/#primaryimage"},"thumbnailUrl":"https:\/\/www.educaborras.com\/wp-content\/uploads\/16989_01_med-12.jpg","datePublished":"2025-06-05T09:01:20+00:00","dateModified":"2026-04-12T00:30:21+00:00","breadcrumb":{"@id":"https:\/\/www.educaborras.com\/ca\/producte\/16989-ca\/#breadcrumb"},"inLanguage":"ca","potentialAction":[{"@type":"ReadAction","target":["https:\/\/www.educaborras.com\/ca\/producte\/16989-ca\/"]}]},{"@type":"ImageObject","inLanguage":"ca","@id":"https:\/\/www.educaborras.com\/ca\/producte\/16989-ca\/#primaryimage","url":"https:\/\/www.educaborras.com\/wp-content\/uploads\/16989_01_med-12.jpg","contentUrl":"https:\/\/www.educaborras.com\/wp-content\/uploads\/16989_01_med-12.jpg"},{"@type":"BreadcrumbList","@id":"https:\/\/www.educaborras.com\/ca\/producte\/16989-ca\/#breadcrumb","itemListElement":[{"@type":"ListItem","position":1,"name":"Portada","item":"https:\/\/www.educaborras.com\/ca\/"},{"@type":"ListItem","position":2,"name":"Productes","item":"https:\/\/www.educaborras.com\/ca\/shop\/"},{"@type":"ListItem","position":3,"name":"Verdad o Mentira"}]},{"@type":"WebSite","@id":"https:\/\/www.educaborras.com\/ca\/#website","url":"https:\/\/www.educaborras.com\/ca\/","name":"Educa Borras","description":"","publisher":{"@id":"https:\/\/www.educaborras.com\/ca\/#organization"},"potentialAction":[{"@type":"SearchAction","target":{"@type":"EntryPoint","urlTemplate":"https:\/\/www.educaborras.com\/ca\/?s={search_term_string}"},"query-input":{"@type":"PropertyValueSpecification","valueRequired":true,"valueName":"search_term_string"}}],"inLanguage":"ca"},{"@type":"Organization","@id":"https:\/\/www.educaborras.com\/ca\/#organization","name":"Educa Borras","url":"https:\/\/www.educaborras.com\/ca\/","logo":{"@type":"ImageObject","inLanguage":"ca","@id":"https:\/\/www.educaborras.com\/ca\/#\/schema\/logo\/image\/","url":"https:\/\/www.educaborras.com\/wp-content\/uploads\/cropped-LOGOS-EDUCA-BORRAS_retina.png","contentUrl":"https:\/\/www.educaborras.com\/wp-content\/uploads\/cropped-LOGOS-EDUCA-BORRAS_retina.png","caption":"Educa Borras"},"image":{"@id":"https:\/\/www.educaborras.com\/ca\/#\/schema\/logo\/image\/"}}]}},"_links":{"self":[{"href":"https:\/\/www.educaborras.com\/ca\/wp-json\/wp\/v2\/product\/251356","targetHints":{"allow":["GET"]}}],"collection":[{"href":"https:\/\/www.educaborras.com\/ca\/wp-json\/wp\/v2\/product"}],"about":[{"href":"https:\/\/www.educaborras.com\/ca\/wp-json\/wp\/v2\/types\/product"}],"wp:featuredmedia":[{"embeddable":true,"href":"https:\/\/www.educaborras.com\/ca\/wp-json\/wp\/v2\/media\/160713"}],"wp:attachment":[{"href":"https:\/\/www.educaborras.com\/ca\/wp-json\/wp\/v2\/media?parent=251356"}],"wp:term":[{"taxonomy":"product_brand","embeddable":true,"href":"https:\/\/www.educaborras.com\/ca\/wp-json\/wp\/v2\/product_brand?post=251356"},{"taxonomy":"product_cat","embeddable":true,"href":"https:\/\/www.educaborras.com\/ca\/wp-json\/wp\/v2\/product_cat?post=251356"},{"taxonomy":"product_tag","embeddable":true,"href":"https:\/\/www.educaborras.com\/ca\/wp-json\/wp\/v2\/product_tag?post=251356"}],"curies":[{"name":"wp","href":"https:\/\/api.w.org\/{rel}","templated":true}]}}