{"id":251295,"date":"2025-06-05T11:02:09","date_gmt":"2025-06-05T09:02:09","guid":{"rendered":"https:\/\/www.educaborras.com\/product\/19828\/"},"modified":"2026-04-29T03:46:22","modified_gmt":"2026-04-29T01:46:22","slug":"19828-ca","status":"publish","type":"product","link":"https:\/\/www.educaborras.com\/ca\/producte\/19828-ca\/","title":{"rendered":"Pok\u00e9mon Entrenador Challenge"},"content":{"rendered":"<p>Demostra els teus coneixements de Pok\u00e9mon i escull el Pok\u00e9mon correcte segons la descripci\u00f3. Escolta la descripci\u00f3 i selecciona la resposta correcta. Trenca el teu propi record i converteix en el millor entrenador \u00b7 1 dispositiu electr\u00f2nic \u00b7 Instruccions. https:\/\/youtu.be\/7PhB5j7q8Vg<\/p>\n","protected":false},"excerpt":{"rendered":"<p>Demostra els teus coneixements de Pok\u00e9mon i escull el Pok\u00e9mon correcte segons la descripci\u00f3. Escolta la descripci\u00f3 i selecciona la resposta correcta. Trenca el teu propi record i converteix en el millor entrenador.<\/p>\n","protected":false},"featured_media":160988,"template":"","meta":{"_acf_changed":false},"product_brand":[],"product_cat":[73212,73210],"product_tag":[103114,102927,74307,88531,95075,95076,102928,95077,95078,95081,102930,95082,95083],"class_list":{"0":"post-251295","1":"product","2":"type-product","3":"status-publish","4":"has-post-thumbnail","6":"product_cat-infantils-i-familiars","7":"product_cat-jocs-de-taula","8":"product_tag-19828-ca","9":"product_tag-adivino-pokemon-ca","10":"product_tag-borras-ca","11":"product_tag-challenge-ca","12":"product_tag-entrenador-ca","13":"product_tag-entrenador-pokemon-ca","14":"product_tag-juegos-adivinar-ca","15":"product_tag-juegos-borras-ca","16":"product_tag-juegos-pokemon-ca","17":"product_tag-pokemon-ca","18":"product_tag-pokemon-adivino-ca","19":"product_tag-pokemon-borras-ca","20":"product_tag-pokemon-juego-ca","22":"first","23":"instock","24":"shipping-taxable","25":"product-type-simple"},"acf":[],"yoast_head":"<!-- This site is optimized with the Yoast SEO plugin v27.1.1 - https:\/\/yoast.com\/product\/yoast-seo-wordpress\/ -->\n<title>Pok\u00e9mon Entrenador Challenge - Educa Borras<\/title>\n<meta name=\"description\" content=\"Demuestra tus conocimientos de Pok\u00e9mon y escoge el Pok\u00e9mon correcto seg\u00fan la descripci\u00f3n. Escucha la descripci\u00f3n y selecciona la respuesta correcta.\" \/>\n<meta name=\"robots\" content=\"index, follow, max-snippet:-1, max-image-preview:large, max-video-preview:-1\" \/>\n<link rel=\"canonical\" href=\"https:\/\/www.educaborras.com\/ca\/producte\/19828-ca\/\" \/>\n<script type=\"application\/ld+json\" class=\"yoast-schema-graph\">{\"@context\":\"https:\/\/schema.org\",\"@graph\":[{\"@type\":\"WebPage\",\"@id\":\"https:\/\/www.educaborras.com\/ca\/producte\/19828-ca\/\",\"url\":\"https:\/\/www.educaborras.com\/ca\/producte\/19828-ca\/\",\"name\":\"Pok\u00e9mon Entrenador Challenge - Educa Borras\",\"isPartOf\":{\"@id\":\"https:\/\/www.educaborras.com\/ca\/#website\"},\"primaryImageOfPage\":{\"@id\":\"https:\/\/www.educaborras.com\/ca\/producte\/19828-ca\/#primaryimage\"},\"image\":{\"@id\":\"https:\/\/www.educaborras.com\/ca\/producte\/19828-ca\/#primaryimage\"},\"thumbnailUrl\":\"https:\/\/www.educaborras.com\/wp-content\/uploads\/19828_01_high-8.jpg\",\"datePublished\":\"2025-06-05T09:02:09+00:00\",\"dateModified\":\"2026-04-29T01:46:22+00:00\",\"description\":\"Demuestra tus conocimientos de Pok\u00e9mon y escoge el Pok\u00e9mon correcto seg\u00fan la descripci\u00f3n. Escucha la descripci\u00f3n y selecciona la respuesta correcta.\",\"breadcrumb\":{\"@id\":\"https:\/\/www.educaborras.com\/ca\/producte\/19828-ca\/#breadcrumb\"},\"inLanguage\":\"ca\",\"potentialAction\":[{\"@type\":\"ReadAction\",\"target\":[\"https:\/\/www.educaborras.com\/ca\/producte\/19828-ca\/\"]}]},{\"@type\":\"ImageObject\",\"inLanguage\":\"ca\",\"@id\":\"https:\/\/www.educaborras.com\/ca\/producte\/19828-ca\/#primaryimage\",\"url\":\"https:\/\/www.educaborras.com\/wp-content\/uploads\/19828_01_high-8.jpg\",\"contentUrl\":\"https:\/\/www.educaborras.com\/wp-content\/uploads\/19828_01_high-8.jpg\"},{\"@type\":\"BreadcrumbList\",\"@id\":\"https:\/\/www.educaborras.com\/ca\/producte\/19828-ca\/#breadcrumb\",\"itemListElement\":[{\"@type\":\"ListItem\",\"position\":1,\"name\":\"Portada\",\"item\":\"https:\/\/www.educaborras.com\/ca\/\"},{\"@type\":\"ListItem\",\"position\":2,\"name\":\"Productes\",\"item\":\"https:\/\/www.educaborras.com\/ca\/shop\/\"},{\"@type\":\"ListItem\",\"position\":3,\"name\":\"Pok\u00e9mon Entrenador Challenge\"}]},{\"@type\":\"WebSite\",\"@id\":\"https:\/\/www.educaborras.com\/ca\/#website\",\"url\":\"https:\/\/www.educaborras.com\/ca\/\",\"name\":\"Educa Borras\",\"description\":\"\",\"publisher\":{\"@id\":\"https:\/\/www.educaborras.com\/ca\/#organization\"},\"potentialAction\":[{\"@type\":\"SearchAction\",\"target\":{\"@type\":\"EntryPoint\",\"urlTemplate\":\"https:\/\/www.educaborras.com\/ca\/?s={search_term_string}\"},\"query-input\":{\"@type\":\"PropertyValueSpecification\",\"valueRequired\":true,\"valueName\":\"search_term_string\"}}],\"inLanguage\":\"ca\"},{\"@type\":\"Organization\",\"@id\":\"https:\/\/www.educaborras.com\/ca\/#organization\",\"name\":\"Educa Borras\",\"url\":\"https:\/\/www.educaborras.com\/ca\/\",\"logo\":{\"@type\":\"ImageObject\",\"inLanguage\":\"ca\",\"@id\":\"https:\/\/www.educaborras.com\/ca\/#\/schema\/logo\/image\/\",\"url\":\"https:\/\/www.educaborras.com\/wp-content\/uploads\/cropped-LOGOS-EDUCA-BORRAS_retina.png\",\"contentUrl\":\"https:\/\/www.educaborras.com\/wp-content\/uploads\/cropped-LOGOS-EDUCA-BORRAS_retina.png\",\"caption\":\"Educa Borras\"},\"image\":{\"@id\":\"https:\/\/www.educaborras.com\/ca\/#\/schema\/logo\/image\/\"}}]}<\/script>\n<!-- \/ Yoast SEO plugin. -->","yoast_head_json":{"title":"Pok\u00e9mon Entrenador Challenge - Educa Borras","description":"Demuestra tus conocimientos de Pok\u00e9mon y escoge el Pok\u00e9mon correcto seg\u00fan la descripci\u00f3n. Escucha la descripci\u00f3n y selecciona la respuesta correcta.","robots":{"index":"index","follow":"follow","max-snippet":"max-snippet:-1","max-image-preview":"max-image-preview:large","max-video-preview":"max-video-preview:-1"},"canonical":"https:\/\/www.educaborras.com\/ca\/producte\/19828-ca\/","schema":{"@context":"https:\/\/schema.org","@graph":[{"@type":"WebPage","@id":"https:\/\/www.educaborras.com\/ca\/producte\/19828-ca\/","url":"https:\/\/www.educaborras.com\/ca\/producte\/19828-ca\/","name":"Pok\u00e9mon Entrenador Challenge - Educa Borras","isPartOf":{"@id":"https:\/\/www.educaborras.com\/ca\/#website"},"primaryImageOfPage":{"@id":"https:\/\/www.educaborras.com\/ca\/producte\/19828-ca\/#primaryimage"},"image":{"@id":"https:\/\/www.educaborras.com\/ca\/producte\/19828-ca\/#primaryimage"},"thumbnailUrl":"https:\/\/www.educaborras.com\/wp-content\/uploads\/19828_01_high-8.jpg","datePublished":"2025-06-05T09:02:09+00:00","dateModified":"2026-04-29T01:46:22+00:00","description":"Demuestra tus conocimientos de Pok\u00e9mon y escoge el Pok\u00e9mon correcto seg\u00fan la descripci\u00f3n. Escucha la descripci\u00f3n y selecciona la respuesta correcta.","breadcrumb":{"@id":"https:\/\/www.educaborras.com\/ca\/producte\/19828-ca\/#breadcrumb"},"inLanguage":"ca","potentialAction":[{"@type":"ReadAction","target":["https:\/\/www.educaborras.com\/ca\/producte\/19828-ca\/"]}]},{"@type":"ImageObject","inLanguage":"ca","@id":"https:\/\/www.educaborras.com\/ca\/producte\/19828-ca\/#primaryimage","url":"https:\/\/www.educaborras.com\/wp-content\/uploads\/19828_01_high-8.jpg","contentUrl":"https:\/\/www.educaborras.com\/wp-content\/uploads\/19828_01_high-8.jpg"},{"@type":"BreadcrumbList","@id":"https:\/\/www.educaborras.com\/ca\/producte\/19828-ca\/#breadcrumb","itemListElement":[{"@type":"ListItem","position":1,"name":"Portada","item":"https:\/\/www.educaborras.com\/ca\/"},{"@type":"ListItem","position":2,"name":"Productes","item":"https:\/\/www.educaborras.com\/ca\/shop\/"},{"@type":"ListItem","position":3,"name":"Pok\u00e9mon Entrenador Challenge"}]},{"@type":"WebSite","@id":"https:\/\/www.educaborras.com\/ca\/#website","url":"https:\/\/www.educaborras.com\/ca\/","name":"Educa Borras","description":"","publisher":{"@id":"https:\/\/www.educaborras.com\/ca\/#organization"},"potentialAction":[{"@type":"SearchAction","target":{"@type":"EntryPoint","urlTemplate":"https:\/\/www.educaborras.com\/ca\/?s={search_term_string}"},"query-input":{"@type":"PropertyValueSpecification","valueRequired":true,"valueName":"search_term_string"}}],"inLanguage":"ca"},{"@type":"Organization","@id":"https:\/\/www.educaborras.com\/ca\/#organization","name":"Educa Borras","url":"https:\/\/www.educaborras.com\/ca\/","logo":{"@type":"ImageObject","inLanguage":"ca","@id":"https:\/\/www.educaborras.com\/ca\/#\/schema\/logo\/image\/","url":"https:\/\/www.educaborras.com\/wp-content\/uploads\/cropped-LOGOS-EDUCA-BORRAS_retina.png","contentUrl":"https:\/\/www.educaborras.com\/wp-content\/uploads\/cropped-LOGOS-EDUCA-BORRAS_retina.png","caption":"Educa Borras"},"image":{"@id":"https:\/\/www.educaborras.com\/ca\/#\/schema\/logo\/image\/"}}]}},"_links":{"self":[{"href":"https:\/\/www.educaborras.com\/ca\/wp-json\/wp\/v2\/product\/251295","targetHints":{"allow":["GET"]}}],"collection":[{"href":"https:\/\/www.educaborras.com\/ca\/wp-json\/wp\/v2\/product"}],"about":[{"href":"https:\/\/www.educaborras.com\/ca\/wp-json\/wp\/v2\/types\/product"}],"wp:featuredmedia":[{"embeddable":true,"href":"https:\/\/www.educaborras.com\/ca\/wp-json\/wp\/v2\/media\/160988"}],"wp:attachment":[{"href":"https:\/\/www.educaborras.com\/ca\/wp-json\/wp\/v2\/media?parent=251295"}],"wp:term":[{"taxonomy":"product_brand","embeddable":true,"href":"https:\/\/www.educaborras.com\/ca\/wp-json\/wp\/v2\/product_brand?post=251295"},{"taxonomy":"product_cat","embeddable":true,"href":"https:\/\/www.educaborras.com\/ca\/wp-json\/wp\/v2\/product_cat?post=251295"},{"taxonomy":"product_tag","embeddable":true,"href":"https:\/\/www.educaborras.com\/ca\/wp-json\/wp\/v2\/product_tag?post=251295"}],"curies":[{"name":"wp","href":"https:\/\/api.w.org\/{rel}","templated":true}]}}