{"id":251287,"date":"2025-06-05T11:02:15","date_gmt":"2025-06-05T09:02:15","guid":{"rendered":"https:\/\/www.educaborras.com\/product\/19975\/"},"modified":"2026-04-29T03:46:13","modified_gmt":"2026-04-29T01:46:13","slug":"19975-ca","status":"publish","type":"product","link":"https:\/\/www.educaborras.com\/ca\/producte\/19975-ca\/","title":{"rendered":"Memo Zoo"},"content":{"rendered":"<p>Quan no hi ha visitants al zool\u00f2gic els entremaliats animals aprofiten per jugar a fet i amagar, seran capa\u00e7os de trobar-los? Memo Zoo \u00e9s un joc de mem\u00f2ria i observaci\u00f3. 3 din\u00e0miques diferents: Zoo amagatall, Conga d&#8217;animals i animals dormilegues. Contingut: \u00b7 18 animals (Girafa, Tigre, Elefant, Rinoceront, Koala, Cangur, Hipop\u00f2tam, Lle\u00f3, Chimpanc\u00e9, \u00d3s polar, Zebra, Ping\u00fc\u00ed, Guacamayo, Tuc\u00e0, Dof\u00ed, Serp, Cocodril i Tortuga) \u00b7 4 antifa\u00e7os \u00b7 4 jeeps \u00b7 Instruccions.<\/p>\n","protected":false},"excerpt":{"rendered":"<p>Quan no hi ha visitants al zool\u00f2gic els entremaliats animals aprofiten per jugar a fet i amagar, seran capa\u00e7os de trobar-los? Memo Zoo \u00e9s un joc de mem\u00f2ria i observaci\u00f3.<\/p>\n","protected":false},"featured_media":161028,"template":"","meta":{"_acf_changed":false},"product_brand":[],"product_cat":[73212,73210],"product_tag":[103070,75899,74530,103071,103072,75547,103073,75737,86604,103074,103075,80629,78016,103076,103077,103078,86607,103079,103080],"class_list":{"0":"post-251287","1":"product","2":"type-product","3":"status-publish","4":"has-post-thumbnail","6":"product_cat-infantils-i-familiars","7":"product_cat-jocs-de-taula","8":"product_tag-19975-ca","9":"product_tag-animal-ca","10":"product_tag-animales-ca","11":"product_tag-antifaces-ca","12":"product_tag-atencion-ca","13":"product_tag-coche-ca","14":"product_tag-desarrollo-cognitivo-ca","15":"product_tag-educativo-ca","16":"product_tag-encontrar-ca","17":"product_tag-habitat-ca","18":"product_tag-jeep-ca","19":"product_tag-juego-de-mesa-ca","20":"product_tag-juego-familiar-ca","21":"product_tag-mascara-ca","22":"product_tag-mascaras-ca","23":"product_tag-memo-zoo-ca","24":"product_tag-memoria-ca","25":"product_tag-percepcion-visual-ca","26":"product_tag-zoo-ca","28":"first","29":"instock","30":"shipping-taxable","31":"product-type-simple"},"acf":[],"yoast_head":"<!-- This site is optimized with the Yoast SEO plugin v27.1.1 - https:\/\/yoast.com\/product\/yoast-seo-wordpress\/ -->\n<title>Memo Zoo - Educa Borras<\/title>\n<meta name=\"description\" content=\"Cuando no hay visitantes en el zool\u00f3gico los traviesos animales aprovechan para jugar al escondite \u00bfser\u00e1n capaces de encontrarlos? Memo zoo es un juego de memoria y observaci\u00f3n.\" \/>\n<meta name=\"robots\" content=\"index, follow, max-snippet:-1, max-image-preview:large, max-video-preview:-1\" \/>\n<link rel=\"canonical\" href=\"https:\/\/www.educaborras.com\/ca\/producte\/19975-ca\/\" \/>\n<script type=\"application\/ld+json\" class=\"yoast-schema-graph\">{\"@context\":\"https:\/\/schema.org\",\"@graph\":[{\"@type\":\"WebPage\",\"@id\":\"https:\/\/www.educaborras.com\/ca\/producte\/19975-ca\/\",\"url\":\"https:\/\/www.educaborras.com\/ca\/producte\/19975-ca\/\",\"name\":\"Memo Zoo - Educa Borras\",\"isPartOf\":{\"@id\":\"https:\/\/www.educaborras.com\/ca\/#website\"},\"primaryImageOfPage\":{\"@id\":\"https:\/\/www.educaborras.com\/ca\/producte\/19975-ca\/#primaryimage\"},\"image\":{\"@id\":\"https:\/\/www.educaborras.com\/ca\/producte\/19975-ca\/#primaryimage\"},\"thumbnailUrl\":\"https:\/\/www.educaborras.com\/wp-content\/uploads\/19975_01_high-8.jpg\",\"datePublished\":\"2025-06-05T09:02:15+00:00\",\"dateModified\":\"2026-04-29T01:46:13+00:00\",\"description\":\"Cuando no hay visitantes en el zool\u00f3gico los traviesos animales aprovechan para jugar al escondite \u00bfser\u00e1n capaces de encontrarlos? Memo zoo es un juego de memoria y observaci\u00f3n.\",\"breadcrumb\":{\"@id\":\"https:\/\/www.educaborras.com\/ca\/producte\/19975-ca\/#breadcrumb\"},\"inLanguage\":\"ca\",\"potentialAction\":[{\"@type\":\"ReadAction\",\"target\":[\"https:\/\/www.educaborras.com\/ca\/producte\/19975-ca\/\"]}]},{\"@type\":\"ImageObject\",\"inLanguage\":\"ca\",\"@id\":\"https:\/\/www.educaborras.com\/ca\/producte\/19975-ca\/#primaryimage\",\"url\":\"https:\/\/www.educaborras.com\/wp-content\/uploads\/19975_01_high-8.jpg\",\"contentUrl\":\"https:\/\/www.educaborras.com\/wp-content\/uploads\/19975_01_high-8.jpg\"},{\"@type\":\"BreadcrumbList\",\"@id\":\"https:\/\/www.educaborras.com\/ca\/producte\/19975-ca\/#breadcrumb\",\"itemListElement\":[{\"@type\":\"ListItem\",\"position\":1,\"name\":\"Portada\",\"item\":\"https:\/\/www.educaborras.com\/ca\/\"},{\"@type\":\"ListItem\",\"position\":2,\"name\":\"Productes\",\"item\":\"https:\/\/www.educaborras.com\/ca\/shop\/\"},{\"@type\":\"ListItem\",\"position\":3,\"name\":\"Memo Zoo\"}]},{\"@type\":\"WebSite\",\"@id\":\"https:\/\/www.educaborras.com\/ca\/#website\",\"url\":\"https:\/\/www.educaborras.com\/ca\/\",\"name\":\"Educa Borras\",\"description\":\"\",\"publisher\":{\"@id\":\"https:\/\/www.educaborras.com\/ca\/#organization\"},\"potentialAction\":[{\"@type\":\"SearchAction\",\"target\":{\"@type\":\"EntryPoint\",\"urlTemplate\":\"https:\/\/www.educaborras.com\/ca\/?s={search_term_string}\"},\"query-input\":{\"@type\":\"PropertyValueSpecification\",\"valueRequired\":true,\"valueName\":\"search_term_string\"}}],\"inLanguage\":\"ca\"},{\"@type\":\"Organization\",\"@id\":\"https:\/\/www.educaborras.com\/ca\/#organization\",\"name\":\"Educa Borras\",\"url\":\"https:\/\/www.educaborras.com\/ca\/\",\"logo\":{\"@type\":\"ImageObject\",\"inLanguage\":\"ca\",\"@id\":\"https:\/\/www.educaborras.com\/ca\/#\/schema\/logo\/image\/\",\"url\":\"https:\/\/www.educaborras.com\/wp-content\/uploads\/cropped-LOGOS-EDUCA-BORRAS_retina.png\",\"contentUrl\":\"https:\/\/www.educaborras.com\/wp-content\/uploads\/cropped-LOGOS-EDUCA-BORRAS_retina.png\",\"caption\":\"Educa Borras\"},\"image\":{\"@id\":\"https:\/\/www.educaborras.com\/ca\/#\/schema\/logo\/image\/\"}}]}<\/script>\n<!-- \/ Yoast SEO plugin. -->","yoast_head_json":{"title":"Memo Zoo - Educa Borras","description":"Cuando no hay visitantes en el zool\u00f3gico los traviesos animales aprovechan para jugar al escondite \u00bfser\u00e1n capaces de encontrarlos? Memo zoo es un juego de memoria y observaci\u00f3n.","robots":{"index":"index","follow":"follow","max-snippet":"max-snippet:-1","max-image-preview":"max-image-preview:large","max-video-preview":"max-video-preview:-1"},"canonical":"https:\/\/www.educaborras.com\/ca\/producte\/19975-ca\/","schema":{"@context":"https:\/\/schema.org","@graph":[{"@type":"WebPage","@id":"https:\/\/www.educaborras.com\/ca\/producte\/19975-ca\/","url":"https:\/\/www.educaborras.com\/ca\/producte\/19975-ca\/","name":"Memo Zoo - Educa Borras","isPartOf":{"@id":"https:\/\/www.educaborras.com\/ca\/#website"},"primaryImageOfPage":{"@id":"https:\/\/www.educaborras.com\/ca\/producte\/19975-ca\/#primaryimage"},"image":{"@id":"https:\/\/www.educaborras.com\/ca\/producte\/19975-ca\/#primaryimage"},"thumbnailUrl":"https:\/\/www.educaborras.com\/wp-content\/uploads\/19975_01_high-8.jpg","datePublished":"2025-06-05T09:02:15+00:00","dateModified":"2026-04-29T01:46:13+00:00","description":"Cuando no hay visitantes en el zool\u00f3gico los traviesos animales aprovechan para jugar al escondite \u00bfser\u00e1n capaces de encontrarlos? Memo zoo es un juego de memoria y observaci\u00f3n.","breadcrumb":{"@id":"https:\/\/www.educaborras.com\/ca\/producte\/19975-ca\/#breadcrumb"},"inLanguage":"ca","potentialAction":[{"@type":"ReadAction","target":["https:\/\/www.educaborras.com\/ca\/producte\/19975-ca\/"]}]},{"@type":"ImageObject","inLanguage":"ca","@id":"https:\/\/www.educaborras.com\/ca\/producte\/19975-ca\/#primaryimage","url":"https:\/\/www.educaborras.com\/wp-content\/uploads\/19975_01_high-8.jpg","contentUrl":"https:\/\/www.educaborras.com\/wp-content\/uploads\/19975_01_high-8.jpg"},{"@type":"BreadcrumbList","@id":"https:\/\/www.educaborras.com\/ca\/producte\/19975-ca\/#breadcrumb","itemListElement":[{"@type":"ListItem","position":1,"name":"Portada","item":"https:\/\/www.educaborras.com\/ca\/"},{"@type":"ListItem","position":2,"name":"Productes","item":"https:\/\/www.educaborras.com\/ca\/shop\/"},{"@type":"ListItem","position":3,"name":"Memo Zoo"}]},{"@type":"WebSite","@id":"https:\/\/www.educaborras.com\/ca\/#website","url":"https:\/\/www.educaborras.com\/ca\/","name":"Educa Borras","description":"","publisher":{"@id":"https:\/\/www.educaborras.com\/ca\/#organization"},"potentialAction":[{"@type":"SearchAction","target":{"@type":"EntryPoint","urlTemplate":"https:\/\/www.educaborras.com\/ca\/?s={search_term_string}"},"query-input":{"@type":"PropertyValueSpecification","valueRequired":true,"valueName":"search_term_string"}}],"inLanguage":"ca"},{"@type":"Organization","@id":"https:\/\/www.educaborras.com\/ca\/#organization","name":"Educa Borras","url":"https:\/\/www.educaborras.com\/ca\/","logo":{"@type":"ImageObject","inLanguage":"ca","@id":"https:\/\/www.educaborras.com\/ca\/#\/schema\/logo\/image\/","url":"https:\/\/www.educaborras.com\/wp-content\/uploads\/cropped-LOGOS-EDUCA-BORRAS_retina.png","contentUrl":"https:\/\/www.educaborras.com\/wp-content\/uploads\/cropped-LOGOS-EDUCA-BORRAS_retina.png","caption":"Educa Borras"},"image":{"@id":"https:\/\/www.educaborras.com\/ca\/#\/schema\/logo\/image\/"}}]}},"_links":{"self":[{"href":"https:\/\/www.educaborras.com\/ca\/wp-json\/wp\/v2\/product\/251287","targetHints":{"allow":["GET"]}}],"collection":[{"href":"https:\/\/www.educaborras.com\/ca\/wp-json\/wp\/v2\/product"}],"about":[{"href":"https:\/\/www.educaborras.com\/ca\/wp-json\/wp\/v2\/types\/product"}],"wp:featuredmedia":[{"embeddable":true,"href":"https:\/\/www.educaborras.com\/ca\/wp-json\/wp\/v2\/media\/161028"}],"wp:attachment":[{"href":"https:\/\/www.educaborras.com\/ca\/wp-json\/wp\/v2\/media?parent=251287"}],"wp:term":[{"taxonomy":"product_brand","embeddable":true,"href":"https:\/\/www.educaborras.com\/ca\/wp-json\/wp\/v2\/product_brand?post=251287"},{"taxonomy":"product_cat","embeddable":true,"href":"https:\/\/www.educaborras.com\/ca\/wp-json\/wp\/v2\/product_cat?post=251287"},{"taxonomy":"product_tag","embeddable":true,"href":"https:\/\/www.educaborras.com\/ca\/wp-json\/wp\/v2\/product_tag?post=251287"}],"curies":[{"name":"wp","href":"https:\/\/api.w.org\/{rel}","templated":true}]}}