{"id":251283,"date":"2025-06-05T11:02:18","date_gmt":"2025-06-05T09:02:18","guid":{"rendered":"https:\/\/www.educaborras.com\/product\/20083\/"},"modified":"2026-04-29T03:46:20","modified_gmt":"2026-04-29T01:46:20","slug":"20083-ca","status":"publish","type":"product","link":"https:\/\/www.educaborras.com\/ca\/producte\/20083-ca\/","title":{"rendered":"1,2,3 Nuts!"},"content":{"rendered":"<p>Observa i escull el cam\u00ed amb el major nombre de nous, i ser\u00e0s el primer a omplir la teva cistella, per\u00f2 compte pots trobar amb cucs que et faran perdre nous. \u00c9s un joc de recompte i observaci\u00f3. 2 din\u00e0miques de joc: Sigues el primer a omplir la teva cistella i troba totes les nous del teu color i ser\u00e0s el guanyador. Contingut: \u00b7 1 tauler \u00b7 1 fitxa (esquirol) \u00b7 1 dau (4 stickers) (Nou: guanyes nous i la m\u00e0 indica que perds el torn) \u00b7 60 nous \u00b7 4 cistelles \u00b7 Instruccions.<\/p>\n","protected":false},"excerpt":{"rendered":"<p>Observa i escull el cam\u00ed amb el major nombre de nous, i ser\u00e0s el primer a omplir la teva cistella, per\u00f2 compte pots trobar amb cucs que et faran perdre nous.<\/p>\n","protected":false},"featured_media":161048,"template":"","meta":{"_acf_changed":false},"product_brand":[],"product_cat":[73212,73210],"product_tag":[103438,78198,75900,103439,84446,103440,103441,75430,103442,98188,103443,75737,80629,78016,103444,103445,103446,82111,103447,103079,103448,103449,103450,92754],"class_list":{"0":"post-251283","1":"product","2":"type-product","3":"status-publish","4":"has-post-thumbnail","6":"product_cat-infantils-i-familiars","7":"product_cat-jocs-de-taula","8":"product_tag-20083-ca","9":"product_tag-arbol-ca","10":"product_tag-ardilla-ca","11":"product_tag-ardillas-ca","12":"product_tag-camino-ca","13":"product_tag-caminos-ca","14":"product_tag-canastos-ca","15":"product_tag-colores-ca","16":"product_tag-coordinacion-ca","17":"product_tag-dado-ca","18":"product_tag-educa-think-ca","19":"product_tag-educativo-ca","20":"product_tag-juego-de-mesa-ca","21":"product_tag-juego-familiar-ca","22":"product_tag-nueces-ca","23":"product_tag-nuez-ca","24":"product_tag-nuts-ca","25":"product_tag-observacion-ca","26":"product_tag-ojo-mano-ca","27":"product_tag-percepcion-visual-ca","28":"product_tag-razonamiento-logico-ca","29":"product_tag-recoleccion-ca","30":"product_tag-recolectar-ca","31":"product_tag-tablero-ca","33":"first","34":"instock","35":"shipping-taxable","36":"product-type-simple"},"acf":[],"yoast_head":"<!-- This site is optimized with the Yoast SEO plugin v27.1.1 - https:\/\/yoast.com\/product\/yoast-seo-wordpress\/ -->\n<title>1,2,3 Nuts! - Educa Borras<\/title>\n<meta name=\"description\" content=\"Observa y escoge el camino con el mayor n\u00famero de nueces, y ser\u00e1s el primero en rellenar tu canasto, pero cuidado puedes encontrar con gusanos que te har\u00e1n perder nueces. Es un juego de conteo y observaci\u00f3n.\" \/>\n<meta name=\"robots\" content=\"index, follow, max-snippet:-1, max-image-preview:large, max-video-preview:-1\" \/>\n<link rel=\"canonical\" href=\"https:\/\/www.educaborras.com\/ca\/producte\/20083-ca\/\" \/>\n<script type=\"application\/ld+json\" class=\"yoast-schema-graph\">{\"@context\":\"https:\/\/schema.org\",\"@graph\":[{\"@type\":\"WebPage\",\"@id\":\"https:\/\/www.educaborras.com\/ca\/producte\/20083-ca\/\",\"url\":\"https:\/\/www.educaborras.com\/ca\/producte\/20083-ca\/\",\"name\":\"1,2,3 Nuts! - Educa Borras\",\"isPartOf\":{\"@id\":\"https:\/\/www.educaborras.com\/ca\/#website\"},\"primaryImageOfPage\":{\"@id\":\"https:\/\/www.educaborras.com\/ca\/producte\/20083-ca\/#primaryimage\"},\"image\":{\"@id\":\"https:\/\/www.educaborras.com\/ca\/producte\/20083-ca\/#primaryimage\"},\"thumbnailUrl\":\"https:\/\/www.educaborras.com\/wp-content\/uploads\/20083_01_high-8.jpg\",\"datePublished\":\"2025-06-05T09:02:18+00:00\",\"dateModified\":\"2026-04-29T01:46:20+00:00\",\"description\":\"Observa y escoge el camino con el mayor n\u00famero de nueces, y ser\u00e1s el primero en rellenar tu canasto, pero cuidado puedes encontrar con gusanos que te har\u00e1n perder nueces. Es un juego de conteo y observaci\u00f3n.\",\"breadcrumb\":{\"@id\":\"https:\/\/www.educaborras.com\/ca\/producte\/20083-ca\/#breadcrumb\"},\"inLanguage\":\"ca\",\"potentialAction\":[{\"@type\":\"ReadAction\",\"target\":[\"https:\/\/www.educaborras.com\/ca\/producte\/20083-ca\/\"]}]},{\"@type\":\"ImageObject\",\"inLanguage\":\"ca\",\"@id\":\"https:\/\/www.educaborras.com\/ca\/producte\/20083-ca\/#primaryimage\",\"url\":\"https:\/\/www.educaborras.com\/wp-content\/uploads\/20083_01_high-8.jpg\",\"contentUrl\":\"https:\/\/www.educaborras.com\/wp-content\/uploads\/20083_01_high-8.jpg\"},{\"@type\":\"BreadcrumbList\",\"@id\":\"https:\/\/www.educaborras.com\/ca\/producte\/20083-ca\/#breadcrumb\",\"itemListElement\":[{\"@type\":\"ListItem\",\"position\":1,\"name\":\"Portada\",\"item\":\"https:\/\/www.educaborras.com\/ca\/\"},{\"@type\":\"ListItem\",\"position\":2,\"name\":\"Productes\",\"item\":\"https:\/\/www.educaborras.com\/ca\/shop\/\"},{\"@type\":\"ListItem\",\"position\":3,\"name\":\"1,2,3 Nuts!\"}]},{\"@type\":\"WebSite\",\"@id\":\"https:\/\/www.educaborras.com\/ca\/#website\",\"url\":\"https:\/\/www.educaborras.com\/ca\/\",\"name\":\"Educa Borras\",\"description\":\"\",\"publisher\":{\"@id\":\"https:\/\/www.educaborras.com\/ca\/#organization\"},\"potentialAction\":[{\"@type\":\"SearchAction\",\"target\":{\"@type\":\"EntryPoint\",\"urlTemplate\":\"https:\/\/www.educaborras.com\/ca\/?s={search_term_string}\"},\"query-input\":{\"@type\":\"PropertyValueSpecification\",\"valueRequired\":true,\"valueName\":\"search_term_string\"}}],\"inLanguage\":\"ca\"},{\"@type\":\"Organization\",\"@id\":\"https:\/\/www.educaborras.com\/ca\/#organization\",\"name\":\"Educa Borras\",\"url\":\"https:\/\/www.educaborras.com\/ca\/\",\"logo\":{\"@type\":\"ImageObject\",\"inLanguage\":\"ca\",\"@id\":\"https:\/\/www.educaborras.com\/ca\/#\/schema\/logo\/image\/\",\"url\":\"https:\/\/www.educaborras.com\/wp-content\/uploads\/cropped-LOGOS-EDUCA-BORRAS_retina.png\",\"contentUrl\":\"https:\/\/www.educaborras.com\/wp-content\/uploads\/cropped-LOGOS-EDUCA-BORRAS_retina.png\",\"caption\":\"Educa Borras\"},\"image\":{\"@id\":\"https:\/\/www.educaborras.com\/ca\/#\/schema\/logo\/image\/\"}}]}<\/script>\n<!-- \/ Yoast SEO plugin. -->","yoast_head_json":{"title":"1,2,3 Nuts! - Educa Borras","description":"Observa y escoge el camino con el mayor n\u00famero de nueces, y ser\u00e1s el primero en rellenar tu canasto, pero cuidado puedes encontrar con gusanos que te har\u00e1n perder nueces. Es un juego de conteo y observaci\u00f3n.","robots":{"index":"index","follow":"follow","max-snippet":"max-snippet:-1","max-image-preview":"max-image-preview:large","max-video-preview":"max-video-preview:-1"},"canonical":"https:\/\/www.educaborras.com\/ca\/producte\/20083-ca\/","schema":{"@context":"https:\/\/schema.org","@graph":[{"@type":"WebPage","@id":"https:\/\/www.educaborras.com\/ca\/producte\/20083-ca\/","url":"https:\/\/www.educaborras.com\/ca\/producte\/20083-ca\/","name":"1,2,3 Nuts! - Educa Borras","isPartOf":{"@id":"https:\/\/www.educaborras.com\/ca\/#website"},"primaryImageOfPage":{"@id":"https:\/\/www.educaborras.com\/ca\/producte\/20083-ca\/#primaryimage"},"image":{"@id":"https:\/\/www.educaborras.com\/ca\/producte\/20083-ca\/#primaryimage"},"thumbnailUrl":"https:\/\/www.educaborras.com\/wp-content\/uploads\/20083_01_high-8.jpg","datePublished":"2025-06-05T09:02:18+00:00","dateModified":"2026-04-29T01:46:20+00:00","description":"Observa y escoge el camino con el mayor n\u00famero de nueces, y ser\u00e1s el primero en rellenar tu canasto, pero cuidado puedes encontrar con gusanos que te har\u00e1n perder nueces. Es un juego de conteo y observaci\u00f3n.","breadcrumb":{"@id":"https:\/\/www.educaborras.com\/ca\/producte\/20083-ca\/#breadcrumb"},"inLanguage":"ca","potentialAction":[{"@type":"ReadAction","target":["https:\/\/www.educaborras.com\/ca\/producte\/20083-ca\/"]}]},{"@type":"ImageObject","inLanguage":"ca","@id":"https:\/\/www.educaborras.com\/ca\/producte\/20083-ca\/#primaryimage","url":"https:\/\/www.educaborras.com\/wp-content\/uploads\/20083_01_high-8.jpg","contentUrl":"https:\/\/www.educaborras.com\/wp-content\/uploads\/20083_01_high-8.jpg"},{"@type":"BreadcrumbList","@id":"https:\/\/www.educaborras.com\/ca\/producte\/20083-ca\/#breadcrumb","itemListElement":[{"@type":"ListItem","position":1,"name":"Portada","item":"https:\/\/www.educaborras.com\/ca\/"},{"@type":"ListItem","position":2,"name":"Productes","item":"https:\/\/www.educaborras.com\/ca\/shop\/"},{"@type":"ListItem","position":3,"name":"1,2,3 Nuts!"}]},{"@type":"WebSite","@id":"https:\/\/www.educaborras.com\/ca\/#website","url":"https:\/\/www.educaborras.com\/ca\/","name":"Educa Borras","description":"","publisher":{"@id":"https:\/\/www.educaborras.com\/ca\/#organization"},"potentialAction":[{"@type":"SearchAction","target":{"@type":"EntryPoint","urlTemplate":"https:\/\/www.educaborras.com\/ca\/?s={search_term_string}"},"query-input":{"@type":"PropertyValueSpecification","valueRequired":true,"valueName":"search_term_string"}}],"inLanguage":"ca"},{"@type":"Organization","@id":"https:\/\/www.educaborras.com\/ca\/#organization","name":"Educa Borras","url":"https:\/\/www.educaborras.com\/ca\/","logo":{"@type":"ImageObject","inLanguage":"ca","@id":"https:\/\/www.educaborras.com\/ca\/#\/schema\/logo\/image\/","url":"https:\/\/www.educaborras.com\/wp-content\/uploads\/cropped-LOGOS-EDUCA-BORRAS_retina.png","contentUrl":"https:\/\/www.educaborras.com\/wp-content\/uploads\/cropped-LOGOS-EDUCA-BORRAS_retina.png","caption":"Educa Borras"},"image":{"@id":"https:\/\/www.educaborras.com\/ca\/#\/schema\/logo\/image\/"}}]}},"_links":{"self":[{"href":"https:\/\/www.educaborras.com\/ca\/wp-json\/wp\/v2\/product\/251283","targetHints":{"allow":["GET"]}}],"collection":[{"href":"https:\/\/www.educaborras.com\/ca\/wp-json\/wp\/v2\/product"}],"about":[{"href":"https:\/\/www.educaborras.com\/ca\/wp-json\/wp\/v2\/types\/product"}],"wp:featuredmedia":[{"embeddable":true,"href":"https:\/\/www.educaborras.com\/ca\/wp-json\/wp\/v2\/media\/161048"}],"wp:attachment":[{"href":"https:\/\/www.educaborras.com\/ca\/wp-json\/wp\/v2\/media?parent=251283"}],"wp:term":[{"taxonomy":"product_brand","embeddable":true,"href":"https:\/\/www.educaborras.com\/ca\/wp-json\/wp\/v2\/product_brand?post=251283"},{"taxonomy":"product_cat","embeddable":true,"href":"https:\/\/www.educaborras.com\/ca\/wp-json\/wp\/v2\/product_cat?post=251283"},{"taxonomy":"product_tag","embeddable":true,"href":"https:\/\/www.educaborras.com\/ca\/wp-json\/wp\/v2\/product_tag?post=251283"}],"curies":[{"name":"wp","href":"https:\/\/api.w.org\/{rel}","templated":true}]}}