{"id":251263,"date":"2025-06-05T11:02:29","date_gmt":"2025-06-05T09:02:29","guid":{"rendered":"https:\/\/www.educaborras.com\/product\/17472\/"},"modified":"2026-04-19T03:05:47","modified_gmt":"2026-04-19T01:05:47","slug":"17472-ca","status":"publish","type":"product","link":"https:\/\/www.educaborras.com\/ca\/producte\/17472-ca\/","title":{"rendered":"Lince 70 im\u00e1genes"},"content":{"rendered":"<p>Est\u00e0s preparat per a passar una estona ben divertida? Doncs&#8230; Anem a jugar! r\u00e0pid, agafa la fitxa i busca la imatge al tauler. T\u2019apuntes al repte? Contingut: 1 tauler, 70 fitxes amb imatges, 12 fitxes de colors, 1 caixa per muntar, instruccions. https:\/\/youtu.be\/BqDOy3589V0<\/p>\n","protected":false},"excerpt":{"rendered":"<p>El joc que aguditza la vista i els reflexes. Ser\u00e0s el primer en trobar les teves imatges?<\/p>\n","protected":false},"featured_media":26423,"template":"","meta":{"_acf_changed":false},"product_brand":[],"product_cat":[73211,73210],"product_tag":[80696,77458,77459,80697,77460,80698,77462,76337,77463,80699,80700,80701,77466,76304],"class_list":{"0":"post-251263","1":"product","2":"type-product","3":"status-publish","4":"has-post-thumbnail","6":"product_cat-el-lince-ca","7":"product_cat-jocs-de-taula","8":"product_tag-17472-ca","9":"product_tag-catala-ca","10":"product_tag-catalan-ca","11":"product_tag-cd-ca","12":"product_tag-imagenes-ca","13":"product_tag-imagens-ca","14":"product_tag-joc-en-catala-ca","15":"product_tag-juego-ca","16":"product_tag-lince-ca","17":"product_tag-lince-70-imagenes-ca","18":"product_tag-lince-70-imagens-ca","19":"product_tag-multimedia-ca","20":"product_tag-rapidez-ca","21":"product_tag-vista-ca","23":"first","24":"instock","25":"shipping-taxable","26":"product-type-simple"},"acf":[],"yoast_head":"<!-- This site is optimized with the Yoast SEO plugin v27.1.1 - https:\/\/yoast.com\/product\/yoast-seo-wordpress\/ -->\n<title>Lince 70 im\u00e1genes - Educa Borras<\/title>\n<meta name=\"description\" content=\"El juego que agudiza la vista y los reflejos. \u00bfSer\u00e1s el primero en encontrar tus im\u00e1genes? Pues... \u00a1Vamos a jugar! \u00a1R\u00e1pido, busca la imagen en el tablero!\" \/>\n<meta name=\"robots\" content=\"index, follow, max-snippet:-1, max-image-preview:large, max-video-preview:-1\" \/>\n<link rel=\"canonical\" href=\"https:\/\/www.educaborras.com\/ca\/producte\/17472-ca\/\" \/>\n<script type=\"application\/ld+json\" class=\"yoast-schema-graph\">{\"@context\":\"https:\/\/schema.org\",\"@graph\":[{\"@type\":\"WebPage\",\"@id\":\"https:\/\/www.educaborras.com\/ca\/producte\/17472-ca\/\",\"url\":\"https:\/\/www.educaborras.com\/ca\/producte\/17472-ca\/\",\"name\":\"Lince 70 im\u00e1genes - Educa Borras\",\"isPartOf\":{\"@id\":\"https:\/\/www.educaborras.com\/ca\/#website\"},\"primaryImageOfPage\":{\"@id\":\"https:\/\/www.educaborras.com\/ca\/producte\/17472-ca\/#primaryimage\"},\"image\":{\"@id\":\"https:\/\/www.educaborras.com\/ca\/producte\/17472-ca\/#primaryimage\"},\"thumbnailUrl\":\"https:\/\/www.educaborras.com\/wp-content\/uploads\/17472_01_high.jpg\",\"datePublished\":\"2025-06-05T09:02:29+00:00\",\"dateModified\":\"2026-04-19T01:05:47+00:00\",\"description\":\"El juego que agudiza la vista y los reflejos. \u00bfSer\u00e1s el primero en encontrar tus im\u00e1genes? Pues... \u00a1Vamos a jugar! \u00a1R\u00e1pido, busca la imagen en el tablero!\",\"breadcrumb\":{\"@id\":\"https:\/\/www.educaborras.com\/ca\/producte\/17472-ca\/#breadcrumb\"},\"inLanguage\":\"ca\",\"potentialAction\":[{\"@type\":\"ReadAction\",\"target\":[\"https:\/\/www.educaborras.com\/ca\/producte\/17472-ca\/\"]}]},{\"@type\":\"ImageObject\",\"inLanguage\":\"ca\",\"@id\":\"https:\/\/www.educaborras.com\/ca\/producte\/17472-ca\/#primaryimage\",\"url\":\"https:\/\/www.educaborras.com\/wp-content\/uploads\/17472_01_high.jpg\",\"contentUrl\":\"https:\/\/www.educaborras.com\/wp-content\/uploads\/17472_01_high.jpg\",\"caption\":\"Lince 70 im\u00e1genes\"},{\"@type\":\"BreadcrumbList\",\"@id\":\"https:\/\/www.educaborras.com\/ca\/producte\/17472-ca\/#breadcrumb\",\"itemListElement\":[{\"@type\":\"ListItem\",\"position\":1,\"name\":\"Portada\",\"item\":\"https:\/\/www.educaborras.com\/ca\/\"},{\"@type\":\"ListItem\",\"position\":2,\"name\":\"Productes\",\"item\":\"https:\/\/www.educaborras.com\/ca\/shop\/\"},{\"@type\":\"ListItem\",\"position\":3,\"name\":\"Lince 70 im\u00e1genes\"}]},{\"@type\":\"WebSite\",\"@id\":\"https:\/\/www.educaborras.com\/ca\/#website\",\"url\":\"https:\/\/www.educaborras.com\/ca\/\",\"name\":\"Educa Borras\",\"description\":\"\",\"publisher\":{\"@id\":\"https:\/\/www.educaborras.com\/ca\/#organization\"},\"potentialAction\":[{\"@type\":\"SearchAction\",\"target\":{\"@type\":\"EntryPoint\",\"urlTemplate\":\"https:\/\/www.educaborras.com\/ca\/?s={search_term_string}\"},\"query-input\":{\"@type\":\"PropertyValueSpecification\",\"valueRequired\":true,\"valueName\":\"search_term_string\"}}],\"inLanguage\":\"ca\"},{\"@type\":\"Organization\",\"@id\":\"https:\/\/www.educaborras.com\/ca\/#organization\",\"name\":\"Educa Borras\",\"url\":\"https:\/\/www.educaborras.com\/ca\/\",\"logo\":{\"@type\":\"ImageObject\",\"inLanguage\":\"ca\",\"@id\":\"https:\/\/www.educaborras.com\/ca\/#\/schema\/logo\/image\/\",\"url\":\"https:\/\/www.educaborras.com\/wp-content\/uploads\/cropped-LOGOS-EDUCA-BORRAS_retina.png\",\"contentUrl\":\"https:\/\/www.educaborras.com\/wp-content\/uploads\/cropped-LOGOS-EDUCA-BORRAS_retina.png\",\"caption\":\"Educa Borras\"},\"image\":{\"@id\":\"https:\/\/www.educaborras.com\/ca\/#\/schema\/logo\/image\/\"}}]}<\/script>\n<!-- \/ Yoast SEO plugin. -->","yoast_head_json":{"title":"Lince 70 im\u00e1genes - Educa Borras","description":"El juego que agudiza la vista y los reflejos. \u00bfSer\u00e1s el primero en encontrar tus im\u00e1genes? Pues... \u00a1Vamos a jugar! \u00a1R\u00e1pido, busca la imagen en el tablero!","robots":{"index":"index","follow":"follow","max-snippet":"max-snippet:-1","max-image-preview":"max-image-preview:large","max-video-preview":"max-video-preview:-1"},"canonical":"https:\/\/www.educaborras.com\/ca\/producte\/17472-ca\/","schema":{"@context":"https:\/\/schema.org","@graph":[{"@type":"WebPage","@id":"https:\/\/www.educaborras.com\/ca\/producte\/17472-ca\/","url":"https:\/\/www.educaborras.com\/ca\/producte\/17472-ca\/","name":"Lince 70 im\u00e1genes - Educa Borras","isPartOf":{"@id":"https:\/\/www.educaborras.com\/ca\/#website"},"primaryImageOfPage":{"@id":"https:\/\/www.educaborras.com\/ca\/producte\/17472-ca\/#primaryimage"},"image":{"@id":"https:\/\/www.educaborras.com\/ca\/producte\/17472-ca\/#primaryimage"},"thumbnailUrl":"https:\/\/www.educaborras.com\/wp-content\/uploads\/17472_01_high.jpg","datePublished":"2025-06-05T09:02:29+00:00","dateModified":"2026-04-19T01:05:47+00:00","description":"El juego que agudiza la vista y los reflejos. \u00bfSer\u00e1s el primero en encontrar tus im\u00e1genes? Pues... \u00a1Vamos a jugar! \u00a1R\u00e1pido, busca la imagen en el tablero!","breadcrumb":{"@id":"https:\/\/www.educaborras.com\/ca\/producte\/17472-ca\/#breadcrumb"},"inLanguage":"ca","potentialAction":[{"@type":"ReadAction","target":["https:\/\/www.educaborras.com\/ca\/producte\/17472-ca\/"]}]},{"@type":"ImageObject","inLanguage":"ca","@id":"https:\/\/www.educaborras.com\/ca\/producte\/17472-ca\/#primaryimage","url":"https:\/\/www.educaborras.com\/wp-content\/uploads\/17472_01_high.jpg","contentUrl":"https:\/\/www.educaborras.com\/wp-content\/uploads\/17472_01_high.jpg","caption":"Lince 70 im\u00e1genes"},{"@type":"BreadcrumbList","@id":"https:\/\/www.educaborras.com\/ca\/producte\/17472-ca\/#breadcrumb","itemListElement":[{"@type":"ListItem","position":1,"name":"Portada","item":"https:\/\/www.educaborras.com\/ca\/"},{"@type":"ListItem","position":2,"name":"Productes","item":"https:\/\/www.educaborras.com\/ca\/shop\/"},{"@type":"ListItem","position":3,"name":"Lince 70 im\u00e1genes"}]},{"@type":"WebSite","@id":"https:\/\/www.educaborras.com\/ca\/#website","url":"https:\/\/www.educaborras.com\/ca\/","name":"Educa Borras","description":"","publisher":{"@id":"https:\/\/www.educaborras.com\/ca\/#organization"},"potentialAction":[{"@type":"SearchAction","target":{"@type":"EntryPoint","urlTemplate":"https:\/\/www.educaborras.com\/ca\/?s={search_term_string}"},"query-input":{"@type":"PropertyValueSpecification","valueRequired":true,"valueName":"search_term_string"}}],"inLanguage":"ca"},{"@type":"Organization","@id":"https:\/\/www.educaborras.com\/ca\/#organization","name":"Educa Borras","url":"https:\/\/www.educaborras.com\/ca\/","logo":{"@type":"ImageObject","inLanguage":"ca","@id":"https:\/\/www.educaborras.com\/ca\/#\/schema\/logo\/image\/","url":"https:\/\/www.educaborras.com\/wp-content\/uploads\/cropped-LOGOS-EDUCA-BORRAS_retina.png","contentUrl":"https:\/\/www.educaborras.com\/wp-content\/uploads\/cropped-LOGOS-EDUCA-BORRAS_retina.png","caption":"Educa Borras"},"image":{"@id":"https:\/\/www.educaborras.com\/ca\/#\/schema\/logo\/image\/"}}]}},"_links":{"self":[{"href":"https:\/\/www.educaborras.com\/ca\/wp-json\/wp\/v2\/product\/251263","targetHints":{"allow":["GET"]}}],"collection":[{"href":"https:\/\/www.educaborras.com\/ca\/wp-json\/wp\/v2\/product"}],"about":[{"href":"https:\/\/www.educaborras.com\/ca\/wp-json\/wp\/v2\/types\/product"}],"wp:featuredmedia":[{"embeddable":true,"href":"https:\/\/www.educaborras.com\/ca\/wp-json\/wp\/v2\/media\/26423"}],"wp:attachment":[{"href":"https:\/\/www.educaborras.com\/ca\/wp-json\/wp\/v2\/media?parent=251263"}],"wp:term":[{"taxonomy":"product_brand","embeddable":true,"href":"https:\/\/www.educaborras.com\/ca\/wp-json\/wp\/v2\/product_brand?post=251263"},{"taxonomy":"product_cat","embeddable":true,"href":"https:\/\/www.educaborras.com\/ca\/wp-json\/wp\/v2\/product_cat?post=251263"},{"taxonomy":"product_tag","embeddable":true,"href":"https:\/\/www.educaborras.com\/ca\/wp-json\/wp\/v2\/product_tag?post=251263"}],"curies":[{"name":"wp","href":"https:\/\/api.w.org\/{rel}","templated":true}]}}