{"id":251259,"date":"2025-06-05T11:02:31","date_gmt":"2025-06-05T09:02:31","guid":{"rendered":"https:\/\/www.educaborras.com\/product\/18695\/"},"modified":"2026-04-30T03:06:19","modified_gmt":"2026-04-30T01:06:19","slug":"18695-ca","status":"publish","type":"product","link":"https:\/\/www.educaborras.com\/ca\/producte\/18695-ca\/","title":{"rendered":"Aprender es Divertido Los n\u00fameros"},"content":{"rendered":"<p>Aprender es Divertido&#8217;\u00e9s una col\u00b7lecci\u00f3 de jocs especialment creada per a acompanyar a l&#8217;infant en el seu proc\u00e9s de creixement i aprenentatge, potenciant el desenvolupament de les seves capacitats, habilitats i personalitat. Amb aquest joc tan divertit podran entrar en el m\u00f3n de les matem\u00e0tiques d&#8217;una forma l\u00fadica relacionant xifres i quantitats de l&#8217;1 al 10. Contingut: 40 peces encaixables que formen 10 taulers, instruccions.<\/p>\n","protected":false},"excerpt":{"rendered":"<p>El primer pas per entrar al m\u00f3n de les matem\u00e0tiques.<\/p>\n","protected":false},"featured_media":161128,"template":"","meta":{"_acf_changed":false},"product_brand":[],"product_cat":[73215,73214],"product_tag":[93659,93027,93660,93661,93662,93630,93663,92947,93033,93034,93664,93665,93038,93042,93666,93667,93668,93669,93670,93045,93046,93671,93049,92956,82230,93672,93631,93632,77133],"class_list":{"0":"post-251259","1":"product","2":"type-product","3":"status-publish","4":"has-post-thumbnail","6":"product_cat-aprendre-es-divertit","7":"product_cat-jocs-educatius","8":"product_tag-18695-ca","9":"product_tag-aprender-es-divertido-ca","10":"product_tag-aprendo-a-contar-del-1-al-10-ca","11":"product_tag-aprendre-a-comptar-ca","12":"product_tag-comptar-ca","13":"product_tag-contar-ca","14":"product_tag-del-1-al-10-ca","15":"product_tag-educativos-ca","16":"product_tag-jocs-aprender-es-divertido-ca","17":"product_tag-jocs-aprendre-jugant-ca","18":"product_tag-jocs-de-comptar-ca","19":"product_tag-jocs-de-numeros-ca","20":"product_tag-jocs-educa-ca","21":"product_tag-jocs-infantils-ca","22":"product_tag-jocs-infantils-de-matematiques-ca","23":"product_tag-jocs-infantils-de-numeros-ca","24":"product_tag-jocs-matematiques-ca","25":"product_tag-jocs-per-aprendre-a-comptar-ca","26":"product_tag-juegos-aprender-a-contar-ca","27":"product_tag-juegos-aprender-es-divertido-ca","28":"product_tag-juegos-aprender-jugando-ca","29":"product_tag-juegos-de-numeros-ca","30":"product_tag-juegos-educa-ca","31":"product_tag-juegos-educativos-ca","32":"product_tag-juegos-infantiles-ca","33":"product_tag-juegos-infantiles-de-matematicas-ca","34":"product_tag-juegos-infantiles-de-numeros-ca","35":"product_tag-juegos-matematicas-ca","36":"product_tag-numeros-ca","38":"first","39":"instock","40":"shipping-taxable","41":"product-type-simple"},"acf":[],"yoast_head":"<!-- This site is optimized with the Yoast SEO plugin v27.1.1 - https:\/\/yoast.com\/product\/yoast-seo-wordpress\/ -->\n<title>Aprender es Divertido Los n\u00fameros - Educa Borras<\/title>\n<meta name=\"robots\" content=\"index, follow, max-snippet:-1, max-image-preview:large, max-video-preview:-1\" \/>\n<link rel=\"canonical\" href=\"https:\/\/www.educaborras.com\/ca\/producte\/18695-ca\/\" \/>\n<script type=\"application\/ld+json\" class=\"yoast-schema-graph\">{\"@context\":\"https:\/\/schema.org\",\"@graph\":[{\"@type\":\"WebPage\",\"@id\":\"https:\/\/www.educaborras.com\/ca\/producte\/18695-ca\/\",\"url\":\"https:\/\/www.educaborras.com\/ca\/producte\/18695-ca\/\",\"name\":\"Aprender es Divertido Los n\u00fameros - Educa Borras\",\"isPartOf\":{\"@id\":\"https:\/\/www.educaborras.com\/ca\/#website\"},\"primaryImageOfPage\":{\"@id\":\"https:\/\/www.educaborras.com\/ca\/producte\/18695-ca\/#primaryimage\"},\"image\":{\"@id\":\"https:\/\/www.educaborras.com\/ca\/producte\/18695-ca\/#primaryimage\"},\"thumbnailUrl\":\"https:\/\/www.educaborras.com\/wp-content\/uploads\/18695_01_med-10.jpg\",\"datePublished\":\"2025-06-05T09:02:31+00:00\",\"dateModified\":\"2026-04-30T01:06:19+00:00\",\"breadcrumb\":{\"@id\":\"https:\/\/www.educaborras.com\/ca\/producte\/18695-ca\/#breadcrumb\"},\"inLanguage\":\"ca\",\"potentialAction\":[{\"@type\":\"ReadAction\",\"target\":[\"https:\/\/www.educaborras.com\/ca\/producte\/18695-ca\/\"]}]},{\"@type\":\"ImageObject\",\"inLanguage\":\"ca\",\"@id\":\"https:\/\/www.educaborras.com\/ca\/producte\/18695-ca\/#primaryimage\",\"url\":\"https:\/\/www.educaborras.com\/wp-content\/uploads\/18695_01_med-10.jpg\",\"contentUrl\":\"https:\/\/www.educaborras.com\/wp-content\/uploads\/18695_01_med-10.jpg\"},{\"@type\":\"BreadcrumbList\",\"@id\":\"https:\/\/www.educaborras.com\/ca\/producte\/18695-ca\/#breadcrumb\",\"itemListElement\":[{\"@type\":\"ListItem\",\"position\":1,\"name\":\"Portada\",\"item\":\"https:\/\/www.educaborras.com\/ca\/\"},{\"@type\":\"ListItem\",\"position\":2,\"name\":\"Productes\",\"item\":\"https:\/\/www.educaborras.com\/ca\/shop\/\"},{\"@type\":\"ListItem\",\"position\":3,\"name\":\"Aprender es Divertido Los n\u00fameros\"}]},{\"@type\":\"WebSite\",\"@id\":\"https:\/\/www.educaborras.com\/ca\/#website\",\"url\":\"https:\/\/www.educaborras.com\/ca\/\",\"name\":\"Educa Borras\",\"description\":\"\",\"publisher\":{\"@id\":\"https:\/\/www.educaborras.com\/ca\/#organization\"},\"potentialAction\":[{\"@type\":\"SearchAction\",\"target\":{\"@type\":\"EntryPoint\",\"urlTemplate\":\"https:\/\/www.educaborras.com\/ca\/?s={search_term_string}\"},\"query-input\":{\"@type\":\"PropertyValueSpecification\",\"valueRequired\":true,\"valueName\":\"search_term_string\"}}],\"inLanguage\":\"ca\"},{\"@type\":\"Organization\",\"@id\":\"https:\/\/www.educaborras.com\/ca\/#organization\",\"name\":\"Educa Borras\",\"url\":\"https:\/\/www.educaborras.com\/ca\/\",\"logo\":{\"@type\":\"ImageObject\",\"inLanguage\":\"ca\",\"@id\":\"https:\/\/www.educaborras.com\/ca\/#\/schema\/logo\/image\/\",\"url\":\"https:\/\/www.educaborras.com\/wp-content\/uploads\/cropped-LOGOS-EDUCA-BORRAS_retina.png\",\"contentUrl\":\"https:\/\/www.educaborras.com\/wp-content\/uploads\/cropped-LOGOS-EDUCA-BORRAS_retina.png\",\"caption\":\"Educa Borras\"},\"image\":{\"@id\":\"https:\/\/www.educaborras.com\/ca\/#\/schema\/logo\/image\/\"}}]}<\/script>\n<!-- \/ Yoast SEO plugin. -->","yoast_head_json":{"title":"Aprender es Divertido Los n\u00fameros - Educa Borras","robots":{"index":"index","follow":"follow","max-snippet":"max-snippet:-1","max-image-preview":"max-image-preview:large","max-video-preview":"max-video-preview:-1"},"canonical":"https:\/\/www.educaborras.com\/ca\/producte\/18695-ca\/","schema":{"@context":"https:\/\/schema.org","@graph":[{"@type":"WebPage","@id":"https:\/\/www.educaborras.com\/ca\/producte\/18695-ca\/","url":"https:\/\/www.educaborras.com\/ca\/producte\/18695-ca\/","name":"Aprender es Divertido Los n\u00fameros - Educa Borras","isPartOf":{"@id":"https:\/\/www.educaborras.com\/ca\/#website"},"primaryImageOfPage":{"@id":"https:\/\/www.educaborras.com\/ca\/producte\/18695-ca\/#primaryimage"},"image":{"@id":"https:\/\/www.educaborras.com\/ca\/producte\/18695-ca\/#primaryimage"},"thumbnailUrl":"https:\/\/www.educaborras.com\/wp-content\/uploads\/18695_01_med-10.jpg","datePublished":"2025-06-05T09:02:31+00:00","dateModified":"2026-04-30T01:06:19+00:00","breadcrumb":{"@id":"https:\/\/www.educaborras.com\/ca\/producte\/18695-ca\/#breadcrumb"},"inLanguage":"ca","potentialAction":[{"@type":"ReadAction","target":["https:\/\/www.educaborras.com\/ca\/producte\/18695-ca\/"]}]},{"@type":"ImageObject","inLanguage":"ca","@id":"https:\/\/www.educaborras.com\/ca\/producte\/18695-ca\/#primaryimage","url":"https:\/\/www.educaborras.com\/wp-content\/uploads\/18695_01_med-10.jpg","contentUrl":"https:\/\/www.educaborras.com\/wp-content\/uploads\/18695_01_med-10.jpg"},{"@type":"BreadcrumbList","@id":"https:\/\/www.educaborras.com\/ca\/producte\/18695-ca\/#breadcrumb","itemListElement":[{"@type":"ListItem","position":1,"name":"Portada","item":"https:\/\/www.educaborras.com\/ca\/"},{"@type":"ListItem","position":2,"name":"Productes","item":"https:\/\/www.educaborras.com\/ca\/shop\/"},{"@type":"ListItem","position":3,"name":"Aprender es Divertido Los n\u00fameros"}]},{"@type":"WebSite","@id":"https:\/\/www.educaborras.com\/ca\/#website","url":"https:\/\/www.educaborras.com\/ca\/","name":"Educa Borras","description":"","publisher":{"@id":"https:\/\/www.educaborras.com\/ca\/#organization"},"potentialAction":[{"@type":"SearchAction","target":{"@type":"EntryPoint","urlTemplate":"https:\/\/www.educaborras.com\/ca\/?s={search_term_string}"},"query-input":{"@type":"PropertyValueSpecification","valueRequired":true,"valueName":"search_term_string"}}],"inLanguage":"ca"},{"@type":"Organization","@id":"https:\/\/www.educaborras.com\/ca\/#organization","name":"Educa Borras","url":"https:\/\/www.educaborras.com\/ca\/","logo":{"@type":"ImageObject","inLanguage":"ca","@id":"https:\/\/www.educaborras.com\/ca\/#\/schema\/logo\/image\/","url":"https:\/\/www.educaborras.com\/wp-content\/uploads\/cropped-LOGOS-EDUCA-BORRAS_retina.png","contentUrl":"https:\/\/www.educaborras.com\/wp-content\/uploads\/cropped-LOGOS-EDUCA-BORRAS_retina.png","caption":"Educa Borras"},"image":{"@id":"https:\/\/www.educaborras.com\/ca\/#\/schema\/logo\/image\/"}}]}},"_links":{"self":[{"href":"https:\/\/www.educaborras.com\/ca\/wp-json\/wp\/v2\/product\/251259","targetHints":{"allow":["GET"]}}],"collection":[{"href":"https:\/\/www.educaborras.com\/ca\/wp-json\/wp\/v2\/product"}],"about":[{"href":"https:\/\/www.educaborras.com\/ca\/wp-json\/wp\/v2\/types\/product"}],"wp:featuredmedia":[{"embeddable":true,"href":"https:\/\/www.educaborras.com\/ca\/wp-json\/wp\/v2\/media\/161128"}],"wp:attachment":[{"href":"https:\/\/www.educaborras.com\/ca\/wp-json\/wp\/v2\/media?parent=251259"}],"wp:term":[{"taxonomy":"product_brand","embeddable":true,"href":"https:\/\/www.educaborras.com\/ca\/wp-json\/wp\/v2\/product_brand?post=251259"},{"taxonomy":"product_cat","embeddable":true,"href":"https:\/\/www.educaborras.com\/ca\/wp-json\/wp\/v2\/product_cat?post=251259"},{"taxonomy":"product_tag","embeddable":true,"href":"https:\/\/www.educaborras.com\/ca\/wp-json\/wp\/v2\/product_tag?post=251259"}],"curies":[{"name":"wp","href":"https:\/\/api.w.org\/{rel}","templated":true}]}}