{"id":251255,"date":"2025-06-05T11:02:34","date_gmt":"2025-06-05T09:02:34","guid":{"rendered":"https:\/\/www.educaborras.com\/product\/18696\/"},"modified":"2026-04-14T03:01:34","modified_gmt":"2026-04-14T01:01:34","slug":"18696-ca","status":"publish","type":"product","link":"https:\/\/www.educaborras.com\/ca\/producte\/18696-ca\/","title":{"rendered":"Aprender es Divertido El abecedario"},"content":{"rendered":"<p>Aprender es Divertido&#8217;\u00e9s una col\u00b7lecci\u00f3 de jocs especialment creada per a acompanyar a l&#8217;infant en el seu proc\u00e9s de creixement i aprenentatge, potenciant el desenvolupament de les seves capacitats, habilitats i personalitat. Amb aquest joc tan divertit d&#8217;associaci\u00f3 podran iniciar-se en el coneixement de l&#8217;abecedari. Encaixant les diferents peces, els m\u00e9s petits descobriran cadascuna de les lletres, tant en maj\u00fascules com en min\u00fascules. Contingut: 81 peces encaixables que formen 27 taulers, instruccions.<\/p>\n","protected":false},"excerpt":{"rendered":"<p>Descobreix les lletres de l\u2019A a la Z de forma divertida.<\/p>\n","protected":false},"featured_media":161143,"template":"","meta":{"_acf_changed":false},"product_brand":[],"product_cat":[73215,73214],"product_tag":[93147,82347,80609,75731,93027,93032,92947,93148,93033,93149,93038,93039,93150,93042,93151,93043,93152,93153,93154,93155,93045,93049,92956,93156,82230,93052,93157,93158,75741,93159],"class_list":{"0":"post-251255","1":"product","2":"type-product","3":"status-publish","4":"has-post-thumbnail","6":"product_cat-aprendre-es-divertit","7":"product_cat-jocs-educatius","8":"product_tag-18696-ca","9":"product_tag-2020-ca","10":"product_tag-abecedari-ca","11":"product_tag-abecedario-ca","12":"product_tag-aprender-es-divertido-ca","13":"product_tag-educatius-ca","14":"product_tag-educativos-ca","15":"product_tag-jocs-abecedari-ca","16":"product_tag-jocs-aprender-es-divertido-ca","17":"product_tag-jocs-aprendre-abecedari-ca","18":"product_tag-jocs-educa-ca","19":"product_tag-jocs-educatius-ca","20":"product_tag-jocs-educatius-lletres-ca","21":"product_tag-jocs-infantils-ca","22":"product_tag-jocs-infantils-de-lletres-ca","23":"product_tag-jocs-infantils-educa-ca","24":"product_tag-jocs-infantils-lletres-ca","25":"product_tag-jocs-lletres-ca","26":"product_tag-juegos-abecedario-ca","27":"product_tag-juegos-aprender-abecedario-ca","28":"product_tag-juegos-aprender-es-divertido-ca","29":"product_tag-juegos-educa-ca","30":"product_tag-juegos-educativos-ca","31":"product_tag-juegos-educativos-letras-ca","32":"product_tag-juegos-infantiles-ca","33":"product_tag-juegos-infantiles-educa-ca","34":"product_tag-juegos-infantiles-letras-ca","35":"product_tag-juegos-letras-ca","36":"product_tag-letras-ca","37":"product_tag-lletres-ca","39":"first","40":"instock","41":"shipping-taxable","42":"product-type-simple"},"acf":[],"yoast_head":"<!-- This site is optimized with the Yoast SEO plugin v27.1.1 - https:\/\/yoast.com\/product\/yoast-seo-wordpress\/ -->\n<title>Aprender es Divertido El abecedario - Educa Borras<\/title>\n<meta name=\"robots\" content=\"index, follow, max-snippet:-1, max-image-preview:large, max-video-preview:-1\" \/>\n<link rel=\"canonical\" href=\"https:\/\/www.educaborras.com\/ca\/producte\/18696-ca\/\" \/>\n<script type=\"application\/ld+json\" class=\"yoast-schema-graph\">{\"@context\":\"https:\/\/schema.org\",\"@graph\":[{\"@type\":\"WebPage\",\"@id\":\"https:\/\/www.educaborras.com\/ca\/producte\/18696-ca\/\",\"url\":\"https:\/\/www.educaborras.com\/ca\/producte\/18696-ca\/\",\"name\":\"Aprender es Divertido El abecedario - Educa Borras\",\"isPartOf\":{\"@id\":\"https:\/\/www.educaborras.com\/ca\/#website\"},\"primaryImageOfPage\":{\"@id\":\"https:\/\/www.educaborras.com\/ca\/producte\/18696-ca\/#primaryimage\"},\"image\":{\"@id\":\"https:\/\/www.educaborras.com\/ca\/producte\/18696-ca\/#primaryimage\"},\"thumbnailUrl\":\"https:\/\/www.educaborras.com\/wp-content\/uploads\/18696_01_med-10.jpg\",\"datePublished\":\"2025-06-05T09:02:34+00:00\",\"dateModified\":\"2026-04-14T01:01:34+00:00\",\"breadcrumb\":{\"@id\":\"https:\/\/www.educaborras.com\/ca\/producte\/18696-ca\/#breadcrumb\"},\"inLanguage\":\"ca\",\"potentialAction\":[{\"@type\":\"ReadAction\",\"target\":[\"https:\/\/www.educaborras.com\/ca\/producte\/18696-ca\/\"]}]},{\"@type\":\"ImageObject\",\"inLanguage\":\"ca\",\"@id\":\"https:\/\/www.educaborras.com\/ca\/producte\/18696-ca\/#primaryimage\",\"url\":\"https:\/\/www.educaborras.com\/wp-content\/uploads\/18696_01_med-10.jpg\",\"contentUrl\":\"https:\/\/www.educaborras.com\/wp-content\/uploads\/18696_01_med-10.jpg\"},{\"@type\":\"BreadcrumbList\",\"@id\":\"https:\/\/www.educaborras.com\/ca\/producte\/18696-ca\/#breadcrumb\",\"itemListElement\":[{\"@type\":\"ListItem\",\"position\":1,\"name\":\"Portada\",\"item\":\"https:\/\/www.educaborras.com\/ca\/\"},{\"@type\":\"ListItem\",\"position\":2,\"name\":\"Productes\",\"item\":\"https:\/\/www.educaborras.com\/ca\/shop\/\"},{\"@type\":\"ListItem\",\"position\":3,\"name\":\"Aprender es Divertido El abecedario\"}]},{\"@type\":\"WebSite\",\"@id\":\"https:\/\/www.educaborras.com\/ca\/#website\",\"url\":\"https:\/\/www.educaborras.com\/ca\/\",\"name\":\"Educa Borras\",\"description\":\"\",\"publisher\":{\"@id\":\"https:\/\/www.educaborras.com\/ca\/#organization\"},\"potentialAction\":[{\"@type\":\"SearchAction\",\"target\":{\"@type\":\"EntryPoint\",\"urlTemplate\":\"https:\/\/www.educaborras.com\/ca\/?s={search_term_string}\"},\"query-input\":{\"@type\":\"PropertyValueSpecification\",\"valueRequired\":true,\"valueName\":\"search_term_string\"}}],\"inLanguage\":\"ca\"},{\"@type\":\"Organization\",\"@id\":\"https:\/\/www.educaborras.com\/ca\/#organization\",\"name\":\"Educa Borras\",\"url\":\"https:\/\/www.educaborras.com\/ca\/\",\"logo\":{\"@type\":\"ImageObject\",\"inLanguage\":\"ca\",\"@id\":\"https:\/\/www.educaborras.com\/ca\/#\/schema\/logo\/image\/\",\"url\":\"https:\/\/www.educaborras.com\/wp-content\/uploads\/cropped-LOGOS-EDUCA-BORRAS_retina.png\",\"contentUrl\":\"https:\/\/www.educaborras.com\/wp-content\/uploads\/cropped-LOGOS-EDUCA-BORRAS_retina.png\",\"caption\":\"Educa Borras\"},\"image\":{\"@id\":\"https:\/\/www.educaborras.com\/ca\/#\/schema\/logo\/image\/\"}}]}<\/script>\n<!-- \/ Yoast SEO plugin. -->","yoast_head_json":{"title":"Aprender es Divertido El abecedario - Educa Borras","robots":{"index":"index","follow":"follow","max-snippet":"max-snippet:-1","max-image-preview":"max-image-preview:large","max-video-preview":"max-video-preview:-1"},"canonical":"https:\/\/www.educaborras.com\/ca\/producte\/18696-ca\/","schema":{"@context":"https:\/\/schema.org","@graph":[{"@type":"WebPage","@id":"https:\/\/www.educaborras.com\/ca\/producte\/18696-ca\/","url":"https:\/\/www.educaborras.com\/ca\/producte\/18696-ca\/","name":"Aprender es Divertido El abecedario - Educa Borras","isPartOf":{"@id":"https:\/\/www.educaborras.com\/ca\/#website"},"primaryImageOfPage":{"@id":"https:\/\/www.educaborras.com\/ca\/producte\/18696-ca\/#primaryimage"},"image":{"@id":"https:\/\/www.educaborras.com\/ca\/producte\/18696-ca\/#primaryimage"},"thumbnailUrl":"https:\/\/www.educaborras.com\/wp-content\/uploads\/18696_01_med-10.jpg","datePublished":"2025-06-05T09:02:34+00:00","dateModified":"2026-04-14T01:01:34+00:00","breadcrumb":{"@id":"https:\/\/www.educaborras.com\/ca\/producte\/18696-ca\/#breadcrumb"},"inLanguage":"ca","potentialAction":[{"@type":"ReadAction","target":["https:\/\/www.educaborras.com\/ca\/producte\/18696-ca\/"]}]},{"@type":"ImageObject","inLanguage":"ca","@id":"https:\/\/www.educaborras.com\/ca\/producte\/18696-ca\/#primaryimage","url":"https:\/\/www.educaborras.com\/wp-content\/uploads\/18696_01_med-10.jpg","contentUrl":"https:\/\/www.educaborras.com\/wp-content\/uploads\/18696_01_med-10.jpg"},{"@type":"BreadcrumbList","@id":"https:\/\/www.educaborras.com\/ca\/producte\/18696-ca\/#breadcrumb","itemListElement":[{"@type":"ListItem","position":1,"name":"Portada","item":"https:\/\/www.educaborras.com\/ca\/"},{"@type":"ListItem","position":2,"name":"Productes","item":"https:\/\/www.educaborras.com\/ca\/shop\/"},{"@type":"ListItem","position":3,"name":"Aprender es Divertido El abecedario"}]},{"@type":"WebSite","@id":"https:\/\/www.educaborras.com\/ca\/#website","url":"https:\/\/www.educaborras.com\/ca\/","name":"Educa Borras","description":"","publisher":{"@id":"https:\/\/www.educaborras.com\/ca\/#organization"},"potentialAction":[{"@type":"SearchAction","target":{"@type":"EntryPoint","urlTemplate":"https:\/\/www.educaborras.com\/ca\/?s={search_term_string}"},"query-input":{"@type":"PropertyValueSpecification","valueRequired":true,"valueName":"search_term_string"}}],"inLanguage":"ca"},{"@type":"Organization","@id":"https:\/\/www.educaborras.com\/ca\/#organization","name":"Educa Borras","url":"https:\/\/www.educaborras.com\/ca\/","logo":{"@type":"ImageObject","inLanguage":"ca","@id":"https:\/\/www.educaborras.com\/ca\/#\/schema\/logo\/image\/","url":"https:\/\/www.educaborras.com\/wp-content\/uploads\/cropped-LOGOS-EDUCA-BORRAS_retina.png","contentUrl":"https:\/\/www.educaborras.com\/wp-content\/uploads\/cropped-LOGOS-EDUCA-BORRAS_retina.png","caption":"Educa Borras"},"image":{"@id":"https:\/\/www.educaborras.com\/ca\/#\/schema\/logo\/image\/"}}]}},"_links":{"self":[{"href":"https:\/\/www.educaborras.com\/ca\/wp-json\/wp\/v2\/product\/251255","targetHints":{"allow":["GET"]}}],"collection":[{"href":"https:\/\/www.educaborras.com\/ca\/wp-json\/wp\/v2\/product"}],"about":[{"href":"https:\/\/www.educaborras.com\/ca\/wp-json\/wp\/v2\/types\/product"}],"wp:featuredmedia":[{"embeddable":true,"href":"https:\/\/www.educaborras.com\/ca\/wp-json\/wp\/v2\/media\/161143"}],"wp:attachment":[{"href":"https:\/\/www.educaborras.com\/ca\/wp-json\/wp\/v2\/media?parent=251255"}],"wp:term":[{"taxonomy":"product_brand","embeddable":true,"href":"https:\/\/www.educaborras.com\/ca\/wp-json\/wp\/v2\/product_brand?post=251255"},{"taxonomy":"product_cat","embeddable":true,"href":"https:\/\/www.educaborras.com\/ca\/wp-json\/wp\/v2\/product_cat?post=251255"},{"taxonomy":"product_tag","embeddable":true,"href":"https:\/\/www.educaborras.com\/ca\/wp-json\/wp\/v2\/product_tag?post=251255"}],"curies":[{"name":"wp","href":"https:\/\/api.w.org\/{rel}","templated":true}]}}