{"id":251239,"date":"2025-06-05T11:02:43","date_gmt":"2025-06-05T09:02:43","guid":{"rendered":"https:\/\/www.educaborras.com\/product\/18701\/"},"modified":"2026-04-30T03:06:37","modified_gmt":"2026-04-30T01:06:37","slug":"18701-ca","status":"publish","type":"product","link":"https:\/\/www.educaborras.com\/ca\/producte\/18701-ca\/","title":{"rendered":"Aprender es Divertido El cuerpo humano"},"content":{"rendered":"<p>Aprender es Divertido&#8217;\u00e9s una col\u00b7lecci\u00f3 de jocs especialment creada per a acompanyar a l&#8217;infant en el seu proc\u00e9s de creixement i aprenentatge, potenciant el desenvolupament de les seves capacitats, habilitats i personalitat. Amb aquest joc tan divertit aprendran les diferents parts del cos hum\u00e0. Sobre una silueta de nen o nena podran encaixar les principals parts del cos, esquelet i \u00f2rgans. Contingut: 99 peces per formar 4 puzles (nen, nena, esquelet i \u00f2rgans), 1 marc amb les parts del cos, instruccions.<\/p>\n","protected":false},"excerpt":{"rendered":"<p>Coneix les principals parts del cos hum\u00e0 de forma divertida.<\/p>\n","protected":false},"featured_media":161213,"template":"","meta":{"_acf_changed":false},"product_brand":[],"product_cat":[73215,73214],"product_tag":[93299,82347,93027,81469,81470,93032,92947,93300,93301,93033,93206,93034,93302,93038,93039,93303,93042,93304,93043,93305,93306,93045,93046,93307,93049,92956,93308,82230,93309,93052,93310,93311,93312,93313,93314,93315],"class_list":{"0":"post-251239","1":"product","2":"type-product","3":"status-publish","4":"has-post-thumbnail","6":"product_cat-aprendre-es-divertit","7":"product_cat-jocs-educatius","8":"product_tag-18701-ca","9":"product_tag-2020-ca","10":"product_tag-aprender-es-divertido-ca","11":"product_tag-cos-huma-ca","12":"product_tag-cuerpo-humano-ca","13":"product_tag-educatius-ca","14":"product_tag-educativos-ca","15":"product_tag-huesos-ca","16":"product_tag-joc-educa-cos-huma-ca","17":"product_tag-jocs-aprender-es-divertido-ca","18":"product_tag-jocs-aprendre-es-divertit-ca","19":"product_tag-jocs-aprendre-jugant-ca","20":"product_tag-jocs-cos-huma-ca","21":"product_tag-jocs-educa-ca","22":"product_tag-jocs-educatius-ca","23":"product_tag-jocs-educatius-cos-huma-ca","24":"product_tag-jocs-infantils-ca","25":"product_tag-jocs-infantils-cos-huma-ca","26":"product_tag-jocs-infantils-educa-ca","27":"product_tag-jocs-per-aprendre-el-cos-huma-ca","28":"product_tag-juego-educa-cuerpo-humano-ca","29":"product_tag-juegos-aprender-es-divertido-ca","30":"product_tag-juegos-aprender-jugando-ca","31":"product_tag-juegos-cuerpo-humano-ca","32":"product_tag-juegos-educa-ca","33":"product_tag-juegos-educativos-ca","34":"product_tag-juegos-educativos-cuerpo-humano-ca","35":"product_tag-juegos-infantiles-ca","36":"product_tag-juegos-infantiles-cuerpo-humano-ca","37":"product_tag-juegos-infantiles-educa-ca","38":"product_tag-juegos-para-aprender-el-cuerpo-humano-ca","39":"product_tag-organos-ca","40":"product_tag-organs-ca","41":"product_tag-ossos-ca","42":"product_tag-partes-del-cuerpo-ca","43":"product_tag-parts-del-cos-ca","45":"first","46":"instock","47":"shipping-taxable","48":"product-type-simple"},"acf":[],"yoast_head":"<!-- This site is optimized with the Yoast SEO plugin v27.1.1 - https:\/\/yoast.com\/product\/yoast-seo-wordpress\/ -->\n<title>Aprender es Divertido El cuerpo humano - Educa Borras<\/title>\n<meta name=\"robots\" content=\"index, follow, max-snippet:-1, max-image-preview:large, max-video-preview:-1\" \/>\n<link rel=\"canonical\" href=\"https:\/\/www.educaborras.com\/ca\/producte\/18701-ca\/\" \/>\n<script type=\"application\/ld+json\" class=\"yoast-schema-graph\">{\"@context\":\"https:\/\/schema.org\",\"@graph\":[{\"@type\":\"WebPage\",\"@id\":\"https:\/\/www.educaborras.com\/ca\/producte\/18701-ca\/\",\"url\":\"https:\/\/www.educaborras.com\/ca\/producte\/18701-ca\/\",\"name\":\"Aprender es Divertido El cuerpo humano - Educa Borras\",\"isPartOf\":{\"@id\":\"https:\/\/www.educaborras.com\/ca\/#website\"},\"primaryImageOfPage\":{\"@id\":\"https:\/\/www.educaborras.com\/ca\/producte\/18701-ca\/#primaryimage\"},\"image\":{\"@id\":\"https:\/\/www.educaborras.com\/ca\/producte\/18701-ca\/#primaryimage\"},\"thumbnailUrl\":\"https:\/\/www.educaborras.com\/wp-content\/uploads\/18701_01_med-10.jpg\",\"datePublished\":\"2025-06-05T09:02:43+00:00\",\"dateModified\":\"2026-04-30T01:06:37+00:00\",\"breadcrumb\":{\"@id\":\"https:\/\/www.educaborras.com\/ca\/producte\/18701-ca\/#breadcrumb\"},\"inLanguage\":\"ca\",\"potentialAction\":[{\"@type\":\"ReadAction\",\"target\":[\"https:\/\/www.educaborras.com\/ca\/producte\/18701-ca\/\"]}]},{\"@type\":\"ImageObject\",\"inLanguage\":\"ca\",\"@id\":\"https:\/\/www.educaborras.com\/ca\/producte\/18701-ca\/#primaryimage\",\"url\":\"https:\/\/www.educaborras.com\/wp-content\/uploads\/18701_01_med-10.jpg\",\"contentUrl\":\"https:\/\/www.educaborras.com\/wp-content\/uploads\/18701_01_med-10.jpg\"},{\"@type\":\"BreadcrumbList\",\"@id\":\"https:\/\/www.educaborras.com\/ca\/producte\/18701-ca\/#breadcrumb\",\"itemListElement\":[{\"@type\":\"ListItem\",\"position\":1,\"name\":\"Portada\",\"item\":\"https:\/\/www.educaborras.com\/ca\/\"},{\"@type\":\"ListItem\",\"position\":2,\"name\":\"Productes\",\"item\":\"https:\/\/www.educaborras.com\/ca\/shop\/\"},{\"@type\":\"ListItem\",\"position\":3,\"name\":\"Aprender es Divertido El cuerpo humano\"}]},{\"@type\":\"WebSite\",\"@id\":\"https:\/\/www.educaborras.com\/ca\/#website\",\"url\":\"https:\/\/www.educaborras.com\/ca\/\",\"name\":\"Educa Borras\",\"description\":\"\",\"publisher\":{\"@id\":\"https:\/\/www.educaborras.com\/ca\/#organization\"},\"potentialAction\":[{\"@type\":\"SearchAction\",\"target\":{\"@type\":\"EntryPoint\",\"urlTemplate\":\"https:\/\/www.educaborras.com\/ca\/?s={search_term_string}\"},\"query-input\":{\"@type\":\"PropertyValueSpecification\",\"valueRequired\":true,\"valueName\":\"search_term_string\"}}],\"inLanguage\":\"ca\"},{\"@type\":\"Organization\",\"@id\":\"https:\/\/www.educaborras.com\/ca\/#organization\",\"name\":\"Educa Borras\",\"url\":\"https:\/\/www.educaborras.com\/ca\/\",\"logo\":{\"@type\":\"ImageObject\",\"inLanguage\":\"ca\",\"@id\":\"https:\/\/www.educaborras.com\/ca\/#\/schema\/logo\/image\/\",\"url\":\"https:\/\/www.educaborras.com\/wp-content\/uploads\/cropped-LOGOS-EDUCA-BORRAS_retina.png\",\"contentUrl\":\"https:\/\/www.educaborras.com\/wp-content\/uploads\/cropped-LOGOS-EDUCA-BORRAS_retina.png\",\"caption\":\"Educa Borras\"},\"image\":{\"@id\":\"https:\/\/www.educaborras.com\/ca\/#\/schema\/logo\/image\/\"}}]}<\/script>\n<!-- \/ Yoast SEO plugin. -->","yoast_head_json":{"title":"Aprender es Divertido El cuerpo humano - Educa Borras","robots":{"index":"index","follow":"follow","max-snippet":"max-snippet:-1","max-image-preview":"max-image-preview:large","max-video-preview":"max-video-preview:-1"},"canonical":"https:\/\/www.educaborras.com\/ca\/producte\/18701-ca\/","schema":{"@context":"https:\/\/schema.org","@graph":[{"@type":"WebPage","@id":"https:\/\/www.educaborras.com\/ca\/producte\/18701-ca\/","url":"https:\/\/www.educaborras.com\/ca\/producte\/18701-ca\/","name":"Aprender es Divertido El cuerpo humano - Educa Borras","isPartOf":{"@id":"https:\/\/www.educaborras.com\/ca\/#website"},"primaryImageOfPage":{"@id":"https:\/\/www.educaborras.com\/ca\/producte\/18701-ca\/#primaryimage"},"image":{"@id":"https:\/\/www.educaborras.com\/ca\/producte\/18701-ca\/#primaryimage"},"thumbnailUrl":"https:\/\/www.educaborras.com\/wp-content\/uploads\/18701_01_med-10.jpg","datePublished":"2025-06-05T09:02:43+00:00","dateModified":"2026-04-30T01:06:37+00:00","breadcrumb":{"@id":"https:\/\/www.educaborras.com\/ca\/producte\/18701-ca\/#breadcrumb"},"inLanguage":"ca","potentialAction":[{"@type":"ReadAction","target":["https:\/\/www.educaborras.com\/ca\/producte\/18701-ca\/"]}]},{"@type":"ImageObject","inLanguage":"ca","@id":"https:\/\/www.educaborras.com\/ca\/producte\/18701-ca\/#primaryimage","url":"https:\/\/www.educaborras.com\/wp-content\/uploads\/18701_01_med-10.jpg","contentUrl":"https:\/\/www.educaborras.com\/wp-content\/uploads\/18701_01_med-10.jpg"},{"@type":"BreadcrumbList","@id":"https:\/\/www.educaborras.com\/ca\/producte\/18701-ca\/#breadcrumb","itemListElement":[{"@type":"ListItem","position":1,"name":"Portada","item":"https:\/\/www.educaborras.com\/ca\/"},{"@type":"ListItem","position":2,"name":"Productes","item":"https:\/\/www.educaborras.com\/ca\/shop\/"},{"@type":"ListItem","position":3,"name":"Aprender es Divertido El cuerpo humano"}]},{"@type":"WebSite","@id":"https:\/\/www.educaborras.com\/ca\/#website","url":"https:\/\/www.educaborras.com\/ca\/","name":"Educa Borras","description":"","publisher":{"@id":"https:\/\/www.educaborras.com\/ca\/#organization"},"potentialAction":[{"@type":"SearchAction","target":{"@type":"EntryPoint","urlTemplate":"https:\/\/www.educaborras.com\/ca\/?s={search_term_string}"},"query-input":{"@type":"PropertyValueSpecification","valueRequired":true,"valueName":"search_term_string"}}],"inLanguage":"ca"},{"@type":"Organization","@id":"https:\/\/www.educaborras.com\/ca\/#organization","name":"Educa Borras","url":"https:\/\/www.educaborras.com\/ca\/","logo":{"@type":"ImageObject","inLanguage":"ca","@id":"https:\/\/www.educaborras.com\/ca\/#\/schema\/logo\/image\/","url":"https:\/\/www.educaborras.com\/wp-content\/uploads\/cropped-LOGOS-EDUCA-BORRAS_retina.png","contentUrl":"https:\/\/www.educaborras.com\/wp-content\/uploads\/cropped-LOGOS-EDUCA-BORRAS_retina.png","caption":"Educa Borras"},"image":{"@id":"https:\/\/www.educaborras.com\/ca\/#\/schema\/logo\/image\/"}}]}},"_links":{"self":[{"href":"https:\/\/www.educaborras.com\/ca\/wp-json\/wp\/v2\/product\/251239","targetHints":{"allow":["GET"]}}],"collection":[{"href":"https:\/\/www.educaborras.com\/ca\/wp-json\/wp\/v2\/product"}],"about":[{"href":"https:\/\/www.educaborras.com\/ca\/wp-json\/wp\/v2\/types\/product"}],"wp:featuredmedia":[{"embeddable":true,"href":"https:\/\/www.educaborras.com\/ca\/wp-json\/wp\/v2\/media\/161213"}],"wp:attachment":[{"href":"https:\/\/www.educaborras.com\/ca\/wp-json\/wp\/v2\/media?parent=251239"}],"wp:term":[{"taxonomy":"product_brand","embeddable":true,"href":"https:\/\/www.educaborras.com\/ca\/wp-json\/wp\/v2\/product_brand?post=251239"},{"taxonomy":"product_cat","embeddable":true,"href":"https:\/\/www.educaborras.com\/ca\/wp-json\/wp\/v2\/product_cat?post=251239"},{"taxonomy":"product_tag","embeddable":true,"href":"https:\/\/www.educaborras.com\/ca\/wp-json\/wp\/v2\/product_tag?post=251239"}],"curies":[{"name":"wp","href":"https:\/\/api.w.org\/{rel}","templated":true}]}}