{"id":251215,"date":"2025-06-05T11:03:02","date_gmt":"2025-06-05T09:03:02","guid":{"rendered":"https:\/\/www.educaborras.com\/product\/20111\/"},"modified":"2026-04-18T03:21:35","modified_gmt":"2026-04-18T01:21:35","slug":"20111-ca","status":"publish","type":"product","link":"https:\/\/www.educaborras.com\/ca\/producte\/20111-ca\/","title":{"rendered":"El \u00e1rbol de las letras"},"content":{"rendered":"<p>Amb aquest joc tan divertit podran iniciar-se en el reconeixement de les lletres i el seu \u00fas per formar paraules. Buscant lletres a l&#8217;arbre, els m\u00e9s petits intentaran ser els primers en aconseguir les necess\u00e0ries per formar les paraules de les seves targetes. Contingut: 1 arbre de cartr\u00f3 en 3D (4 peces), 86 pomes de cartr\u00f3, 48 targetes de paraules, instruccions. &#8220;Aprender es Divertido&#8221; \u00e9s una col\u00b7lecci\u00f3 de jocs especialment creada per a acompanyar a l&#8217;infant en el seu proc\u00e9s de creixement i aprenentatge, potenciant el desenvolupament de les seves capacitats, habilitats i personalitat.<\/p>\n","protected":false},"excerpt":{"rendered":"<p>Forma paraules lletra a lletra amb un original sistema de joc.<\/p>\n","protected":false},"featured_media":118246,"template":"","meta":{"_acf_changed":false},"product_brand":[],"product_cat":[73215,73214],"product_tag":[97990,97991,80609,75731,93027,93200,92943,93201,93202,74160,77218,93032,92947,93203,93204,93205,93148,93033,93149,93206,93034,93207,93208,93038,93039,93150,93042,93151,93043,93152,93209,93153,93210,93211,93212,93213,93154,93155,93045,93046,93214,93215,93049,92956,93156,82230,93216,93052,93157,93158,93217,93218,93219,75741,93220,93159,93221,78021,93222,93223,93054,93055],"class_list":{"0":"post-251215","1":"product","2":"type-product","3":"status-publish","4":"has-post-thumbnail","6":"product_cat-aprendre-es-divertit","7":"product_cat-jocs-educatius","8":"product_tag-20111-ca","9":"product_tag-2024-ca","10":"product_tag-abecedari-ca","11":"product_tag-abecedario-ca","12":"product_tag-aprender-es-divertido-ca","13":"product_tag-aprendo-mis-primeras-palabras-ca","14":"product_tag-asociar-ca","15":"product_tag-associar-ca","16":"product_tag-deletrear-ca","17":"product_tag-educa-ca","18":"product_tag-educaborras-ca","19":"product_tag-educatius-ca","20":"product_tag-educativos-ca","21":"product_tag-grafia-ca","22":"product_tag-joc-arbre-de-les-lletres-ca","23":"product_tag-joc-primeres-paraules-ca","24":"product_tag-jocs-abecedari-ca","25":"product_tag-jocs-aprender-es-divertido-ca","26":"product_tag-jocs-aprendre-abecedari-ca","27":"product_tag-jocs-aprendre-es-divertit-ca","28":"product_tag-jocs-aprendre-jugant-ca","29":"product_tag-jocs-aprendre-paraules-ca","30":"product_tag-jocs-construir-paraules-ca","31":"product_tag-jocs-educa-ca","32":"product_tag-jocs-educatius-ca","33":"product_tag-jocs-educatius-lletres-ca","34":"product_tag-jocs-infantils-ca","35":"product_tag-jocs-infantils-de-lletres-ca","36":"product_tag-jocs-infantils-educa-ca","37":"product_tag-jocs-infantils-lletres-ca","38":"product_tag-jocs-lletrejar-ca","39":"product_tag-jocs-lletres-ca","40":"product_tag-jocs-nens-ca","41":"product_tag-jocs-per-aprendre-a-escriure-ca","42":"product_tag-jocs-per-aprendre-a-llegir-ca","43":"product_tag-juego-arbol-de-las-letras-ca","44":"product_tag-juegos-abecedario-ca","45":"product_tag-juegos-aprender-abecedario-ca","46":"product_tag-juegos-aprender-es-divertido-ca","47":"product_tag-juegos-aprender-jugando-ca","48":"product_tag-juegos-construir-palabras-ca","49":"product_tag-juegos-deletrear-ca","50":"product_tag-juegos-educa-ca","51":"product_tag-juegos-educativos-ca","52":"product_tag-juegos-educativos-letras-ca","53":"product_tag-juegos-infantiles-ca","54":"product_tag-juegos-infantiles-de-letras-ca","55":"product_tag-juegos-infantiles-educa-ca","56":"product_tag-juegos-infantiles-letras-ca","57":"product_tag-juegos-letras-ca","58":"product_tag-juegos-ninos-ca","59":"product_tag-juegos-para-aprender-a-escribir-ca","60":"product_tag-juegos-para-aprender-a-leer-ca","61":"product_tag-letras-ca","62":"product_tag-lletrejar-ca","63":"product_tag-lletres-ca","64":"product_tag-mis-primeras-palabras-ca","65":"product_tag-palabras-ca","66":"product_tag-paraules-ca","67":"product_tag-primeres-paraules-ca","68":"product_tag-vocabulari-ca","69":"product_tag-vocabulario-ca","71":"first","72":"instock","73":"shipping-taxable","74":"product-type-simple"},"acf":[],"yoast_head":"<!-- This site is optimized with the Yoast SEO plugin v27.1.1 - https:\/\/yoast.com\/product\/yoast-seo-wordpress\/ -->\n<title>El \u00e1rbol de las letras - Educa Borras<\/title>\n<meta name=\"description\" content=\"Forma palabras letra a letra con un original sistema de juego.\" \/>\n<meta name=\"robots\" content=\"index, follow, max-snippet:-1, max-image-preview:large, max-video-preview:-1\" \/>\n<link rel=\"canonical\" href=\"https:\/\/www.educaborras.com\/ca\/producte\/20111-ca\/\" \/>\n<script type=\"application\/ld+json\" class=\"yoast-schema-graph\">{\"@context\":\"https:\/\/schema.org\",\"@graph\":[{\"@type\":\"WebPage\",\"@id\":\"https:\/\/www.educaborras.com\/ca\/producte\/20111-ca\/\",\"url\":\"https:\/\/www.educaborras.com\/ca\/producte\/20111-ca\/\",\"name\":\"El \u00e1rbol de las letras - Educa Borras\",\"isPartOf\":{\"@id\":\"https:\/\/www.educaborras.com\/ca\/#website\"},\"primaryImageOfPage\":{\"@id\":\"https:\/\/www.educaborras.com\/ca\/producte\/20111-ca\/#primaryimage\"},\"image\":{\"@id\":\"https:\/\/www.educaborras.com\/ca\/producte\/20111-ca\/#primaryimage\"},\"thumbnailUrl\":\"https:\/\/www.educaborras.com\/wp-content\/uploads\/20111_01_high.jpg\",\"datePublished\":\"2025-06-05T09:03:02+00:00\",\"dateModified\":\"2026-04-18T01:21:35+00:00\",\"description\":\"Forma palabras letra a letra con un original sistema de juego.\",\"breadcrumb\":{\"@id\":\"https:\/\/www.educaborras.com\/ca\/producte\/20111-ca\/#breadcrumb\"},\"inLanguage\":\"ca\",\"potentialAction\":[{\"@type\":\"ReadAction\",\"target\":[\"https:\/\/www.educaborras.com\/ca\/producte\/20111-ca\/\"]}]},{\"@type\":\"ImageObject\",\"inLanguage\":\"ca\",\"@id\":\"https:\/\/www.educaborras.com\/ca\/producte\/20111-ca\/#primaryimage\",\"url\":\"https:\/\/www.educaborras.com\/wp-content\/uploads\/20111_01_high.jpg\",\"contentUrl\":\"https:\/\/www.educaborras.com\/wp-content\/uploads\/20111_01_high.jpg\",\"width\":2400,\"height\":2400,\"caption\":\"El \u00e1rbol de las letras\"},{\"@type\":\"BreadcrumbList\",\"@id\":\"https:\/\/www.educaborras.com\/ca\/producte\/20111-ca\/#breadcrumb\",\"itemListElement\":[{\"@type\":\"ListItem\",\"position\":1,\"name\":\"Portada\",\"item\":\"https:\/\/www.educaborras.com\/ca\/\"},{\"@type\":\"ListItem\",\"position\":2,\"name\":\"Productes\",\"item\":\"https:\/\/www.educaborras.com\/ca\/shop\/\"},{\"@type\":\"ListItem\",\"position\":3,\"name\":\"El \u00e1rbol de las letras\"}]},{\"@type\":\"WebSite\",\"@id\":\"https:\/\/www.educaborras.com\/ca\/#website\",\"url\":\"https:\/\/www.educaborras.com\/ca\/\",\"name\":\"Educa Borras\",\"description\":\"\",\"publisher\":{\"@id\":\"https:\/\/www.educaborras.com\/ca\/#organization\"},\"potentialAction\":[{\"@type\":\"SearchAction\",\"target\":{\"@type\":\"EntryPoint\",\"urlTemplate\":\"https:\/\/www.educaborras.com\/ca\/?s={search_term_string}\"},\"query-input\":{\"@type\":\"PropertyValueSpecification\",\"valueRequired\":true,\"valueName\":\"search_term_string\"}}],\"inLanguage\":\"ca\"},{\"@type\":\"Organization\",\"@id\":\"https:\/\/www.educaborras.com\/ca\/#organization\",\"name\":\"Educa Borras\",\"url\":\"https:\/\/www.educaborras.com\/ca\/\",\"logo\":{\"@type\":\"ImageObject\",\"inLanguage\":\"ca\",\"@id\":\"https:\/\/www.educaborras.com\/ca\/#\/schema\/logo\/image\/\",\"url\":\"https:\/\/www.educaborras.com\/wp-content\/uploads\/cropped-LOGOS-EDUCA-BORRAS_retina.png\",\"contentUrl\":\"https:\/\/www.educaborras.com\/wp-content\/uploads\/cropped-LOGOS-EDUCA-BORRAS_retina.png\",\"caption\":\"Educa Borras\"},\"image\":{\"@id\":\"https:\/\/www.educaborras.com\/ca\/#\/schema\/logo\/image\/\"}}]}<\/script>\n<!-- \/ Yoast SEO plugin. -->","yoast_head_json":{"title":"El \u00e1rbol de las letras - Educa Borras","description":"Forma palabras letra a letra con un original sistema de juego.","robots":{"index":"index","follow":"follow","max-snippet":"max-snippet:-1","max-image-preview":"max-image-preview:large","max-video-preview":"max-video-preview:-1"},"canonical":"https:\/\/www.educaborras.com\/ca\/producte\/20111-ca\/","schema":{"@context":"https:\/\/schema.org","@graph":[{"@type":"WebPage","@id":"https:\/\/www.educaborras.com\/ca\/producte\/20111-ca\/","url":"https:\/\/www.educaborras.com\/ca\/producte\/20111-ca\/","name":"El \u00e1rbol de las letras - Educa Borras","isPartOf":{"@id":"https:\/\/www.educaborras.com\/ca\/#website"},"primaryImageOfPage":{"@id":"https:\/\/www.educaborras.com\/ca\/producte\/20111-ca\/#primaryimage"},"image":{"@id":"https:\/\/www.educaborras.com\/ca\/producte\/20111-ca\/#primaryimage"},"thumbnailUrl":"https:\/\/www.educaborras.com\/wp-content\/uploads\/20111_01_high.jpg","datePublished":"2025-06-05T09:03:02+00:00","dateModified":"2026-04-18T01:21:35+00:00","description":"Forma palabras letra a letra con un original sistema de juego.","breadcrumb":{"@id":"https:\/\/www.educaborras.com\/ca\/producte\/20111-ca\/#breadcrumb"},"inLanguage":"ca","potentialAction":[{"@type":"ReadAction","target":["https:\/\/www.educaborras.com\/ca\/producte\/20111-ca\/"]}]},{"@type":"ImageObject","inLanguage":"ca","@id":"https:\/\/www.educaborras.com\/ca\/producte\/20111-ca\/#primaryimage","url":"https:\/\/www.educaborras.com\/wp-content\/uploads\/20111_01_high.jpg","contentUrl":"https:\/\/www.educaborras.com\/wp-content\/uploads\/20111_01_high.jpg","width":2400,"height":2400,"caption":"El \u00e1rbol de las letras"},{"@type":"BreadcrumbList","@id":"https:\/\/www.educaborras.com\/ca\/producte\/20111-ca\/#breadcrumb","itemListElement":[{"@type":"ListItem","position":1,"name":"Portada","item":"https:\/\/www.educaborras.com\/ca\/"},{"@type":"ListItem","position":2,"name":"Productes","item":"https:\/\/www.educaborras.com\/ca\/shop\/"},{"@type":"ListItem","position":3,"name":"El \u00e1rbol de las letras"}]},{"@type":"WebSite","@id":"https:\/\/www.educaborras.com\/ca\/#website","url":"https:\/\/www.educaborras.com\/ca\/","name":"Educa Borras","description":"","publisher":{"@id":"https:\/\/www.educaborras.com\/ca\/#organization"},"potentialAction":[{"@type":"SearchAction","target":{"@type":"EntryPoint","urlTemplate":"https:\/\/www.educaborras.com\/ca\/?s={search_term_string}"},"query-input":{"@type":"PropertyValueSpecification","valueRequired":true,"valueName":"search_term_string"}}],"inLanguage":"ca"},{"@type":"Organization","@id":"https:\/\/www.educaborras.com\/ca\/#organization","name":"Educa Borras","url":"https:\/\/www.educaborras.com\/ca\/","logo":{"@type":"ImageObject","inLanguage":"ca","@id":"https:\/\/www.educaborras.com\/ca\/#\/schema\/logo\/image\/","url":"https:\/\/www.educaborras.com\/wp-content\/uploads\/cropped-LOGOS-EDUCA-BORRAS_retina.png","contentUrl":"https:\/\/www.educaborras.com\/wp-content\/uploads\/cropped-LOGOS-EDUCA-BORRAS_retina.png","caption":"Educa Borras"},"image":{"@id":"https:\/\/www.educaborras.com\/ca\/#\/schema\/logo\/image\/"}}]}},"_links":{"self":[{"href":"https:\/\/www.educaborras.com\/ca\/wp-json\/wp\/v2\/product\/251215","targetHints":{"allow":["GET"]}}],"collection":[{"href":"https:\/\/www.educaborras.com\/ca\/wp-json\/wp\/v2\/product"}],"about":[{"href":"https:\/\/www.educaborras.com\/ca\/wp-json\/wp\/v2\/types\/product"}],"wp:featuredmedia":[{"embeddable":true,"href":"https:\/\/www.educaborras.com\/ca\/wp-json\/wp\/v2\/media\/118246"}],"wp:attachment":[{"href":"https:\/\/www.educaborras.com\/ca\/wp-json\/wp\/v2\/media?parent=251215"}],"wp:term":[{"taxonomy":"product_brand","embeddable":true,"href":"https:\/\/www.educaborras.com\/ca\/wp-json\/wp\/v2\/product_brand?post=251215"},{"taxonomy":"product_cat","embeddable":true,"href":"https:\/\/www.educaborras.com\/ca\/wp-json\/wp\/v2\/product_cat?post=251215"},{"taxonomy":"product_tag","embeddable":true,"href":"https:\/\/www.educaborras.com\/ca\/wp-json\/wp\/v2\/product_tag?post=251215"}],"curies":[{"name":"wp","href":"https:\/\/api.w.org\/{rel}","templated":true}]}}