{"id":251199,"date":"2025-06-05T11:03:08","date_gmt":"2025-06-05T09:03:08","guid":{"rendered":"https:\/\/www.educaborras.com\/product\/16037\/"},"modified":"2026-04-18T03:26:34","modified_gmt":"2026-04-18T01:26:34","slug":"16037-ca","status":"publish","type":"product","link":"https:\/\/www.educaborras.com\/ca\/producte\/16037-ca\/","title":{"rendered":"D\u00f2mino fusta Minnie + Mickey"},"content":{"rendered":"<p>El Joc tradicional amb peces grans i de fusta resistent, especials per a les mans m\u00e9s petites. Hores i hores de joc amb els personatges m\u00e9s estimats pels menuts. \u00a9Disney<\/p>\n","protected":false},"excerpt":{"rendered":"<p>El Joc tradicional amb peces grans i de fusta resistent, especials per a les mans m\u00e9s petites. Hores i hores de joc amb els personatges m\u00e9s estimats pels menuts. \u00a9Disney<\/p>\n","protected":false},"featured_media":161373,"template":"","meta":{"_acf_changed":false},"product_brand":[],"product_cat":[73217,73214],"product_tag":[76953,74405,76954,76955,84629,76957,76958,76959,76960,76961,74586,74587,76962],"class_list":{"0":"post-251199","1":"product","2":"type-product","3":"status-publish","4":"has-post-thumbnail","6":"product_cat-educatius-de-personatges","7":"product_cat-jocs-educatius","8":"product_tag-16037-ca","9":"product_tag-disney-ca","10":"product_tag-disney-wooden-domino-mickey-minnie-ca","11":"product_tag-domino-ca","12":"product_tag-domino-en-bois-ca","13":"product_tag-domino-fusta-minnie-mickey-ca","14":"product_tag-domino-madeira-mickey-minnie-ca","15":"product_tag-fusta-ca","16":"product_tag-madeiradomino-madera-minnie-mickey-ca","17":"product_tag-madera-ca","18":"product_tag-mickey-ca","19":"product_tag-minnie-ca","20":"product_tag-minnie-mickey-ca","22":"first","23":"instock","24":"shipping-taxable","25":"product-type-simple"},"acf":[],"yoast_head":"<!-- This site is optimized with the Yoast SEO plugin v27.1.1 - https:\/\/yoast.com\/product\/yoast-seo-wordpress\/ -->\n<title>D\u00f2mino fusta Minnie + Mickey - Educa Borras<\/title>\n<meta name=\"description\" content=\"El Domin\u00f3 es un juego que ayuda a estimular en los m\u00e1s peque\u00f1os su capacidad de atenci\u00f3n y de pensamiento l\u00f3gico. Educa ha adaptado el tradicional juego de mesa a los peques.\" \/>\n<meta name=\"robots\" content=\"index, follow, max-snippet:-1, max-image-preview:large, max-video-preview:-1\" \/>\n<link rel=\"canonical\" href=\"https:\/\/www.educaborras.com\/ca\/producte\/16037-ca\/\" \/>\n<script type=\"application\/ld+json\" class=\"yoast-schema-graph\">{\"@context\":\"https:\/\/schema.org\",\"@graph\":[{\"@type\":\"WebPage\",\"@id\":\"https:\/\/www.educaborras.com\/ca\/producte\/16037-ca\/\",\"url\":\"https:\/\/www.educaborras.com\/ca\/producte\/16037-ca\/\",\"name\":\"D\u00f2mino fusta Minnie + Mickey - Educa Borras\",\"isPartOf\":{\"@id\":\"https:\/\/www.educaborras.com\/ca\/#website\"},\"primaryImageOfPage\":{\"@id\":\"https:\/\/www.educaborras.com\/ca\/producte\/16037-ca\/#primaryimage\"},\"image\":{\"@id\":\"https:\/\/www.educaborras.com\/ca\/producte\/16037-ca\/#primaryimage\"},\"thumbnailUrl\":\"https:\/\/www.educaborras.com\/wp-content\/uploads\/16037_01_med-16.jpg\",\"datePublished\":\"2025-06-05T09:03:08+00:00\",\"dateModified\":\"2026-04-18T01:26:34+00:00\",\"description\":\"El Domin\u00f3 es un juego que ayuda a estimular en los m\u00e1s peque\u00f1os su capacidad de atenci\u00f3n y de pensamiento l\u00f3gico. Educa ha adaptado el tradicional juego de mesa a los peques.\",\"breadcrumb\":{\"@id\":\"https:\/\/www.educaborras.com\/ca\/producte\/16037-ca\/#breadcrumb\"},\"inLanguage\":\"ca\",\"potentialAction\":[{\"@type\":\"ReadAction\",\"target\":[\"https:\/\/www.educaborras.com\/ca\/producte\/16037-ca\/\"]}]},{\"@type\":\"ImageObject\",\"inLanguage\":\"ca\",\"@id\":\"https:\/\/www.educaborras.com\/ca\/producte\/16037-ca\/#primaryimage\",\"url\":\"https:\/\/www.educaborras.com\/wp-content\/uploads\/16037_01_med-16.jpg\",\"contentUrl\":\"https:\/\/www.educaborras.com\/wp-content\/uploads\/16037_01_med-16.jpg\"},{\"@type\":\"BreadcrumbList\",\"@id\":\"https:\/\/www.educaborras.com\/ca\/producte\/16037-ca\/#breadcrumb\",\"itemListElement\":[{\"@type\":\"ListItem\",\"position\":1,\"name\":\"Portada\",\"item\":\"https:\/\/www.educaborras.com\/ca\/\"},{\"@type\":\"ListItem\",\"position\":2,\"name\":\"Productes\",\"item\":\"https:\/\/www.educaborras.com\/ca\/shop\/\"},{\"@type\":\"ListItem\",\"position\":3,\"name\":\"D\u00f2mino fusta Minnie + Mickey\"}]},{\"@type\":\"WebSite\",\"@id\":\"https:\/\/www.educaborras.com\/ca\/#website\",\"url\":\"https:\/\/www.educaborras.com\/ca\/\",\"name\":\"Educa Borras\",\"description\":\"\",\"publisher\":{\"@id\":\"https:\/\/www.educaborras.com\/ca\/#organization\"},\"potentialAction\":[{\"@type\":\"SearchAction\",\"target\":{\"@type\":\"EntryPoint\",\"urlTemplate\":\"https:\/\/www.educaborras.com\/ca\/?s={search_term_string}\"},\"query-input\":{\"@type\":\"PropertyValueSpecification\",\"valueRequired\":true,\"valueName\":\"search_term_string\"}}],\"inLanguage\":\"ca\"},{\"@type\":\"Organization\",\"@id\":\"https:\/\/www.educaborras.com\/ca\/#organization\",\"name\":\"Educa Borras\",\"url\":\"https:\/\/www.educaborras.com\/ca\/\",\"logo\":{\"@type\":\"ImageObject\",\"inLanguage\":\"ca\",\"@id\":\"https:\/\/www.educaborras.com\/ca\/#\/schema\/logo\/image\/\",\"url\":\"https:\/\/www.educaborras.com\/wp-content\/uploads\/cropped-LOGOS-EDUCA-BORRAS_retina.png\",\"contentUrl\":\"https:\/\/www.educaborras.com\/wp-content\/uploads\/cropped-LOGOS-EDUCA-BORRAS_retina.png\",\"caption\":\"Educa Borras\"},\"image\":{\"@id\":\"https:\/\/www.educaborras.com\/ca\/#\/schema\/logo\/image\/\"}}]}<\/script>\n<!-- \/ Yoast SEO plugin. -->","yoast_head_json":{"title":"D\u00f2mino fusta Minnie + Mickey - Educa Borras","description":"El Domin\u00f3 es un juego que ayuda a estimular en los m\u00e1s peque\u00f1os su capacidad de atenci\u00f3n y de pensamiento l\u00f3gico. Educa ha adaptado el tradicional juego de mesa a los peques.","robots":{"index":"index","follow":"follow","max-snippet":"max-snippet:-1","max-image-preview":"max-image-preview:large","max-video-preview":"max-video-preview:-1"},"canonical":"https:\/\/www.educaborras.com\/ca\/producte\/16037-ca\/","schema":{"@context":"https:\/\/schema.org","@graph":[{"@type":"WebPage","@id":"https:\/\/www.educaborras.com\/ca\/producte\/16037-ca\/","url":"https:\/\/www.educaborras.com\/ca\/producte\/16037-ca\/","name":"D\u00f2mino fusta Minnie + Mickey - Educa Borras","isPartOf":{"@id":"https:\/\/www.educaborras.com\/ca\/#website"},"primaryImageOfPage":{"@id":"https:\/\/www.educaborras.com\/ca\/producte\/16037-ca\/#primaryimage"},"image":{"@id":"https:\/\/www.educaborras.com\/ca\/producte\/16037-ca\/#primaryimage"},"thumbnailUrl":"https:\/\/www.educaborras.com\/wp-content\/uploads\/16037_01_med-16.jpg","datePublished":"2025-06-05T09:03:08+00:00","dateModified":"2026-04-18T01:26:34+00:00","description":"El Domin\u00f3 es un juego que ayuda a estimular en los m\u00e1s peque\u00f1os su capacidad de atenci\u00f3n y de pensamiento l\u00f3gico. Educa ha adaptado el tradicional juego de mesa a los peques.","breadcrumb":{"@id":"https:\/\/www.educaborras.com\/ca\/producte\/16037-ca\/#breadcrumb"},"inLanguage":"ca","potentialAction":[{"@type":"ReadAction","target":["https:\/\/www.educaborras.com\/ca\/producte\/16037-ca\/"]}]},{"@type":"ImageObject","inLanguage":"ca","@id":"https:\/\/www.educaborras.com\/ca\/producte\/16037-ca\/#primaryimage","url":"https:\/\/www.educaborras.com\/wp-content\/uploads\/16037_01_med-16.jpg","contentUrl":"https:\/\/www.educaborras.com\/wp-content\/uploads\/16037_01_med-16.jpg"},{"@type":"BreadcrumbList","@id":"https:\/\/www.educaborras.com\/ca\/producte\/16037-ca\/#breadcrumb","itemListElement":[{"@type":"ListItem","position":1,"name":"Portada","item":"https:\/\/www.educaborras.com\/ca\/"},{"@type":"ListItem","position":2,"name":"Productes","item":"https:\/\/www.educaborras.com\/ca\/shop\/"},{"@type":"ListItem","position":3,"name":"D\u00f2mino fusta Minnie + Mickey"}]},{"@type":"WebSite","@id":"https:\/\/www.educaborras.com\/ca\/#website","url":"https:\/\/www.educaborras.com\/ca\/","name":"Educa Borras","description":"","publisher":{"@id":"https:\/\/www.educaborras.com\/ca\/#organization"},"potentialAction":[{"@type":"SearchAction","target":{"@type":"EntryPoint","urlTemplate":"https:\/\/www.educaborras.com\/ca\/?s={search_term_string}"},"query-input":{"@type":"PropertyValueSpecification","valueRequired":true,"valueName":"search_term_string"}}],"inLanguage":"ca"},{"@type":"Organization","@id":"https:\/\/www.educaborras.com\/ca\/#organization","name":"Educa Borras","url":"https:\/\/www.educaborras.com\/ca\/","logo":{"@type":"ImageObject","inLanguage":"ca","@id":"https:\/\/www.educaborras.com\/ca\/#\/schema\/logo\/image\/","url":"https:\/\/www.educaborras.com\/wp-content\/uploads\/cropped-LOGOS-EDUCA-BORRAS_retina.png","contentUrl":"https:\/\/www.educaborras.com\/wp-content\/uploads\/cropped-LOGOS-EDUCA-BORRAS_retina.png","caption":"Educa Borras"},"image":{"@id":"https:\/\/www.educaborras.com\/ca\/#\/schema\/logo\/image\/"}}]}},"_links":{"self":[{"href":"https:\/\/www.educaborras.com\/ca\/wp-json\/wp\/v2\/product\/251199","targetHints":{"allow":["GET"]}}],"collection":[{"href":"https:\/\/www.educaborras.com\/ca\/wp-json\/wp\/v2\/product"}],"about":[{"href":"https:\/\/www.educaborras.com\/ca\/wp-json\/wp\/v2\/types\/product"}],"wp:featuredmedia":[{"embeddable":true,"href":"https:\/\/www.educaborras.com\/ca\/wp-json\/wp\/v2\/media\/161373"}],"wp:attachment":[{"href":"https:\/\/www.educaborras.com\/ca\/wp-json\/wp\/v2\/media?parent=251199"}],"wp:term":[{"taxonomy":"product_brand","embeddable":true,"href":"https:\/\/www.educaborras.com\/ca\/wp-json\/wp\/v2\/product_brand?post=251199"},{"taxonomy":"product_cat","embeddable":true,"href":"https:\/\/www.educaborras.com\/ca\/wp-json\/wp\/v2\/product_cat?post=251199"},{"taxonomy":"product_tag","embeddable":true,"href":"https:\/\/www.educaborras.com\/ca\/wp-json\/wp\/v2\/product_tag?post=251199"}],"curies":[{"name":"wp","href":"https:\/\/api.w.org\/{rel}","templated":true}]}}