{"id":251187,"date":"2025-06-05T11:03:13","date_gmt":"2025-06-05T09:03:13","guid":{"rendered":"https:\/\/www.educaborras.com\/product\/17249\/"},"modified":"2026-04-18T03:30:05","modified_gmt":"2026-04-18T01:30:05","slug":"17249-ca","status":"publish","type":"product","link":"https:\/\/www.educaborras.com\/ca\/producte\/17249-ca\/","title":{"rendered":"Mis primeras actividades Peppa Pig"},"content":{"rendered":"<p>Un kit d&#8217;activitats divertides concebut per a refor\u00e7ar l&#8217;aprenentatge pre-escolar en companyia de la Peppa Pig. Inclou: un joc d\u2019acolorir per a orientar-los cap a l&#8217;escriptura, un joc d&#8217;associaci\u00f3 per al desenvolupament d&#8217;habilitats l\u00f2giques mitjan\u00e7ant l&#8217;associaci\u00f3 de personatges i objectes de Peppa Pig amb el seu entorn, un joc de cadena de colors per a desenvolupar les habilitats d&#8217;observaci\u00f3 i assimilaci\u00f3 dels colors, un joc de l\u2019abecedari per a recon\u00e8ixer i associar lletres min\u00fascules, maj\u00fascules i imatges, un joc d&#8217;encaixos de n\u00fameros per a aprendre a comptar i iniciar-se en l&#8217;associaci\u00f3 de xifra i quantitat.<\/p>\n","protected":false},"excerpt":{"rendered":"<p>Un kit d&#8217;activitats divertides concebut per a refor\u00e7ar l&#8217;aprenentatge pre-escolar en companyia de la Peppa Pig.<\/p>\n","protected":false},"featured_media":161403,"template":"","meta":{"_acf_changed":false},"product_brand":[],"product_cat":[73217,73214],"product_tag":[80608,78113,80609,75731,80611,80613,74530,74531,80496,76242,76243,80616,80617,80619,80621,76955,80623,80625,77942,76298,80627,76337,80629,80631,80632,80633,80634,80635,76245,76272,76449,80636,80637,75637,74038],"class_list":{"0":"post-251187","1":"product","2":"type-product","3":"status-publish","4":"has-post-thumbnail","6":"product_cat-educatius-de-personatges","7":"product_cat-jocs-educatius","8":"product_tag-17249-ca","9":"product_tag-2017-ca","10":"product_tag-abecedari-ca","11":"product_tag-abecedario-ca","12":"product_tag-actividades-ca","13":"product_tag-activitats-ca","14":"product_tag-animales-ca","15":"product_tag-animals-ca","16":"product_tag-aprendo-ca","17":"product_tag-cerdita-ca","18":"product_tag-cerdito-ca","19":"product_tag-cifras-ca","20":"product_tag-dibuix-ca","21":"product_tag-dibujo-ca","22":"product_tag-divertido-ca","23":"product_tag-domino-ca","24":"product_tag-encaje-ca","25":"product_tag-escritura-ca","26":"product_tag-joc-ca","27":"product_tag-joc-de-taula-ca","28":"product_tag-jogo-ca","29":"product_tag-juego-ca","30":"product_tag-juego-de-mesa-ca","31":"product_tag-loto-ca","32":"product_tag-minijocs-ca","33":"product_tag-minijuegos-ca","34":"product_tag-mis-ca","35":"product_tag-mis-primeras-actividades-peppa-pig-ca","36":"product_tag-peppa-ca","37":"product_tag-peppa-pig-ca","38":"product_tag-pig-ca","39":"product_tag-primeras-ca","40":"product_tag-primeras-actividades-ca","41":"product_tag-puzle-ca","42":"product_tag-puzzle-ca","44":"first","45":"instock","46":"shipping-taxable","47":"product-type-simple"},"acf":[],"yoast_head":"<!-- This site is optimized with the Yoast SEO plugin v27.1.1 - https:\/\/yoast.com\/product\/yoast-seo-wordpress\/ -->\n<title>Mis primeras actividades Peppa Pig - Educa Borras<\/title>\n<meta name=\"robots\" content=\"index, follow, max-snippet:-1, max-image-preview:large, max-video-preview:-1\" \/>\n<link rel=\"canonical\" href=\"https:\/\/www.educaborras.com\/ca\/producte\/17249-ca\/\" \/>\n<meta name=\"twitter:label1\" content=\"Temps estimat de lectura\" \/>\n\t<meta name=\"twitter:data1\" content=\"1 minut\" \/>\n<script type=\"application\/ld+json\" class=\"yoast-schema-graph\">{\"@context\":\"https:\/\/schema.org\",\"@graph\":[{\"@type\":\"WebPage\",\"@id\":\"https:\/\/www.educaborras.com\/ca\/producte\/17249-ca\/\",\"url\":\"https:\/\/www.educaborras.com\/ca\/producte\/17249-ca\/\",\"name\":\"Mis primeras actividades Peppa Pig - Educa Borras\",\"isPartOf\":{\"@id\":\"https:\/\/www.educaborras.com\/ca\/#website\"},\"primaryImageOfPage\":{\"@id\":\"https:\/\/www.educaborras.com\/ca\/producte\/17249-ca\/#primaryimage\"},\"image\":{\"@id\":\"https:\/\/www.educaborras.com\/ca\/producte\/17249-ca\/#primaryimage\"},\"thumbnailUrl\":\"https:\/\/www.educaborras.com\/wp-content\/uploads\/17249_01_med-12.jpg\",\"datePublished\":\"2025-06-05T09:03:13+00:00\",\"dateModified\":\"2026-04-18T01:30:05+00:00\",\"breadcrumb\":{\"@id\":\"https:\/\/www.educaborras.com\/ca\/producte\/17249-ca\/#breadcrumb\"},\"inLanguage\":\"ca\",\"potentialAction\":[{\"@type\":\"ReadAction\",\"target\":[\"https:\/\/www.educaborras.com\/ca\/producte\/17249-ca\/\"]}]},{\"@type\":\"ImageObject\",\"inLanguage\":\"ca\",\"@id\":\"https:\/\/www.educaborras.com\/ca\/producte\/17249-ca\/#primaryimage\",\"url\":\"https:\/\/www.educaborras.com\/wp-content\/uploads\/17249_01_med-12.jpg\",\"contentUrl\":\"https:\/\/www.educaborras.com\/wp-content\/uploads\/17249_01_med-12.jpg\"},{\"@type\":\"BreadcrumbList\",\"@id\":\"https:\/\/www.educaborras.com\/ca\/producte\/17249-ca\/#breadcrumb\",\"itemListElement\":[{\"@type\":\"ListItem\",\"position\":1,\"name\":\"Portada\",\"item\":\"https:\/\/www.educaborras.com\/ca\/\"},{\"@type\":\"ListItem\",\"position\":2,\"name\":\"Productes\",\"item\":\"https:\/\/www.educaborras.com\/ca\/shop\/\"},{\"@type\":\"ListItem\",\"position\":3,\"name\":\"Mis primeras actividades Peppa Pig\"}]},{\"@type\":\"WebSite\",\"@id\":\"https:\/\/www.educaborras.com\/ca\/#website\",\"url\":\"https:\/\/www.educaborras.com\/ca\/\",\"name\":\"Educa Borras\",\"description\":\"\",\"publisher\":{\"@id\":\"https:\/\/www.educaborras.com\/ca\/#organization\"},\"potentialAction\":[{\"@type\":\"SearchAction\",\"target\":{\"@type\":\"EntryPoint\",\"urlTemplate\":\"https:\/\/www.educaborras.com\/ca\/?s={search_term_string}\"},\"query-input\":{\"@type\":\"PropertyValueSpecification\",\"valueRequired\":true,\"valueName\":\"search_term_string\"}}],\"inLanguage\":\"ca\"},{\"@type\":\"Organization\",\"@id\":\"https:\/\/www.educaborras.com\/ca\/#organization\",\"name\":\"Educa Borras\",\"url\":\"https:\/\/www.educaborras.com\/ca\/\",\"logo\":{\"@type\":\"ImageObject\",\"inLanguage\":\"ca\",\"@id\":\"https:\/\/www.educaborras.com\/ca\/#\/schema\/logo\/image\/\",\"url\":\"https:\/\/www.educaborras.com\/wp-content\/uploads\/cropped-LOGOS-EDUCA-BORRAS_retina.png\",\"contentUrl\":\"https:\/\/www.educaborras.com\/wp-content\/uploads\/cropped-LOGOS-EDUCA-BORRAS_retina.png\",\"caption\":\"Educa Borras\"},\"image\":{\"@id\":\"https:\/\/www.educaborras.com\/ca\/#\/schema\/logo\/image\/\"}}]}<\/script>\n<!-- \/ Yoast SEO plugin. -->","yoast_head_json":{"title":"Mis primeras actividades Peppa Pig - Educa Borras","robots":{"index":"index","follow":"follow","max-snippet":"max-snippet:-1","max-image-preview":"max-image-preview:large","max-video-preview":"max-video-preview:-1"},"canonical":"https:\/\/www.educaborras.com\/ca\/producte\/17249-ca\/","twitter_misc":{"Temps estimat de lectura":"1 minut"},"schema":{"@context":"https:\/\/schema.org","@graph":[{"@type":"WebPage","@id":"https:\/\/www.educaborras.com\/ca\/producte\/17249-ca\/","url":"https:\/\/www.educaborras.com\/ca\/producte\/17249-ca\/","name":"Mis primeras actividades Peppa Pig - Educa Borras","isPartOf":{"@id":"https:\/\/www.educaborras.com\/ca\/#website"},"primaryImageOfPage":{"@id":"https:\/\/www.educaborras.com\/ca\/producte\/17249-ca\/#primaryimage"},"image":{"@id":"https:\/\/www.educaborras.com\/ca\/producte\/17249-ca\/#primaryimage"},"thumbnailUrl":"https:\/\/www.educaborras.com\/wp-content\/uploads\/17249_01_med-12.jpg","datePublished":"2025-06-05T09:03:13+00:00","dateModified":"2026-04-18T01:30:05+00:00","breadcrumb":{"@id":"https:\/\/www.educaborras.com\/ca\/producte\/17249-ca\/#breadcrumb"},"inLanguage":"ca","potentialAction":[{"@type":"ReadAction","target":["https:\/\/www.educaborras.com\/ca\/producte\/17249-ca\/"]}]},{"@type":"ImageObject","inLanguage":"ca","@id":"https:\/\/www.educaborras.com\/ca\/producte\/17249-ca\/#primaryimage","url":"https:\/\/www.educaborras.com\/wp-content\/uploads\/17249_01_med-12.jpg","contentUrl":"https:\/\/www.educaborras.com\/wp-content\/uploads\/17249_01_med-12.jpg"},{"@type":"BreadcrumbList","@id":"https:\/\/www.educaborras.com\/ca\/producte\/17249-ca\/#breadcrumb","itemListElement":[{"@type":"ListItem","position":1,"name":"Portada","item":"https:\/\/www.educaborras.com\/ca\/"},{"@type":"ListItem","position":2,"name":"Productes","item":"https:\/\/www.educaborras.com\/ca\/shop\/"},{"@type":"ListItem","position":3,"name":"Mis primeras actividades Peppa Pig"}]},{"@type":"WebSite","@id":"https:\/\/www.educaborras.com\/ca\/#website","url":"https:\/\/www.educaborras.com\/ca\/","name":"Educa Borras","description":"","publisher":{"@id":"https:\/\/www.educaborras.com\/ca\/#organization"},"potentialAction":[{"@type":"SearchAction","target":{"@type":"EntryPoint","urlTemplate":"https:\/\/www.educaborras.com\/ca\/?s={search_term_string}"},"query-input":{"@type":"PropertyValueSpecification","valueRequired":true,"valueName":"search_term_string"}}],"inLanguage":"ca"},{"@type":"Organization","@id":"https:\/\/www.educaborras.com\/ca\/#organization","name":"Educa Borras","url":"https:\/\/www.educaborras.com\/ca\/","logo":{"@type":"ImageObject","inLanguage":"ca","@id":"https:\/\/www.educaborras.com\/ca\/#\/schema\/logo\/image\/","url":"https:\/\/www.educaborras.com\/wp-content\/uploads\/cropped-LOGOS-EDUCA-BORRAS_retina.png","contentUrl":"https:\/\/www.educaborras.com\/wp-content\/uploads\/cropped-LOGOS-EDUCA-BORRAS_retina.png","caption":"Educa Borras"},"image":{"@id":"https:\/\/www.educaborras.com\/ca\/#\/schema\/logo\/image\/"}}]}},"_links":{"self":[{"href":"https:\/\/www.educaborras.com\/ca\/wp-json\/wp\/v2\/product\/251187","targetHints":{"allow":["GET"]}}],"collection":[{"href":"https:\/\/www.educaborras.com\/ca\/wp-json\/wp\/v2\/product"}],"about":[{"href":"https:\/\/www.educaborras.com\/ca\/wp-json\/wp\/v2\/types\/product"}],"wp:featuredmedia":[{"embeddable":true,"href":"https:\/\/www.educaborras.com\/ca\/wp-json\/wp\/v2\/media\/161403"}],"wp:attachment":[{"href":"https:\/\/www.educaborras.com\/ca\/wp-json\/wp\/v2\/media?parent=251187"}],"wp:term":[{"taxonomy":"product_brand","embeddable":true,"href":"https:\/\/www.educaborras.com\/ca\/wp-json\/wp\/v2\/product_brand?post=251187"},{"taxonomy":"product_cat","embeddable":true,"href":"https:\/\/www.educaborras.com\/ca\/wp-json\/wp\/v2\/product_cat?post=251187"},{"taxonomy":"product_tag","embeddable":true,"href":"https:\/\/www.educaborras.com\/ca\/wp-json\/wp\/v2\/product_tag?post=251187"}],"curies":[{"name":"wp","href":"https:\/\/api.w.org\/{rel}","templated":true}]}}