{"id":251099,"date":"2025-06-05T11:04:02","date_gmt":"2025-06-05T09:04:02","guid":{"rendered":"https:\/\/www.educaborras.com\/product\/19886\/"},"modified":"2026-04-19T02:56:44","modified_gmt":"2026-04-19T00:56:44","slug":"19886-ca","status":"publish","type":"product","link":"https:\/\/www.educaborras.com\/ca\/producte\/19886-ca\/","title":{"rendered":"Figures Bluey &#8220;Creative Activity Set&#8221;"},"content":{"rendered":"<p>Set creatiu per comen\u00e7ar a dibuixar personatges de la llic\u00e8ncia gr\u00e0cies a l&#8217;ajuda de les plantilles de cartr\u00f3. Usant les ceres de colors, els nens podran pintar infinites vegades els seus personatges favorits de la llic\u00e8ncia Bluey. Beneficis del joc : Desenvolupar la motricitat fina: Utilitzar la destresa, latenci\u00f3 i la concentraci\u00f3 per seguir els patrons correctament. Aprendre jugant fomentant : La imaginaci\u00f3 a trav\u00e9s de pintar els personatges. Contingut: 9 panells de cartr\u00f3 amb personatges, fulles per pintar i 6 ceres de colors.<\/p>\n","protected":false},"excerpt":{"rendered":"<p>Set creatiu per comen\u00e7ar a dibuixar personatges de la llic\u00e8ncia gr\u00e0cies a l&#8217;ajuda de les plantilles de cartr\u00f3.<\/p>\n","protected":false},"featured_media":120306,"template":"","meta":{"_acf_changed":false},"product_brand":[],"product_cat":[73481,73218],"product_tag":[98522,98523,98524,98525,90531,98526,89856,98527,98528,75430,98529,98530,98531,81961,81962,98532,98533,98534,98535,98536,98537,98538,75551,98539,98540,96727,98541,98542,76188],"class_list":{"0":"post-251099","1":"product","2":"type-product","3":"status-publish","4":"has-post-thumbnail","6":"product_cat-artistics-ca","7":"product_cat-manualitats-i-artistics","8":"product_tag-19886-ca","9":"product_tag-activity-ca","10":"product_tag-bandit-ca","11":"product_tag-bingo-ca","12":"product_tag-bluey-ca","13":"product_tag-cardboard-ca","14":"product_tag-carton-ca","15":"product_tag-ceras-ca","16":"product_tag-chilli-ca","17":"product_tag-colores-ca","18":"product_tag-colorier-ca","19":"product_tag-colouring-ca","20":"product_tag-creatieve-ca","21":"product_tag-creative-ca","22":"product_tag-creatividad-ca","23":"product_tag-gomets-ca","24":"product_tag-honey-ca","25":"product_tag-laminas-ca","26":"product_tag-lapiz-ca","27":"product_tag-lucky-ca","28":"product_tag-mackenzie-ca","29":"product_tag-pegatinas-ca","30":"product_tag-personajes-ca","31":"product_tag-personnages-ca","32":"product_tag-rusty-ca","33":"product_tag-serie-ca","34":"product_tag-set-ca","35":"product_tag-templates-ca","36":"product_tag-tv-ca","38":"first","39":"instock","40":"shipping-taxable","41":"product-type-simple"},"acf":[],"yoast_head":"<!-- This site is optimized with the Yoast SEO plugin v27.1.1 - https:\/\/yoast.com\/product\/yoast-seo-wordpress\/ -->\n<title>Figures Bluey &quot;Creative Activity Set&quot; - Educa Borras<\/title>\n<meta name=\"description\" content=\"Set creativo para empezar a dibujar personajes de Bluey gracias a la ayuda de las plantillas en cart\u00f3n. Usando las ceras de colores, podr\u00e1n colorear infinitas veces a sus personajes favoritos.\" \/>\n<meta name=\"robots\" content=\"index, follow, max-snippet:-1, max-image-preview:large, max-video-preview:-1\" \/>\n<link rel=\"canonical\" href=\"https:\/\/www.educaborras.com\/ca\/producte\/19886-ca\/\" \/>\n<script type=\"application\/ld+json\" class=\"yoast-schema-graph\">{\"@context\":\"https:\/\/schema.org\",\"@graph\":[{\"@type\":\"WebPage\",\"@id\":\"https:\/\/www.educaborras.com\/ca\/producte\/19886-ca\/\",\"url\":\"https:\/\/www.educaborras.com\/ca\/producte\/19886-ca\/\",\"name\":\"Figures Bluey \\\"Creative Activity Set\\\" - Educa Borras\",\"isPartOf\":{\"@id\":\"https:\/\/www.educaborras.com\/ca\/#website\"},\"primaryImageOfPage\":{\"@id\":\"https:\/\/www.educaborras.com\/ca\/producte\/19886-ca\/#primaryimage\"},\"image\":{\"@id\":\"https:\/\/www.educaborras.com\/ca\/producte\/19886-ca\/#primaryimage\"},\"thumbnailUrl\":\"https:\/\/www.educaborras.com\/wp-content\/uploads\/19886_01_high.jpg\",\"datePublished\":\"2025-06-05T09:04:02+00:00\",\"dateModified\":\"2026-04-19T00:56:44+00:00\",\"description\":\"Set creativo para empezar a dibujar personajes de Bluey gracias a la ayuda de las plantillas en cart\u00f3n. Usando las ceras de colores, podr\u00e1n colorear infinitas veces a sus personajes favoritos.\",\"breadcrumb\":{\"@id\":\"https:\/\/www.educaborras.com\/ca\/producte\/19886-ca\/#breadcrumb\"},\"inLanguage\":\"ca\",\"potentialAction\":[{\"@type\":\"ReadAction\",\"target\":[\"https:\/\/www.educaborras.com\/ca\/producte\/19886-ca\/\"]}]},{\"@type\":\"ImageObject\",\"inLanguage\":\"ca\",\"@id\":\"https:\/\/www.educaborras.com\/ca\/producte\/19886-ca\/#primaryimage\",\"url\":\"https:\/\/www.educaborras.com\/wp-content\/uploads\/19886_01_high.jpg\",\"contentUrl\":\"https:\/\/www.educaborras.com\/wp-content\/uploads\/19886_01_high.jpg\",\"width\":2400,\"height\":2400},{\"@type\":\"BreadcrumbList\",\"@id\":\"https:\/\/www.educaborras.com\/ca\/producte\/19886-ca\/#breadcrumb\",\"itemListElement\":[{\"@type\":\"ListItem\",\"position\":1,\"name\":\"Portada\",\"item\":\"https:\/\/www.educaborras.com\/ca\/\"},{\"@type\":\"ListItem\",\"position\":2,\"name\":\"Productes\",\"item\":\"https:\/\/www.educaborras.com\/ca\/shop\/\"},{\"@type\":\"ListItem\",\"position\":3,\"name\":\"Figures Bluey &#8220;Creative Activity Set&#8221;\"}]},{\"@type\":\"WebSite\",\"@id\":\"https:\/\/www.educaborras.com\/ca\/#website\",\"url\":\"https:\/\/www.educaborras.com\/ca\/\",\"name\":\"Educa Borras\",\"description\":\"\",\"publisher\":{\"@id\":\"https:\/\/www.educaborras.com\/ca\/#organization\"},\"potentialAction\":[{\"@type\":\"SearchAction\",\"target\":{\"@type\":\"EntryPoint\",\"urlTemplate\":\"https:\/\/www.educaborras.com\/ca\/?s={search_term_string}\"},\"query-input\":{\"@type\":\"PropertyValueSpecification\",\"valueRequired\":true,\"valueName\":\"search_term_string\"}}],\"inLanguage\":\"ca\"},{\"@type\":\"Organization\",\"@id\":\"https:\/\/www.educaborras.com\/ca\/#organization\",\"name\":\"Educa Borras\",\"url\":\"https:\/\/www.educaborras.com\/ca\/\",\"logo\":{\"@type\":\"ImageObject\",\"inLanguage\":\"ca\",\"@id\":\"https:\/\/www.educaborras.com\/ca\/#\/schema\/logo\/image\/\",\"url\":\"https:\/\/www.educaborras.com\/wp-content\/uploads\/cropped-LOGOS-EDUCA-BORRAS_retina.png\",\"contentUrl\":\"https:\/\/www.educaborras.com\/wp-content\/uploads\/cropped-LOGOS-EDUCA-BORRAS_retina.png\",\"caption\":\"Educa Borras\"},\"image\":{\"@id\":\"https:\/\/www.educaborras.com\/ca\/#\/schema\/logo\/image\/\"}}]}<\/script>\n<!-- \/ Yoast SEO plugin. -->","yoast_head_json":{"title":"Figures Bluey \"Creative Activity Set\" - Educa Borras","description":"Set creativo para empezar a dibujar personajes de Bluey gracias a la ayuda de las plantillas en cart\u00f3n. Usando las ceras de colores, podr\u00e1n colorear infinitas veces a sus personajes favoritos.","robots":{"index":"index","follow":"follow","max-snippet":"max-snippet:-1","max-image-preview":"max-image-preview:large","max-video-preview":"max-video-preview:-1"},"canonical":"https:\/\/www.educaborras.com\/ca\/producte\/19886-ca\/","schema":{"@context":"https:\/\/schema.org","@graph":[{"@type":"WebPage","@id":"https:\/\/www.educaborras.com\/ca\/producte\/19886-ca\/","url":"https:\/\/www.educaborras.com\/ca\/producte\/19886-ca\/","name":"Figures Bluey \"Creative Activity Set\" - Educa Borras","isPartOf":{"@id":"https:\/\/www.educaborras.com\/ca\/#website"},"primaryImageOfPage":{"@id":"https:\/\/www.educaborras.com\/ca\/producte\/19886-ca\/#primaryimage"},"image":{"@id":"https:\/\/www.educaborras.com\/ca\/producte\/19886-ca\/#primaryimage"},"thumbnailUrl":"https:\/\/www.educaborras.com\/wp-content\/uploads\/19886_01_high.jpg","datePublished":"2025-06-05T09:04:02+00:00","dateModified":"2026-04-19T00:56:44+00:00","description":"Set creativo para empezar a dibujar personajes de Bluey gracias a la ayuda de las plantillas en cart\u00f3n. Usando las ceras de colores, podr\u00e1n colorear infinitas veces a sus personajes favoritos.","breadcrumb":{"@id":"https:\/\/www.educaborras.com\/ca\/producte\/19886-ca\/#breadcrumb"},"inLanguage":"ca","potentialAction":[{"@type":"ReadAction","target":["https:\/\/www.educaborras.com\/ca\/producte\/19886-ca\/"]}]},{"@type":"ImageObject","inLanguage":"ca","@id":"https:\/\/www.educaborras.com\/ca\/producte\/19886-ca\/#primaryimage","url":"https:\/\/www.educaborras.com\/wp-content\/uploads\/19886_01_high.jpg","contentUrl":"https:\/\/www.educaborras.com\/wp-content\/uploads\/19886_01_high.jpg","width":2400,"height":2400},{"@type":"BreadcrumbList","@id":"https:\/\/www.educaborras.com\/ca\/producte\/19886-ca\/#breadcrumb","itemListElement":[{"@type":"ListItem","position":1,"name":"Portada","item":"https:\/\/www.educaborras.com\/ca\/"},{"@type":"ListItem","position":2,"name":"Productes","item":"https:\/\/www.educaborras.com\/ca\/shop\/"},{"@type":"ListItem","position":3,"name":"Figures Bluey &#8220;Creative Activity Set&#8221;"}]},{"@type":"WebSite","@id":"https:\/\/www.educaborras.com\/ca\/#website","url":"https:\/\/www.educaborras.com\/ca\/","name":"Educa Borras","description":"","publisher":{"@id":"https:\/\/www.educaborras.com\/ca\/#organization"},"potentialAction":[{"@type":"SearchAction","target":{"@type":"EntryPoint","urlTemplate":"https:\/\/www.educaborras.com\/ca\/?s={search_term_string}"},"query-input":{"@type":"PropertyValueSpecification","valueRequired":true,"valueName":"search_term_string"}}],"inLanguage":"ca"},{"@type":"Organization","@id":"https:\/\/www.educaborras.com\/ca\/#organization","name":"Educa Borras","url":"https:\/\/www.educaborras.com\/ca\/","logo":{"@type":"ImageObject","inLanguage":"ca","@id":"https:\/\/www.educaborras.com\/ca\/#\/schema\/logo\/image\/","url":"https:\/\/www.educaborras.com\/wp-content\/uploads\/cropped-LOGOS-EDUCA-BORRAS_retina.png","contentUrl":"https:\/\/www.educaborras.com\/wp-content\/uploads\/cropped-LOGOS-EDUCA-BORRAS_retina.png","caption":"Educa Borras"},"image":{"@id":"https:\/\/www.educaborras.com\/ca\/#\/schema\/logo\/image\/"}}]}},"_links":{"self":[{"href":"https:\/\/www.educaborras.com\/ca\/wp-json\/wp\/v2\/product\/251099","targetHints":{"allow":["GET"]}}],"collection":[{"href":"https:\/\/www.educaborras.com\/ca\/wp-json\/wp\/v2\/product"}],"about":[{"href":"https:\/\/www.educaborras.com\/ca\/wp-json\/wp\/v2\/types\/product"}],"wp:featuredmedia":[{"embeddable":true,"href":"https:\/\/www.educaborras.com\/ca\/wp-json\/wp\/v2\/media\/120306"}],"wp:attachment":[{"href":"https:\/\/www.educaborras.com\/ca\/wp-json\/wp\/v2\/media?parent=251099"}],"wp:term":[{"taxonomy":"product_brand","embeddable":true,"href":"https:\/\/www.educaborras.com\/ca\/wp-json\/wp\/v2\/product_brand?post=251099"},{"taxonomy":"product_cat","embeddable":true,"href":"https:\/\/www.educaborras.com\/ca\/wp-json\/wp\/v2\/product_cat?post=251099"},{"taxonomy":"product_tag","embeddable":true,"href":"https:\/\/www.educaborras.com\/ca\/wp-json\/wp\/v2\/product_tag?post=251099"}],"curies":[{"name":"wp","href":"https:\/\/api.w.org\/{rel}","templated":true}]}}