{"id":251095,"date":"2025-06-05T11:04:06","date_gmt":"2025-06-05T09:04:06","guid":{"rendered":"https:\/\/www.educaborras.com\/product\/19885\/"},"modified":"2026-04-20T02:31:58","modified_gmt":"2026-04-20T00:31:58","slug":"19885-ca","status":"publish","type":"product","link":"https:\/\/www.educaborras.com\/ca\/producte\/19885-ca\/","title":{"rendered":"Templates Bluey &#8220;Creative Activity Set&#8221;"},"content":{"rendered":"<p>Set creatiu per decorar personatges o objectes de cartr\u00f3 amb adhesius de colors i jugar-hi un cop muntats i transformats en personatges 3D. Beneficis del joc : Desenvolupament de la motricitat fina : Destresa, atenci\u00f3 i concentraci\u00f3 per enganxar i enlairar-se els adhesius. I per muntar els personatges\/objectes en 3D. Aprendre jugant fomentant : La resoluci\u00f3 de problemes i el joc imaginatiu. Contingut: 6 panells de cartr\u00f3 per muntar els 6 personatges de la llic\u00e8ncia i m\u00e9s de 100 adhesius de diferents colors.<\/p>\n","protected":false},"excerpt":{"rendered":"<p>Set creatiu per decorar personatges o objectes de cartr\u00f3 amb adhesius de colors i jugar-hi un cop muntats i transformats en personatges 3D.<\/p>\n","protected":false},"featured_media":120286,"template":"","meta":{"_acf_changed":false},"product_brand":[],"product_cat":[73481,73218],"product_tag":[105253,82161,98523,98524,98525,90531,98528,75430,83568,105254,81961,81962,105255,97332,105256,105257,98532,98533,98536,98537,80287,98538,75551,98540,96727,98541,76188],"class_list":{"0":"post-251095","1":"product","2":"type-product","3":"status-publish","4":"has-post-thumbnail","6":"product_cat-artistics-ca","7":"product_cat-manualitats-i-artistics","8":"product_tag-19885-ca","9":"product_tag-3d-ca","10":"product_tag-activity-ca","11":"product_tag-bandit-ca","12":"product_tag-bingo-ca","13":"product_tag-bluey-ca","14":"product_tag-chilli-ca","15":"product_tag-colores-ca","16":"product_tag-construir-ca","17":"product_tag-construye-ca","18":"product_tag-creative-ca","19":"product_tag-creatividad-ca","20":"product_tag-decorar-ca","21":"product_tag-figura-ca","22":"product_tag-figuras-ca","23":"product_tag-figures-ca","24":"product_tag-gomets-ca","25":"product_tag-honey-ca","26":"product_tag-lucky-ca","27":"product_tag-mackenzie-ca","28":"product_tag-montar-ca","29":"product_tag-pegatinas-ca","30":"product_tag-personajes-ca","31":"product_tag-rusty-ca","32":"product_tag-serie-ca","33":"product_tag-set-ca","34":"product_tag-tv-ca","36":"first","37":"instock","38":"shipping-taxable","39":"product-type-simple"},"acf":[],"yoast_head":"<!-- This site is optimized with the Yoast SEO plugin v27.1.1 - https:\/\/yoast.com\/product\/yoast-seo-wordpress\/ -->\n<title>Templates Bluey &quot;Creative Activity Set&quot; - Educa Borras<\/title>\n<meta name=\"description\" content=\"Set creativo para decorar personajes u objetos de cart\u00f3n con pegatinas de colores y jugar con ellos una vez montados y transformados en personajes 3D.\" \/>\n<meta name=\"robots\" content=\"index, follow, max-snippet:-1, max-image-preview:large, max-video-preview:-1\" \/>\n<link rel=\"canonical\" href=\"https:\/\/www.educaborras.com\/ca\/producte\/19885-ca\/\" \/>\n<script type=\"application\/ld+json\" class=\"yoast-schema-graph\">{\"@context\":\"https:\/\/schema.org\",\"@graph\":[{\"@type\":\"WebPage\",\"@id\":\"https:\/\/www.educaborras.com\/ca\/producte\/19885-ca\/\",\"url\":\"https:\/\/www.educaborras.com\/ca\/producte\/19885-ca\/\",\"name\":\"Templates Bluey \\\"Creative Activity Set\\\" - Educa Borras\",\"isPartOf\":{\"@id\":\"https:\/\/www.educaborras.com\/ca\/#website\"},\"primaryImageOfPage\":{\"@id\":\"https:\/\/www.educaborras.com\/ca\/producte\/19885-ca\/#primaryimage\"},\"image\":{\"@id\":\"https:\/\/www.educaborras.com\/ca\/producte\/19885-ca\/#primaryimage\"},\"thumbnailUrl\":\"https:\/\/www.educaborras.com\/wp-content\/uploads\/19885_01_high.jpg\",\"datePublished\":\"2025-06-05T09:04:06+00:00\",\"dateModified\":\"2026-04-20T00:31:58+00:00\",\"description\":\"Set creativo para decorar personajes u objetos de cart\u00f3n con pegatinas de colores y jugar con ellos una vez montados y transformados en personajes 3D.\",\"breadcrumb\":{\"@id\":\"https:\/\/www.educaborras.com\/ca\/producte\/19885-ca\/#breadcrumb\"},\"inLanguage\":\"ca\",\"potentialAction\":[{\"@type\":\"ReadAction\",\"target\":[\"https:\/\/www.educaborras.com\/ca\/producte\/19885-ca\/\"]}]},{\"@type\":\"ImageObject\",\"inLanguage\":\"ca\",\"@id\":\"https:\/\/www.educaborras.com\/ca\/producte\/19885-ca\/#primaryimage\",\"url\":\"https:\/\/www.educaborras.com\/wp-content\/uploads\/19885_01_high.jpg\",\"contentUrl\":\"https:\/\/www.educaborras.com\/wp-content\/uploads\/19885_01_high.jpg\",\"width\":2400,\"height\":2400},{\"@type\":\"BreadcrumbList\",\"@id\":\"https:\/\/www.educaborras.com\/ca\/producte\/19885-ca\/#breadcrumb\",\"itemListElement\":[{\"@type\":\"ListItem\",\"position\":1,\"name\":\"Portada\",\"item\":\"https:\/\/www.educaborras.com\/ca\/\"},{\"@type\":\"ListItem\",\"position\":2,\"name\":\"Productes\",\"item\":\"https:\/\/www.educaborras.com\/ca\/shop\/\"},{\"@type\":\"ListItem\",\"position\":3,\"name\":\"Templates Bluey &#8220;Creative Activity Set&#8221;\"}]},{\"@type\":\"WebSite\",\"@id\":\"https:\/\/www.educaborras.com\/ca\/#website\",\"url\":\"https:\/\/www.educaborras.com\/ca\/\",\"name\":\"Educa Borras\",\"description\":\"\",\"publisher\":{\"@id\":\"https:\/\/www.educaborras.com\/ca\/#organization\"},\"potentialAction\":[{\"@type\":\"SearchAction\",\"target\":{\"@type\":\"EntryPoint\",\"urlTemplate\":\"https:\/\/www.educaborras.com\/ca\/?s={search_term_string}\"},\"query-input\":{\"@type\":\"PropertyValueSpecification\",\"valueRequired\":true,\"valueName\":\"search_term_string\"}}],\"inLanguage\":\"ca\"},{\"@type\":\"Organization\",\"@id\":\"https:\/\/www.educaborras.com\/ca\/#organization\",\"name\":\"Educa Borras\",\"url\":\"https:\/\/www.educaborras.com\/ca\/\",\"logo\":{\"@type\":\"ImageObject\",\"inLanguage\":\"ca\",\"@id\":\"https:\/\/www.educaborras.com\/ca\/#\/schema\/logo\/image\/\",\"url\":\"https:\/\/www.educaborras.com\/wp-content\/uploads\/cropped-LOGOS-EDUCA-BORRAS_retina.png\",\"contentUrl\":\"https:\/\/www.educaborras.com\/wp-content\/uploads\/cropped-LOGOS-EDUCA-BORRAS_retina.png\",\"caption\":\"Educa Borras\"},\"image\":{\"@id\":\"https:\/\/www.educaborras.com\/ca\/#\/schema\/logo\/image\/\"}}]}<\/script>\n<!-- \/ Yoast SEO plugin. -->","yoast_head_json":{"title":"Templates Bluey \"Creative Activity Set\" - Educa Borras","description":"Set creativo para decorar personajes u objetos de cart\u00f3n con pegatinas de colores y jugar con ellos una vez montados y transformados en personajes 3D.","robots":{"index":"index","follow":"follow","max-snippet":"max-snippet:-1","max-image-preview":"max-image-preview:large","max-video-preview":"max-video-preview:-1"},"canonical":"https:\/\/www.educaborras.com\/ca\/producte\/19885-ca\/","schema":{"@context":"https:\/\/schema.org","@graph":[{"@type":"WebPage","@id":"https:\/\/www.educaborras.com\/ca\/producte\/19885-ca\/","url":"https:\/\/www.educaborras.com\/ca\/producte\/19885-ca\/","name":"Templates Bluey \"Creative Activity Set\" - Educa Borras","isPartOf":{"@id":"https:\/\/www.educaborras.com\/ca\/#website"},"primaryImageOfPage":{"@id":"https:\/\/www.educaborras.com\/ca\/producte\/19885-ca\/#primaryimage"},"image":{"@id":"https:\/\/www.educaborras.com\/ca\/producte\/19885-ca\/#primaryimage"},"thumbnailUrl":"https:\/\/www.educaborras.com\/wp-content\/uploads\/19885_01_high.jpg","datePublished":"2025-06-05T09:04:06+00:00","dateModified":"2026-04-20T00:31:58+00:00","description":"Set creativo para decorar personajes u objetos de cart\u00f3n con pegatinas de colores y jugar con ellos una vez montados y transformados en personajes 3D.","breadcrumb":{"@id":"https:\/\/www.educaborras.com\/ca\/producte\/19885-ca\/#breadcrumb"},"inLanguage":"ca","potentialAction":[{"@type":"ReadAction","target":["https:\/\/www.educaborras.com\/ca\/producte\/19885-ca\/"]}]},{"@type":"ImageObject","inLanguage":"ca","@id":"https:\/\/www.educaborras.com\/ca\/producte\/19885-ca\/#primaryimage","url":"https:\/\/www.educaborras.com\/wp-content\/uploads\/19885_01_high.jpg","contentUrl":"https:\/\/www.educaborras.com\/wp-content\/uploads\/19885_01_high.jpg","width":2400,"height":2400},{"@type":"BreadcrumbList","@id":"https:\/\/www.educaborras.com\/ca\/producte\/19885-ca\/#breadcrumb","itemListElement":[{"@type":"ListItem","position":1,"name":"Portada","item":"https:\/\/www.educaborras.com\/ca\/"},{"@type":"ListItem","position":2,"name":"Productes","item":"https:\/\/www.educaborras.com\/ca\/shop\/"},{"@type":"ListItem","position":3,"name":"Templates Bluey &#8220;Creative Activity Set&#8221;"}]},{"@type":"WebSite","@id":"https:\/\/www.educaborras.com\/ca\/#website","url":"https:\/\/www.educaborras.com\/ca\/","name":"Educa Borras","description":"","publisher":{"@id":"https:\/\/www.educaborras.com\/ca\/#organization"},"potentialAction":[{"@type":"SearchAction","target":{"@type":"EntryPoint","urlTemplate":"https:\/\/www.educaborras.com\/ca\/?s={search_term_string}"},"query-input":{"@type":"PropertyValueSpecification","valueRequired":true,"valueName":"search_term_string"}}],"inLanguage":"ca"},{"@type":"Organization","@id":"https:\/\/www.educaborras.com\/ca\/#organization","name":"Educa Borras","url":"https:\/\/www.educaborras.com\/ca\/","logo":{"@type":"ImageObject","inLanguage":"ca","@id":"https:\/\/www.educaborras.com\/ca\/#\/schema\/logo\/image\/","url":"https:\/\/www.educaborras.com\/wp-content\/uploads\/cropped-LOGOS-EDUCA-BORRAS_retina.png","contentUrl":"https:\/\/www.educaborras.com\/wp-content\/uploads\/cropped-LOGOS-EDUCA-BORRAS_retina.png","caption":"Educa Borras"},"image":{"@id":"https:\/\/www.educaborras.com\/ca\/#\/schema\/logo\/image\/"}}]}},"_links":{"self":[{"href":"https:\/\/www.educaborras.com\/ca\/wp-json\/wp\/v2\/product\/251095","targetHints":{"allow":["GET"]}}],"collection":[{"href":"https:\/\/www.educaborras.com\/ca\/wp-json\/wp\/v2\/product"}],"about":[{"href":"https:\/\/www.educaborras.com\/ca\/wp-json\/wp\/v2\/types\/product"}],"wp:featuredmedia":[{"embeddable":true,"href":"https:\/\/www.educaborras.com\/ca\/wp-json\/wp\/v2\/media\/120286"}],"wp:attachment":[{"href":"https:\/\/www.educaborras.com\/ca\/wp-json\/wp\/v2\/media?parent=251095"}],"wp:term":[{"taxonomy":"product_brand","embeddable":true,"href":"https:\/\/www.educaborras.com\/ca\/wp-json\/wp\/v2\/product_brand?post=251095"},{"taxonomy":"product_cat","embeddable":true,"href":"https:\/\/www.educaborras.com\/ca\/wp-json\/wp\/v2\/product_cat?post=251095"},{"taxonomy":"product_tag","embeddable":true,"href":"https:\/\/www.educaborras.com\/ca\/wp-json\/wp\/v2\/product_tag?post=251095"}],"curies":[{"name":"wp","href":"https:\/\/api.w.org\/{rel}","templated":true}]}}