{"id":251083,"date":"2025-06-05T11:04:14","date_gmt":"2025-06-05T09:04:14","guid":{"rendered":"https:\/\/www.educaborras.com\/product\/20141\/"},"modified":"2026-04-20T02:41:22","modified_gmt":"2026-04-20T00:41:22","slug":"20141-ca","status":"publish","type":"product","link":"https:\/\/www.educaborras.com\/ca\/producte\/20141-ca\/","title":{"rendered":"Ramo Silvestre Floral Art"},"content":{"rendered":"<p>La caixa inclou tots els elements necessaris per a crear el teu ram silvestre de la nostra nova s\u00e8rie Floral Art. Contingut: &#8211; Cartr\u00f3 troquelat, fulls de paper pretroquelats impresos a dues cares, tub de pl\u00e0stic tallat a diferents mesures, graella de pl\u00e0stic de color verd, graella pl\u00e0stic color groc. \u00a0https:\/\/youtu.be\/-xS0Q3GB1Yw<\/p>\n","protected":false},"excerpt":{"rendered":"<p>La caixa inclou tots els elements necessaris per a crear el teu ram silvestre de la nostra nova s\u00e8rie Floral Art.<\/p>\n","protected":false},"featured_media":118521,"template":"","meta":{"_acf_changed":false},"product_brand":[],"product_cat":[73491],"product_tag":[98606,81957,98607,81958,81959,81960,81961,81962,81963,81964,98608,81966,98609,78230,98610,98611,91239,81973,81974,98612,98613,98614,98615,98616,98617,98618],"class_list":{"0":"post-251083","1":"product","2":"type-product","3":"status-publish","4":"has-post-thumbnail","6":"product_cat-floral-art-ca","7":"product_tag-20141-ca","8":"product_tag-accessoires-ca","9":"product_tag-artisticos-serie-floral-ca","10":"product_tag-crear-ca","11":"product_tag-creatif-ca","12":"product_tag-creativa-ca","13":"product_tag-creative-ca","14":"product_tag-creatividad-ca","15":"product_tag-creer-ca","16":"product_tag-design-ca","17":"product_tag-design-your-wild-bouquet-ca","18":"product_tag-designer-ca","19":"product_tag-fantastique-ca","20":"product_tag-fantasy-ca","21":"product_tag-floral-ca","22":"product_tag-floral-art-ca","23":"product_tag-flower-ca","24":"product_tag-manualidad-ca","25":"product_tag-manualidades-ca","26":"product_tag-ramo-ca","27":"product_tag-ramo-silvestre-ca","28":"product_tag-silvestre-ca","29":"product_tag-tendance-ca","30":"product_tag-tendancia-ca","31":"product_tag-trendy-ca","32":"product_tag-your-wild-bouquet-ca","34":"first","35":"instock","36":"shipping-taxable","37":"product-type-simple"},"acf":[],"yoast_head":"<!-- This site is optimized with the Yoast SEO plugin v27.1.1 - https:\/\/yoast.com\/product\/yoast-seo-wordpress\/ -->\n<title>Ramo Silvestre Floral Art - Educa Borras<\/title>\n<meta name=\"description\" content=\"Un kit de manualidades para crear un precioso ramo de flores silvestres de papel troquelado, sin necesidad de pegamento, ni tijeras. Ideal para adultos y ni\u00f1os.\" \/>\n<meta name=\"robots\" content=\"index, follow, max-snippet:-1, max-image-preview:large, max-video-preview:-1\" \/>\n<link rel=\"canonical\" href=\"https:\/\/www.educaborras.com\/ca\/producte\/20141-ca\/\" \/>\n<script type=\"application\/ld+json\" class=\"yoast-schema-graph\">{\"@context\":\"https:\/\/schema.org\",\"@graph\":[{\"@type\":\"WebPage\",\"@id\":\"https:\/\/www.educaborras.com\/ca\/producte\/20141-ca\/\",\"url\":\"https:\/\/www.educaborras.com\/ca\/producte\/20141-ca\/\",\"name\":\"Ramo Silvestre Floral Art - Educa Borras\",\"isPartOf\":{\"@id\":\"https:\/\/www.educaborras.com\/ca\/#website\"},\"primaryImageOfPage\":{\"@id\":\"https:\/\/www.educaborras.com\/ca\/producte\/20141-ca\/#primaryimage\"},\"image\":{\"@id\":\"https:\/\/www.educaborras.com\/ca\/producte\/20141-ca\/#primaryimage\"},\"thumbnailUrl\":\"https:\/\/www.educaborras.com\/wp-content\/uploads\/20141_01_high.jpg\",\"datePublished\":\"2025-06-05T09:04:14+00:00\",\"dateModified\":\"2026-04-20T00:41:22+00:00\",\"description\":\"Un kit de manualidades para crear un precioso ramo de flores silvestres de papel troquelado, sin necesidad de pegamento, ni tijeras. Ideal para adultos y ni\u00f1os.\",\"breadcrumb\":{\"@id\":\"https:\/\/www.educaborras.com\/ca\/producte\/20141-ca\/#breadcrumb\"},\"inLanguage\":\"ca\",\"potentialAction\":[{\"@type\":\"ReadAction\",\"target\":[\"https:\/\/www.educaborras.com\/ca\/producte\/20141-ca\/\"]}]},{\"@type\":\"ImageObject\",\"inLanguage\":\"ca\",\"@id\":\"https:\/\/www.educaborras.com\/ca\/producte\/20141-ca\/#primaryimage\",\"url\":\"https:\/\/www.educaborras.com\/wp-content\/uploads\/20141_01_high.jpg\",\"contentUrl\":\"https:\/\/www.educaborras.com\/wp-content\/uploads\/20141_01_high.jpg\",\"width\":3000,\"height\":3000},{\"@type\":\"BreadcrumbList\",\"@id\":\"https:\/\/www.educaborras.com\/ca\/producte\/20141-ca\/#breadcrumb\",\"itemListElement\":[{\"@type\":\"ListItem\",\"position\":1,\"name\":\"Portada\",\"item\":\"https:\/\/www.educaborras.com\/ca\/\"},{\"@type\":\"ListItem\",\"position\":2,\"name\":\"Productes\",\"item\":\"https:\/\/www.educaborras.com\/ca\/shop\/\"},{\"@type\":\"ListItem\",\"position\":3,\"name\":\"Ramo Silvestre Floral Art\"}]},{\"@type\":\"WebSite\",\"@id\":\"https:\/\/www.educaborras.com\/ca\/#website\",\"url\":\"https:\/\/www.educaborras.com\/ca\/\",\"name\":\"Educa Borras\",\"description\":\"\",\"publisher\":{\"@id\":\"https:\/\/www.educaborras.com\/ca\/#organization\"},\"potentialAction\":[{\"@type\":\"SearchAction\",\"target\":{\"@type\":\"EntryPoint\",\"urlTemplate\":\"https:\/\/www.educaborras.com\/ca\/?s={search_term_string}\"},\"query-input\":{\"@type\":\"PropertyValueSpecification\",\"valueRequired\":true,\"valueName\":\"search_term_string\"}}],\"inLanguage\":\"ca\"},{\"@type\":\"Organization\",\"@id\":\"https:\/\/www.educaborras.com\/ca\/#organization\",\"name\":\"Educa Borras\",\"url\":\"https:\/\/www.educaborras.com\/ca\/\",\"logo\":{\"@type\":\"ImageObject\",\"inLanguage\":\"ca\",\"@id\":\"https:\/\/www.educaborras.com\/ca\/#\/schema\/logo\/image\/\",\"url\":\"https:\/\/www.educaborras.com\/wp-content\/uploads\/cropped-LOGOS-EDUCA-BORRAS_retina.png\",\"contentUrl\":\"https:\/\/www.educaborras.com\/wp-content\/uploads\/cropped-LOGOS-EDUCA-BORRAS_retina.png\",\"caption\":\"Educa Borras\"},\"image\":{\"@id\":\"https:\/\/www.educaborras.com\/ca\/#\/schema\/logo\/image\/\"}}]}<\/script>\n<!-- \/ Yoast SEO plugin. -->","yoast_head_json":{"title":"Ramo Silvestre Floral Art - Educa Borras","description":"Un kit de manualidades para crear un precioso ramo de flores silvestres de papel troquelado, sin necesidad de pegamento, ni tijeras. Ideal para adultos y ni\u00f1os.","robots":{"index":"index","follow":"follow","max-snippet":"max-snippet:-1","max-image-preview":"max-image-preview:large","max-video-preview":"max-video-preview:-1"},"canonical":"https:\/\/www.educaborras.com\/ca\/producte\/20141-ca\/","schema":{"@context":"https:\/\/schema.org","@graph":[{"@type":"WebPage","@id":"https:\/\/www.educaborras.com\/ca\/producte\/20141-ca\/","url":"https:\/\/www.educaborras.com\/ca\/producte\/20141-ca\/","name":"Ramo Silvestre Floral Art - Educa Borras","isPartOf":{"@id":"https:\/\/www.educaborras.com\/ca\/#website"},"primaryImageOfPage":{"@id":"https:\/\/www.educaborras.com\/ca\/producte\/20141-ca\/#primaryimage"},"image":{"@id":"https:\/\/www.educaborras.com\/ca\/producte\/20141-ca\/#primaryimage"},"thumbnailUrl":"https:\/\/www.educaborras.com\/wp-content\/uploads\/20141_01_high.jpg","datePublished":"2025-06-05T09:04:14+00:00","dateModified":"2026-04-20T00:41:22+00:00","description":"Un kit de manualidades para crear un precioso ramo de flores silvestres de papel troquelado, sin necesidad de pegamento, ni tijeras. Ideal para adultos y ni\u00f1os.","breadcrumb":{"@id":"https:\/\/www.educaborras.com\/ca\/producte\/20141-ca\/#breadcrumb"},"inLanguage":"ca","potentialAction":[{"@type":"ReadAction","target":["https:\/\/www.educaborras.com\/ca\/producte\/20141-ca\/"]}]},{"@type":"ImageObject","inLanguage":"ca","@id":"https:\/\/www.educaborras.com\/ca\/producte\/20141-ca\/#primaryimage","url":"https:\/\/www.educaborras.com\/wp-content\/uploads\/20141_01_high.jpg","contentUrl":"https:\/\/www.educaborras.com\/wp-content\/uploads\/20141_01_high.jpg","width":3000,"height":3000},{"@type":"BreadcrumbList","@id":"https:\/\/www.educaborras.com\/ca\/producte\/20141-ca\/#breadcrumb","itemListElement":[{"@type":"ListItem","position":1,"name":"Portada","item":"https:\/\/www.educaborras.com\/ca\/"},{"@type":"ListItem","position":2,"name":"Productes","item":"https:\/\/www.educaborras.com\/ca\/shop\/"},{"@type":"ListItem","position":3,"name":"Ramo Silvestre Floral Art"}]},{"@type":"WebSite","@id":"https:\/\/www.educaborras.com\/ca\/#website","url":"https:\/\/www.educaborras.com\/ca\/","name":"Educa Borras","description":"","publisher":{"@id":"https:\/\/www.educaborras.com\/ca\/#organization"},"potentialAction":[{"@type":"SearchAction","target":{"@type":"EntryPoint","urlTemplate":"https:\/\/www.educaborras.com\/ca\/?s={search_term_string}"},"query-input":{"@type":"PropertyValueSpecification","valueRequired":true,"valueName":"search_term_string"}}],"inLanguage":"ca"},{"@type":"Organization","@id":"https:\/\/www.educaborras.com\/ca\/#organization","name":"Educa Borras","url":"https:\/\/www.educaborras.com\/ca\/","logo":{"@type":"ImageObject","inLanguage":"ca","@id":"https:\/\/www.educaborras.com\/ca\/#\/schema\/logo\/image\/","url":"https:\/\/www.educaborras.com\/wp-content\/uploads\/cropped-LOGOS-EDUCA-BORRAS_retina.png","contentUrl":"https:\/\/www.educaborras.com\/wp-content\/uploads\/cropped-LOGOS-EDUCA-BORRAS_retina.png","caption":"Educa Borras"},"image":{"@id":"https:\/\/www.educaborras.com\/ca\/#\/schema\/logo\/image\/"}}]}},"_links":{"self":[{"href":"https:\/\/www.educaborras.com\/ca\/wp-json\/wp\/v2\/product\/251083","targetHints":{"allow":["GET"]}}],"collection":[{"href":"https:\/\/www.educaborras.com\/ca\/wp-json\/wp\/v2\/product"}],"about":[{"href":"https:\/\/www.educaborras.com\/ca\/wp-json\/wp\/v2\/types\/product"}],"wp:featuredmedia":[{"embeddable":true,"href":"https:\/\/www.educaborras.com\/ca\/wp-json\/wp\/v2\/media\/118521"}],"wp:attachment":[{"href":"https:\/\/www.educaborras.com\/ca\/wp-json\/wp\/v2\/media?parent=251083"}],"wp:term":[{"taxonomy":"product_brand","embeddable":true,"href":"https:\/\/www.educaborras.com\/ca\/wp-json\/wp\/v2\/product_brand?post=251083"},{"taxonomy":"product_cat","embeddable":true,"href":"https:\/\/www.educaborras.com\/ca\/wp-json\/wp\/v2\/product_cat?post=251083"},{"taxonomy":"product_tag","embeddable":true,"href":"https:\/\/www.educaborras.com\/ca\/wp-json\/wp\/v2\/product_tag?post=251083"}],"curies":[{"name":"wp","href":"https:\/\/api.w.org\/{rel}","templated":true}]}}