{"id":251079,"date":"2025-06-05T11:04:16","date_gmt":"2025-06-05T09:04:16","guid":{"rendered":"https:\/\/www.educaborras.com\/product\/18366\/"},"modified":"2026-04-30T02:02:48","modified_gmt":"2026-04-30T00:02:48","slug":"18366-ca","status":"publish","type":"product","link":"https:\/\/www.educaborras.com\/ca\/producte\/18366-ca\/","title":{"rendered":"My Model Doll Design Fantasia"},"content":{"rendered":"<p>La caixa inclou tots els elements necessaris per crear elegants conjunts de fantasia. Transporta&#8217;t a un m\u00f3n m\u00e0gic de fades i sirenes i viu la m\u00e0gia. Contingut: &#8211; 1 nina articulada per muntar &#8211; Tela amb patrons pr\u00e8viament impresos &#8211; Accessoris de moda &#8211; Clips per roba &#8211; Llana per p\u00e8l &#8211; 1 eina perforadora &#8211; Instruccions i v\u00eddeo instruccions.<\/p>\n","protected":false},"excerpt":{"rendered":"<p>La caixa inclou tots els elements necessaris per crear elegants conjunts de fantasia. Transporta&#8217;t a un m\u00f3n m\u00e0gic de fades i sirenes i viu la m\u00e0gia.<\/p>\n","protected":false},"featured_media":161798,"template":"","meta":{"_acf_changed":false},"product_brand":[],"product_cat":[73223],"product_tag":[101719,81957,81959,81961,81964,81965,81966,81968,101689,98609,78230,81969,81970,81971,81972,81976,81983,81984,81985,81986,81987,81988,81989],"class_list":{"0":"post-251079","1":"product","2":"type-product","3":"status-publish","4":"has-post-thumbnail","6":"product_cat-producte-descatalogat","7":"product_tag-18366-ca","8":"product_tag-accessoires-ca","9":"product_tag-creatif-ca","10":"product_tag-creative-ca","11":"product_tag-design-ca","12":"product_tag-design-your-doll-ca","13":"product_tag-designer-ca","14":"product_tag-doll-ca","15":"product_tag-fantaisie-ca","16":"product_tag-fantastique-ca","17":"product_tag-fantasy-ca","18":"product_tag-fee-ca","19":"product_tag-look-ca","20":"product_tag-looks-ca","21":"product_tag-mannequin-ca","22":"product_tag-mode-ca","23":"product_tag-poupee-ca","24":"product_tag-sirene-ca","25":"product_tag-stylisme-ca","26":"product_tag-styliste-ca","27":"product_tag-tenues-ca","28":"product_tag-vetements-ca","29":"product_tag-your-ca","31":"first","32":"instock","33":"shipping-taxable","34":"product-type-simple"},"acf":[],"yoast_head":"<!-- This site is optimized with the Yoast SEO plugin v27.1.1 - https:\/\/yoast.com\/product\/yoast-seo-wordpress\/ -->\n<title>My Model Doll Design Fantasia - Educa Borras<\/title>\n<meta name=\"description\" content=\"La caja incluye todos los elementos necesarios para crear conjuntos de fantas\u00eda. Transp\u00f3rtate a un mundo m\u00e1gico de hadas y sirenas y vive la magia.\" \/>\n<meta name=\"robots\" content=\"index, follow, max-snippet:-1, max-image-preview:large, max-video-preview:-1\" \/>\n<link rel=\"canonical\" href=\"https:\/\/www.educaborras.com\/ca\/producte\/18366-ca\/\" \/>\n<script type=\"application\/ld+json\" class=\"yoast-schema-graph\">{\"@context\":\"https:\/\/schema.org\",\"@graph\":[{\"@type\":\"WebPage\",\"@id\":\"https:\/\/www.educaborras.com\/ca\/producte\/18366-ca\/\",\"url\":\"https:\/\/www.educaborras.com\/ca\/producte\/18366-ca\/\",\"name\":\"My Model Doll Design Fantasia - Educa Borras\",\"isPartOf\":{\"@id\":\"https:\/\/www.educaborras.com\/ca\/#website\"},\"primaryImageOfPage\":{\"@id\":\"https:\/\/www.educaborras.com\/ca\/producte\/18366-ca\/#primaryimage\"},\"image\":{\"@id\":\"https:\/\/www.educaborras.com\/ca\/producte\/18366-ca\/#primaryimage\"},\"thumbnailUrl\":\"https:\/\/www.educaborras.com\/wp-content\/uploads\/18366_01_med-14.jpg\",\"datePublished\":\"2025-06-05T09:04:16+00:00\",\"dateModified\":\"2026-04-30T00:02:48+00:00\",\"description\":\"La caja incluye todos los elementos necesarios para crear conjuntos de fantas\u00eda. Transp\u00f3rtate a un mundo m\u00e1gico de hadas y sirenas y vive la magia.\",\"breadcrumb\":{\"@id\":\"https:\/\/www.educaborras.com\/ca\/producte\/18366-ca\/#breadcrumb\"},\"inLanguage\":\"ca\",\"potentialAction\":[{\"@type\":\"ReadAction\",\"target\":[\"https:\/\/www.educaborras.com\/ca\/producte\/18366-ca\/\"]}]},{\"@type\":\"ImageObject\",\"inLanguage\":\"ca\",\"@id\":\"https:\/\/www.educaborras.com\/ca\/producte\/18366-ca\/#primaryimage\",\"url\":\"https:\/\/www.educaborras.com\/wp-content\/uploads\/18366_01_med-14.jpg\",\"contentUrl\":\"https:\/\/www.educaborras.com\/wp-content\/uploads\/18366_01_med-14.jpg\"},{\"@type\":\"BreadcrumbList\",\"@id\":\"https:\/\/www.educaborras.com\/ca\/producte\/18366-ca\/#breadcrumb\",\"itemListElement\":[{\"@type\":\"ListItem\",\"position\":1,\"name\":\"Portada\",\"item\":\"https:\/\/www.educaborras.com\/ca\/\"},{\"@type\":\"ListItem\",\"position\":2,\"name\":\"Productes\",\"item\":\"https:\/\/www.educaborras.com\/ca\/shop\/\"},{\"@type\":\"ListItem\",\"position\":3,\"name\":\"My Model Doll Design Fantasia\"}]},{\"@type\":\"WebSite\",\"@id\":\"https:\/\/www.educaborras.com\/ca\/#website\",\"url\":\"https:\/\/www.educaborras.com\/ca\/\",\"name\":\"Educa Borras\",\"description\":\"\",\"publisher\":{\"@id\":\"https:\/\/www.educaborras.com\/ca\/#organization\"},\"potentialAction\":[{\"@type\":\"SearchAction\",\"target\":{\"@type\":\"EntryPoint\",\"urlTemplate\":\"https:\/\/www.educaborras.com\/ca\/?s={search_term_string}\"},\"query-input\":{\"@type\":\"PropertyValueSpecification\",\"valueRequired\":true,\"valueName\":\"search_term_string\"}}],\"inLanguage\":\"ca\"},{\"@type\":\"Organization\",\"@id\":\"https:\/\/www.educaborras.com\/ca\/#organization\",\"name\":\"Educa Borras\",\"url\":\"https:\/\/www.educaborras.com\/ca\/\",\"logo\":{\"@type\":\"ImageObject\",\"inLanguage\":\"ca\",\"@id\":\"https:\/\/www.educaborras.com\/ca\/#\/schema\/logo\/image\/\",\"url\":\"https:\/\/www.educaborras.com\/wp-content\/uploads\/cropped-LOGOS-EDUCA-BORRAS_retina.png\",\"contentUrl\":\"https:\/\/www.educaborras.com\/wp-content\/uploads\/cropped-LOGOS-EDUCA-BORRAS_retina.png\",\"caption\":\"Educa Borras\"},\"image\":{\"@id\":\"https:\/\/www.educaborras.com\/ca\/#\/schema\/logo\/image\/\"}}]}<\/script>\n<!-- \/ Yoast SEO plugin. -->","yoast_head_json":{"title":"My Model Doll Design Fantasia - Educa Borras","description":"La caja incluye todos los elementos necesarios para crear conjuntos de fantas\u00eda. Transp\u00f3rtate a un mundo m\u00e1gico de hadas y sirenas y vive la magia.","robots":{"index":"index","follow":"follow","max-snippet":"max-snippet:-1","max-image-preview":"max-image-preview:large","max-video-preview":"max-video-preview:-1"},"canonical":"https:\/\/www.educaborras.com\/ca\/producte\/18366-ca\/","schema":{"@context":"https:\/\/schema.org","@graph":[{"@type":"WebPage","@id":"https:\/\/www.educaborras.com\/ca\/producte\/18366-ca\/","url":"https:\/\/www.educaborras.com\/ca\/producte\/18366-ca\/","name":"My Model Doll Design Fantasia - Educa Borras","isPartOf":{"@id":"https:\/\/www.educaborras.com\/ca\/#website"},"primaryImageOfPage":{"@id":"https:\/\/www.educaborras.com\/ca\/producte\/18366-ca\/#primaryimage"},"image":{"@id":"https:\/\/www.educaborras.com\/ca\/producte\/18366-ca\/#primaryimage"},"thumbnailUrl":"https:\/\/www.educaborras.com\/wp-content\/uploads\/18366_01_med-14.jpg","datePublished":"2025-06-05T09:04:16+00:00","dateModified":"2026-04-30T00:02:48+00:00","description":"La caja incluye todos los elementos necesarios para crear conjuntos de fantas\u00eda. Transp\u00f3rtate a un mundo m\u00e1gico de hadas y sirenas y vive la magia.","breadcrumb":{"@id":"https:\/\/www.educaborras.com\/ca\/producte\/18366-ca\/#breadcrumb"},"inLanguage":"ca","potentialAction":[{"@type":"ReadAction","target":["https:\/\/www.educaborras.com\/ca\/producte\/18366-ca\/"]}]},{"@type":"ImageObject","inLanguage":"ca","@id":"https:\/\/www.educaborras.com\/ca\/producte\/18366-ca\/#primaryimage","url":"https:\/\/www.educaborras.com\/wp-content\/uploads\/18366_01_med-14.jpg","contentUrl":"https:\/\/www.educaborras.com\/wp-content\/uploads\/18366_01_med-14.jpg"},{"@type":"BreadcrumbList","@id":"https:\/\/www.educaborras.com\/ca\/producte\/18366-ca\/#breadcrumb","itemListElement":[{"@type":"ListItem","position":1,"name":"Portada","item":"https:\/\/www.educaborras.com\/ca\/"},{"@type":"ListItem","position":2,"name":"Productes","item":"https:\/\/www.educaborras.com\/ca\/shop\/"},{"@type":"ListItem","position":3,"name":"My Model Doll Design Fantasia"}]},{"@type":"WebSite","@id":"https:\/\/www.educaborras.com\/ca\/#website","url":"https:\/\/www.educaborras.com\/ca\/","name":"Educa Borras","description":"","publisher":{"@id":"https:\/\/www.educaborras.com\/ca\/#organization"},"potentialAction":[{"@type":"SearchAction","target":{"@type":"EntryPoint","urlTemplate":"https:\/\/www.educaborras.com\/ca\/?s={search_term_string}"},"query-input":{"@type":"PropertyValueSpecification","valueRequired":true,"valueName":"search_term_string"}}],"inLanguage":"ca"},{"@type":"Organization","@id":"https:\/\/www.educaborras.com\/ca\/#organization","name":"Educa Borras","url":"https:\/\/www.educaborras.com\/ca\/","logo":{"@type":"ImageObject","inLanguage":"ca","@id":"https:\/\/www.educaborras.com\/ca\/#\/schema\/logo\/image\/","url":"https:\/\/www.educaborras.com\/wp-content\/uploads\/cropped-LOGOS-EDUCA-BORRAS_retina.png","contentUrl":"https:\/\/www.educaborras.com\/wp-content\/uploads\/cropped-LOGOS-EDUCA-BORRAS_retina.png","caption":"Educa Borras"},"image":{"@id":"https:\/\/www.educaborras.com\/ca\/#\/schema\/logo\/image\/"}}]}},"_links":{"self":[{"href":"https:\/\/www.educaborras.com\/ca\/wp-json\/wp\/v2\/product\/251079","targetHints":{"allow":["GET"]}}],"collection":[{"href":"https:\/\/www.educaborras.com\/ca\/wp-json\/wp\/v2\/product"}],"about":[{"href":"https:\/\/www.educaborras.com\/ca\/wp-json\/wp\/v2\/types\/product"}],"wp:featuredmedia":[{"embeddable":true,"href":"https:\/\/www.educaborras.com\/ca\/wp-json\/wp\/v2\/media\/161798"}],"wp:attachment":[{"href":"https:\/\/www.educaborras.com\/ca\/wp-json\/wp\/v2\/media?parent=251079"}],"wp:term":[{"taxonomy":"product_brand","embeddable":true,"href":"https:\/\/www.educaborras.com\/ca\/wp-json\/wp\/v2\/product_brand?post=251079"},{"taxonomy":"product_cat","embeddable":true,"href":"https:\/\/www.educaborras.com\/ca\/wp-json\/wp\/v2\/product_cat?post=251079"},{"taxonomy":"product_tag","embeddable":true,"href":"https:\/\/www.educaborras.com\/ca\/wp-json\/wp\/v2\/product_tag?post=251079"}],"curies":[{"name":"wp","href":"https:\/\/api.w.org\/{rel}","templated":true}]}}