{"id":251071,"date":"2025-06-05T11:04:19","date_gmt":"2025-06-05T09:04:19","guid":{"rendered":"https:\/\/www.educaborras.com\/product\/19203\/"},"modified":"2026-04-24T02:50:13","modified_gmt":"2026-04-24T00:50:13","slug":"19203-ca","status":"publish","type":"product","link":"https:\/\/www.educaborras.com\/ca\/producte\/19203-ca\/","title":{"rendered":"My Model Doll Design Pop Star"},"content":{"rendered":"<p>La caixa inclou tots els elements necessaris per crear elegants conjunts d estil estrella del Pop per triomfar en qualsevol concert o festa. Contingut: &#8211; 1 nina articulada per muntar &#8211; Tela amb patrons pr\u00e8viament impresos &#8211; Accessoris de moda &#8211; Clips per roba &#8211; llana per p\u00e8l &#8211; 1 eina perforadora &#8211; instruccions i v\u00eddeo instruccions.<\/p>\n","protected":false},"excerpt":{"rendered":"<p>La caixa inclou tots els elements necessaris per crear elegants conjunts d estil estrella del Pop per triomfar en qualsevol concert o festa.<\/p>\n","protected":false},"featured_media":161808,"template":"","meta":{"_acf_changed":false},"product_brand":[],"product_cat":[73492],"product_tag":[81956,81957,81958,81959,81960,81961,81962,81963,81964,81965,81966,81967,81968,81969,81970,81971,81972,81973,81974,81975,81976,81977,81978,81979,81980,81981,81982,81983,81984,81985,81986,81987,81988,81989],"class_list":{"0":"post-251071","1":"product","2":"type-product","3":"status-publish","4":"has-post-thumbnail","6":"product_cat-my-model-ca","7":"product_tag-18367-ca","8":"product_tag-accessoires-ca","9":"product_tag-crear-ca","10":"product_tag-creatif-ca","11":"product_tag-creativa-ca","12":"product_tag-creative-ca","13":"product_tag-creatividad-ca","14":"product_tag-creer-ca","15":"product_tag-design-ca","16":"product_tag-design-your-doll-ca","17":"product_tag-designer-ca","18":"product_tag-diseno-ca","19":"product_tag-doll-ca","20":"product_tag-fee-ca","21":"product_tag-look-ca","22":"product_tag-looks-ca","23":"product_tag-mannequin-ca","24":"product_tag-manualidad-ca","25":"product_tag-manualidades-ca","26":"product_tag-moda-ca","27":"product_tag-mode-ca","28":"product_tag-model-ca","29":"product_tag-muneca-ca","30":"product_tag-my-model-ca","31":"product_tag-outfits-ca","32":"product_tag-pop-ca","33":"product_tag-pop-star-ca","34":"product_tag-poupee-ca","35":"product_tag-sirene-ca","36":"product_tag-stylisme-ca","37":"product_tag-styliste-ca","38":"product_tag-tenues-ca","39":"product_tag-vetements-ca","40":"product_tag-your-ca","42":"first","43":"instock","44":"shipping-taxable","45":"product-type-simple"},"acf":[],"yoast_head":"<!-- This site is optimized with the Yoast SEO plugin v27.1.1 - https:\/\/yoast.com\/product\/yoast-seo-wordpress\/ -->\n<title>My Model Doll Design Pop Star - Educa Borras<\/title>\n<meta name=\"description\" content=\"La caja incluye todos los elementos necesarios para crear elegantes conjuntos al estilo estrella del Pop para triunfar en cualquier concierto o fiesta.\" \/>\n<meta name=\"robots\" content=\"index, follow, max-snippet:-1, max-image-preview:large, max-video-preview:-1\" \/>\n<link rel=\"canonical\" href=\"https:\/\/www.educaborras.com\/ca\/producte\/19203-ca\/\" \/>\n<script type=\"application\/ld+json\" class=\"yoast-schema-graph\">{\"@context\":\"https:\/\/schema.org\",\"@graph\":[{\"@type\":\"WebPage\",\"@id\":\"https:\/\/www.educaborras.com\/ca\/producte\/19203-ca\/\",\"url\":\"https:\/\/www.educaborras.com\/ca\/producte\/19203-ca\/\",\"name\":\"My Model Doll Design Pop Star - Educa Borras\",\"isPartOf\":{\"@id\":\"https:\/\/www.educaborras.com\/ca\/#website\"},\"primaryImageOfPage\":{\"@id\":\"https:\/\/www.educaborras.com\/ca\/producte\/19203-ca\/#primaryimage\"},\"image\":{\"@id\":\"https:\/\/www.educaborras.com\/ca\/producte\/19203-ca\/#primaryimage\"},\"thumbnailUrl\":\"https:\/\/www.educaborras.com\/wp-content\/uploads\/19203_01_high-1-10.jpg\",\"datePublished\":\"2025-06-05T09:04:19+00:00\",\"dateModified\":\"2026-04-24T00:50:13+00:00\",\"description\":\"La caja incluye todos los elementos necesarios para crear elegantes conjuntos al estilo estrella del Pop para triunfar en cualquier concierto o fiesta.\",\"breadcrumb\":{\"@id\":\"https:\/\/www.educaborras.com\/ca\/producte\/19203-ca\/#breadcrumb\"},\"inLanguage\":\"ca\",\"potentialAction\":[{\"@type\":\"ReadAction\",\"target\":[\"https:\/\/www.educaborras.com\/ca\/producte\/19203-ca\/\"]}]},{\"@type\":\"ImageObject\",\"inLanguage\":\"ca\",\"@id\":\"https:\/\/www.educaborras.com\/ca\/producte\/19203-ca\/#primaryimage\",\"url\":\"https:\/\/www.educaborras.com\/wp-content\/uploads\/19203_01_high-1-10.jpg\",\"contentUrl\":\"https:\/\/www.educaborras.com\/wp-content\/uploads\/19203_01_high-1-10.jpg\"},{\"@type\":\"BreadcrumbList\",\"@id\":\"https:\/\/www.educaborras.com\/ca\/producte\/19203-ca\/#breadcrumb\",\"itemListElement\":[{\"@type\":\"ListItem\",\"position\":1,\"name\":\"Portada\",\"item\":\"https:\/\/www.educaborras.com\/ca\/\"},{\"@type\":\"ListItem\",\"position\":2,\"name\":\"Productes\",\"item\":\"https:\/\/www.educaborras.com\/ca\/shop\/\"},{\"@type\":\"ListItem\",\"position\":3,\"name\":\"My Model Doll Design Pop Star\"}]},{\"@type\":\"WebSite\",\"@id\":\"https:\/\/www.educaborras.com\/ca\/#website\",\"url\":\"https:\/\/www.educaborras.com\/ca\/\",\"name\":\"Educa Borras\",\"description\":\"\",\"publisher\":{\"@id\":\"https:\/\/www.educaborras.com\/ca\/#organization\"},\"potentialAction\":[{\"@type\":\"SearchAction\",\"target\":{\"@type\":\"EntryPoint\",\"urlTemplate\":\"https:\/\/www.educaborras.com\/ca\/?s={search_term_string}\"},\"query-input\":{\"@type\":\"PropertyValueSpecification\",\"valueRequired\":true,\"valueName\":\"search_term_string\"}}],\"inLanguage\":\"ca\"},{\"@type\":\"Organization\",\"@id\":\"https:\/\/www.educaborras.com\/ca\/#organization\",\"name\":\"Educa Borras\",\"url\":\"https:\/\/www.educaborras.com\/ca\/\",\"logo\":{\"@type\":\"ImageObject\",\"inLanguage\":\"ca\",\"@id\":\"https:\/\/www.educaborras.com\/ca\/#\/schema\/logo\/image\/\",\"url\":\"https:\/\/www.educaborras.com\/wp-content\/uploads\/cropped-LOGOS-EDUCA-BORRAS_retina.png\",\"contentUrl\":\"https:\/\/www.educaborras.com\/wp-content\/uploads\/cropped-LOGOS-EDUCA-BORRAS_retina.png\",\"caption\":\"Educa Borras\"},\"image\":{\"@id\":\"https:\/\/www.educaborras.com\/ca\/#\/schema\/logo\/image\/\"}}]}<\/script>\n<!-- \/ Yoast SEO plugin. -->","yoast_head_json":{"title":"My Model Doll Design Pop Star - Educa Borras","description":"La caja incluye todos los elementos necesarios para crear elegantes conjuntos al estilo estrella del Pop para triunfar en cualquier concierto o fiesta.","robots":{"index":"index","follow":"follow","max-snippet":"max-snippet:-1","max-image-preview":"max-image-preview:large","max-video-preview":"max-video-preview:-1"},"canonical":"https:\/\/www.educaborras.com\/ca\/producte\/19203-ca\/","schema":{"@context":"https:\/\/schema.org","@graph":[{"@type":"WebPage","@id":"https:\/\/www.educaborras.com\/ca\/producte\/19203-ca\/","url":"https:\/\/www.educaborras.com\/ca\/producte\/19203-ca\/","name":"My Model Doll Design Pop Star - Educa Borras","isPartOf":{"@id":"https:\/\/www.educaborras.com\/ca\/#website"},"primaryImageOfPage":{"@id":"https:\/\/www.educaborras.com\/ca\/producte\/19203-ca\/#primaryimage"},"image":{"@id":"https:\/\/www.educaborras.com\/ca\/producte\/19203-ca\/#primaryimage"},"thumbnailUrl":"https:\/\/www.educaborras.com\/wp-content\/uploads\/19203_01_high-1-10.jpg","datePublished":"2025-06-05T09:04:19+00:00","dateModified":"2026-04-24T00:50:13+00:00","description":"La caja incluye todos los elementos necesarios para crear elegantes conjuntos al estilo estrella del Pop para triunfar en cualquier concierto o fiesta.","breadcrumb":{"@id":"https:\/\/www.educaborras.com\/ca\/producte\/19203-ca\/#breadcrumb"},"inLanguage":"ca","potentialAction":[{"@type":"ReadAction","target":["https:\/\/www.educaborras.com\/ca\/producte\/19203-ca\/"]}]},{"@type":"ImageObject","inLanguage":"ca","@id":"https:\/\/www.educaborras.com\/ca\/producte\/19203-ca\/#primaryimage","url":"https:\/\/www.educaborras.com\/wp-content\/uploads\/19203_01_high-1-10.jpg","contentUrl":"https:\/\/www.educaborras.com\/wp-content\/uploads\/19203_01_high-1-10.jpg"},{"@type":"BreadcrumbList","@id":"https:\/\/www.educaborras.com\/ca\/producte\/19203-ca\/#breadcrumb","itemListElement":[{"@type":"ListItem","position":1,"name":"Portada","item":"https:\/\/www.educaborras.com\/ca\/"},{"@type":"ListItem","position":2,"name":"Productes","item":"https:\/\/www.educaborras.com\/ca\/shop\/"},{"@type":"ListItem","position":3,"name":"My Model Doll Design Pop Star"}]},{"@type":"WebSite","@id":"https:\/\/www.educaborras.com\/ca\/#website","url":"https:\/\/www.educaborras.com\/ca\/","name":"Educa Borras","description":"","publisher":{"@id":"https:\/\/www.educaborras.com\/ca\/#organization"},"potentialAction":[{"@type":"SearchAction","target":{"@type":"EntryPoint","urlTemplate":"https:\/\/www.educaborras.com\/ca\/?s={search_term_string}"},"query-input":{"@type":"PropertyValueSpecification","valueRequired":true,"valueName":"search_term_string"}}],"inLanguage":"ca"},{"@type":"Organization","@id":"https:\/\/www.educaborras.com\/ca\/#organization","name":"Educa Borras","url":"https:\/\/www.educaborras.com\/ca\/","logo":{"@type":"ImageObject","inLanguage":"ca","@id":"https:\/\/www.educaborras.com\/ca\/#\/schema\/logo\/image\/","url":"https:\/\/www.educaborras.com\/wp-content\/uploads\/cropped-LOGOS-EDUCA-BORRAS_retina.png","contentUrl":"https:\/\/www.educaborras.com\/wp-content\/uploads\/cropped-LOGOS-EDUCA-BORRAS_retina.png","caption":"Educa Borras"},"image":{"@id":"https:\/\/www.educaborras.com\/ca\/#\/schema\/logo\/image\/"}}]}},"_links":{"self":[{"href":"https:\/\/www.educaborras.com\/ca\/wp-json\/wp\/v2\/product\/251071","targetHints":{"allow":["GET"]}}],"collection":[{"href":"https:\/\/www.educaborras.com\/ca\/wp-json\/wp\/v2\/product"}],"about":[{"href":"https:\/\/www.educaborras.com\/ca\/wp-json\/wp\/v2\/types\/product"}],"wp:featuredmedia":[{"embeddable":true,"href":"https:\/\/www.educaborras.com\/ca\/wp-json\/wp\/v2\/media\/161808"}],"wp:attachment":[{"href":"https:\/\/www.educaborras.com\/ca\/wp-json\/wp\/v2\/media?parent=251071"}],"wp:term":[{"taxonomy":"product_brand","embeddable":true,"href":"https:\/\/www.educaborras.com\/ca\/wp-json\/wp\/v2\/product_brand?post=251071"},{"taxonomy":"product_cat","embeddable":true,"href":"https:\/\/www.educaborras.com\/ca\/wp-json\/wp\/v2\/product_cat?post=251071"},{"taxonomy":"product_tag","embeddable":true,"href":"https:\/\/www.educaborras.com\/ca\/wp-json\/wp\/v2\/product_tag?post=251071"}],"curies":[{"name":"wp","href":"https:\/\/api.w.org\/{rel}","templated":true}]}}