{"id":251067,"date":"2025-06-05T11:04:21","date_gmt":"2025-06-05T09:04:21","guid":{"rendered":"https:\/\/www.educaborras.com\/product\/20099\/"},"modified":"2026-04-30T03:30:27","modified_gmt":"2026-04-30T01:30:27","slug":"20099-ca","status":"publish","type":"product","link":"https:\/\/www.educaborras.com\/ca\/producte\/20099-ca\/","title":{"rendered":"My Model Doll Gala Night"},"content":{"rendered":"<p>Amb My Model Gala Night podr\u00e0s crear m\u00e9s de 200 looks diferents i guardar-los a l&#8217;armari de My Model o exposar-los al maniqu\u00ed. A m\u00e9s, incorpora una tela amb patrons estampats i una altra amb els patrons serigrafiats per poder dibuixar i crear els teus propis dissenys. Un cop retallats els patrons podr\u00e0s fer servir teixits que tinguis per casa per poder continuar creant infinitat de looks per al teu My Model. Contingut: &#8211; 1 canell articulat per muntar &#8211; Tela amb patrons preimpresos &#8211; Tela amb patrons sense estampat &#8211; Accessoris de moda &#8211; Clips per a roba &#8211; 2 bosses de Llana per a p\u00e8l &#8211; 1 eina perforadora &#8211; maniqu\u00ed per muntar &#8211; armari per muntar &#8211; adhesius &#8211; Instruccions i v\u00eddeo instruccions. https:\/\/youtu.be\/oP6cx0e2GXQ<\/p>\n","protected":false},"excerpt":{"rendered":"<p>Amb My Model Gala Night podr\u00e0s crear m\u00e9s de 200 looks diferents i guardar-los a l&#8217;armari de My Model o exposar-los al maniqu\u00ed. A m\u00e9s, incorpora una tela amb patrons estampats i una altra amb els patrons serigrafiats per poder dibuixar i crear els teus propis dissenys.<\/p>\n","protected":false},"featured_media":161823,"template":"","meta":{"_acf_changed":false},"product_brand":[],"product_cat":[73492],"product_tag":[87445,81957,87446,87447,81958,81959,81960,81961,81962,81963,81964,81965,81966,87448,81967,81968,87449,81969,87450,81970,81971,81972,81973,81974,81975,81976,81977,81978,87451,81979,87452,87453,81980,87454,81983,81984,81985,81986,87455,81987,81988,81989],"class_list":{"0":"post-251067","1":"product","2":"type-product","3":"status-publish","4":"has-post-thumbnail","6":"product_cat-my-model-ca","7":"product_tag-20099-ca","8":"product_tag-accessoires-ca","9":"product_tag-armario-para-montar-ca","10":"product_tag-clips-para-ropa-ca","11":"product_tag-crear-ca","12":"product_tag-creatif-ca","13":"product_tag-creativa-ca","14":"product_tag-creative-ca","15":"product_tag-creatividad-ca","16":"product_tag-creer-ca","17":"product_tag-design-ca","18":"product_tag-design-your-doll-ca","19":"product_tag-designer-ca","20":"product_tag-designers-kit-ca","21":"product_tag-diseno-ca","22":"product_tag-doll-ca","23":"product_tag-estampado-ca","24":"product_tag-fee-ca","25":"product_tag-gala-night-ca","26":"product_tag-look-ca","27":"product_tag-looks-ca","28":"product_tag-mannequin-ca","29":"product_tag-manualidad-ca","30":"product_tag-manualidades-ca","31":"product_tag-moda-ca","32":"product_tag-mode-ca","33":"product_tag-model-ca","34":"product_tag-muneca-ca","35":"product_tag-muneca-articulada-ca","36":"product_tag-my-model-ca","37":"product_tag-my-model-noche-de-gala-ca","38":"product_tag-noche-de-gala-ca","39":"product_tag-outfits-ca","40":"product_tag-patrones-ca","41":"product_tag-poupee-ca","42":"product_tag-sirene-ca","43":"product_tag-stylisme-ca","44":"product_tag-styliste-ca","45":"product_tag-tela-ca","46":"product_tag-tenues-ca","47":"product_tag-vetements-ca","48":"product_tag-your-ca","50":"first","51":"instock","52":"shipping-taxable","53":"product-type-simple"},"acf":[],"yoast_head":"<!-- This site is optimized with the Yoast SEO plugin v27.1.1 - https:\/\/yoast.com\/product\/yoast-seo-wordpress\/ -->\n<title>My Model Doll Gala Night - Educa Borras<\/title>\n<meta name=\"description\" content=\"Podr\u00e1s crear m\u00e1s de 300 looks diferentes, guardarlos en el armario o exponerlos en el maniqu\u00ed. Incorpora una tela con patrones estampados y otra con los patrones serigrafiados para poder dibujar y crear tus propios dise\u00f1os.\" \/>\n<meta name=\"robots\" content=\"index, follow, max-snippet:-1, max-image-preview:large, max-video-preview:-1\" \/>\n<link rel=\"canonical\" href=\"https:\/\/www.educaborras.com\/ca\/producte\/20099-ca\/\" \/>\n<meta name=\"twitter:label1\" content=\"Temps estimat de lectura\" \/>\n\t<meta name=\"twitter:data1\" content=\"1 minut\" \/>\n<script type=\"application\/ld+json\" class=\"yoast-schema-graph\">{\"@context\":\"https:\/\/schema.org\",\"@graph\":[{\"@type\":\"WebPage\",\"@id\":\"https:\/\/www.educaborras.com\/ca\/producte\/20099-ca\/\",\"url\":\"https:\/\/www.educaborras.com\/ca\/producte\/20099-ca\/\",\"name\":\"My Model Doll Gala Night - Educa Borras\",\"isPartOf\":{\"@id\":\"https:\/\/www.educaborras.com\/ca\/#website\"},\"primaryImageOfPage\":{\"@id\":\"https:\/\/www.educaborras.com\/ca\/producte\/20099-ca\/#primaryimage\"},\"image\":{\"@id\":\"https:\/\/www.educaborras.com\/ca\/producte\/20099-ca\/#primaryimage\"},\"thumbnailUrl\":\"https:\/\/www.educaborras.com\/wp-content\/uploads\/20099_01_high-11.jpg\",\"datePublished\":\"2025-06-05T09:04:21+00:00\",\"dateModified\":\"2026-04-30T01:30:27+00:00\",\"description\":\"Podr\u00e1s crear m\u00e1s de 300 looks diferentes, guardarlos en el armario o exponerlos en el maniqu\u00ed. Incorpora una tela con patrones estampados y otra con los patrones serigrafiados para poder dibujar y crear tus propios dise\u00f1os.\",\"breadcrumb\":{\"@id\":\"https:\/\/www.educaborras.com\/ca\/producte\/20099-ca\/#breadcrumb\"},\"inLanguage\":\"ca\",\"potentialAction\":[{\"@type\":\"ReadAction\",\"target\":[\"https:\/\/www.educaborras.com\/ca\/producte\/20099-ca\/\"]}]},{\"@type\":\"ImageObject\",\"inLanguage\":\"ca\",\"@id\":\"https:\/\/www.educaborras.com\/ca\/producte\/20099-ca\/#primaryimage\",\"url\":\"https:\/\/www.educaborras.com\/wp-content\/uploads\/20099_01_high-11.jpg\",\"contentUrl\":\"https:\/\/www.educaborras.com\/wp-content\/uploads\/20099_01_high-11.jpg\"},{\"@type\":\"BreadcrumbList\",\"@id\":\"https:\/\/www.educaborras.com\/ca\/producte\/20099-ca\/#breadcrumb\",\"itemListElement\":[{\"@type\":\"ListItem\",\"position\":1,\"name\":\"Portada\",\"item\":\"https:\/\/www.educaborras.com\/ca\/\"},{\"@type\":\"ListItem\",\"position\":2,\"name\":\"Productes\",\"item\":\"https:\/\/www.educaborras.com\/ca\/shop\/\"},{\"@type\":\"ListItem\",\"position\":3,\"name\":\"My Model Doll Gala Night\"}]},{\"@type\":\"WebSite\",\"@id\":\"https:\/\/www.educaborras.com\/ca\/#website\",\"url\":\"https:\/\/www.educaborras.com\/ca\/\",\"name\":\"Educa Borras\",\"description\":\"\",\"publisher\":{\"@id\":\"https:\/\/www.educaborras.com\/ca\/#organization\"},\"potentialAction\":[{\"@type\":\"SearchAction\",\"target\":{\"@type\":\"EntryPoint\",\"urlTemplate\":\"https:\/\/www.educaborras.com\/ca\/?s={search_term_string}\"},\"query-input\":{\"@type\":\"PropertyValueSpecification\",\"valueRequired\":true,\"valueName\":\"search_term_string\"}}],\"inLanguage\":\"ca\"},{\"@type\":\"Organization\",\"@id\":\"https:\/\/www.educaborras.com\/ca\/#organization\",\"name\":\"Educa Borras\",\"url\":\"https:\/\/www.educaborras.com\/ca\/\",\"logo\":{\"@type\":\"ImageObject\",\"inLanguage\":\"ca\",\"@id\":\"https:\/\/www.educaborras.com\/ca\/#\/schema\/logo\/image\/\",\"url\":\"https:\/\/www.educaborras.com\/wp-content\/uploads\/cropped-LOGOS-EDUCA-BORRAS_retina.png\",\"contentUrl\":\"https:\/\/www.educaborras.com\/wp-content\/uploads\/cropped-LOGOS-EDUCA-BORRAS_retina.png\",\"caption\":\"Educa Borras\"},\"image\":{\"@id\":\"https:\/\/www.educaborras.com\/ca\/#\/schema\/logo\/image\/\"}}]}<\/script>\n<!-- \/ Yoast SEO plugin. -->","yoast_head_json":{"title":"My Model Doll Gala Night - Educa Borras","description":"Podr\u00e1s crear m\u00e1s de 300 looks diferentes, guardarlos en el armario o exponerlos en el maniqu\u00ed. Incorpora una tela con patrones estampados y otra con los patrones serigrafiados para poder dibujar y crear tus propios dise\u00f1os.","robots":{"index":"index","follow":"follow","max-snippet":"max-snippet:-1","max-image-preview":"max-image-preview:large","max-video-preview":"max-video-preview:-1"},"canonical":"https:\/\/www.educaborras.com\/ca\/producte\/20099-ca\/","twitter_misc":{"Temps estimat de lectura":"1 minut"},"schema":{"@context":"https:\/\/schema.org","@graph":[{"@type":"WebPage","@id":"https:\/\/www.educaborras.com\/ca\/producte\/20099-ca\/","url":"https:\/\/www.educaborras.com\/ca\/producte\/20099-ca\/","name":"My Model Doll Gala Night - Educa Borras","isPartOf":{"@id":"https:\/\/www.educaborras.com\/ca\/#website"},"primaryImageOfPage":{"@id":"https:\/\/www.educaborras.com\/ca\/producte\/20099-ca\/#primaryimage"},"image":{"@id":"https:\/\/www.educaborras.com\/ca\/producte\/20099-ca\/#primaryimage"},"thumbnailUrl":"https:\/\/www.educaborras.com\/wp-content\/uploads\/20099_01_high-11.jpg","datePublished":"2025-06-05T09:04:21+00:00","dateModified":"2026-04-30T01:30:27+00:00","description":"Podr\u00e1s crear m\u00e1s de 300 looks diferentes, guardarlos en el armario o exponerlos en el maniqu\u00ed. Incorpora una tela con patrones estampados y otra con los patrones serigrafiados para poder dibujar y crear tus propios dise\u00f1os.","breadcrumb":{"@id":"https:\/\/www.educaborras.com\/ca\/producte\/20099-ca\/#breadcrumb"},"inLanguage":"ca","potentialAction":[{"@type":"ReadAction","target":["https:\/\/www.educaborras.com\/ca\/producte\/20099-ca\/"]}]},{"@type":"ImageObject","inLanguage":"ca","@id":"https:\/\/www.educaborras.com\/ca\/producte\/20099-ca\/#primaryimage","url":"https:\/\/www.educaborras.com\/wp-content\/uploads\/20099_01_high-11.jpg","contentUrl":"https:\/\/www.educaborras.com\/wp-content\/uploads\/20099_01_high-11.jpg"},{"@type":"BreadcrumbList","@id":"https:\/\/www.educaborras.com\/ca\/producte\/20099-ca\/#breadcrumb","itemListElement":[{"@type":"ListItem","position":1,"name":"Portada","item":"https:\/\/www.educaborras.com\/ca\/"},{"@type":"ListItem","position":2,"name":"Productes","item":"https:\/\/www.educaborras.com\/ca\/shop\/"},{"@type":"ListItem","position":3,"name":"My Model Doll Gala Night"}]},{"@type":"WebSite","@id":"https:\/\/www.educaborras.com\/ca\/#website","url":"https:\/\/www.educaborras.com\/ca\/","name":"Educa Borras","description":"","publisher":{"@id":"https:\/\/www.educaborras.com\/ca\/#organization"},"potentialAction":[{"@type":"SearchAction","target":{"@type":"EntryPoint","urlTemplate":"https:\/\/www.educaborras.com\/ca\/?s={search_term_string}"},"query-input":{"@type":"PropertyValueSpecification","valueRequired":true,"valueName":"search_term_string"}}],"inLanguage":"ca"},{"@type":"Organization","@id":"https:\/\/www.educaborras.com\/ca\/#organization","name":"Educa Borras","url":"https:\/\/www.educaborras.com\/ca\/","logo":{"@type":"ImageObject","inLanguage":"ca","@id":"https:\/\/www.educaborras.com\/ca\/#\/schema\/logo\/image\/","url":"https:\/\/www.educaborras.com\/wp-content\/uploads\/cropped-LOGOS-EDUCA-BORRAS_retina.png","contentUrl":"https:\/\/www.educaborras.com\/wp-content\/uploads\/cropped-LOGOS-EDUCA-BORRAS_retina.png","caption":"Educa Borras"},"image":{"@id":"https:\/\/www.educaborras.com\/ca\/#\/schema\/logo\/image\/"}}]}},"_links":{"self":[{"href":"https:\/\/www.educaborras.com\/ca\/wp-json\/wp\/v2\/product\/251067","targetHints":{"allow":["GET"]}}],"collection":[{"href":"https:\/\/www.educaborras.com\/ca\/wp-json\/wp\/v2\/product"}],"about":[{"href":"https:\/\/www.educaborras.com\/ca\/wp-json\/wp\/v2\/types\/product"}],"wp:featuredmedia":[{"embeddable":true,"href":"https:\/\/www.educaborras.com\/ca\/wp-json\/wp\/v2\/media\/161823"}],"wp:attachment":[{"href":"https:\/\/www.educaborras.com\/ca\/wp-json\/wp\/v2\/media?parent=251067"}],"wp:term":[{"taxonomy":"product_brand","embeddable":true,"href":"https:\/\/www.educaborras.com\/ca\/wp-json\/wp\/v2\/product_brand?post=251067"},{"taxonomy":"product_cat","embeddable":true,"href":"https:\/\/www.educaborras.com\/ca\/wp-json\/wp\/v2\/product_cat?post=251067"},{"taxonomy":"product_tag","embeddable":true,"href":"https:\/\/www.educaborras.com\/ca\/wp-json\/wp\/v2\/product_tag?post=251067"}],"curies":[{"name":"wp","href":"https:\/\/api.w.org\/{rel}","templated":true}]}}