{"id":250967,"date":"2025-06-05T11:05:18","date_gmt":"2025-06-05T09:05:18","guid":{"rendered":"https:\/\/www.educaborras.com\/product\/18700\/"},"modified":"2026-04-16T03:05:34","modified_gmt":"2026-04-16T01:05:34","slug":"18700-ca","status":"publish","type":"product","link":"https:\/\/www.educaborras.com\/ca\/producte\/18700-ca\/","title":{"rendered":"Aprender es Divertido Primeras escrituras"},"content":{"rendered":"<p>Aprender es Divertido&#8217;\u00e9s una col\u00b7lecci\u00f3 de jocs especialment creada per a acompanyar a l&#8217;infant en el seu proc\u00e9s de creixement i aprenentatge, potenciant el desenvolupament de les seves capacitats, habilitats i personalitat. Amb aquest joc tan divertit podran iniciar-se en l&#8217;aprenentatge de l&#8217;escriptura. Cada l\u00e0mina cont\u00e9 un dibuix acompanyat d&#8217;una lletra (que \u00e9s la seva inicial), sanefes senzilles per practicar el tra\u00e7 o paraules senceres per repassar. Les l\u00e0mines es poden esborrar i reutilitzar. Contingut: 16 l\u00e0mines a doble cara amb 32 il\u00b7lustracions, 1 retolador, 1 esborrador, instruccions.<\/p>\n","protected":false},"excerpt":{"rendered":"<p>Practica el tra\u00e7 escrivint sanefes, lletres i paraules.<\/p>\n","protected":false},"featured_media":162138,"template":"","meta":{"_acf_changed":false},"product_brand":[],"product_cat":[73223],"product_tag":[93950,82347,93951,93027,93952,93032,92947,93033,93953,93206,93034,93954,93038,93039,93955,93956,93042,93043,93153,93957,93958,93959,93960,93045,93046,93961,93962,93049,92956,93963,93964,82230,93052,93158,93965,93966,93967,93968],"class_list":{"0":"post-250967","1":"product","2":"type-product","3":"status-publish","4":"has-post-thumbnail","6":"product_cat-producte-descatalogat","7":"product_tag-18700-ca","8":"product_tag-2020-ca","9":"product_tag-aprender-a-escribir-ca","10":"product_tag-aprender-es-divertido-ca","11":"product_tag-aprendre-a-escriure-ca","12":"product_tag-educatius-ca","13":"product_tag-educativos-ca","14":"product_tag-jocs-aprender-es-divertido-ca","15":"product_tag-jocs-aprendre-a-escriure-ca","16":"product_tag-jocs-aprendre-es-divertit-ca","17":"product_tag-jocs-aprendre-jugant-ca","18":"product_tag-jocs-cal-ligrafia-ca","19":"product_tag-jocs-educa-ca","20":"product_tag-jocs-educatius-ca","21":"product_tag-jocs-escriptura-ca","22":"product_tag-jocs-escriure-ca","23":"product_tag-jocs-infantils-ca","24":"product_tag-jocs-infantils-educa-ca","25":"product_tag-jocs-lletres-ca","26":"product_tag-jocs-paraules-ca","27":"product_tag-jocs-practicar-trac-ca","28":"product_tag-jocs-sanefes-ca","29":"product_tag-juegos-aprender-a-escribir-ca","30":"product_tag-juegos-aprender-es-divertido-ca","31":"product_tag-juegos-aprender-jugando-ca","32":"product_tag-juegos-caligrafia-ca","33":"product_tag-juegos-cenefas-ca","34":"product_tag-juegos-educa-ca","35":"product_tag-juegos-educativos-ca","36":"product_tag-juegos-escribir-ca","37":"product_tag-juegos-escritura-ca","38":"product_tag-juegos-infantiles-ca","39":"product_tag-juegos-infantiles-educa-ca","40":"product_tag-juegos-letras-ca","41":"product_tag-juegos-palabras-ca","42":"product_tag-juegos-practicar-trazo-ca","43":"product_tag-primeras-escrituras-ca","44":"product_tag-primeres-escriptures-ca","46":"first","47":"instock","48":"shipping-taxable","49":"product-type-simple"},"acf":[],"yoast_head":"<!-- This site is optimized with the Yoast SEO plugin v27.1.1 - https:\/\/yoast.com\/product\/yoast-seo-wordpress\/ -->\n<title>Aprender es Divertido Primeras escrituras - Educa Borras<\/title>\n<meta name=\"robots\" content=\"index, follow, max-snippet:-1, max-image-preview:large, max-video-preview:-1\" \/>\n<link rel=\"canonical\" href=\"https:\/\/www.educaborras.com\/ca\/producte\/18700-ca\/\" \/>\n<script type=\"application\/ld+json\" class=\"yoast-schema-graph\">{\"@context\":\"https:\/\/schema.org\",\"@graph\":[{\"@type\":\"WebPage\",\"@id\":\"https:\/\/www.educaborras.com\/ca\/producte\/18700-ca\/\",\"url\":\"https:\/\/www.educaborras.com\/ca\/producte\/18700-ca\/\",\"name\":\"Aprender es Divertido Primeras escrituras - Educa Borras\",\"isPartOf\":{\"@id\":\"https:\/\/www.educaborras.com\/ca\/#website\"},\"primaryImageOfPage\":{\"@id\":\"https:\/\/www.educaborras.com\/ca\/producte\/18700-ca\/#primaryimage\"},\"image\":{\"@id\":\"https:\/\/www.educaborras.com\/ca\/producte\/18700-ca\/#primaryimage\"},\"thumbnailUrl\":\"https:\/\/www.educaborras.com\/wp-content\/uploads\/18700_01_med-10.jpg\",\"datePublished\":\"2025-06-05T09:05:18+00:00\",\"dateModified\":\"2026-04-16T01:05:34+00:00\",\"breadcrumb\":{\"@id\":\"https:\/\/www.educaborras.com\/ca\/producte\/18700-ca\/#breadcrumb\"},\"inLanguage\":\"ca\",\"potentialAction\":[{\"@type\":\"ReadAction\",\"target\":[\"https:\/\/www.educaborras.com\/ca\/producte\/18700-ca\/\"]}]},{\"@type\":\"ImageObject\",\"inLanguage\":\"ca\",\"@id\":\"https:\/\/www.educaborras.com\/ca\/producte\/18700-ca\/#primaryimage\",\"url\":\"https:\/\/www.educaborras.com\/wp-content\/uploads\/18700_01_med-10.jpg\",\"contentUrl\":\"https:\/\/www.educaborras.com\/wp-content\/uploads\/18700_01_med-10.jpg\"},{\"@type\":\"BreadcrumbList\",\"@id\":\"https:\/\/www.educaborras.com\/ca\/producte\/18700-ca\/#breadcrumb\",\"itemListElement\":[{\"@type\":\"ListItem\",\"position\":1,\"name\":\"Portada\",\"item\":\"https:\/\/www.educaborras.com\/ca\/\"},{\"@type\":\"ListItem\",\"position\":2,\"name\":\"Productes\",\"item\":\"https:\/\/www.educaborras.com\/ca\/shop\/\"},{\"@type\":\"ListItem\",\"position\":3,\"name\":\"Aprender es Divertido Primeras escrituras\"}]},{\"@type\":\"WebSite\",\"@id\":\"https:\/\/www.educaborras.com\/ca\/#website\",\"url\":\"https:\/\/www.educaborras.com\/ca\/\",\"name\":\"Educa Borras\",\"description\":\"\",\"publisher\":{\"@id\":\"https:\/\/www.educaborras.com\/ca\/#organization\"},\"potentialAction\":[{\"@type\":\"SearchAction\",\"target\":{\"@type\":\"EntryPoint\",\"urlTemplate\":\"https:\/\/www.educaborras.com\/ca\/?s={search_term_string}\"},\"query-input\":{\"@type\":\"PropertyValueSpecification\",\"valueRequired\":true,\"valueName\":\"search_term_string\"}}],\"inLanguage\":\"ca\"},{\"@type\":\"Organization\",\"@id\":\"https:\/\/www.educaborras.com\/ca\/#organization\",\"name\":\"Educa Borras\",\"url\":\"https:\/\/www.educaborras.com\/ca\/\",\"logo\":{\"@type\":\"ImageObject\",\"inLanguage\":\"ca\",\"@id\":\"https:\/\/www.educaborras.com\/ca\/#\/schema\/logo\/image\/\",\"url\":\"https:\/\/www.educaborras.com\/wp-content\/uploads\/cropped-LOGOS-EDUCA-BORRAS_retina.png\",\"contentUrl\":\"https:\/\/www.educaborras.com\/wp-content\/uploads\/cropped-LOGOS-EDUCA-BORRAS_retina.png\",\"caption\":\"Educa Borras\"},\"image\":{\"@id\":\"https:\/\/www.educaborras.com\/ca\/#\/schema\/logo\/image\/\"}}]}<\/script>\n<!-- \/ Yoast SEO plugin. -->","yoast_head_json":{"title":"Aprender es Divertido Primeras escrituras - Educa Borras","robots":{"index":"index","follow":"follow","max-snippet":"max-snippet:-1","max-image-preview":"max-image-preview:large","max-video-preview":"max-video-preview:-1"},"canonical":"https:\/\/www.educaborras.com\/ca\/producte\/18700-ca\/","schema":{"@context":"https:\/\/schema.org","@graph":[{"@type":"WebPage","@id":"https:\/\/www.educaborras.com\/ca\/producte\/18700-ca\/","url":"https:\/\/www.educaborras.com\/ca\/producte\/18700-ca\/","name":"Aprender es Divertido Primeras escrituras - Educa Borras","isPartOf":{"@id":"https:\/\/www.educaborras.com\/ca\/#website"},"primaryImageOfPage":{"@id":"https:\/\/www.educaborras.com\/ca\/producte\/18700-ca\/#primaryimage"},"image":{"@id":"https:\/\/www.educaborras.com\/ca\/producte\/18700-ca\/#primaryimage"},"thumbnailUrl":"https:\/\/www.educaborras.com\/wp-content\/uploads\/18700_01_med-10.jpg","datePublished":"2025-06-05T09:05:18+00:00","dateModified":"2026-04-16T01:05:34+00:00","breadcrumb":{"@id":"https:\/\/www.educaborras.com\/ca\/producte\/18700-ca\/#breadcrumb"},"inLanguage":"ca","potentialAction":[{"@type":"ReadAction","target":["https:\/\/www.educaborras.com\/ca\/producte\/18700-ca\/"]}]},{"@type":"ImageObject","inLanguage":"ca","@id":"https:\/\/www.educaborras.com\/ca\/producte\/18700-ca\/#primaryimage","url":"https:\/\/www.educaborras.com\/wp-content\/uploads\/18700_01_med-10.jpg","contentUrl":"https:\/\/www.educaborras.com\/wp-content\/uploads\/18700_01_med-10.jpg"},{"@type":"BreadcrumbList","@id":"https:\/\/www.educaborras.com\/ca\/producte\/18700-ca\/#breadcrumb","itemListElement":[{"@type":"ListItem","position":1,"name":"Portada","item":"https:\/\/www.educaborras.com\/ca\/"},{"@type":"ListItem","position":2,"name":"Productes","item":"https:\/\/www.educaborras.com\/ca\/shop\/"},{"@type":"ListItem","position":3,"name":"Aprender es Divertido Primeras escrituras"}]},{"@type":"WebSite","@id":"https:\/\/www.educaborras.com\/ca\/#website","url":"https:\/\/www.educaborras.com\/ca\/","name":"Educa Borras","description":"","publisher":{"@id":"https:\/\/www.educaborras.com\/ca\/#organization"},"potentialAction":[{"@type":"SearchAction","target":{"@type":"EntryPoint","urlTemplate":"https:\/\/www.educaborras.com\/ca\/?s={search_term_string}"},"query-input":{"@type":"PropertyValueSpecification","valueRequired":true,"valueName":"search_term_string"}}],"inLanguage":"ca"},{"@type":"Organization","@id":"https:\/\/www.educaborras.com\/ca\/#organization","name":"Educa Borras","url":"https:\/\/www.educaborras.com\/ca\/","logo":{"@type":"ImageObject","inLanguage":"ca","@id":"https:\/\/www.educaborras.com\/ca\/#\/schema\/logo\/image\/","url":"https:\/\/www.educaborras.com\/wp-content\/uploads\/cropped-LOGOS-EDUCA-BORRAS_retina.png","contentUrl":"https:\/\/www.educaborras.com\/wp-content\/uploads\/cropped-LOGOS-EDUCA-BORRAS_retina.png","caption":"Educa Borras"},"image":{"@id":"https:\/\/www.educaborras.com\/ca\/#\/schema\/logo\/image\/"}}]}},"_links":{"self":[{"href":"https:\/\/www.educaborras.com\/ca\/wp-json\/wp\/v2\/product\/250967","targetHints":{"allow":["GET"]}}],"collection":[{"href":"https:\/\/www.educaborras.com\/ca\/wp-json\/wp\/v2\/product"}],"about":[{"href":"https:\/\/www.educaborras.com\/ca\/wp-json\/wp\/v2\/types\/product"}],"wp:featuredmedia":[{"embeddable":true,"href":"https:\/\/www.educaborras.com\/ca\/wp-json\/wp\/v2\/media\/162138"}],"wp:attachment":[{"href":"https:\/\/www.educaborras.com\/ca\/wp-json\/wp\/v2\/media?parent=250967"}],"wp:term":[{"taxonomy":"product_brand","embeddable":true,"href":"https:\/\/www.educaborras.com\/ca\/wp-json\/wp\/v2\/product_brand?post=250967"},{"taxonomy":"product_cat","embeddable":true,"href":"https:\/\/www.educaborras.com\/ca\/wp-json\/wp\/v2\/product_cat?post=250967"},{"taxonomy":"product_tag","embeddable":true,"href":"https:\/\/www.educaborras.com\/ca\/wp-json\/wp\/v2\/product_tag?post=250967"}],"curies":[{"name":"wp","href":"https:\/\/api.w.org\/{rel}","templated":true}]}}